{"id":30330,"date":"2024-07-12T18:04:47","date_gmt":"2024-07-12T11:04:47","guid":{"rendered":"https:\/\/cmctiles.vn\/?post_type=product&#038;p=30330"},"modified":"2024-07-12T18:04:48","modified_gmt":"2024-07-12T11:04:48","slug":"gach-op-lat-van-da-mau-ghi-sam-thoi-thuong-rpg6060127s3","status":"publish","type":"product","link":"https:\/\/cmctiles.vn\/en\/gach-op-lat\/gach-op-lat-van-da-mau-ghi-sam-thoi-thuong-rpg6060127s3.html","title":{"rendered":"G\u1ea1ch \u1ed1p l\u00e1t v\u00e2n \u0111\u00e1 m\u00e0u ghi s\u1eabm th\u1eddi th\u01b0\u1ee3ng RPG6060127S3"},"content":{"rendered":"<p style=\"text-align: justify;\"><span style=\"font-weight: 400;\">G\u1ea1ch \u1ed1p l\u00e1t RPG6060127S3 \u0111\u01b0\u1ee3c thi\u1ebft k\u1ebf v\u00e0 m\u00e0i gi\u0169a t\u1ec9 m\u1ec9, ch\u00fa tr\u1ecdng \u0111\u1ebfn m\u00e0u s\u1eafc v\u00e0 t\u1eebng \u0111\u01b0\u1eddng v\u00e2n \u0111\u00e1, nh\u1eb1m t\u00e1i t\u1ea1o ch\u00e2n th\u1ef1c v\u1ebb \u0111\u1eb9p ho\u00e0n h\u1ea3o c\u1ee7a \u0111\u00e1 c\u1ea9m th\u1ea1ch, t\u1ea1o n\u00ean v\u1ebb thanh l\u1ecbch, b\u1ec1n b\u1ec9 theo th\u1eddi gian.\u00a0<\/span><\/p>\n<figure id=\"attachment_30332\" aria-describedby=\"caption-attachment-30332\" style=\"width: 1024px\" class=\"wp-caption aligncenter\"><img fetchpriority=\"high\" decoding=\"async\" class=\"size-large wp-image-30332\" src=\"https:\/\/cmctiles.vn\/wp-content\/uploads\/2024\/07\/RPG6060127S3-4FACES-1024x1024.jpg\" alt=\"\" width=\"1024\" height=\"1024\" title=\"\" srcset=\"https:\/\/cmctiles.vn\/wp-content\/uploads\/2024\/07\/RPG6060127S3-4FACES-1024x1024.jpg 1024w, https:\/\/cmctiles.vn\/wp-content\/uploads\/2024\/07\/RPG6060127S3-4FACES-300x300.jpg 300w, https:\/\/cmctiles.vn\/wp-content\/uploads\/2024\/07\/RPG6060127S3-4FACES-150x150.jpg 150w, https:\/\/cmctiles.vn\/wp-content\/uploads\/2024\/07\/RPG6060127S3-4FACES-768x767.jpg 768w, https:\/\/cmctiles.vn\/wp-content\/uploads\/2024\/07\/RPG6060127S3-4FACES-1536x1536.jpg 1536w, https:\/\/cmctiles.vn\/wp-content\/uploads\/2024\/07\/RPG6060127S3-4FACES-2048x2048.jpg 2048w, https:\/\/cmctiles.vn\/wp-content\/uploads\/2024\/07\/RPG6060127S3-4FACES-12x12.jpg 12w, https:\/\/cmctiles.vn\/wp-content\/uploads\/2024\/07\/RPG6060127S3-4FACES-280x280.jpg 280w, https:\/\/cmctiles.vn\/wp-content\/uploads\/2024\/07\/RPG6060127S3-4FACES-600x600.jpg 600w, https:\/\/cmctiles.vn\/wp-content\/uploads\/2024\/07\/RPG6060127S3-4FACES-500x500.jpg 500w, https:\/\/cmctiles.vn\/wp-content\/uploads\/2024\/07\/RPG6060127S3-4FACES-100x100.jpg 100w\" sizes=\"(max-width: 1024px) 100vw, 1024px\" \/><figcaption id=\"caption-attachment-30332\" class=\"wp-caption-text\">V\u1ebb \u0111\u1eb9p b\u1ec1n b\u1ec9 theo n\u0103m th\u00e1ng c\u1ee7a g\u1ea1ch \u1ed1p l\u00e1t RPG6060127S3<\/figcaption><\/figure>\n<h2><b>1. Th\u00f4ng s\u1ed1 s\u1ea3n ph\u1ea9m\u00a0<\/b><\/h2>\n<table style=\"width: 74.2087%; height: 538px;\">\n<tbody>\n<tr style=\"height: 43px;\">\n<td style=\"height: 43px;\"><span style=\"font-weight: 400;\">M\u00e3 s\u1ea3n ph\u1ea9m<\/span><\/td>\n<td style=\"height: 43px;\"><span style=\"font-weight: 400;\">RPG6060127S3\u00a0<\/span><\/td>\n<\/tr>\n<tr style=\"height: 43px;\">\n<td style=\"height: 43px;\"><span style=\"font-weight: 400;\">BRANDS<\/span><\/td>\n<td style=\"height: 43px;\"><span style=\"font-weight: 400;\">G\u1ea1ch \u1ed1p l\u00e1t REFINA<\/span><\/td>\n<\/tr>\n<tr style=\"height: 43px;\">\n<td style=\"height: 43px;\"><span style=\"font-weight: 400;\">Ph\u00e2n lo\u1ea1i<\/span><\/td>\n<td style=\"height: 43px;\"><span style=\"font-weight: 400;\">Ceramic tiles<\/span><\/td>\n<\/tr>\n<tr style=\"height: 43px;\">\n<td style=\"height: 43px;\"><span style=\"font-weight: 400;\">M\u00e0u s\u1eafc<\/span><\/td>\n<td style=\"height: 43px;\"><span style=\"font-weight: 400;\">M\u00e0u \u0111en v\u00e2n \u0111\u00e1 tr\u1eafng\u00a0<\/span><\/td>\n<\/tr>\n<tr style=\"height: 43px;\">\n<td style=\"height: 43px;\"><span style=\"font-weight: 400;\">Sizes<\/span><\/td>\n<td style=\"height: 43px;\"><span style=\"font-weight: 400;\">600&#215;600 mm<\/span><\/td>\n<\/tr>\n<tr style=\"height: 43px;\">\n<td style=\"height: 43px;\"><span style=\"font-weight: 400;\">\u0110\u1ed9 d\u00e0y<\/span><\/td>\n<td style=\"height: 43px;\"><span style=\"font-weight: 400;\">9,0 mm<\/span><\/td>\n<\/tr>\n<tr style=\"height: 43px;\">\n<td style=\"height: 43px;\"><span style=\"font-weight: 400;\">MATERIALS\u00a0<\/span><\/td>\n<td style=\"height: 43px;\"><span style=\"font-weight: 400;\">Porcelain<\/span><\/td>\n<\/tr>\n<tr style=\"height: 43px;\">\n<td style=\"height: 43px;\"><span style=\"font-weight: 400;\">Surfaces<\/span><\/td>\n<td style=\"height: 43px;\"><span style=\"font-weight: 400;\">Glossy Glaze<\/span><\/td>\n<\/tr>\n<tr style=\"height: 151px;\">\n<td style=\"height: 151px;\"><span style=\"font-weight: 400;\">Outstanding features<\/span><\/td>\n<td style=\"height: 151px;\">\n<ul>\n<li style=\"font-weight: 400;\" aria-level=\"1\"><span style=\"font-weight: 400;\">H\u1ecda ti\u1ebft s\u1eafc n\u00e9t, m\u1eabu m\u00e3 \u0111a d\u1ea1ng<\/span><\/li>\n<li style=\"font-weight: 400;\" aria-level=\"1\"><span style=\"font-weight: 400;\">B\u1ec1n b\u1ec9, c\u1ee9ng c\u00e1p, b\u1ea3o v\u1ec7 t\u01b0\u1eddng t\u1ed1t v\u00e0 tu\u1ed5i th\u1ecd cao<\/span><\/li>\n<li style=\"font-weight: 400;\" aria-level=\"1\"><span style=\"font-weight: 400;\">D\u1ec5 \u1ee9ng d\u1ee5ng, d\u1ec5 thi c\u00f4ng<\/span><\/li>\n<li style=\"font-weight: 400;\" aria-level=\"1\"><span style=\"font-weight: 400;\">Non-ignition, non-expansion<\/span><\/li>\n<li style=\"font-weight: 400;\" aria-level=\"1\"><span style=\"font-weight: 400;\">D\u1ec5 v\u1ec7 sinh, ch\u1ed1ng n\u1ea5m m\u1ed1c<\/span><\/li>\n<\/ul>\n<\/td>\n<\/tr>\n<tr style=\"height: 43px;\">\n<td style=\"height: 43px;\"><span style=\"font-weight: 400;\">APPLICATIONS<\/span><\/td>\n<td style=\"height: 43px;\"><span style=\"font-weight: 400;\">\u0110a d\u1ea1ng, v\u00ed d\u1ee5 ki\u1ebfn tr\u00fac nh\u00e0 \u1ed1ng, khu chung c\u01b0, nh\u00e0 \u1edf cao c\u1ea5p, bi\u1ec7t th\u1ef1, ph\u00f2ng kh\u00e1ch\u2026<\/span><\/td>\n<\/tr>\n<\/tbody>\n<\/table>\n<h2><b>2. RPG6060127S3 &#8211; D\u00f2ng s\u1ea3n ph\u1ea9m cao c\u1ea5p c\u1ee7a CMC\u00a0<\/b><\/h2>\n<p style=\"text-align: justify;\"><span style=\"font-weight: 400;\">\u0110\u01b0\u1ee3c \u0111\u00e1nh gi\u00e1 l\u00e0 d\u00f2ng s\u1ea3n ph\u1ea9m g\u1ea1ch \u1ed1p l\u00e1t ch\u1ea5t l\u01b0\u1ee3ng v\u01b0\u1ee3t tr\u1ed9i v\u1edbi c\u00e1c hoa v\u0103n s\u1eafc s\u1ea3o tinh t\u1ebf, nh\u1eefng \u0111\u1eb7c \u0111i\u1ec3m n\u1ed5i b\u1eadt \u1ea5y khi\u1ebfn s\u1ea3n ph\u1ea9m g\u1ea1ch \u1ed1p l\u00e1t RPG6060127S3 tr\u1edf th\u00e0nh m\u1ed9t l\u1ef1a ch\u1ecdn \u01b0u vi\u1ec7t tr\u00ean th\u1ecb tr\u01b0\u1eddng.<\/span><\/p>\n<figure id=\"attachment_30333\" aria-describedby=\"caption-attachment-30333\" style=\"width: 1024px\" class=\"wp-caption aligncenter\"><img decoding=\"async\" class=\"size-large wp-image-30333\" src=\"https:\/\/cmctiles.vn\/wp-content\/uploads\/2024\/07\/RPG6060127S3-4FACES-PC-1024x778.jpg\" alt=\"\" width=\"1024\" height=\"778\" title=\"\" srcset=\"https:\/\/cmctiles.vn\/wp-content\/uploads\/2024\/07\/RPG6060127S3-4FACES-PC-1024x778.jpg 1024w, https:\/\/cmctiles.vn\/wp-content\/uploads\/2024\/07\/RPG6060127S3-4FACES-PC-300x228.jpg 300w, https:\/\/cmctiles.vn\/wp-content\/uploads\/2024\/07\/RPG6060127S3-4FACES-PC-768x584.jpg 768w, https:\/\/cmctiles.vn\/wp-content\/uploads\/2024\/07\/RPG6060127S3-4FACES-PC-1536x1167.jpg 1536w, https:\/\/cmctiles.vn\/wp-content\/uploads\/2024\/07\/RPG6060127S3-4FACES-PC-16x12.jpg 16w, https:\/\/cmctiles.vn\/wp-content\/uploads\/2024\/07\/RPG6060127S3-4FACES-PC-369x280.jpg 369w, https:\/\/cmctiles.vn\/wp-content\/uploads\/2024\/07\/RPG6060127S3-4FACES-PC-500x380.jpg 500w, https:\/\/cmctiles.vn\/wp-content\/uploads\/2024\/07\/RPG6060127S3-4FACES-PC.jpg 2048w\" sizes=\"(max-width: 1024px) 100vw, 1024px\" \/><figcaption id=\"caption-attachment-30333\" class=\"wp-caption-text\">G\u1ea1ch \u1ed1p l\u00e1t RPG6060127S3 khi\u1ebfn kh\u00f4ng gian n\u1ed9i th\u1ea5t c\u1ee7a gia ch\u1ee7 nh\u01b0 b\u1eebng s\u00e1ng<\/figcaption><\/figure>\n<h3 style=\"text-align: justify;\"><b>2.1. Thi\u1ebft k\u1ebf th\u1eddi th\u01b0\u1ee3ng\u00a0<\/b><\/h3>\n<p style=\"text-align: justify;\"><span style=\"font-weight: 400;\">G\u1ea1ch \u1ed1p l\u00e1t RPG6060127S3 l\u00e0 d\u00f2ng s\u1ea3n ph\u1ea9m \u1ed1p l\u00e1t ch\u1ea5t l\u01b0\u1ee3ng v\u1edbi v\u00e2n \u0111\u00e1 marble tinh t\u1ebf, \u0111\u01b0\u1ee3c thi\u1ebft k\u1ebf \u0111\u1ed9c \u0111\u00e1o v\u1edbi phong c\u00e1ch hi\u1ec7n \u0111\u1ea1i v\u00e0 t\u00f4ng m\u00e0u ghi x\u00e1m th\u1eddi th\u01b0\u1ee3ng, mang \u0111\u1ebfn s\u1ef1 h\u00e0i h\u00f2a v\u00e0 \u0111\u1ed3ng b\u1ed9 cho kh\u00f4ng gian.<\/span><\/p>\n<h3 style=\"text-align: justify;\"><b>2.2. Ch\u1ea5t li\u1ec7u Porcelain \u01b0u vi\u1ec7t\u00a0<\/b><\/h3>\n<p style=\"text-align: justify;\"><span style=\"font-weight: 400;\">Ch\u1ea5t li\u1ec7u porcelain c\u1ee7a g\u1ea1ch \u1ed1p l\u00e1t RPG6060127S3 c\u1ef1c k\u1ef3 c\u1ee9ng ch\u1eafc v\u00e0 b\u1ec1n b\u1ec9 nh\u1edd k\u1ebft c\u1ea5u x\u01b0\u01a1ng \u00edt l\u1ed7 h\u1ed5ng, c\u00f9ng v\u1edbi vi\u1ec7c s\u1ea3n ph\u1ea9m \u0111\u01b0\u1ee3c nung \u1edf nhi\u1ec7t \u0111\u1ed9 1200 \u0111\u1ed9 C n\u00ean c\u00f3 kh\u1ea3 n\u0103ng ch\u1ecbu l\u1ef1c t\u1ed1t v\u00e0 ch\u1ed1ng th\u1ea5m hi\u1ec7u qu\u1ea3, b\u1ea3o v\u1ec7 c\u00f4ng tr\u00ecnh kh\u1ecfi t\u00e1c \u0111\u1ed9ng c\u1ee7a n\u01b0\u1edbc v\u00e0 \u1ea9m m\u1ed1c.<\/span><\/p>\n<h3 style=\"text-align: justify;\"><b>2.3. Tr\u1ea3i nghi\u1ec7m v\u01b0\u1ee3t tr\u1ed9i cho ng\u01b0\u1eddi d\u00f9ng\u00a0\u00a0<\/b><\/h3>\n<p style=\"text-align: justify;\"><span style=\"font-weight: 400;\">B\u1ec1 m\u1eb7t men b\u00f3ng c\u1ee7a g\u1ea1ch \u1ed1p l\u00e1t RPG6060127S3 kh\u00f4ng ch\u1ec9 \u0111\u1eb9p m\u1eaft v\u00e0 sang tr\u1ecdng m\u00e0 c\u00f2n d\u1ec5 d\u00e0ng ch\u0103m s\u00f3c v\u00e0 v\u1ec7 sinh, gi\u00fap gia ch\u1ee7 thu\u1eadn ti\u1ec7n trong qu\u00e1 tr\u00ecnh s\u1eed d\u1ee5ng v\u00e0 \u0111\u1ea3m b\u1ea3o \u0111\u1ed9 b\u1ec1n l\u00e2u d\u00e0i cho kh\u00f4ng gian \u0111\u01b0\u1ee3c \u1ed1p l\u00e1t.<\/span><\/p>\n<p style=\"text-align: justify;\"><span style=\"font-weight: 400;\">Tr\u00ean \u0111\u00e2y l\u00e0 nh\u1eefng \u0111\u1eb7c \u0111i\u1ec3m n\u1ed5i b\u1eadt v\u00e0 l\u01b0u \u00fd khi Qu\u00fd kh\u00e1ch l\u1ef1a ch\u1ecdn v\u00e0 s\u1eed d\u1ee5ng g\u1ea1ch \u1ed1p l\u00e1t RPG6060127S3. Hy v\u1ecdng b\u00e0i vi\u1ebft s\u1ebd gi\u00fap \u00edch cho qu\u00fd v\u1ecb \u0111\u1ec3 l\u1ef1a ch\u1ecdn \u0111\u01b0\u1ee3c s\u1ea3n ph\u1ea9m ph\u00f9 h\u1ee3p nh\u1ea5t v\u1edbi kh\u00f4ng gian v\u00e0 chi ph\u00ed c\u1ee7a gia \u0111\u00ecnh.\u00a0<\/span><\/p>\n<p style=\"text-align: justify;\"><span style=\"font-weight: 400;\">Vui l\u00f2ng \u0111\u1ec3 l\u1ea1i th\u00f4ng tin d\u01b0\u1edbi h\u1ed9p th\u01b0 d\u01b0\u1edbi \u0111\u00e2y n\u1ebfu qu\u00fd v\u1ecb c\u1ea7n gi\u1ea3i \u0111\u00e1p th\u1eafc m\u1eafc ho\u1eb7c nh\u1eadn s\u1ef1 t\u01b0 v\u1ea5n t\u1eeb chuy\u00ean gia c\u1ee7a CMC Tiles!<\/span><\/p>","protected":false},"excerpt":{"rendered":"<p>G\u1ea1ch \u1ed1p l\u00e1t RPG6060127S3 \u0111\u01b0\u1ee3c thi\u1ebft k\u1ebf v\u00e0 m\u00e0i gi\u0169a t\u1ec9 m\u1ec9, ch\u00fa tr\u1ecdng \u0111\u1ebfn m\u00e0u s\u1eafc v\u00e0 t\u1eebng \u0111\u01b0\u1eddng v\u00e2n \u0111\u00e1, nh\u1eb1m t\u00e1i t\u1ea1o ch\u00e2n th\u1ef1c v\u1ebb \u0111\u1eb9p ho\u00e0n h\u1ea3o c\u1ee7a \u0111\u00e1 c\u1ea9m th\u1ea1ch, t\u1ea1o n\u00ean v\u1ebb thanh l\u1ecbch, b\u1ec1n b\u1ec9 theo th\u1eddi gian.\u00a0 1. Th\u00f4ng s\u1ed1 s\u1ea3n ph\u1ea9m\u00a0 M\u00e3 s\u1ea3n ph\u1ea9m RPG6060127S3\u00a0 Th\u01b0\u01a1ng [&hellip;]<\/p>\n","protected":false},"featured_media":30332,"comment_status":"open","ping_status":"closed","template":"","meta":[],"product_brand":[],"product_cat":[1076,1015,1083,1023,1134],"product_tag":[],"class_list":{"0":"post-30330","1":"product","2":"type-product","3":"status-publish","4":"has-post-thumbnail","6":"product_cat-gach-op-lat","7":"product_cat-gach-lat","8":"product_cat-gach-lat-nen-van-da","9":"product_cat-porcelain","10":"product_cat-gach-op-lat-refina","12":"first","13":"instock","14":"taxable","15":"shipping-taxable","16":"purchasable","17":"product-type-simple"},"_links":{"self":[{"href":"https:\/\/cmctiles.vn\/en\/wp-json\/wp\/v2\/product\/30330","targetHints":{"allow":["GET"]}}],"collection":[{"href":"https:\/\/cmctiles.vn\/en\/wp-json\/wp\/v2\/product"}],"about":[{"href":"https:\/\/cmctiles.vn\/en\/wp-json\/wp\/v2\/types\/product"}],"replies":[{"embeddable":true,"href":"https:\/\/cmctiles.vn\/en\/wp-json\/wp\/v2\/comments?post=30330"}],"version-history":[{"count":2,"href":"https:\/\/cmctiles.vn\/en\/wp-json\/wp\/v2\/product\/30330\/revisions"}],"predecessor-version":[{"id":30335,"href":"https:\/\/cmctiles.vn\/en\/wp-json\/wp\/v2\/product\/30330\/revisions\/30335"}],"wp:featuredmedia":[{"embeddable":true,"href":"https:\/\/cmctiles.vn\/en\/wp-json\/wp\/v2\/media\/30332"}],"wp:attachment":[{"href":"https:\/\/cmctiles.vn\/en\/wp-json\/wp\/v2\/media?parent=30330"}],"wp:term":[{"taxonomy":"product_brand","embeddable":true,"href":"https:\/\/cmctiles.vn\/en\/wp-json\/wp\/v2\/product_brand?post=30330"},{"taxonomy":"product_cat","embeddable":true,"href":"https:\/\/cmctiles.vn\/en\/wp-json\/wp\/v2\/product_cat?post=30330"},{"taxonomy":"product_tag","embeddable":true,"href":"https:\/\/cmctiles.vn\/en\/wp-json\/wp\/v2\/product_tag?post=30330"}],"curies":[{"name":"wp","href":"https:\/\/api.w.org\/{rel}","templated":true}]}}