{"id":30325,"date":"2024-07-12T17:50:04","date_gmt":"2024-07-12T10:50:04","guid":{"rendered":"https:\/\/cmctiles.vn\/?post_type=product&#038;p=30325"},"modified":"2024-07-12T17:59:24","modified_gmt":"2024-07-12T10:59:24","slug":"gach-op-lat-tong-ghi-hien-dai-voi-van-da-trang-marble-doc-dao-rpg6060124s3","status":"publish","type":"product","link":"https:\/\/cmctiles.vn\/en\/gach-op-lat\/gach-op-lat-tong-ghi-hien-dai-voi-van-da-trang-marble-doc-dao-rpg6060124s3.html","title":{"rendered":"G\u1ea1ch \u1ed1p l\u00e1t t\u00f4ng ghi hi\u1ec7n \u0111\u1ea1i v\u1edbi v\u00e2n \u0111\u00e1 tr\u1eafng marble \u0111\u1ed9c \u0111\u00e1o RPG6060124S3"},"content":{"rendered":"<p><span style=\"font-weight: 400;\">H\u1ed9i t\u1ee5 nh\u1eefng n\u00e9t tinh hoa ki\u1ebfn tr\u00fac hi\u1ec7n \u0111\u1ea1i, g\u1ea1ch \u1ed1p l\u00e1t RPG6060124S3 chinh ph\u1ee5c gia ch\u1ee7 b\u1edfi nh\u1eefng \u0111\u01b0\u1eddng n\u00e9t thanh m\u1ea3nh c\u00f9ng gam m\u00e0u ghi s\u00e1ng trung t\u00ednh thanh l\u1ecbch. T\u1ea1o n\u00ean t\u1ed5ng th\u1ec3 h\u00e0i h\u00f2a, sang tr\u1ecdng, g\u1ea1ch RPG6060124S3 g\u00f3p ph\u1ea7n t\u00f4 \u0111i\u1ec3m cho kh\u00f4ng gian s\u1ed1ng th\u00eam \u0111\u1eb3ng c\u1ea5p v\u00e0 tinh t\u1ebf.<\/span><\/p>\n<figure id=\"attachment_30326\" aria-describedby=\"caption-attachment-30326\" style=\"width: 1019px\" class=\"wp-caption aligncenter\"><img fetchpriority=\"high\" decoding=\"async\" class=\"size-large wp-image-30326\" src=\"https:\/\/cmctiles.vn\/wp-content\/uploads\/2024\/07\/RPG6060124S3-3FACES-1019x1024.jpg\" alt=\"\" width=\"1019\" height=\"1024\" title=\"\" srcset=\"https:\/\/cmctiles.vn\/wp-content\/uploads\/2024\/07\/RPG6060124S3-3FACES-1019x1024.jpg 1019w, https:\/\/cmctiles.vn\/wp-content\/uploads\/2024\/07\/RPG6060124S3-3FACES-300x300.jpg 300w, https:\/\/cmctiles.vn\/wp-content\/uploads\/2024\/07\/RPG6060124S3-3FACES-150x150.jpg 150w, https:\/\/cmctiles.vn\/wp-content\/uploads\/2024\/07\/RPG6060124S3-3FACES-768x772.jpg 768w, https:\/\/cmctiles.vn\/wp-content\/uploads\/2024\/07\/RPG6060124S3-3FACES-1529x1536.jpg 1529w, https:\/\/cmctiles.vn\/wp-content\/uploads\/2024\/07\/RPG6060124S3-3FACES-2038x2048.jpg 2038w, https:\/\/cmctiles.vn\/wp-content\/uploads\/2024\/07\/RPG6060124S3-3FACES-12x12.jpg 12w, https:\/\/cmctiles.vn\/wp-content\/uploads\/2024\/07\/RPG6060124S3-3FACES-279x280.jpg 279w, https:\/\/cmctiles.vn\/wp-content\/uploads\/2024\/07\/RPG6060124S3-3FACES-500x502.jpg 500w, https:\/\/cmctiles.vn\/wp-content\/uploads\/2024\/07\/RPG6060124S3-3FACES-100x100.jpg 100w\" sizes=\"(max-width: 1019px) 100vw, 1019px\" \/><figcaption id=\"caption-attachment-30326\" class=\"wp-caption-text\">G\u1ea1ch \u1ed1p l\u00e1t RPG6060124S3 t\u00e1i hi\u1ec7n ho\u00e0n h\u1ea3o v\u1ebb \u0111\u1eb9p c\u1ee7a d\u00f2ng \u0111\u00e1 marble trong t\u1ef1 nhi\u00ean<\/figcaption><\/figure>\n<h2><b>1. Th\u00f4ng s\u1ed1 s\u1ea3n ph\u1ea9m\u00a0<\/b><\/h2>\n<table>\n<tbody>\n<tr>\n<td><span style=\"font-weight: 400;\">M\u00e3 s\u1ea3n ph\u1ea9m<\/span><\/td>\n<td><span style=\"font-weight: 400;\">RPG6060124S3\u00a0<\/span><\/td>\n<\/tr>\n<tr>\n<td><span style=\"font-weight: 400;\">BRANDS<\/span><\/td>\n<td><span style=\"font-weight: 400;\">G\u1ea1ch \u1ed1p l\u00e1t REFINA<\/span><\/td>\n<\/tr>\n<tr>\n<td><span style=\"font-weight: 400;\">Ph\u00e2n lo\u1ea1i<\/span><\/td>\n<td><span style=\"font-weight: 400;\">Ceramic tiles<\/span><\/td>\n<\/tr>\n<tr>\n<td><span style=\"font-weight: 400;\">M\u00e0u s\u1eafc<\/span><\/td>\n<td><span style=\"font-weight: 400;\">M\u00e0u ghi s\u00e1ng v\u00e2n \u0111\u00e1 tr\u1eafng\u00a0<\/span><\/td>\n<\/tr>\n<tr>\n<td><span style=\"font-weight: 400;\">Sizes<\/span><\/td>\n<td><span style=\"font-weight: 400;\">600&#215;600 mm<\/span><\/td>\n<\/tr>\n<tr>\n<td><span style=\"font-weight: 400;\">\u0110\u1ed9 d\u00e0y<\/span><\/td>\n<td><span style=\"font-weight: 400;\">9,0 mm<\/span><\/td>\n<\/tr>\n<tr>\n<td><span style=\"font-weight: 400;\">MATERIALS\u00a0<\/span><\/td>\n<td><span style=\"font-weight: 400;\">Porcelain<\/span><\/td>\n<\/tr>\n<tr>\n<td><span style=\"font-weight: 400;\">Surfaces<\/span><\/td>\n<td><span style=\"font-weight: 400;\">Glossy Glaze<\/span><\/td>\n<\/tr>\n<tr>\n<td><span style=\"font-weight: 400;\">Outstanding features<\/span><\/td>\n<td>\n<ul>\n<li style=\"font-weight: 400;\" aria-level=\"1\"><span style=\"font-weight: 400;\">H\u1ecda ti\u1ebft s\u1eafc n\u00e9t, m\u1eabu m\u00e3 \u0111a d\u1ea1ng<\/span><\/li>\n<li style=\"font-weight: 400;\" aria-level=\"1\"><span style=\"font-weight: 400;\">B\u1ec1n b\u1ec9, c\u1ee9ng c\u00e1p, b\u1ea3o v\u1ec7 t\u01b0\u1eddng t\u1ed1t v\u00e0 tu\u1ed5i th\u1ecd cao<\/span><\/li>\n<li style=\"font-weight: 400;\" aria-level=\"1\"><span style=\"font-weight: 400;\">D\u1ec5 \u1ee9ng d\u1ee5ng, d\u1ec5 thi c\u00f4ng<\/span><\/li>\n<li style=\"font-weight: 400;\" aria-level=\"1\"><span style=\"font-weight: 400;\">Non-ignition, non-expansion<\/span><\/li>\n<li style=\"font-weight: 400;\" aria-level=\"1\"><span style=\"font-weight: 400;\">D\u1ec5 v\u1ec7 sinh, ch\u1ed1ng n\u1ea5m m\u1ed1c<\/span><\/li>\n<\/ul>\n<\/td>\n<\/tr>\n<tr>\n<td><span style=\"font-weight: 400;\">APPLICATIONS<\/span><\/td>\n<td><span style=\"font-weight: 400;\">\u0110a d\u1ea1ng, v\u00ed d\u1ee5 ki\u1ebfn tr\u00fac nh\u00e0 \u1ed1ng, khu chung c\u01b0, nh\u00e0 \u1edf cao c\u1ea5p, bi\u1ec7t th\u1ef1, ph\u00f2ng kh\u00e1ch\u2026<\/span><\/td>\n<\/tr>\n<\/tbody>\n<\/table>\n<h2><b>2. RPG6060124S3 &#8211; D\u00f2ng s\u1ea3n ph\u1ea9m cao c\u1ea5p c\u1ee7a CMC\u00a0<\/b><\/h2>\n<p><span style=\"font-weight: 400;\">N\u1ed5i b\u1eadt trong ph\u00e2n kh\u00fac g\u1ea1ch \u1ed1p l\u00e1t cao c\u1ea5p, g\u1ea1ch \u1ed1p l\u00e1t RPG6060124S3 chinh ph\u1ee5c kh\u00e1ch h\u00e0ng b\u1edfi ch\u1ea5t l\u01b0\u1ee3ng v\u01b0\u1ee3t tr\u1ed9i c\u00f9ng \u0111\u01b0\u1eddng v\u00e2n \u0111\u00e1 marble \u0111\u1ed9c b\u1ea3n. S\u1ea3n ph\u1ea9m tr\u1edf th\u00e0nh l\u1ef1a ch\u1ecdn \u01b0u vi\u1ec7t cho c\u00e1c c\u00f4ng tr\u00ecnh, mang \u0111\u1ebfn v\u1ebb \u0111\u1eb9p sang tr\u1ecdng v\u00e0 \u0111\u1eb3ng c\u1ea5p.<\/span><\/p>\n<figure id=\"attachment_30327\" aria-describedby=\"caption-attachment-30327\" style=\"width: 1024px\" class=\"wp-caption aligncenter\"><img decoding=\"async\" class=\"size-large wp-image-30327\" src=\"https:\/\/cmctiles.vn\/wp-content\/uploads\/2024\/07\/RPG6060124S3-3FACES-PC-1024x883.jpg\" alt=\"\" width=\"1024\" height=\"883\" title=\"\" srcset=\"https:\/\/cmctiles.vn\/wp-content\/uploads\/2024\/07\/RPG6060124S3-3FACES-PC-1024x883.jpg 1024w, https:\/\/cmctiles.vn\/wp-content\/uploads\/2024\/07\/RPG6060124S3-3FACES-PC-300x259.jpg 300w, https:\/\/cmctiles.vn\/wp-content\/uploads\/2024\/07\/RPG6060124S3-3FACES-PC-768x662.jpg 768w, https:\/\/cmctiles.vn\/wp-content\/uploads\/2024\/07\/RPG6060124S3-3FACES-PC-1536x1325.jpg 1536w, https:\/\/cmctiles.vn\/wp-content\/uploads\/2024\/07\/RPG6060124S3-3FACES-PC-2048x1766.jpg 2048w, https:\/\/cmctiles.vn\/wp-content\/uploads\/2024\/07\/RPG6060124S3-3FACES-PC-14x12.jpg 14w, https:\/\/cmctiles.vn\/wp-content\/uploads\/2024\/07\/RPG6060124S3-3FACES-PC-325x280.jpg 325w, https:\/\/cmctiles.vn\/wp-content\/uploads\/2024\/07\/RPG6060124S3-3FACES-PC-500x431.jpg 500w\" sizes=\"(max-width: 1024px) 100vw, 1024px\" \/><figcaption id=\"caption-attachment-30327\" class=\"wp-caption-text\">Kh\u00f4ng gian n\u1ed9i th\u1ea5t c\u1ee7a gia ch\u1ee7 mang n\u00e9t thanh l\u1ecbch nh\u01b0ng kh\u00f4ng k\u00e9m ph\u1ea7n n\u1ed5i b\u1eadt nh\u1edd v\u00e0o g\u1ea1ch \u1ed1p l\u00e1t RPG6060124S3<\/figcaption><\/figure>\n<h2><b>2.1. Thi\u1ebft k\u1ebf thanh l\u1ecbch nh\u01b0ng kh\u00f4ng k\u00e9m ph\u1ea7n n\u1ed5i b\u1eadt\u00a0<\/b><\/h2>\n<p><span style=\"font-weight: 400;\">S\u1eed d\u1ee5ng c\u00f4ng ngh\u1ec7 in k\u1ef9 thu\u1eadt s\u1ed1 v\u00e0 men b\u00f3ng, g\u1ea1ch \u1ed1p l\u00e1t RPG6060124S3 \u0111\u00e3 t\u00e1i hi\u1ec7n l\u1ea1i tr\u1ecdn v\u1eb9n v\u1ebb \u0111\u1eb9p c\u1ee7a d\u00f2ng \u0111\u00e1 c\u1ea9m th\u1ea1ch trong t\u1ef1 nhi\u00ean. M\u00e0u ghi x\u00e1m th\u1eddi th\u01b0\u1ee3ng l\u00e0m n\u1ed5i b\u1eadt v\u1ebb \u0111\u1eb9p hi\u1ec7n \u0111\u1ea1i c\u1ee7a kh\u00f4ng gian n\u1ed9i th\u1ea5t v\u00e0 ti\u1ec7n l\u1ee3i cho vi\u1ec7c \u1ee9ng d\u1ee5ng linh ho\u1ea1t.<\/span><\/p>\n<h2><b>2.2. \u0110\u1eb7c t\u00ednh v\u01b0\u1ee3t tr\u1ed9i c\u1ee7a ch\u1ea5t li\u1ec7u g\u1ea1ch Porcelain<\/b><\/h2>\n<p><span style=\"font-weight: 400;\">G\u1ea1ch \u1ed1p l\u00e1t RPG6060124S3 s\u1edf h\u1eefu ch\u1ea5t li\u1ec7u x\u01b0\u01a1ng porcelain \u0111\u01b0\u1ee3c nung \u1edf nhi\u1ec7t \u0111\u1ed9 cao tr\u00ean 1200\u00b0C, c\u1ed9ng h\u01b0\u1edfng v\u1edbi k\u1ebft c\u1ea5u \u00edt l\u1ed7 h\u1ed5ng mang l\u1ea1i \u0111\u1ed9 c\u1ee9ng v\u00e0 kh\u1ea3 n\u0103ng h\u00fat n\u01b0\u1edbc d\u01b0\u1edbi 0.5% cho g\u1ea1ch, c\u00f9ng \u0111\u1ed9 b\u1ec1n cao, kh\u1ea3 n\u0103ng ch\u1ecbu l\u1ef1c t\u1ed1t.<\/span><\/p>\n<h2><b>2.3. G\u1ea1ch RPG6060124S3 mang \u0111\u1ebfn tr\u1ea3i nghi\u1ec7m g\u00ec cho ng\u01b0\u1eddi d\u00f9ng<\/b><\/h2>\n<p><span style=\"font-weight: 400;\">G\u1ea1ch \u1ed1p l\u00e1t RPG6060124S3 c\u00f3 b\u1ec1 m\u1eb7t men b\u00f3ng, t\u1ea1o v\u1ebb \u0111\u1eb9p sang tr\u1ecdng v\u00e0 d\u1ec5 v\u1ec7 sinh. \u0110\u1ed9 b\u1ec1n u\u1ed1n v\u00e0 ch\u1ecbu l\u1ef1c t\u1ed1t, k\u00edch th\u01b0\u1edbc ph\u1ed5 th\u00f4ng cho ph\u00e9p \u1ee9ng d\u1ee5ng linh ho\u1ea1t trong l\u00e1t n\u1ec1n v\u00e0 \u1ed1p t\u01b0\u1eddng, t\u1ea1o n\u00ean m\u1ed9t kh\u00f4ng gian s\u1ed1ng mang \u0111\u1ea7y t\u00ednh th\u1ea9m m\u1ef9 \u0111\u1ed3ng b\u1ed9 v\u00e0 h\u00e0i h\u00f2a cho gia ch\u1ee7.<\/span><\/p>\n<p><span style=\"font-weight: 400;\">Tr\u00ean \u0111\u00e2y l\u00e0 nh\u1eefng \u0111\u1eb7c \u0111i\u1ec3m n\u1ed5i b\u1eadt v\u00e0 l\u01b0u \u00fd khi Qu\u00fd kh\u00e1ch l\u1ef1a ch\u1ecdn v\u00e0 s\u1eed d\u1ee5ng g\u1ea1ch \u1ed1p l\u00e1t RPG6060124S3. Hy v\u1ecdng b\u00e0i vi\u1ebft s\u1ebd gi\u00fap \u00edch cho qu\u00fd v\u1ecb \u0111\u1ec3 l\u1ef1a ch\u1ecdn \u0111\u01b0\u1ee3c s\u1ea3n ph\u1ea9m ph\u00f9 h\u1ee3p nh\u1ea5t v\u1edbi kh\u00f4ng gian v\u00e0 chi ph\u00ed c\u1ee7a gia \u0111\u00ecnh.\u00a0<\/span><\/p>\n<p><span style=\"font-weight: 400;\">Vui l\u00f2ng \u0111\u1ec3 l\u1ea1i th\u00f4ng tin d\u01b0\u1edbi h\u1ed9p th\u01b0 d\u01b0\u1edbi \u0111\u00e2y n\u1ebfu qu\u00fd v\u1ecb c\u1ea7n gi\u1ea3i \u0111\u00e1p th\u1eafc m\u1eafc ho\u1eb7c nh\u1eadn s\u1ef1 t\u01b0 v\u1ea5n t\u1eeb chuy\u00ean gia c\u1ee7a CMC Tiles!<\/span><\/p>","protected":false},"excerpt":{"rendered":"<p>H\u1ed9i t\u1ee5 nh\u1eefng n\u00e9t tinh hoa ki\u1ebfn tr\u00fac hi\u1ec7n \u0111\u1ea1i, g\u1ea1ch \u1ed1p l\u00e1t RPG6060124S3 chinh ph\u1ee5c gia ch\u1ee7 b\u1edfi nh\u1eefng \u0111\u01b0\u1eddng n\u00e9t thanh m\u1ea3nh c\u00f9ng gam m\u00e0u ghi s\u00e1ng trung t\u00ednh thanh l\u1ecbch. T\u1ea1o n\u00ean t\u1ed5ng th\u1ec3 h\u00e0i h\u00f2a, sang tr\u1ecdng, g\u1ea1ch RPG6060124S3 g\u00f3p ph\u1ea7n t\u00f4 \u0111i\u1ec3m cho kh\u00f4ng gian s\u1ed1ng th\u00eam \u0111\u1eb3ng c\u1ea5p v\u00e0 [&hellip;]<\/p>\n","protected":false},"featured_media":30326,"comment_status":"open","ping_status":"closed","template":"","meta":[],"product_brand":[],"product_cat":[1076,1015,1083,1023,1134],"product_tag":[],"class_list":{"0":"post-30325","1":"product","2":"type-product","3":"status-publish","4":"has-post-thumbnail","6":"product_cat-gach-op-lat","7":"product_cat-gach-lat","8":"product_cat-gach-lat-nen-van-da","9":"product_cat-porcelain","10":"product_cat-gach-op-lat-refina","12":"first","13":"instock","14":"taxable","15":"shipping-taxable","16":"purchasable","17":"product-type-simple"},"_links":{"self":[{"href":"https:\/\/cmctiles.vn\/en\/wp-json\/wp\/v2\/product\/30325","targetHints":{"allow":["GET"]}}],"collection":[{"href":"https:\/\/cmctiles.vn\/en\/wp-json\/wp\/v2\/product"}],"about":[{"href":"https:\/\/cmctiles.vn\/en\/wp-json\/wp\/v2\/types\/product"}],"replies":[{"embeddable":true,"href":"https:\/\/cmctiles.vn\/en\/wp-json\/wp\/v2\/comments?post=30325"}],"version-history":[{"count":3,"href":"https:\/\/cmctiles.vn\/en\/wp-json\/wp\/v2\/product\/30325\/revisions"}],"predecessor-version":[{"id":30331,"href":"https:\/\/cmctiles.vn\/en\/wp-json\/wp\/v2\/product\/30325\/revisions\/30331"}],"wp:featuredmedia":[{"embeddable":true,"href":"https:\/\/cmctiles.vn\/en\/wp-json\/wp\/v2\/media\/30326"}],"wp:attachment":[{"href":"https:\/\/cmctiles.vn\/en\/wp-json\/wp\/v2\/media?parent=30325"}],"wp:term":[{"taxonomy":"product_brand","embeddable":true,"href":"https:\/\/cmctiles.vn\/en\/wp-json\/wp\/v2\/product_brand?post=30325"},{"taxonomy":"product_cat","embeddable":true,"href":"https:\/\/cmctiles.vn\/en\/wp-json\/wp\/v2\/product_cat?post=30325"},{"taxonomy":"product_tag","embeddable":true,"href":"https:\/\/cmctiles.vn\/en\/wp-json\/wp\/v2\/product_tag?post=30325"}],"curies":[{"name":"wp","href":"https:\/\/api.w.org\/{rel}","templated":true}]}}