{"id":30297,"date":"2024-07-10T23:50:55","date_gmt":"2024-07-10T16:50:55","guid":{"rendered":"https:\/\/cmctiles.vn\/?post_type=product&#038;p=30297"},"modified":"2025-05-29T11:44:24","modified_gmt":"2025-05-29T04:44:24","slug":"bo-gach-op-lat-sang-trong-va-tinh-xao-psg3060090s3-psg3060091s3-psg3060092s3","status":"publish","type":"product","link":"https:\/\/cmctiles.vn\/en\/gach-op-lat\/bo-gach-op-lat-sang-trong-va-tinh-xao-psg3060090s3-psg3060091s3-psg3060092s3.html","title":{"rendered":"B\u1ed9 g\u1ea1ch \u1ed1p l\u00e1t sang tr\u1ecdng v\u00e0 tinh x\u1ea3o PSG3060090S5 &#8211; PSG3060091S5 &#8211; PSG3060092S5"},"content":{"rendered":"<p>Mang h\u01a1i h\u01b0\u1edbng phong c\u00e1ch ki\u1ebfn tr\u00fac ngh\u1ec7 thu\u1eadt t\u1ed1i gi\u1ea3n v\u00e0 \u0111\u1ed9c \u0111\u00e1o, b\u1ed9 g\u1ea1ch \u1ed1p l\u00e1t <strong>PSG3060090S5 &#8211; PSG3060091S5 &#8211; PSG3060092S5<\/strong>\u00a0\u0111\u00e3 t\u1ea1o n\u00ean v\u1ebb \u0111\u1eb9p thu\u1ea7n khi\u1ebft v\u00e0 cao qu\u00fd nh\u1edd s\u1ef1 k\u1ebft h\u1ee3p m\u1ec1m m\u1ea1i, \u0111\u1ea7y s\u1ee9c s\u1ed1ng c\u1ee7a hoa c\u00fac Daisy c\u00f9ng v\u1edbi t\u00ednh c\u00e2n \u0111\u1ed1i v\u00e0 chi\u1ec1u s\u00e2u c\u1ee7a h\u00ecnh kh\u1ed1i mang \u0111\u1ebfn kh\u00f4ng gian \u0111a chi\u1ec1u v\u00e0 hi\u1ec7n \u0111\u1ea1i.<\/p>\n<h2><b>1. Th\u00f4ng s\u1ed1 s\u1ea3n ph\u1ea9m<\/b><\/h2>\n<table style=\"width: 807px; height: 591px;\">\n<tbody>\n<tr style=\"height: 24px;\">\n<td style=\"height: 24px; width: 28.0657%;\">M\u00e3 s\u1ea3n ph\u1ea9m<\/td>\n<td style=\"height: 24px; width: 84.7764%;\"><strong>PSG3060090S5 &#8211; PSG3060091S5 &#8211; PSG3060092S5<\/strong><\/td>\n<\/tr>\n<tr style=\"height: 24px;\">\n<td style=\"height: 24px; width: 28.0657%;\">BRANDS<\/td>\n<td style=\"height: 24px; width: 84.7764%;\">PRATO Tiles<\/td>\n<\/tr>\n<tr style=\"height: 24px;\">\n<td style=\"height: 24px; width: 28.0657%;\">Ph\u00e2n lo\u1ea1i<\/td>\n<td style=\"height: 24px; width: 84.7764%;\">G\u1ea1ch \u1ed1p t\u01b0\u1eddng Porcelain<\/td>\n<\/tr>\n<tr style=\"height: 24px;\">\n<td style=\"height: 24px; width: 28.0657%;\">M\u00e0u s\u1eafc<\/td>\n<td style=\"height: 24px; width: 84.7764%;\">M\u00e0u tr\u1eafng ng\u00e0 v\u00e2n \u0111\u00e1, h\u1ecda ti\u1ebft hoa c\u00fac v\u00e0 h\u00ecnh kh\u1ed1i \u0111a d\u1ea1ng, m\u00e0u x\u00e1m nh\u1ea1t v\u00e2n \u0111\u00e1<\/td>\n<\/tr>\n<tr style=\"height: 24px;\">\n<td style=\"height: 24px; width: 28.0657%;\">Sizes<\/td>\n<td style=\"height: 24px; width: 84.7764%;\">300 x 600 mm<\/td>\n<\/tr>\n<tr style=\"height: 24px;\">\n<td style=\"height: 24px; width: 28.0657%;\">\u0110\u1ed9 d\u00e0y<\/td>\n<td style=\"height: 24px; width: 84.7764%;\">8.2 (mm)<\/td>\n<\/tr>\n<tr style=\"height: 24px;\">\n<td style=\"height: 24px; width: 28.0657%;\">MATERIALS<\/td>\n<td style=\"height: 24px; width: 84.7764%;\">Porcelain (BIb)<\/td>\n<\/tr>\n<tr style=\"height: 24px;\">\n<td style=\"height: 24px; width: 28.0657%;\">Surfaces<\/td>\n<td style=\"height: 24px; width: 84.7764%;\">Glossy Glaze<\/td>\n<\/tr>\n<tr style=\"height: 152px;\">\n<td style=\"height: 152px; width: 28.0657%;\">Outstanding features<\/td>\n<td style=\"height: 152px; width: 84.7764%;\">\n<ul>\n<li aria-level=\"1\">H\u1ecda ti\u1ebft s\u1eafc n\u00e9t, m\u1eabu m\u00e3 \u0111a d\u1ea1ng<\/li>\n<li>B\u1ec1n b\u1ec9, c\u1ee9ng c\u00e1p, b\u1ea3o v\u1ec7 t\u01b0\u1eddng t\u1ed1t v\u00e0 tu\u1ed5i th\u1ecd cao<\/li>\n<li aria-level=\"1\">D\u1ec5 \u1ee9ng d\u1ee5ng, d\u1ec5 thi c\u00f4ng<\/li>\n<li aria-level=\"1\">Non-ignition, non-expansion<\/li>\n<li aria-level=\"1\">D\u1ec5 v\u1ec7 sinh, ch\u1ed1ng n\u1ea5m m\u1ed1c<\/li>\n<\/ul>\n<\/td>\n<\/tr>\n<tr style=\"height: 48px;\">\n<td style=\"height: 48px; width: 28.0657%;\">APPLICATIONS<\/td>\n<td style=\"height: 48px; width: 84.7764%;\">\u0110a d\u1ea1ng, v\u00ed d\u1ee5 ki\u1ebfn tr\u00fac t\u01b0\u1eddng nh\u00e0 \u1ed1ng, khu chung c\u01b0, nh\u00e0 \u1edf cao c\u1ea5p, bi\u1ec7t th\u1ef1, ph\u00f2ng kh\u00e1ch, ph\u00f2ng t\u1eafm, nh\u00e0 b\u1ebfp\u2026<\/td>\n<\/tr>\n<\/tbody>\n<\/table>\n<figure id=\"attachment_33200\" aria-describedby=\"caption-attachment-33200\" style=\"width: 1820px\" class=\"wp-caption aligncenter\"><img fetchpriority=\"high\" decoding=\"async\" class=\"wp-image-33200\" src=\"https:\/\/cmctiles.vn\/wp-content\/uploads\/2024\/07\/14-300x300.jpg\" alt=\"PSG3060090S5 - PSG3060091S5 - PSG3060092S5\" width=\"1820\" height=\"1820\" title=\"\" srcset=\"https:\/\/cmctiles.vn\/wp-content\/uploads\/2024\/07\/14-300x300.jpg 300w, https:\/\/cmctiles.vn\/wp-content\/uploads\/2024\/07\/14-1024x1024.jpg 1024w, https:\/\/cmctiles.vn\/wp-content\/uploads\/2024\/07\/14-150x150.jpg 150w, https:\/\/cmctiles.vn\/wp-content\/uploads\/2024\/07\/14-768x768.jpg 768w, https:\/\/cmctiles.vn\/wp-content\/uploads\/2024\/07\/14-1536x1536.jpg 1536w, https:\/\/cmctiles.vn\/wp-content\/uploads\/2024\/07\/14-12x12.jpg 12w, https:\/\/cmctiles.vn\/wp-content\/uploads\/2024\/07\/14-280x280.jpg 280w, https:\/\/cmctiles.vn\/wp-content\/uploads\/2024\/07\/14-600x600.jpg 600w, https:\/\/cmctiles.vn\/wp-content\/uploads\/2024\/07\/14-500x500.jpg 500w, https:\/\/cmctiles.vn\/wp-content\/uploads\/2024\/07\/14-100x100.jpg 100w, https:\/\/cmctiles.vn\/wp-content\/uploads\/2024\/07\/14.jpg 2000w\" sizes=\"(max-width: 1820px) 100vw, 1820px\" \/><figcaption id=\"caption-attachment-33200\" class=\"wp-caption-text\">B\u1ed9 g\u1ea1ch \u1ed1p t\u01b0\u1eddng PSG3060090S5 &#8211; PSG3060091S5 &#8211; PSG3060092S5<\/figcaption><\/figure>\n<h2><b>2. B\u1ed9 g\u1ea1ch \u1ed1p t\u01b0\u1eddng <strong>PSG3060090S5 &#8211; PSG3060091S5 &#8211; PSG3060092S5<\/strong>\u00a0&#8211; s\u1ef1 l\u1ef1a ch\u1ecdn ho\u00e0n h\u1ea3o cho m\u1ecdi c\u00f4ng tr\u00ecnh\u00a0<\/b><\/h2>\n<figure id=\"attachment_30302\" aria-describedby=\"caption-attachment-30302\" style=\"width: 1828px\" class=\"wp-caption aligncenter\"><img decoding=\"async\" class=\"wp-image-30302\" src=\"https:\/\/cmctiles.vn\/wp-content\/uploads\/2024\/07\/PSG3060092S3PC-1024x819.png\" alt=\"\" width=\"1828\" height=\"1462\" title=\"\" srcset=\"https:\/\/cmctiles.vn\/wp-content\/uploads\/2024\/07\/PSG3060092S3PC-1024x819.png 1024w, https:\/\/cmctiles.vn\/wp-content\/uploads\/2024\/07\/PSG3060092S3PC-300x240.png 300w, https:\/\/cmctiles.vn\/wp-content\/uploads\/2024\/07\/PSG3060092S3PC-768x614.png 768w, https:\/\/cmctiles.vn\/wp-content\/uploads\/2024\/07\/PSG3060092S3PC-1536x1229.png 1536w, https:\/\/cmctiles.vn\/wp-content\/uploads\/2024\/07\/PSG3060092S3PC-2048x1638.png 2048w, https:\/\/cmctiles.vn\/wp-content\/uploads\/2024\/07\/PSG3060092S3PC-15x12.png 15w, https:\/\/cmctiles.vn\/wp-content\/uploads\/2024\/07\/PSG3060092S3PC-350x280.png 350w, https:\/\/cmctiles.vn\/wp-content\/uploads\/2024\/07\/PSG3060092S3PC-500x400.png 500w\" sizes=\"(max-width: 1828px) 100vw, 1828px\" \/><figcaption id=\"caption-attachment-30302\" class=\"wp-caption-text\">B\u1ed9 g\u1ea1ch \u1ed1p t\u01b0\u1eddng <strong>PSG3060090S5 &#8211; PSG3060091S5 &#8211; PSG3060092S5 mang \u0111\u1ebfn v\u1ebb \u0111\u1eb9p tr\u1ebb trung v\u00e0 hi\u1ec7n \u0111\u1ea1i\u00a0<\/strong><\/figcaption><\/figure>\n<p>&nbsp;<\/p>\n<p>B\u1ed9 g\u1ea1ch \u1ed1p t\u01b0\u1eddng <strong>PSG3060090S5 &#8211; PSG3060091S5 &#8211; PSG3060092S5<\/strong>\u00a0thu\u1ed9c d\u00f2ng g\u1ea1ch Porcelain (BIb) v\u1edbi \u0111\u1ed9 ch\u1ed1ng th\u1ea5m h\u00fat n\u01b0\u1edbc \u00edt, \u0111\u1ed9 b\u1ec1n m\u00e0u cao v\u00e0 \u0111\u1eb7c bi\u1ec7t l\u1edbp x\u01b0\u01a1ng c\u1ee9ng c\u00e1p, b\u1ed9 g\u1ea1ch r\u1ea5t ti\u1ec7n l\u1ee3i cho nh\u1eefng kh\u00f4ng gian th\u01b0\u1eddng xuy\u00ean \u1ea9m \u01b0\u1edbt nh\u01b0 ph\u00f2ng t\u1eafm hay th\u01b0\u1eddng xuy\u00ean b\u00e1m b\u1ea9n nh\u01b0 ph\u00f2ng b\u1ebfp. B\u1ed9 g\u1ea1ch c\u00f3 kh\u1ea3 n\u0103ng \u1ee9ng d\u1ee5ng \u0111a d\u1ea1ng trong nhi\u1ec1u kh\u00f4ng gian ki\u1ebfn tr\u00fac v\u1edbi h\u1ecda ti\u1ebft s\u1eafc n\u00e9t, tinh t\u1ebf v\u00e0 s\u1eafc m\u00e0u th\u1eddi th\u01b0\u1ee3ng.<\/p>\n<h3><b>2.1. Phong c\u00e1ch ki\u1ebfn tr\u00fac ngh\u1ec7 thu\u1eadt t\u1ed1i gi\u1ea3n v\u00e0 \u0111\u1ed9c \u0111\u00e1o <\/b><\/h3>\n<p>B\u1ed9 g\u1ea1ch \u1ed1p t\u01b0\u1eddng <strong>PSG3060090S5 &#8211; PSG3060091S5 &#8211; PSG3060092S5<\/strong>\u00a0\u0111\u01b0\u1ee3c t\u00e1i hi\u1ec7n l\u1ea1i t\u1eeb nh\u1eefng chi ti\u1ebft t\u01b0\u1edfng ch\u1eebng nh\u01b0 \u0111\u01a1n \u0111i\u1ec7u nh\u01b0ng l\u1ea1i m\u00ea m\u1ea9n \u0111\u1ebfn cho\u00e1ng ng\u1ee3p.<\/p>\n<p>B\u1ec1 m\u1eb7t b\u00f3ng b\u1ea9y c\u00f9ng v\u1edbi m\u00e0u x\u00e1m tr\u1ea7m t\u1ed1i gi\u1ea3n mang l\u1ea1i cho kh\u00f4ng gian s\u1ef1 gi\u1ea3n d\u1ecb tinh t\u1ebf.<\/p>\n<h3><b>2.2. T\u0103ng t\u00ednh th\u1ea9m m\u1ef9 v\u00e0 b\u1ea3o v\u1ec7 t\u01b0\u1eddng<\/b><\/h3>\n<ul>\n<li aria-level=\"1\"><b>M\u1eabu m\u00e3 \u0111a d\u1ea1ng<\/b>: B\u1ed9 g\u1ea1ch \u1ed1p t\u01b0\u1eddng <strong>PSG3060090S5 &#8211; PSG3060091S5 &#8211; PSG3060092S5<\/strong><strong>\u00a0<\/strong>\u1ee9ng d\u1ee5ng linh ho\u1ea1t trong nhi\u1ec1u kh\u00f4ng gian, v\u1eeba trang tr\u00ed kh\u00f4ng gian r\u1ed9ng v\u1eeba t\u1ea1o \u0111i\u1ec3m nh\u1ea5n cho m\u1ea3ng t\u01b0\u1eddng, gi\u00fap t\u0103ng t\u00ednh th\u1ea9m m\u1ef9 v\u00e0 th\u1ed5i h\u1ed3n cho kh\u00f4ng gian s\u1ed1ng.<\/li>\n<li aria-level=\"1\"><b>Ch\u1ed1ng tr\u01a1n tr\u01b0\u1ee3t, ch\u1ed1ng tr\u1ea7y x\u01b0\u1edbc:\u00a0<\/b>G\u1ea1ch v\u1edbi k\u1ebft c\u1ea5u \u0111\u1eb7c bi\u1ec7t, b\u1ec1 m\u1eb7t c\u1ee9ng c\u00e1p, h\u1ecda ti\u1ebft \u0111\u01b0\u1ee3c in v\u00e0 tr\u00e1ng men b\u00f3ng cao c\u1ea5p gi\u00fap ch\u1ed1ng tr\u1ea7y x\u01b0\u1edbc v\u00e0 tr\u01a1n tr\u01b0\u1ee3t hi\u1ec7u qu\u1ea3<\/li>\n<\/ul>\n<h3><span id=\"23_An_toan_%E2%80%93_tien_loi_cho_gia_chu\" class=\"ez-toc-section\"><\/span><b>2.3. An to\u00e0n \u2013 ti\u1ec7n l\u1ee3i cho gia ch\u1ee7<\/b><\/h3>\n<ul>\n<li aria-level=\"1\"><b>D\u1ec5 d\u00e0ng thi c\u00f4ng:\u00a0<\/b>V\u1edbi \u0111\u1eb7c t\u00ednh m\u1ecfng nh\u1eb9 v\u1eeba ph\u1ea3i c\u1ee7a g\u1ea1ch Porcelain (BIb), gi\u00fap s\u1ea3n ph\u1ea9m d\u1ec5 b\u00e1m t\u01b0\u1eddng, d\u1ec5 d\u00e0ng thi c\u00f4ng khoan \u0111\u1ee5c k\u1ec3 c\u1ea3 sau khi \u1ed1p l\u00e1t n\u1ebfu c\u00f3 nhu c\u1ea7u trang tr\u00ed v\u00e0 l\u1eafp \u0111\u1eb7t th\u00eam c\u00e1c thi\u1ebft b\u1ecb b\u1ed5 tr\u1ee3 c\u00f4ng n\u0103ng.<\/li>\n<li aria-level=\"1\"><b>Kh\u00f4ng b\u1eaft ch\u00e1y, kh\u00f4ng gi\u00e3n n\u1edf:<\/b> G\u1ea1ch \u0111\u01b0\u1ee3c nung \u1edf nhi\u1ec7t \u0111\u1ed9 cao t\u1eeb 1.170 \u2013 1.180 \u0111\u1ed9 C n\u00ean kh\u00f4ng d\u1ec5 d\u00e0ng b\u1eaft ch\u00e1y, \u0111\u1eb7c bi\u1ec7t tuy\u1ec7t \u0111\u1ed1i kh\u00f4ng gi\u00e3n n\u1edf \u1edf nhi\u1ec7t \u0111\u1ed9 nh\u00e0 th\u00f4ng th\u01b0\u1eddng.<\/li>\n<\/ul>\n<p>Tr\u00ean \u0111\u00e2y l\u00e0 nh\u1eefng \u0111\u1eb7c \u0111i\u1ec3m n\u1ed5i b\u1eadt v\u00e0 l\u01b0u \u00fd khi qu\u00fd kh\u00e1ch l\u1ef1a ch\u1ecdn v\u00e0 s\u1eed d\u1ee5ng g\u1ea1ch \u1ed1p t\u01b0\u1eddng <strong>PSG3060090S5 &#8211; PSG3060091S5 &#8211; PSG3060092S5<\/strong>. Hy v\u1ecdng b\u00e0i vi\u1ebft s\u1ebd gi\u00fap \u00edch cho qu\u00fd v\u1ecb \u0111\u1ec3 l\u1ef1a ch\u1ecdn \u0111\u01b0\u1ee3c s\u1ea3n ph\u1ea9m ph\u00f9 h\u1ee3p nh\u1ea5t v\u1edbi kh\u00f4ng gian v\u00e0 chi ph\u00ed c\u1ee7a gia \u0111\u00ecnh.<\/p>\n<p><i>Vui l\u00f2ng \u0111\u1ec3 l\u1ea1i th\u00f4ng tin d\u01b0\u1edbi h\u1ed9p th\u01b0 d\u01b0\u1edbi \u0111\u00e2y n\u1ebfu qu\u00fd v\u1ecb c\u1ea7n gi\u1ea3i \u0111\u00e1p th\u1eafc m\u1eafc ho\u1eb7c nh\u1eadn s\u1ef1 t\u01b0 v\u1ea5n t\u1eeb chuy\u00ean gia c\u1ee7a CMC Tiles!<\/i><\/p>","protected":false},"excerpt":{"rendered":"<p>Mang h\u01a1i h\u01b0\u1edbng phong c\u00e1ch ki\u1ebfn tr\u00fac ngh\u1ec7 thu\u1eadt t\u1ed1i gi\u1ea3n v\u00e0 \u0111\u1ed9c \u0111\u00e1o, b\u1ed9 g\u1ea1ch \u1ed1p l\u00e1t PSG3060090S5 &#8211; PSG3060091S5 &#8211; PSG3060092S5\u00a0\u0111\u00e3 t\u1ea1o n\u00ean v\u1ebb \u0111\u1eb9p thu\u1ea7n khi\u1ebft v\u00e0 cao qu\u00fd nh\u1edd s\u1ef1 k\u1ebft h\u1ee3p m\u1ec1m m\u1ea1i, \u0111\u1ea7y s\u1ee9c s\u1ed1ng c\u1ee7a hoa c\u00fac Daisy c\u00f9ng v\u1edbi t\u00ednh c\u00e2n \u0111\u1ed1i v\u00e0 chi\u1ec1u s\u00e2u c\u1ee7a h\u00ecnh [&hellip;]<\/p>\n","protected":false},"featured_media":33200,"comment_status":"open","ping_status":"closed","template":"","meta":[],"product_brand":[],"product_cat":[1076,1015,1016,1092,1023],"product_tag":[],"class_list":{"0":"post-30297","1":"product","2":"type-product","3":"status-publish","4":"has-post-thumbnail","6":"product_cat-gach-op-lat","7":"product_cat-gach-lat","8":"product_cat-gach-op","9":"product_cat-gach-op-lat-prato","10":"product_cat-porcelain","12":"first","13":"instock","14":"taxable","15":"shipping-taxable","16":"purchasable","17":"product-type-simple"},"_links":{"self":[{"href":"https:\/\/cmctiles.vn\/en\/wp-json\/wp\/v2\/product\/30297","targetHints":{"allow":["GET"]}}],"collection":[{"href":"https:\/\/cmctiles.vn\/en\/wp-json\/wp\/v2\/product"}],"about":[{"href":"https:\/\/cmctiles.vn\/en\/wp-json\/wp\/v2\/types\/product"}],"replies":[{"embeddable":true,"href":"https:\/\/cmctiles.vn\/en\/wp-json\/wp\/v2\/comments?post=30297"}],"version-history":[{"count":10,"href":"https:\/\/cmctiles.vn\/en\/wp-json\/wp\/v2\/product\/30297\/revisions"}],"predecessor-version":[{"id":33207,"href":"https:\/\/cmctiles.vn\/en\/wp-json\/wp\/v2\/product\/30297\/revisions\/33207"}],"wp:featuredmedia":[{"embeddable":true,"href":"https:\/\/cmctiles.vn\/en\/wp-json\/wp\/v2\/media\/33200"}],"wp:attachment":[{"href":"https:\/\/cmctiles.vn\/en\/wp-json\/wp\/v2\/media?parent=30297"}],"wp:term":[{"taxonomy":"product_brand","embeddable":true,"href":"https:\/\/cmctiles.vn\/en\/wp-json\/wp\/v2\/product_brand?post=30297"},{"taxonomy":"product_cat","embeddable":true,"href":"https:\/\/cmctiles.vn\/en\/wp-json\/wp\/v2\/product_cat?post=30297"},{"taxonomy":"product_tag","embeddable":true,"href":"https:\/\/cmctiles.vn\/en\/wp-json\/wp\/v2\/product_tag?post=30297"}],"curies":[{"name":"wp","href":"https:\/\/api.w.org\/{rel}","templated":true}]}}