{"id":30289,"date":"2024-07-10T22:55:40","date_gmt":"2024-07-10T15:55:40","guid":{"rendered":"https:\/\/cmctiles.vn\/?post_type=product&#038;p=30289"},"modified":"2025-05-29T10:22:13","modified_gmt":"2025-05-29T03:22:13","slug":"bo-gach-op-tuong-sang-trong-va-tinh-te-psg3060084s3-psg3060085s3-psg3060086s3","status":"publish","type":"product","link":"https:\/\/cmctiles.vn\/en\/gach-op-lat\/bo-gach-op-tuong-sang-trong-va-tinh-te-psg3060084s3-psg3060085s3-psg3060086s3.html","title":{"rendered":"B\u1ed9 g\u1ea1ch \u1ed1p t\u01b0\u1eddng sang tr\u1ecdng v\u00e0 tinh t\u1ebf PSG3060084S5 &#8211; PSG3060085S5 &#8211; PSG3060086S5"},"content":{"rendered":"<p>Ph\u1ea3ng ph\u1ea5t h\u01a1i th\u1edf c\u1ee7a v\u0103n h\u00f3a Ch\u00e2u \u00c1, b\u1ed9 g\u1ea1ch \u1ed1p t\u01b0\u1eddng <strong>PSG3060084S5 &#8211; PSG3060085S5 &#8211; PSG3060086S5<\/strong> mang m\u1ed9t n\u00e9t \u0111\u1eb9p nh\u1eb9 nh\u00e0ng v\u00e0 duy\u00ean d\u00e1ng, \u0111\u1ec3 kh\u1eafc h\u1ecda r\u00f5 n\u00e9t \u0111\u01b0\u1ee3c v\u1ebb \u0111\u1eb9p \u0111\u00f3, h\u00ecnh \u1ea3nh hoa sen v\u00e0 thi\u00ean nga l\u00e0 s\u1ef1 l\u1ef1a ch\u1ecdn tuy\u1ec7t v\u1eddi \u0111\u1ec3 mang \u0111\u1ebfn cho kh\u00f4ng gian v\u1ebb \u0111\u1eb9p thanh nh\u00e3 v\u00e0 hi\u1ec7n \u0111\u1ea1i.<\/p>\n<h2><b>1. Th\u00f4ng s\u1ed1 s\u1ea3n ph\u1ea9m<\/b><\/h2>\n<table style=\"width: 82.9684%; height: 449px;\">\n<tbody>\n<tr style=\"height: 24px;\">\n<td style=\"height: 24px; width: 28.0657%;\">M\u00e3 s\u1ea3n ph\u1ea9m<\/td>\n<td style=\"height: 24px; width: 84.7764%;\"><strong>PSG3060084S5 &#8211; PSG3060085S5 &#8211; PSG3060086S5<\/strong><\/td>\n<\/tr>\n<tr style=\"height: 24px;\">\n<td style=\"height: 24px; width: 28.0657%;\">BRANDS<\/td>\n<td style=\"height: 24px; width: 84.7764%;\">PRATO Tiles<\/td>\n<\/tr>\n<tr style=\"height: 24px;\">\n<td style=\"height: 24px; width: 28.0657%;\">Ph\u00e2n lo\u1ea1i<\/td>\n<td style=\"height: 24px; width: 84.7764%;\">G\u1ea1ch \u1ed1p t\u01b0\u1eddng Porcelain<\/td>\n<\/tr>\n<tr style=\"height: 24px;\">\n<td style=\"height: 24px; width: 28.0657%;\">M\u00e0u s\u1eafc<\/td>\n<td style=\"height: 24px; width: 84.7764%;\">M\u00e0u tr\u1eafng v\u00e2n \u0111\u00e1, h\u1ecda ti\u1ebft hoa sen tr\u1eafng tinh kh\u00f4i c\u00f9ng \u0111\u00f4i thi\u00ean nga thanh khi\u1ebft, m\u00e0u x\u00e1m \u0111\u1eadm v\u00e2n \u0111\u00e1<\/td>\n<\/tr>\n<tr style=\"height: 24px;\">\n<td style=\"height: 24px; width: 28.0657%;\">Sizes<\/td>\n<td style=\"height: 24px; width: 84.7764%;\">300 x 600 mm<\/td>\n<\/tr>\n<tr style=\"height: 24px;\">\n<td style=\"height: 24px; width: 28.0657%;\">\u0110\u1ed9 d\u00e0y<\/td>\n<td style=\"height: 24px; width: 84.7764%;\">8.2 (mm)<\/td>\n<\/tr>\n<tr style=\"height: 24px;\">\n<td style=\"height: 24px; width: 28.0657%;\">MATERIALS<\/td>\n<td style=\"height: 24px; width: 84.7764%;\">Porcelain (BIb)<\/td>\n<\/tr>\n<tr style=\"height: 24px;\">\n<td style=\"height: 24px; width: 28.0657%;\">Surfaces<\/td>\n<td style=\"height: 24px; width: 84.7764%;\">Glossy Glaze<\/td>\n<\/tr>\n<tr style=\"height: 152px;\">\n<td style=\"height: 152px; width: 28.0657%;\">Outstanding features<\/td>\n<td style=\"height: 152px; width: 84.7764%;\">\n<ul>\n<li aria-level=\"1\">H\u1ecda ti\u1ebft s\u1eafc n\u00e9t, m\u1eabu m\u00e3 \u0111a d\u1ea1ng<\/li>\n<li>B\u1ec1n b\u1ec9, c\u1ee9ng c\u00e1p, b\u1ea3o v\u1ec7 t\u01b0\u1eddng t\u1ed1t v\u00e0 tu\u1ed5i th\u1ecd cao<\/li>\n<li aria-level=\"1\">D\u1ec5 \u1ee9ng d\u1ee5ng, d\u1ec5 thi c\u00f4ng<\/li>\n<li aria-level=\"1\">Non-ignition, non-expansion<\/li>\n<li aria-level=\"1\">D\u1ec5 v\u1ec7 sinh, ch\u1ed1ng n\u1ea5m m\u1ed1c<\/li>\n<\/ul>\n<\/td>\n<\/tr>\n<tr style=\"height: 48px;\">\n<td style=\"height: 48px; width: 28.0657%;\">APPLICATIONS<\/td>\n<td style=\"height: 48px; width: 84.7764%;\">\u0110a d\u1ea1ng, v\u00ed d\u1ee5 ki\u1ebfn tr\u00fac t\u01b0\u1eddng nh\u00e0 \u1ed1ng, khu chung c\u01b0, nh\u00e0 \u1edf cao c\u1ea5p, bi\u1ec7t th\u1ef1, ph\u00f2ng kh\u00e1ch, ph\u00f2ng t\u1eafm, nh\u00e0 b\u1ebfp\u2026<\/td>\n<\/tr>\n<\/tbody>\n<\/table>\n<figure id=\"attachment_33146\" aria-describedby=\"caption-attachment-33146\" style=\"width: 1689px\" class=\"wp-caption aligncenter\"><img fetchpriority=\"high\" decoding=\"async\" class=\"wp-image-33146\" src=\"https:\/\/cmctiles.vn\/wp-content\/uploads\/2024\/07\/12-300x300.png\" alt=\"PSG3060084S5 - PSG3060085S5 - PSG3060086S5\" width=\"1689\" height=\"1689\" title=\"\" srcset=\"https:\/\/cmctiles.vn\/wp-content\/uploads\/2024\/07\/12-300x300.png 300w, https:\/\/cmctiles.vn\/wp-content\/uploads\/2024\/07\/12-1024x1024.png 1024w, https:\/\/cmctiles.vn\/wp-content\/uploads\/2024\/07\/12-150x150.png 150w, https:\/\/cmctiles.vn\/wp-content\/uploads\/2024\/07\/12-768x768.png 768w\" sizes=\"(max-width: 1689px) 100vw, 1689px\" \/><figcaption id=\"caption-attachment-33146\" class=\"wp-caption-text\">B\u1ed9 g\u1ea1ch \u1ed1p t\u01b0\u1eddng PSG3060084S5 &#8211; PSG3060085S5 &#8211; PSG3060086S5<\/figcaption><\/figure>\n<h2><b>2. B\u1ed9 g\u1ea1ch \u1ed1p t\u01b0\u1eddng <strong>PSG3060084S5 &#8211; PSG3060085S5 &#8211; PSG3060086S5<\/strong>\u00a0&#8211; s\u1ef1 l\u1ef1a ch\u1ecdn ho\u00e0n h\u1ea3o cho m\u1ecdi c\u00f4ng tr\u00ecnh\u00a0<\/b><\/h2>\n<figure id=\"attachment_30292\" aria-describedby=\"caption-attachment-30292\" style=\"width: 1684px\" class=\"wp-caption aligncenter\"><img decoding=\"async\" class=\"wp-image-30292\" src=\"https:\/\/cmctiles.vn\/wp-content\/uploads\/2024\/07\/PSG3060086S3PC-1-1024x819.png\" alt=\"\" width=\"1684\" height=\"1347\" title=\"\" srcset=\"https:\/\/cmctiles.vn\/wp-content\/uploads\/2024\/07\/PSG3060086S3PC-1-1024x819.png 1024w, https:\/\/cmctiles.vn\/wp-content\/uploads\/2024\/07\/PSG3060086S3PC-1-300x240.png 300w, https:\/\/cmctiles.vn\/wp-content\/uploads\/2024\/07\/PSG3060086S3PC-1-768x614.png 768w, https:\/\/cmctiles.vn\/wp-content\/uploads\/2024\/07\/PSG3060086S3PC-1-1536x1229.png 1536w, https:\/\/cmctiles.vn\/wp-content\/uploads\/2024\/07\/PSG3060086S3PC-1-2048x1638.png 2048w, https:\/\/cmctiles.vn\/wp-content\/uploads\/2024\/07\/PSG3060086S3PC-1-15x12.png 15w, https:\/\/cmctiles.vn\/wp-content\/uploads\/2024\/07\/PSG3060086S3PC-1-350x280.png 350w, https:\/\/cmctiles.vn\/wp-content\/uploads\/2024\/07\/PSG3060086S3PC-1-500x400.png 500w\" sizes=\"(max-width: 1684px) 100vw, 1684px\" \/><figcaption id=\"caption-attachment-30292\" class=\"wp-caption-text\">B\u1ed9 g\u1ea1ch \u1ed1p t\u01b0\u1eddng <strong>PSG3060084S5 &#8211; PSG3060085S5 &#8211; PSG3060086S5<\/strong> mang v\u1ebb \u0111\u1eb9p truy\u1ec1n th\u1ed1ng v\u00e0 hi\u1ec7n \u0111\u1ea1i<\/figcaption><\/figure>\n<p>B\u1ed9 g\u1ea1ch \u1ed1p t\u01b0\u1eddng <strong>PSG3060084S5 &#8211; PSG3060085S5 &#8211; PSG3060086S5<\/strong>\u00a0thu\u1ed9c d\u00f2ng g\u1ea1ch Porcelain (BIb), v\u00ec v\u1eady nhanh ch\u00f3ng \u0111\u01b0\u1ee3c kh\u00e1ch h\u00e0ng tin d\u00f9ng v\u00e0 \u01b0a chu\u1ed9ng nh\u1edd nh\u1eefng \u0111\u1eb7c \u0111i\u1ec3m \u01b0u vi\u1ec7t, c\u00f3 kh\u1ea3 n\u0103ng \u1ee9ng d\u1ee5ng \u0111a d\u1ea1ng trong nhi\u1ec1u kh\u00f4ng gian ki\u1ebfn tr\u00fac v\u1edbi h\u1ecda ti\u1ebft s\u1eafc n\u00e9t, tinh t\u1ebf v\u00e0 s\u1eafc m\u00e0u th\u1eddi th\u01b0\u1ee3ng.<\/p>\n<h3><b>2.1. L\u1ea5y c\u1ea3m h\u1ee9ng t\u1eeb v\u1ebb \u0111\u1eb9p truy\u1ec1n th\u1ed1ng v\u00e0 tinh t\u1ebf c\u1ee7a v\u0103n h\u00f3a Ch\u00e2u \u00c1<\/b><\/h3>\n<p>Chi\u1ebfm tr\u1ecdn \u00e1nh nh\u00ecn nh\u1edd s\u1ef1 k\u1ebft h\u1ee3p gi\u1eefa v\u1ebb \u0111\u1eb9p truy\u1ec1n th\u1ed1ng v\u00e0 phong c\u00e1ch hi\u1ec7n \u0111\u1ea1i, b\u1ed9 g\u1ea1ch \u1ed1p t\u01b0\u1eddng <strong>PSG3060084S5 &#8211; PSG3060085S5 &#8211; PSG3060086S5<\/strong><strong>\u00a0<\/strong>\u0111\u01b0\u1ee3c c\u00e1c nh\u00e0 ki\u1ebfn tr\u00fac s\u01b0 s\u0103n \u0111\u00f3n b\u1edfi s\u1ea3n ph\u1ea9m t\u1ea1o c\u1ea3m gi\u00e1c y\u00ean b\u00ecnh, sang tr\u1ecdng v\u00e0 tinh t\u1ebf cho kh\u00f4ng gian s\u1ed1ng<\/p>\n<h3><b>2.2. T\u0103ng t\u00ednh th\u1ea9m m\u1ef9 v\u00e0 b\u1ea3o v\u1ec7 t\u01b0\u1eddng<\/b><\/h3>\n<ul>\n<li aria-level=\"1\"><b>M\u1eabu m\u00e3 \u0111a d\u1ea1ng<\/b>: B\u1ed9 g\u1ea1ch \u1ed1p t\u01b0\u1eddng <strong>PSG3060084S5 &#8211; PSG3060085S5 &#8211; PSG3060086S5<\/strong><strong>\u00a0<\/strong>\u1ee9ng d\u1ee5ng linh ho\u1ea1t trong nhi\u1ec1u kh\u00f4ng gian, v\u1eeba trang tr\u00ed kh\u00f4ng gian r\u1ed9ng v\u1eeba t\u1ea1o \u0111i\u1ec3m nh\u1ea5n cho m\u1ea3ng t\u01b0\u1eddng, gi\u00fap t\u0103ng t\u00ednh th\u1ea9m m\u1ef9 v\u00e0 th\u1ed5i h\u1ed3n cho kh\u00f4ng gian s\u1ed1ng.<\/li>\n<li aria-level=\"1\"><b>Ch\u1ed1ng tr\u01a1n tr\u01b0\u1ee3t, ch\u1ed1ng tr\u1ea7y x\u01b0\u1edbc:\u00a0<\/b>G\u1ea1ch v\u1edbi k\u1ebft c\u1ea5u \u0111\u1eb7c bi\u1ec7t, b\u1ec1 m\u1eb7t c\u1ee9ng c\u00e1p, h\u1ecda ti\u1ebft \u0111\u01b0\u1ee3c in v\u00e0 tr\u00e1ng men b\u00f3ng cao c\u1ea5p gi\u00fap ch\u1ed1ng tr\u1ea7y x\u01b0\u1edbc v\u00e0 tr\u01a1n tr\u01b0\u1ee3t hi\u1ec7u qu\u1ea3<\/li>\n<\/ul>\n<h3><span id=\"23_An_toan_%E2%80%93_tien_loi_cho_gia_chu\" class=\"ez-toc-section\"><\/span><b>2.3. An to\u00e0n \u2013 ti\u1ec7n l\u1ee3i cho gia ch\u1ee7<\/b><\/h3>\n<ul>\n<li aria-level=\"1\"><b>D\u1ec5 d\u00e0ng thi c\u00f4ng:\u00a0<\/b>V\u1edbi \u0111\u1eb7c t\u00ednh m\u1ecfng nh\u1eb9 v\u1eeba ph\u1ea3i c\u1ee7a g\u1ea1ch Porcelain (BIb), gi\u00fap s\u1ea3n ph\u1ea9m d\u1ec5 b\u00e1m t\u01b0\u1eddng, d\u1ec5 d\u00e0ng thi c\u00f4ng khoan \u0111\u1ee5c k\u1ec3 c\u1ea3 sau khi \u1ed1p l\u00e1t n\u1ebfu c\u00f3 nhu c\u1ea7u trang tr\u00ed v\u00e0 l\u1eafp \u0111\u1eb7t th\u00eam c\u00e1c thi\u1ebft b\u1ecb b\u1ed5 tr\u1ee3 c\u00f4ng n\u0103ng.<\/li>\n<li aria-level=\"1\"><b>Kh\u00f4ng b\u1eaft ch\u00e1y, kh\u00f4ng gi\u00e3n n\u1edf:<\/b> G\u1ea1ch \u0111\u01b0\u1ee3c nung \u1edf nhi\u1ec7t \u0111\u1ed9 cao t\u1eeb 1.170 \u2013 1.180 \u0111\u1ed9 C n\u00ean kh\u00f4ng d\u1ec5 d\u00e0ng b\u1eaft ch\u00e1y, \u0111\u1eb7c bi\u1ec7t tuy\u1ec7t \u0111\u1ed1i kh\u00f4ng gi\u00e3n n\u1edf \u1edf nhi\u1ec7t \u0111\u1ed9 nh\u00e0 th\u00f4ng th\u01b0\u1eddng.<\/li>\n<\/ul>\n<p>Tr\u00ean \u0111\u00e2y l\u00e0 nh\u1eefng \u0111\u1eb7c \u0111i\u1ec3m n\u1ed5i b\u1eadt v\u00e0 l\u01b0u \u00fd khi qu\u00fd kh\u00e1ch l\u1ef1a ch\u1ecdn v\u00e0 s\u1eed d\u1ee5ng g\u1ea1ch \u1ed1p t\u01b0\u1eddng <strong>PSG3060084S5 &#8211; PSG3060085S5 &#8211; PSG3060086S5<\/strong>. Hy v\u1ecdng b\u00e0i vi\u1ebft s\u1ebd gi\u00fap \u00edch cho qu\u00fd v\u1ecb \u0111\u1ec3 l\u1ef1a ch\u1ecdn \u0111\u01b0\u1ee3c s\u1ea3n ph\u1ea9m ph\u00f9 h\u1ee3p nh\u1ea5t v\u1edbi kh\u00f4ng gian v\u00e0 chi ph\u00ed c\u1ee7a gia \u0111\u00ecnh.<\/p>\n<p><i>Vui l\u00f2ng \u0111\u1ec3 l\u1ea1i th\u00f4ng tin d\u01b0\u1edbi h\u1ed9p th\u01b0 d\u01b0\u1edbi \u0111\u00e2y n\u1ebfu qu\u00fd v\u1ecb c\u1ea7n gi\u1ea3i \u0111\u00e1p th\u1eafc m\u1eafc ho\u1eb7c nh\u1eadn s\u1ef1 t\u01b0 v\u1ea5n t\u1eeb chuy\u00ean gia c\u1ee7a CMC Tiles!<\/i><\/p>\n<p>&nbsp;<\/p>","protected":false},"excerpt":{"rendered":"<p>Ph\u1ea3ng ph\u1ea5t h\u01a1i th\u1edf c\u1ee7a v\u0103n h\u00f3a Ch\u00e2u \u00c1, b\u1ed9 g\u1ea1ch \u1ed1p t\u01b0\u1eddng PSG3060084S5 &#8211; PSG3060085S5 &#8211; PSG3060086S5 mang m\u1ed9t n\u00e9t \u0111\u1eb9p nh\u1eb9 nh\u00e0ng v\u00e0 duy\u00ean d\u00e1ng, \u0111\u1ec3 kh\u1eafc h\u1ecda r\u00f5 n\u00e9t \u0111\u01b0\u1ee3c v\u1ebb \u0111\u1eb9p \u0111\u00f3, h\u00ecnh \u1ea3nh hoa sen v\u00e0 thi\u00ean nga l\u00e0 s\u1ef1 l\u1ef1a ch\u1ecdn tuy\u1ec7t v\u1eddi \u0111\u1ec3 mang \u0111\u1ebfn cho kh\u00f4ng gian [&hellip;]<\/p>\n","protected":false},"featured_media":33146,"comment_status":"open","ping_status":"closed","template":"","meta":[],"product_brand":[],"product_cat":[1076,1015,1016,1092,1023],"product_tag":[],"class_list":{"0":"post-30289","1":"product","2":"type-product","3":"status-publish","4":"has-post-thumbnail","6":"product_cat-gach-op-lat","7":"product_cat-gach-lat","8":"product_cat-gach-op","9":"product_cat-gach-op-lat-prato","10":"product_cat-porcelain","12":"first","13":"instock","14":"taxable","15":"shipping-taxable","16":"purchasable","17":"product-type-simple"},"_links":{"self":[{"href":"https:\/\/cmctiles.vn\/en\/wp-json\/wp\/v2\/product\/30289","targetHints":{"allow":["GET"]}}],"collection":[{"href":"https:\/\/cmctiles.vn\/en\/wp-json\/wp\/v2\/product"}],"about":[{"href":"https:\/\/cmctiles.vn\/en\/wp-json\/wp\/v2\/types\/product"}],"replies":[{"embeddable":true,"href":"https:\/\/cmctiles.vn\/en\/wp-json\/wp\/v2\/comments?post=30289"}],"version-history":[{"count":5,"href":"https:\/\/cmctiles.vn\/en\/wp-json\/wp\/v2\/product\/30289\/revisions"}],"predecessor-version":[{"id":33145,"href":"https:\/\/cmctiles.vn\/en\/wp-json\/wp\/v2\/product\/30289\/revisions\/33145"}],"wp:featuredmedia":[{"embeddable":true,"href":"https:\/\/cmctiles.vn\/en\/wp-json\/wp\/v2\/media\/33146"}],"wp:attachment":[{"href":"https:\/\/cmctiles.vn\/en\/wp-json\/wp\/v2\/media?parent=30289"}],"wp:term":[{"taxonomy":"product_brand","embeddable":true,"href":"https:\/\/cmctiles.vn\/en\/wp-json\/wp\/v2\/product_brand?post=30289"},{"taxonomy":"product_cat","embeddable":true,"href":"https:\/\/cmctiles.vn\/en\/wp-json\/wp\/v2\/product_cat?post=30289"},{"taxonomy":"product_tag","embeddable":true,"href":"https:\/\/cmctiles.vn\/en\/wp-json\/wp\/v2\/product_tag?post=30289"}],"curies":[{"name":"wp","href":"https:\/\/api.w.org\/{rel}","templated":true}]}}