{"id":30262,"date":"2024-07-10T15:16:15","date_gmt":"2024-07-10T08:16:15","guid":{"rendered":"https:\/\/cmctiles.vn\/?post_type=product&#038;p=30262"},"modified":"2024-07-10T15:16:16","modified_gmt":"2024-07-10T08:16:16","slug":"gach-op-tuong-sieu-bong-mau-den-voi-van-da-doc-dao-rpd6060004s3","status":"publish","type":"product","link":"https:\/\/cmctiles.vn\/en\/gach-op-lat\/gach-op-tuong-sieu-bong-mau-den-voi-van-da-doc-dao-rpd6060004s3.html","title":{"rendered":"G\u1ea1ch \u1ed1p t\u01b0\u1eddng si\u00eau b\u00f3ng m\u00e0u \u0111en v\u1edbi v\u00e2n \u0111\u00e1 \u0111\u1ed9c \u0111\u00e1o RPD6060004S3"},"content":{"rendered":"<p style=\"text-align: justify;\"><span style=\"font-weight: 400;\">G\u1ea1ch \u1ed1p t\u01b0\u1eddng RPD6060004S3 h\u1ee9a h\u1eb9n t\u00f4 \u0111i\u1ec3m cho kh\u00f4ng gian s\u1ed1ng c\u1ee7a gia ch\u1ee7 m\u1ed9t b\u1ee9c tranh ngh\u1ec7 thu\u1eadt \u0111\u1ea7y \u1ea5n t\u01b0\u1ee3ng, n\u01a1i \u00e1nh s\u00e1ng huy\u1ec1n \u1ea3o h\u00f2a quy\u1ec7n c\u00f9ng nh\u1eefng \u0111\u01b0\u1eddng v\u00e2n \u0111\u00e1 u\u1ed1n l\u01b0\u1ee3n ho\u00e0n h\u1ea3o tr\u00ean n\u1ec1n \u0111en tuy\u1ec1n, mang \u0111\u1ebfn s\u1ef1 sang tr\u1ecdng v\u00e0 th\u1ec3 hi\u1ec7n gu th\u1ea9m m\u1ef9 \u0111\u1ed9c \u0111\u00e1o c\u1ee7a gia ch\u1ee7.<\/span><\/p>\n<figure id=\"attachment_30263\" aria-describedby=\"caption-attachment-30263\" style=\"width: 1024px\" class=\"wp-caption aligncenter\"><img fetchpriority=\"high\" decoding=\"async\" class=\"size-large wp-image-30263\" src=\"https:\/\/cmctiles.vn\/wp-content\/uploads\/2024\/07\/RPD6060004S3-1024x1024.jpg\" alt=\"\" width=\"1024\" height=\"1024\" title=\"\" srcset=\"https:\/\/cmctiles.vn\/wp-content\/uploads\/2024\/07\/RPD6060004S3-1024x1024.jpg 1024w, https:\/\/cmctiles.vn\/wp-content\/uploads\/2024\/07\/RPD6060004S3-300x300.jpg 300w, https:\/\/cmctiles.vn\/wp-content\/uploads\/2024\/07\/RPD6060004S3-150x150.jpg 150w, https:\/\/cmctiles.vn\/wp-content\/uploads\/2024\/07\/RPD6060004S3-768x768.jpg 768w, https:\/\/cmctiles.vn\/wp-content\/uploads\/2024\/07\/RPD6060004S3-12x12.jpg 12w, https:\/\/cmctiles.vn\/wp-content\/uploads\/2024\/07\/RPD6060004S3-280x280.jpg 280w, https:\/\/cmctiles.vn\/wp-content\/uploads\/2024\/07\/RPD6060004S3-600x600.jpg 600w, https:\/\/cmctiles.vn\/wp-content\/uploads\/2024\/07\/RPD6060004S3-500x500.jpg 500w, https:\/\/cmctiles.vn\/wp-content\/uploads\/2024\/07\/RPD6060004S3-100x100.jpg 100w, https:\/\/cmctiles.vn\/wp-content\/uploads\/2024\/07\/RPD6060004S3.jpg 1417w\" sizes=\"(max-width: 1024px) 100vw, 1024px\" \/><figcaption id=\"caption-attachment-30263\" class=\"wp-caption-text\">G\u1ea1ch \u1ed1p t\u01b0\u1eddng RPD6060004S3 thu h\u00fat m\u1ecdi \u00e1nh nh\u00ecn nh\u1edd thi\u1ebft k\u1ebf n\u1ed5i b\u1eadt v\u1edbi gam m\u00e0u \u0111en tuy\u1ec1n v\u00e0 nh\u1eefng \u0111\u01b0\u1eddng v\u00e2n \u0111\u00e1 tr\u1eafng v\u00e0ng \u0111an c\u00e0i ho\u00e0n h\u1ea3o.<\/figcaption><\/figure>\n<h2 style=\"text-align: justify;\"><b>1. Th\u00f4ng s\u1ed1 s\u1ea3n ph\u1ea9m\u00a0<\/b><\/h2>\n<table>\n<tbody>\n<tr>\n<td><span style=\"font-weight: 400;\">M\u00e3 s\u1ea3n ph\u1ea9m<\/span><\/td>\n<td><span style=\"font-weight: 400;\">RPD6060004S3<\/span><\/td>\n<\/tr>\n<tr>\n<td><span style=\"font-weight: 400;\">BRANDS<\/span><\/td>\n<td><span style=\"font-weight: 400;\">G\u1ea1ch \u1ed1p l\u00e1t REFINA<\/span><\/td>\n<\/tr>\n<tr>\n<td><span style=\"font-weight: 400;\">Ph\u00e2n lo\u1ea1i<\/span><\/td>\n<td><span style=\"font-weight: 400;\">Ceramic tiles<\/span><\/td>\n<\/tr>\n<tr>\n<td><span style=\"font-weight: 400;\">M\u00e0u s\u1eafc<\/span><\/td>\n<td><span style=\"font-weight: 400;\">M\u00e0u \u0111en v\u00e2n \u0111\u00e1 tr\u1eafng v\u00e0ng<\/span><\/td>\n<\/tr>\n<tr>\n<td><span style=\"font-weight: 400;\">Sizes<\/span><\/td>\n<td><span style=\"font-weight: 400;\">600&#215;600 mm<\/span><\/td>\n<\/tr>\n<tr>\n<td><span style=\"font-weight: 400;\">\u0110\u1ed9 d\u00e0y<\/span><\/td>\n<td><span style=\"font-weight: 400;\">9,0 mm<\/span><\/td>\n<\/tr>\n<tr>\n<td><span style=\"font-weight: 400;\">MATERIALS\u00a0<\/span><\/td>\n<td><span style=\"font-weight: 400;\">Porcelain<\/span><\/td>\n<\/tr>\n<tr>\n<td><span style=\"font-weight: 400;\">Surfaces<\/span><\/td>\n<td><span style=\"font-weight: 400;\">Men Kim c\u01b0\u01a1ng si\u00eau b\u00f3ng<\/span><\/td>\n<\/tr>\n<tr>\n<td><span style=\"font-weight: 400;\">Outstanding features<\/span><\/td>\n<td>\n<ul>\n<li style=\"font-weight: 400;\" aria-level=\"1\"><span style=\"font-weight: 400;\">H\u1ecda ti\u1ebft s\u1eafc n\u00e9t, m\u1eabu m\u00e3 \u0111a d\u1ea1ng<\/span><\/li>\n<li style=\"font-weight: 400;\" aria-level=\"1\"><span style=\"font-weight: 400;\">X\u01b0\u01a1ng g\u1ea1ch Porcelain cao c\u1ea5p v\u1edbi \u0111\u1ed9 ch\u1ed1ng th\u1ea5m h\u00fat n\u01b0\u1edbc th\u1ea5p (&lt;0.5%) mang \u0111\u1ebfn \u0111\u1ed9 b\u1ec1n v\u01b0\u1ee3t tr\u1ed9i<\/span><\/li>\n<li style=\"font-weight: 400;\" aria-level=\"1\"><span style=\"font-weight: 400;\">D\u1ec5 \u1ee9ng d\u1ee5ng, d\u1ec5 thi c\u00f4ng<\/span><\/li>\n<li style=\"font-weight: 400;\" aria-level=\"1\"><span style=\"font-weight: 400;\">Non-ignition, non-expansion<\/span><\/li>\n<li style=\"font-weight: 400;\" aria-level=\"1\"><span style=\"font-weight: 400;\">D\u1ec5 v\u1ec7 sinh, ch\u1ed1ng n\u1ea5m m\u1ed1c<\/span><\/li>\n<\/ul>\n<\/td>\n<\/tr>\n<tr>\n<td><span style=\"font-weight: 400;\">APPLICATIONS<\/span><\/td>\n<td><span style=\"font-weight: 400;\">\u0110a d\u1ea1ng, v\u00ed d\u1ee5 ki\u1ebfn tr\u00fac nh\u00e0 \u1ed1ng, khu chung c\u01b0, nh\u00e0 \u1edf cao c\u1ea5p, bi\u1ec7t th\u1ef1, ph\u00f2ng kh\u00e1ch\u2026<\/span><\/td>\n<\/tr>\n<\/tbody>\n<\/table>\n<h2 style=\"text-align: justify;\"><b>2. RPD6060004S3 &#8211; D\u00f2ng s\u1ea3n ph\u1ea9m cao c\u1ea5p c\u1ee7a CMC\u00a0<\/b><\/h2>\n<p style=\"text-align: justify;\"><span style=\"font-weight: 400;\">G\u1ea1ch \u1ed1p t\u01b0\u1eddng RPD6060004S3 \u0111\u01b0\u1ee3c s\u1ea3n xu\u1ea5t v\u1edbi d\u00e2y chuy\u1ec1n c\u00f4ng ngh\u1ec7 hi\u1ec7n \u0111\u1ea1i v\u00e0 ti\u00ean ti\u1ebfn, do \u0111\u00f3 s\u1ea3n ph\u1ea9m tu\u00e2n th\u1ee7 nghi\u00eam ng\u1eb7t c\u00e1c ti\u00eau chu\u1ea9n v\u1ec1 ch\u1ea5t l\u01b0\u1ee3ng v\u00e0 th\u1ea9m m\u1ef9. V\u1edbi nh\u1eefng \u01b0u \u0111i\u1ec3m v\u01b0\u1ee3t tr\u1ed9i, s\u1ea3n ph\u1ea9m n\u00e0y h\u1ee9a h\u1eb9n t\u1ea1o ra tr\u1ea3i nghi\u1ec7m \u0111\u1eb3ng c\u1ea5p v\u00e0 \u0111\u1ed9c \u0111\u00e1o cho kh\u00e1ch h\u00e0ng.<\/span><\/p>\n<figure id=\"attachment_30264\" aria-describedby=\"caption-attachment-30264\" style=\"width: 1024px\" class=\"wp-caption aligncenter\"><img decoding=\"async\" class=\"size-large wp-image-30264\" src=\"https:\/\/cmctiles.vn\/wp-content\/uploads\/2024\/07\/RPD6060004S3-PC-1024x1024.jpg\" alt=\"\" width=\"1024\" height=\"1024\" title=\"\" srcset=\"https:\/\/cmctiles.vn\/wp-content\/uploads\/2024\/07\/RPD6060004S3-PC-1024x1024.jpg 1024w, https:\/\/cmctiles.vn\/wp-content\/uploads\/2024\/07\/RPD6060004S3-PC-300x300.jpg 300w, https:\/\/cmctiles.vn\/wp-content\/uploads\/2024\/07\/RPD6060004S3-PC-150x150.jpg 150w, https:\/\/cmctiles.vn\/wp-content\/uploads\/2024\/07\/RPD6060004S3-PC-768x768.jpg 768w, https:\/\/cmctiles.vn\/wp-content\/uploads\/2024\/07\/RPD6060004S3-PC-1536x1536.jpg 1536w, https:\/\/cmctiles.vn\/wp-content\/uploads\/2024\/07\/RPD6060004S3-PC-2048x2048.jpg 2048w, https:\/\/cmctiles.vn\/wp-content\/uploads\/2024\/07\/RPD6060004S3-PC-12x12.jpg 12w, https:\/\/cmctiles.vn\/wp-content\/uploads\/2024\/07\/RPD6060004S3-PC-280x280.jpg 280w, https:\/\/cmctiles.vn\/wp-content\/uploads\/2024\/07\/RPD6060004S3-PC-600x600.jpg 600w, https:\/\/cmctiles.vn\/wp-content\/uploads\/2024\/07\/RPD6060004S3-PC-500x500.jpg 500w, https:\/\/cmctiles.vn\/wp-content\/uploads\/2024\/07\/RPD6060004S3-PC-100x100.jpg 100w\" sizes=\"(max-width: 1024px) 100vw, 1024px\" \/><figcaption id=\"caption-attachment-30264\" class=\"wp-caption-text\">G\u1ea1ch \u1ed1p t\u01b0\u1eddng RPD6060004S3 khi\u1ebfn kh\u00f4ng gian ngo\u1ea1i th\u1ea5t c\u1ee7a gia ch\u1ee7 th\u00eam \u0111\u1ed9c \u0111\u00e1o, sang tr\u1ecdng.<\/figcaption><\/figure>\n<figure id=\"attachment_30264\" aria-describedby=\"caption-attachment-30264\" style=\"width: 1024px\" class=\"wp-caption aligncenter\"><img decoding=\"async\" class=\"size-large wp-image-30264\" src=\"https:\/\/cmctiles.vn\/wp-content\/uploads\/2024\/07\/RPD6060004S3-PC-1024x1024.jpg\" alt=\"\" width=\"1024\" height=\"1024\" title=\"\" srcset=\"https:\/\/cmctiles.vn\/wp-content\/uploads\/2024\/07\/RPD6060004S3-PC-1024x1024.jpg 1024w, https:\/\/cmctiles.vn\/wp-content\/uploads\/2024\/07\/RPD6060004S3-PC-300x300.jpg 300w, https:\/\/cmctiles.vn\/wp-content\/uploads\/2024\/07\/RPD6060004S3-PC-150x150.jpg 150w, https:\/\/cmctiles.vn\/wp-content\/uploads\/2024\/07\/RPD6060004S3-PC-768x768.jpg 768w, https:\/\/cmctiles.vn\/wp-content\/uploads\/2024\/07\/RPD6060004S3-PC-1536x1536.jpg 1536w, https:\/\/cmctiles.vn\/wp-content\/uploads\/2024\/07\/RPD6060004S3-PC-2048x2048.jpg 2048w, https:\/\/cmctiles.vn\/wp-content\/uploads\/2024\/07\/RPD6060004S3-PC-12x12.jpg 12w, https:\/\/cmctiles.vn\/wp-content\/uploads\/2024\/07\/RPD6060004S3-PC-280x280.jpg 280w, https:\/\/cmctiles.vn\/wp-content\/uploads\/2024\/07\/RPD6060004S3-PC-600x600.jpg 600w, https:\/\/cmctiles.vn\/wp-content\/uploads\/2024\/07\/RPD6060004S3-PC-500x500.jpg 500w, https:\/\/cmctiles.vn\/wp-content\/uploads\/2024\/07\/RPD6060004S3-PC-100x100.jpg 100w\" sizes=\"(max-width: 1024px) 100vw, 1024px\" \/><figcaption id=\"caption-attachment-30264\" class=\"wp-caption-text\">G\u1ea1ch \u1ed1p t\u01b0\u1eddng RPD6060004S3 khi\u1ebfn kh\u00f4ng gian ngo\u1ea1i th\u1ea5t c\u1ee7a gia ch\u1ee7 th\u00eam \u0111\u1ed9c \u0111\u00e1o, sang tr\u1ecdng.<\/figcaption><\/figure>\n<figure id=\"attachment_30264\" aria-describedby=\"caption-attachment-30264\" style=\"width: 1024px\" class=\"wp-caption aligncenter\"><img decoding=\"async\" class=\"size-large wp-image-30264\" src=\"https:\/\/cmctiles.vn\/wp-content\/uploads\/2024\/07\/RPD6060004S3-PC-1024x1024.jpg\" alt=\"\" width=\"1024\" height=\"1024\" title=\"\" srcset=\"https:\/\/cmctiles.vn\/wp-content\/uploads\/2024\/07\/RPD6060004S3-PC-1024x1024.jpg 1024w, https:\/\/cmctiles.vn\/wp-content\/uploads\/2024\/07\/RPD6060004S3-PC-300x300.jpg 300w, https:\/\/cmctiles.vn\/wp-content\/uploads\/2024\/07\/RPD6060004S3-PC-150x150.jpg 150w, https:\/\/cmctiles.vn\/wp-content\/uploads\/2024\/07\/RPD6060004S3-PC-768x768.jpg 768w, https:\/\/cmctiles.vn\/wp-content\/uploads\/2024\/07\/RPD6060004S3-PC-1536x1536.jpg 1536w, https:\/\/cmctiles.vn\/wp-content\/uploads\/2024\/07\/RPD6060004S3-PC-2048x2048.jpg 2048w, https:\/\/cmctiles.vn\/wp-content\/uploads\/2024\/07\/RPD6060004S3-PC-12x12.jpg 12w, https:\/\/cmctiles.vn\/wp-content\/uploads\/2024\/07\/RPD6060004S3-PC-280x280.jpg 280w, https:\/\/cmctiles.vn\/wp-content\/uploads\/2024\/07\/RPD6060004S3-PC-600x600.jpg 600w, https:\/\/cmctiles.vn\/wp-content\/uploads\/2024\/07\/RPD6060004S3-PC-500x500.jpg 500w, https:\/\/cmctiles.vn\/wp-content\/uploads\/2024\/07\/RPD6060004S3-PC-100x100.jpg 100w\" sizes=\"(max-width: 1024px) 100vw, 1024px\" \/><figcaption id=\"caption-attachment-30264\" class=\"wp-caption-text\">G\u1ea1ch \u1ed1p t\u01b0\u1eddng RPD6060004S3 khi\u1ebfn kh\u00f4ng gian ngo\u1ea1i th\u1ea5t c\u1ee7a gia ch\u1ee7 th\u00eam \u0111\u1ed9c \u0111\u00e1o, sang tr\u1ecdng.<\/figcaption><\/figure>\n<h3 style=\"text-align: justify;\"><b>2.1. Thi\u1ebft k\u1ebf sang tr\u1ecdng l\u1ea5y c\u1ea3m h\u1ee9ng t\u1eeb \u0111\u00e1 c\u1ea9m th\u1ea1ch\u00a0<\/b><\/h3>\n<ul style=\"text-align: justify;\">\n<li style=\"font-weight: 400;\" aria-level=\"1\"><b>V\u1ebb \u0111\u1eb9p sang tr\u1ecdng c\u1ee7a \u0111\u00e1 c\u1ea9m th\u1ea1ch:<\/b><span style=\"font-weight: 400;\"> G\u1ea1ch \u1ed1p t\u01b0\u1eddng RPD6060004S3 t\u00e1i hi\u1ec7n ho\u00e0n h\u1ea3o v\u1ebb \u0111\u1eb9p quy\u1ec1n l\u1ef1c, kh\u00f4ng k\u00e9m ph\u1ea7n sang tr\u1ecdng c\u1ee7a \u0111\u00e1 c\u1ea9m th\u1ea1ch t\u1ef1 nhi\u00ean, mang \u0111\u1ebfn s\u1ef1 \u0111\u1eb3ng c\u1ea5p v\u00e0 th\u1eddi th\u01b0\u1ee3ng cho kh\u00f4ng gian s\u1ed1ng c\u1ee7a gia ch\u1ee7.<\/span><\/li>\n<li style=\"font-weight: 400;\" aria-level=\"1\"><b>H\u1ecda ti\u1ebft v\u00e2n \u0111\u00e1 u\u1ed1n l\u01b0\u1ee3n \u1ea5n t\u01b0\u1ee3ng:<\/b><span style=\"font-weight: 400;\"> L\u1ea5y c\u1ea3m h\u1ee9ng t\u1eeb v\u00e2n \u0111\u00e1 c\u1ea9m th\u1ea1ch t\u1ef1 nhi\u00ean, g\u1ea1ch RPD6060004S3 s\u1edf h\u1eefu nh\u1eefng \u0111\u01b0\u1eddng v\u00e2n tr\u1eafng v\u00e0ng \u0111an c\u00e0i ho\u00e0n h\u1ea3o tr\u00ean n\u1ec1n \u0111en tuy\u1ec1n, t\u1ea1o n\u00ean m\u1ed9t t\u1ed5ng th\u1ec3 v\u00f4 c\u00f9ng thu h\u00fat.\u00a0<\/span><\/li>\n<\/ul>\n<h3 style=\"text-align: justify;\"><b>2.2. Ch\u1ea5t l\u01b0\u1ee3ng \u01b0u vi\u1ec7t nh\u1edd v\u00e0o x\u01b0\u01a1ng g\u1ea1ch Porcelain\u00a0<\/b><\/h3>\n<ul style=\"text-align: justify;\">\n<li style=\"font-weight: 400;\" aria-level=\"1\"><b>\u0110\u1ed9 b\u1ec1n cao:<\/b><span style=\"font-weight: 400;\"> \u0110\u01b0\u1ee3c l\u00e0m t\u1eeb porcelain cao c\u1ea5p, g\u1ea1ch \u1ed1p t\u01b0\u1eddng RPD6060004S3 c\u00f3 \u0111\u1ed9 c\u1ee9ng cao, kh\u1ea3 n\u0103ng ch\u1ed1ng n\u01b0\u1edbc v\u00e0 ch\u1ecbu l\u1ef1c t\u1ed1t n\u00ean gia ch\u1ee7 c\u00f3 th\u1ec3 s\u1eed d\u1ee5ng g\u1ea1ch l\u00e2u d\u00e0i m\u00e0 kh\u00f4ng lo h\u01b0 h\u1ecfng, bay m\u00e0u theo th\u1eddi gian.<\/span><\/li>\n<li style=\"font-weight: 400;\" aria-level=\"1\"><b>Ch\u1ed1ng th\u1ea5m n\u01b0\u1edbc hi\u1ec7u qu\u1ea3:<\/b><span style=\"font-weight: 400;\"> B\u1ec1 m\u1eb7t men kim c\u01b0\u01a1ng si\u00eau b\u00f3ng c\u00f9ng c\u1ea5u t\u1ea1o x\u01b0\u01a1ng g\u1ea1ch \u00edt l\u1ed7 h\u1ed5ng c\u1ee7a ch\u1ea5t li\u1ec7u porcelain gi\u00fap s\u1ea3n ph\u1ea9m ch\u1ed1ng th\u1ea5m n\u01b0\u1edbc hi\u1ec7u qu\u1ea3, b\u1ea3o v\u1ec7 ng\u00f4i nh\u00e0 c\u1ee7a gia ch\u1ee7 kh\u1ecfi m\u1ecdi t\u00e1c \u0111\u1ed9ng c\u1ee7a th\u1eddi ti\u1ebft.<\/span><\/li>\n<\/ul>\n<h3 style=\"text-align: justify;\"><b>2.3. Tr\u1ea3i nghi\u1ec7m ho\u00e0n h\u1ea3o cho ng\u01b0\u1eddi s\u1eed d\u1ee5ng\u00a0<\/b><\/h3>\n<ul style=\"text-align: justify;\">\n<li style=\"font-weight: 400;\" aria-level=\"1\"><b>D\u1ec5 d\u00e0ng v\u1ec7 sinh:<\/b><span style=\"font-weight: 400;\"> G\u1ea1ch \u1ed1p t\u01b0\u1eddng RPD6060004S3 c\u00f3 l\u1edbp men kim c\u01b0\u01a1ng si\u00eau b\u00f3ng gi\u00fap ch\u1ed1ng b\u00e1m b\u1ea9n v\u00e0 d\u1ec5 lau ch\u00f9i.<\/span><\/li>\n<li style=\"font-weight: 400;\" aria-level=\"1\"><b>Ti\u1ebft ki\u1ec7m:<\/b><span style=\"font-weight: 400;\"> Nh\u1edd c\u00f3 \u0111\u1ed9 b\u1ec1n cao, g\u1ea1ch \u1ed1p t\u01b0\u1eddng RPD6060004S3 b\u1ec1n v\u00e0 \u00edt h\u1ecfng, gi\u00fap ti\u1ebft ki\u1ec7m chi ph\u00ed s\u1eeda ch\u1eefa v\u00e0 thay th\u1ebf cho gia \u0111\u00ecnh.<\/span><\/li>\n<\/ul>\n<p style=\"text-align: justify;\"><span style=\"font-weight: 400;\">Tr\u00ean \u0111\u00e2y l\u00e0 nh\u1eefng \u0111\u1eb7c \u0111i\u1ec3m n\u1ed5i b\u1eadt v\u00e0 l\u01b0u \u00fd khi Qu\u00fd kh\u00e1ch l\u1ef1a ch\u1ecdn v\u00e0 s\u1eed d\u1ee5ng g\u1ea1ch \u1ed1p t\u01b0\u1eddng RPD6060004S3. Hy v\u1ecdng b\u00e0i vi\u1ebft s\u1ebd gi\u00fap \u00edch cho qu\u00fd v\u1ecb \u0111\u1ec3 l\u1ef1a ch\u1ecdn \u0111\u01b0\u1ee3c s\u1ea3n ph\u1ea9m ph\u00f9 h\u1ee3p nh\u1ea5t v\u1edbi kh\u00f4ng gian v\u00e0 chi ph\u00ed c\u1ee7a gia \u0111\u00ecnh.\u00a0<\/span><\/p>\n<p style=\"text-align: justify;\"><span style=\"font-weight: 400;\">Vui l\u00f2ng \u0111\u1ec3 l\u1ea1i th\u00f4ng tin d\u01b0\u1edbi h\u1ed9p th\u01b0 d\u01b0\u1edbi \u0111\u00e2y n\u1ebfu qu\u00fd v\u1ecb c\u1ea7n gi\u1ea3i \u0111\u00e1p th\u1eafc m\u1eafc ho\u1eb7c nh\u1eadn s\u1ef1 t\u01b0 v\u1ea5n t\u1eeb chuy\u00ean gia c\u1ee7a CMC Tiles!<\/span><\/p>\n<p style=\"text-align: justify;\">","protected":false},"excerpt":{"rendered":"<p>G\u1ea1ch \u1ed1p t\u01b0\u1eddng RPD6060004S3 h\u1ee9a h\u1eb9n t\u00f4 \u0111i\u1ec3m cho kh\u00f4ng gian s\u1ed1ng c\u1ee7a gia ch\u1ee7 m\u1ed9t b\u1ee9c tranh ngh\u1ec7 thu\u1eadt \u0111\u1ea7y \u1ea5n t\u01b0\u1ee3ng, n\u01a1i \u00e1nh s\u00e1ng huy\u1ec1n \u1ea3o h\u00f2a quy\u1ec7n c\u00f9ng nh\u1eefng \u0111\u01b0\u1eddng v\u00e2n \u0111\u00e1 u\u1ed1n l\u01b0\u1ee3n ho\u00e0n h\u1ea3o tr\u00ean n\u1ec1n \u0111en tuy\u1ec1n, mang \u0111\u1ebfn s\u1ef1 sang tr\u1ecdng v\u00e0 th\u1ec3 hi\u1ec7n gu th\u1ea9m m\u1ef9 \u0111\u1ed9c [&hellip;]<\/p>\n","protected":false},"featured_media":30263,"comment_status":"open","ping_status":"closed","template":"","meta":[],"product_brand":[],"product_cat":[1076,1016,1023,1134],"product_tag":[],"class_list":{"0":"post-30262","1":"product","2":"type-product","3":"status-publish","4":"has-post-thumbnail","6":"product_cat-gach-op-lat","7":"product_cat-gach-op","8":"product_cat-porcelain","9":"product_cat-gach-op-lat-refina","11":"first","12":"instock","13":"taxable","14":"shipping-taxable","15":"purchasable","16":"product-type-simple"},"_links":{"self":[{"href":"https:\/\/cmctiles.vn\/en\/wp-json\/wp\/v2\/product\/30262","targetHints":{"allow":["GET"]}}],"collection":[{"href":"https:\/\/cmctiles.vn\/en\/wp-json\/wp\/v2\/product"}],"about":[{"href":"https:\/\/cmctiles.vn\/en\/wp-json\/wp\/v2\/types\/product"}],"replies":[{"embeddable":true,"href":"https:\/\/cmctiles.vn\/en\/wp-json\/wp\/v2\/comments?post=30262"}],"version-history":[{"count":2,"href":"https:\/\/cmctiles.vn\/en\/wp-json\/wp\/v2\/product\/30262\/revisions"}],"predecessor-version":[{"id":30266,"href":"https:\/\/cmctiles.vn\/en\/wp-json\/wp\/v2\/product\/30262\/revisions\/30266"}],"wp:featuredmedia":[{"embeddable":true,"href":"https:\/\/cmctiles.vn\/en\/wp-json\/wp\/v2\/media\/30263"}],"wp:attachment":[{"href":"https:\/\/cmctiles.vn\/en\/wp-json\/wp\/v2\/media?parent=30262"}],"wp:term":[{"taxonomy":"product_brand","embeddable":true,"href":"https:\/\/cmctiles.vn\/en\/wp-json\/wp\/v2\/product_brand?post=30262"},{"taxonomy":"product_cat","embeddable":true,"href":"https:\/\/cmctiles.vn\/en\/wp-json\/wp\/v2\/product_cat?post=30262"},{"taxonomy":"product_tag","embeddable":true,"href":"https:\/\/cmctiles.vn\/en\/wp-json\/wp\/v2\/product_tag?post=30262"}],"curies":[{"name":"wp","href":"https:\/\/api.w.org\/{rel}","templated":true}]}}