{"id":30206,"date":"2024-07-09T15:21:20","date_gmt":"2024-07-09T08:21:20","guid":{"rendered":"https:\/\/cmctiles.vn\/?post_type=product&#038;p=30206"},"modified":"2024-07-09T15:21:21","modified_gmt":"2024-07-09T08:21:21","slug":"gach-lat-san-vuon-van-da-mau-xam-doc-dao-rcm4060012s4","status":"publish","type":"product","link":"https:\/\/cmctiles.vn\/en\/ceramic\/gach-lat-san-vuon-van-da-mau-xam-doc-dao-rcm4060012s4.html","title":{"rendered":"G\u1ea1ch l\u00e1t s\u00e2n v\u01b0\u1eddn v\u00e2n \u0111\u00e1 m\u00e0u x\u00e1m \u0111\u1ed9c \u0111\u00e1o RCM4060012S4"},"content":{"rendered":"<p><span style=\"font-weight: 400;\">S\u1edf h\u1eefu t\u00f4ng m\u00e0u ghi \u0111\u1eadm v\u1edbi h\u1ecda ti\u1ebft v\u00e2n \u0111\u00e1 \u0111\u01b0\u1ee3c in n\u1ed5i tr\u00ean khu\u00f4n ch\u00e0y \u0111\u1ecbnh h\u00ecnh, s\u1ea3n ph\u1ea9m g\u1ea1ch l\u00e1t s\u00e2n v\u01b0\u1eddn RCM4060012S4 m\u00f4 ph\u1ecfng ch\u00e2n th\u1ef1c v\u1ebb \u0111\u1eb9p m\u1ed9c m\u1ea1c c\u1ee7a \u0111\u00e1 t\u1ef1 nhi\u00ean v\u1edbi thi\u1ebft k\u1ebf h\u00ecnh ch\u1eef nh\u1eadt tr\u1ebb trung v\u00e0 hi\u1ec7n \u0111\u1ea1i.\u00a0<\/span><\/p>\n<figure id=\"attachment_30208\" aria-describedby=\"caption-attachment-30208\" style=\"width: 1024px\" class=\"wp-caption aligncenter\"><img fetchpriority=\"high\" decoding=\"async\" class=\"size-large wp-image-30208\" src=\"https:\/\/cmctiles.vn\/wp-content\/uploads\/2024\/07\/RCM4060012S4-1-1024x686.jpg\" alt=\"\" width=\"1024\" height=\"686\" title=\"\" srcset=\"https:\/\/cmctiles.vn\/wp-content\/uploads\/2024\/07\/RCM4060012S4-1-1024x686.jpg 1024w, https:\/\/cmctiles.vn\/wp-content\/uploads\/2024\/07\/RCM4060012S4-1-300x201.jpg 300w, https:\/\/cmctiles.vn\/wp-content\/uploads\/2024\/07\/RCM4060012S4-1-768x515.jpg 768w, https:\/\/cmctiles.vn\/wp-content\/uploads\/2024\/07\/RCM4060012S4-1-1536x1029.jpg 1536w, https:\/\/cmctiles.vn\/wp-content\/uploads\/2024\/07\/RCM4060012S4-1-2048x1373.jpg 2048w, https:\/\/cmctiles.vn\/wp-content\/uploads\/2024\/07\/RCM4060012S4-1-18x12.jpg 18w, https:\/\/cmctiles.vn\/wp-content\/uploads\/2024\/07\/RCM4060012S4-1-400x268.jpg 400w, https:\/\/cmctiles.vn\/wp-content\/uploads\/2024\/07\/RCM4060012S4-1-500x335.jpg 500w\" sizes=\"(max-width: 1024px) 100vw, 1024px\" \/><figcaption id=\"caption-attachment-30208\" class=\"wp-caption-text\">M\u00e0u s\u1eafc c\u00f9ng nh\u1eefng \u0111\u01b0\u1eddng v\u00e2n \u0111\u00e1 \u0111\u1ed9c \u0111\u00e1o c\u1ee7a g\u1ea1ch l\u00e1t s\u00e2n v\u01b0\u1eddn RCM4060012S4<\/figcaption><\/figure>\n<h2><b>1. Th\u00f4ng s\u1ed1 s\u1ea3n ph\u1ea9m<\/b><\/h2>\n<table>\n<tbody>\n<tr>\n<td><span style=\"font-weight: 400;\">M\u00e3 s\u1ea3n ph\u1ea9m<\/span><\/td>\n<td><span style=\"font-weight: 400;\">RCM 4060012S4\u00a0<\/span><\/td>\n<\/tr>\n<tr>\n<td><span style=\"font-weight: 400;\">BRANDS<\/span><\/td>\n<td><span style=\"font-weight: 400;\">G\u1ea1ch \u1ed1p l\u00e1t REFINA<\/span><\/td>\n<\/tr>\n<tr>\n<td><span style=\"font-weight: 400;\">Ph\u00e2n lo\u1ea1i<\/span><\/td>\n<td><span style=\"font-weight: 400;\">Ceramic tiles<\/span><\/td>\n<\/tr>\n<tr>\n<td><span style=\"font-weight: 400;\">M\u00e0u s\u1eafc<\/span><\/td>\n<td><span style=\"font-weight: 400;\">M\u00e0u x\u00e1m \u0111\u1eadm<\/span><\/td>\n<\/tr>\n<tr>\n<td><span style=\"font-weight: 400;\">Sizes<\/span><\/td>\n<td><span style=\"font-weight: 400;\">400&#215;600 mm<\/span><\/td>\n<\/tr>\n<tr>\n<td><span style=\"font-weight: 400;\">\u0110\u1ed9 d\u00e0y<\/span><\/td>\n<td><span style=\"font-weight: 400;\">11,5 mm<\/span><\/td>\n<\/tr>\n<tr>\n<td><span style=\"font-weight: 400;\">MATERIALS\u00a0<\/span><\/td>\n<td><span style=\"font-weight: 400;\">Ceramic<\/span><\/td>\n<\/tr>\n<tr>\n<td><span style=\"font-weight: 400;\">Surfaces<\/span><\/td>\n<td><span style=\"font-weight: 400;\">Matt Glaze<\/span><\/td>\n<\/tr>\n<tr>\n<td><span style=\"font-weight: 400;\">Outstanding features<\/span><\/td>\n<td>\n<ul>\n<li style=\"font-weight: 400;\" aria-level=\"1\"><span style=\"font-weight: 400;\">Hoa v\u0103n sang tr\u1ecdng, th\u1eddi th\u01b0\u1ee3ng<\/span><\/li>\n<li style=\"font-weight: 400;\" aria-level=\"1\"><span style=\"font-weight: 400;\">\u0110\u1ed3 b\u1ec1n u\u1ed1n ch\u1ecbu l\u1ef1c t\u1ed1t, th\u1ea5m h\u00fat n\u01b0\u1edbc th\u1ea5p<\/span><\/li>\n<li style=\"font-weight: 400;\" aria-level=\"1\"><span style=\"font-weight: 400;\">Anti-acid, anti-slip<\/span><\/li>\n<li style=\"font-weight: 400;\" aria-level=\"1\"><span style=\"font-weight: 400;\">Non-ignition, non-expansion<\/span><\/li>\n<li style=\"font-weight: 400;\" aria-level=\"1\"><span style=\"font-weight: 400;\">Easy to clean, anti-bacterial, anti-mildew<\/span><\/li>\n<\/ul>\n<\/td>\n<\/tr>\n<tr>\n<td><span style=\"font-weight: 400;\">APPLICATIONS<\/span><\/td>\n<td><span style=\"font-weight: 400;\">\u0110a d\u1ea1ng, v\u00ed d\u1ee5 ki\u1ebfn tr\u00fac nh\u00e0 \u1ed1ng, khu chung c\u01b0, nh\u00e0 \u1edf cao c\u1ea5p, bi\u1ec7t th\u1ef1, ph\u00f2ng kh\u00e1ch\u2026<\/span><\/td>\n<\/tr>\n<\/tbody>\n<\/table>\n<h2><b>2. RCM4060012S4 &#8211; D\u00f2ng s\u1ea3n ph\u1ea9m trung c\u1ea5p c\u1ee7a CMC\u00a0<\/b><\/h2>\n<p><span style=\"font-weight: 400;\">V\u1edbi ch\u1ea5t li\u1ec7u g\u1ea1ch ceramic v\u00e0 c\u00f4ng ngh\u1ec7 gia c\u00f4ng ti\u00ean ti\u1ebfn, g\u1ea1ch l\u00e1t s\u00e2n v\u01b0\u1eddn RCM4060012S4 kh\u00f4ng ch\u1ec9 mang l\u1ea1i v\u1ebb \u0111\u1eb9p \u1ea5n t\u01b0\u1ee3ng, m\u00e0 c\u00f2n \u0111\u00e1p \u1ee9ng c\u00e1c ti\u00eau chu\u1ea9n v\u1ec1 \u0111\u1ed9 ch\u1ed1ng tr\u1ea7y x\u01b0\u1edbc v\u00e0 \u0111\u1ed9 ch\u1ed1ng tr\u01a1n tr\u01b0\u1ee3t.<\/span><\/p>\n<figure id=\"attachment_30207\" aria-describedby=\"caption-attachment-30207\" style=\"width: 1024px\" class=\"wp-caption aligncenter\"><img decoding=\"async\" class=\"size-large wp-image-30207\" src=\"https:\/\/cmctiles.vn\/wp-content\/uploads\/2024\/07\/RCM4060012S4-PC-1-1024x819.jpg\" alt=\"\" width=\"1024\" height=\"819\" title=\"\" srcset=\"https:\/\/cmctiles.vn\/wp-content\/uploads\/2024\/07\/RCM4060012S4-PC-1-1024x819.jpg 1024w, https:\/\/cmctiles.vn\/wp-content\/uploads\/2024\/07\/RCM4060012S4-PC-1-300x240.jpg 300w, https:\/\/cmctiles.vn\/wp-content\/uploads\/2024\/07\/RCM4060012S4-PC-1-768x614.jpg 768w, https:\/\/cmctiles.vn\/wp-content\/uploads\/2024\/07\/RCM4060012S4-PC-1-1536x1229.jpg 1536w, https:\/\/cmctiles.vn\/wp-content\/uploads\/2024\/07\/RCM4060012S4-PC-1-2048x1638.jpg 2048w, https:\/\/cmctiles.vn\/wp-content\/uploads\/2024\/07\/RCM4060012S4-PC-1-15x12.jpg 15w, https:\/\/cmctiles.vn\/wp-content\/uploads\/2024\/07\/RCM4060012S4-PC-1-350x280.jpg 350w, https:\/\/cmctiles.vn\/wp-content\/uploads\/2024\/07\/RCM4060012S4-PC-1-500x400.jpg 500w\" sizes=\"(max-width: 1024px) 100vw, 1024px\" \/><figcaption id=\"caption-attachment-30207\" class=\"wp-caption-text\">G\u1ea1ch l\u00e1t s\u00e2n v\u01b0\u1eddn RCM4060012S4 khi\u1ebfn kho\u1ea3ng s\u00e2n v\u01b0\u1eddn c\u1ee7a gia ch\u1ee7 th\u00eam ph\u1ea7n \u1ea5n t\u01b0\u1ee3ng<\/figcaption><\/figure>\n<h3><b>2.1. Thi\u1ebft k\u1ebf c\u1ed5 k\u00ednh v\u00e0 b\u00ed \u1ea9n<\/b><\/h3>\n<p><span style=\"font-weight: 400;\">\u0110i\u1ec3m n\u1ed5i b\u1eadt nh\u1ea5t c\u1ee7a g\u1ea1ch l\u00e1t s\u00e2n v\u01b0\u1eddn RCM4060012S4 ch\u00ednh l\u00e0 thi\u1ebft k\u1ebf v\u00e2n \u0111\u00e1 g\u1ee3n n\u1ed5i nh\u1edd c\u00f4ng ngh\u1ec7 5D tr\u00ean khu\u00f4n ch\u00e0y \u0111\u1ecbnh h\u00ecnh. B\u1ec1 m\u1eb7t g\u1ea1ch \u0111\u01b0\u1ee3c ph\u1ee7 l\u1edbp men matt m\u00e0u ghi \u0111\u1eadm, g\u1ee3i nh\u1edb \u0111\u1ebfn nh\u1eefng t\u1ea3ng \u0111\u00e1 t\u1ef1 nhi\u00ean ph\u1ee7 \u0111\u1ea7y r\u00eau phong\u00a0 c\u1ee7a th\u1eddi gian.<\/span><\/p>\n<h3><b>2.2. Ch\u1ea5t l\u01b0\u1ee3ng g\u1ea1ch \u01b0u vi\u1ec7t<\/b><\/h3>\n<p><span style=\"font-weight: 400;\">B\u00ean c\u1ea1nh v\u1ebb \u0111\u1eb9p \u0111\u1ed9c \u0111\u00e1o, d\u00f2ng s\u1ea3n ph\u1ea9m RCM4060012S4 c\u00f2n s\u1edf h\u1eefu ch\u1ea5t l\u01b0\u1ee3ng \u01b0u vi\u1ec7t. V\u1edbi c\u00f4ng ngh\u1ec7 ph\u1ee7 men matt, d\u00f2ng g\u1ea1ch n\u00e0y c\u00f3 \u0111\u1ed9 ch\u1ed1ng tr\u01a1n tr\u01b0\u1ee3t, \u0111\u1ed9 ch\u1ed1ng tr\u1ea7y x\u01b0\u1edbc cao. H\u01a1n n\u1eefa, g\u1ea1ch \u0111\u01b0\u1ee3c s\u1ea3n xu\u1ea5t b\u1edfi ch\u1ea5t li\u1ec7u Ceramic, n\u00ean c\u0169ng d\u1ec5 d\u00e0ng c\u1eaft ho\u1eb7c t\u1ea1o h\u00ecnh trong qu\u00e1 tr\u00ecnh thi c\u00f4ng, ph\u00f9 h\u1ee3p v\u1edbi m\u1ecdi s\u1edf th\u00edch c\u1ee7a gia ch\u1ee7.<\/span><\/p>\n<h3><b>2.3. T\u1ed1i \u01b0u tr\u1ea3i nghi\u1ec7m trong kh\u00f4ng gian s\u00e2n v\u01b0\u1eddn<\/b><\/h3>\n<p><span style=\"font-weight: 400;\">Kh\u00f4ng ch\u1ec9 s\u1edf h\u1eefu v\u1ebb \u0111\u1eb9p t\u1ef1 nhi\u00ean v\u00e0 ch\u1ea5t l\u01b0\u1ee3ng \u01b0u vi\u1ec7t, g\u1ea1ch l\u00e1t s\u00e2n v\u01b0\u1eddn RCM4060012S4 c\u00f2n mang \u0111\u1ebfn tr\u1ea3i nghi\u1ec7m ng\u01b0\u1eddi d\u00f9ng t\u1ed1i \u01b0u. B\u1ec1 m\u1eb7t nh\u00e1m m\u1ecbn, kh\u00f4ng tr\u01a1n tr\u01b0\u1ee3t, gi\u00fap \u0111\u1ea3m b\u1ea3o an to\u00e0n cho Qu\u00fd kh\u00e1ch khi di chuy\u1ec3n. \u0110\u1ed3ng th\u1eddi, kh\u1ea3 n\u0103ng ch\u1ecbu nhi\u1ec7t v\u00e0 ch\u1ed1ng tr\u1ea7y x\u01b0\u1edbc t\u1ed1t, khi\u1ebfn gia ch\u1ee7 an t\u00e2m s\u1eed d\u1ee5ng trong th\u1eddi gian d\u00e0i.<\/span><\/p>\n<p><span style=\"font-weight: 400;\">Tr\u00ean \u0111\u00e2y l\u00e0 nh\u1eefng \u0111\u1eb7c \u0111i\u1ec3m n\u1ed5i b\u1eadt v\u00e0 l\u01b0u \u00fd khi qu\u00fd kh\u00e1ch l\u1ef1a ch\u1ecdn v\u00e0 s\u1eed d\u1ee5ng g\u1ea1ch \u1ed1p l\u00e1t RCM4060012S4. Hy v\u1ecdng b\u00e0i vi\u1ebft s\u1ebd gi\u00fap \u00edch cho qu\u00fd v\u1ecb \u0111\u1ec3 l\u1ef1a ch\u1ecdn \u0111\u01b0\u1ee3c s\u1ea3n ph\u1ea9m ph\u00f9 h\u1ee3p nh\u1ea5t v\u1edbi kh\u00f4ng gian v\u00e0 chi ph\u00ed c\u1ee7a gia \u0111\u00ecnh.\u00a0<\/span><\/p>\n<p><span style=\"font-weight: 400;\">Vui l\u00f2ng \u0111\u1ec3 l\u1ea1i th\u00f4ng tin d\u01b0\u1edbi h\u1ed9p th\u01b0 d\u01b0\u1edbi \u0111\u00e2y n\u1ebfu qu\u00fd v\u1ecb c\u1ea7n gi\u1ea3i \u0111\u00e1p th\u1eafc m\u1eafc ho\u1eb7c nh\u1eadn s\u1ef1 t\u01b0 v\u1ea5n t\u1eeb chuy\u00ean gia c\u1ee7a CMC Tiles!<\/span><\/p>","protected":false},"excerpt":{"rendered":"<p>S\u1edf h\u1eefu t\u00f4ng m\u00e0u ghi \u0111\u1eadm v\u1edbi h\u1ecda ti\u1ebft v\u00e2n \u0111\u00e1 \u0111\u01b0\u1ee3c in n\u1ed5i tr\u00ean khu\u00f4n ch\u00e0y \u0111\u1ecbnh h\u00ecnh, s\u1ea3n ph\u1ea9m g\u1ea1ch l\u00e1t s\u00e2n v\u01b0\u1eddn RCM4060012S4 m\u00f4 ph\u1ecfng ch\u00e2n th\u1ef1c v\u1ebb \u0111\u1eb9p m\u1ed9c m\u1ea1c c\u1ee7a \u0111\u00e1 t\u1ef1 nhi\u00ean v\u1edbi thi\u1ebft k\u1ebf h\u00ecnh ch\u1eef nh\u1eadt tr\u1ebb trung v\u00e0 hi\u1ec7n \u0111\u1ea1i.\u00a0 1. Th\u00f4ng s\u1ed1 s\u1ea3n ph\u1ea9m M\u00e3 [&hellip;]<\/p>\n","protected":false},"featured_media":30208,"comment_status":"open","ping_status":"closed","template":"","meta":[],"product_brand":[],"product_cat":[1009,1015,1083,1076,1134],"product_tag":[],"class_list":{"0":"post-30206","1":"product","2":"type-product","3":"status-publish","4":"has-post-thumbnail","6":"product_cat-ceramic","7":"product_cat-gach-lat","8":"product_cat-gach-lat-nen-van-da","9":"product_cat-gach-op-lat","10":"product_cat-gach-op-lat-refina","12":"first","13":"instock","14":"taxable","15":"shipping-taxable","16":"purchasable","17":"product-type-simple"},"_links":{"self":[{"href":"https:\/\/cmctiles.vn\/en\/wp-json\/wp\/v2\/product\/30206","targetHints":{"allow":["GET"]}}],"collection":[{"href":"https:\/\/cmctiles.vn\/en\/wp-json\/wp\/v2\/product"}],"about":[{"href":"https:\/\/cmctiles.vn\/en\/wp-json\/wp\/v2\/types\/product"}],"replies":[{"embeddable":true,"href":"https:\/\/cmctiles.vn\/en\/wp-json\/wp\/v2\/comments?post=30206"}],"version-history":[{"count":1,"href":"https:\/\/cmctiles.vn\/en\/wp-json\/wp\/v2\/product\/30206\/revisions"}],"predecessor-version":[{"id":30209,"href":"https:\/\/cmctiles.vn\/en\/wp-json\/wp\/v2\/product\/30206\/revisions\/30209"}],"wp:featuredmedia":[{"embeddable":true,"href":"https:\/\/cmctiles.vn\/en\/wp-json\/wp\/v2\/media\/30208"}],"wp:attachment":[{"href":"https:\/\/cmctiles.vn\/en\/wp-json\/wp\/v2\/media?parent=30206"}],"wp:term":[{"taxonomy":"product_brand","embeddable":true,"href":"https:\/\/cmctiles.vn\/en\/wp-json\/wp\/v2\/product_brand?post=30206"},{"taxonomy":"product_cat","embeddable":true,"href":"https:\/\/cmctiles.vn\/en\/wp-json\/wp\/v2\/product_cat?post=30206"},{"taxonomy":"product_tag","embeddable":true,"href":"https:\/\/cmctiles.vn\/en\/wp-json\/wp\/v2\/product_tag?post=30206"}],"curies":[{"name":"wp","href":"https:\/\/api.w.org\/{rel}","templated":true}]}}