{"id":30201,"date":"2024-07-09T15:11:11","date_gmt":"2024-07-09T08:11:11","guid":{"rendered":"https:\/\/cmctiles.vn\/?post_type=product&#038;p=30201"},"modified":"2024-07-09T15:11:12","modified_gmt":"2024-07-09T08:11:12","slug":"gach-lat-san-vuon-men-matt-van-da-tinh-te-rcm4060011s4","status":"publish","type":"product","link":"https:\/\/cmctiles.vn\/en\/ceramic\/gach-lat-san-vuon-men-matt-van-da-tinh-te-rcm4060011s4.html","title":{"rendered":"G\u1ea1ch l\u00e1t s\u00e2n v\u01b0\u1eddn men matt v\u00e2n \u0111\u00e1 tinh t\u1ebf RCM4060011S4"},"content":{"rendered":"<p><span style=\"font-weight: 400;\">V\u1edbi v\u1ebb ngo\u00e0i tinh t\u1ebf m\u00f4 ph\u1ecfng v\u00e2n \u0111\u00e1 t\u1ef1 nhi\u00ean, g\u1ea1ch l\u00e1t s\u00e2n v\u01b0\u1eddn RCM4060011S4 h\u1ee9a h\u1eb9n s\u1ebd mang \u0111\u1ebfn nh\u1eefng tr\u1ea3i nghi\u1ec7m tuy\u1ec7t v\u1eddi cho kh\u00f4ng gian s\u1ed1ng c\u1ee7a Qu\u00fd kh\u00e1ch.<\/span><\/p>\n<figure id=\"attachment_30203\" aria-describedby=\"caption-attachment-30203\" style=\"width: 1024px\" class=\"wp-caption aligncenter\"><img fetchpriority=\"high\" decoding=\"async\" class=\"size-large wp-image-30203\" src=\"https:\/\/cmctiles.vn\/wp-content\/uploads\/2024\/07\/RCM4060011S4-1-1024x686.jpg\" alt=\"\" width=\"1024\" height=\"686\" title=\"\" srcset=\"https:\/\/cmctiles.vn\/wp-content\/uploads\/2024\/07\/RCM4060011S4-1-1024x686.jpg 1024w, https:\/\/cmctiles.vn\/wp-content\/uploads\/2024\/07\/RCM4060011S4-1-300x201.jpg 300w, https:\/\/cmctiles.vn\/wp-content\/uploads\/2024\/07\/RCM4060011S4-1-768x515.jpg 768w, https:\/\/cmctiles.vn\/wp-content\/uploads\/2024\/07\/RCM4060011S4-1-1536x1029.jpg 1536w, https:\/\/cmctiles.vn\/wp-content\/uploads\/2024\/07\/RCM4060011S4-1-2048x1373.jpg 2048w, https:\/\/cmctiles.vn\/wp-content\/uploads\/2024\/07\/RCM4060011S4-1-18x12.jpg 18w, https:\/\/cmctiles.vn\/wp-content\/uploads\/2024\/07\/RCM4060011S4-1-400x268.jpg 400w, https:\/\/cmctiles.vn\/wp-content\/uploads\/2024\/07\/RCM4060011S4-1-500x335.jpg 500w\" sizes=\"(max-width: 1024px) 100vw, 1024px\" \/><figcaption id=\"caption-attachment-30203\" class=\"wp-caption-text\">T\u00f4ng x\u00e1m tr\u1ea7m \u0111\u1eb7c tr\u01b0ng c\u1ee7a g\u1ea1ch \u1ed1p l\u00e1t RCM4060011S4<\/figcaption><\/figure>\n<h2><b>1. Th\u00f4ng s\u1ed1 s\u1ea3n ph\u1ea9m\u00a0<\/b><\/h2>\n<table>\n<tbody>\n<tr>\n<td><span style=\"font-weight: 400;\">M\u00e3 s\u1ea3n ph\u1ea9m<\/span><\/td>\n<td><span style=\"font-weight: 400;\">RCM 4060011S4\u00a0<\/span><\/td>\n<\/tr>\n<tr>\n<td><span style=\"font-weight: 400;\">BRANDS<\/span><\/td>\n<td><span style=\"font-weight: 400;\">G\u1ea1ch \u1ed1p l\u00e1t REFINA<\/span><\/td>\n<\/tr>\n<tr>\n<td><span style=\"font-weight: 400;\">Ph\u00e2n lo\u1ea1i<\/span><\/td>\n<td><span style=\"font-weight: 400;\">Ceramic tiles<\/span><\/td>\n<\/tr>\n<tr>\n<td><span style=\"font-weight: 400;\">M\u00e0u s\u1eafc<\/span><\/td>\n<td><span style=\"font-weight: 400;\">M\u00e0u x\u00e1m \u0111\u1eadm<\/span><\/td>\n<\/tr>\n<tr>\n<td><span style=\"font-weight: 400;\">Sizes<\/span><\/td>\n<td><span style=\"font-weight: 400;\">400&#215;600 mm<\/span><\/td>\n<\/tr>\n<tr>\n<td><span style=\"font-weight: 400;\">\u0110\u1ed9 d\u00e0y<\/span><\/td>\n<td><span style=\"font-weight: 400;\">11,5 mm<\/span><\/td>\n<\/tr>\n<tr>\n<td><span style=\"font-weight: 400;\">MATERIALS\u00a0<\/span><\/td>\n<td><span style=\"font-weight: 400;\">Ceramic<\/span><\/td>\n<\/tr>\n<tr>\n<td><span style=\"font-weight: 400;\">Surfaces<\/span><\/td>\n<td><span style=\"font-weight: 400;\">Matt Glaze<\/span><\/td>\n<\/tr>\n<tr>\n<td><span style=\"font-weight: 400;\">Outstanding features<\/span><\/td>\n<td>\n<ul>\n<li style=\"font-weight: 400;\" aria-level=\"1\"><span style=\"font-weight: 400;\">Hoa v\u0103n sang tr\u1ecdng, th\u1eddi th\u01b0\u1ee3ng<\/span><\/li>\n<li style=\"font-weight: 400;\" aria-level=\"1\"><span style=\"font-weight: 400;\">\u0110\u1ed3 b\u1ec1n u\u1ed1n ch\u1ecbu l\u1ef1c t\u1ed1t, th\u1ea5m h\u00fat n\u01b0\u1edbc th\u1ea5p<\/span><\/li>\n<li style=\"font-weight: 400;\" aria-level=\"1\"><span style=\"font-weight: 400;\">Anti-acid, anti-slip<\/span><\/li>\n<li style=\"font-weight: 400;\" aria-level=\"1\"><span style=\"font-weight: 400;\">Non-ignition, non-expansion<\/span><\/li>\n<li style=\"font-weight: 400;\" aria-level=\"1\"><span style=\"font-weight: 400;\">Easy to clean, anti-bacterial, anti-mildew<\/span><\/li>\n<\/ul>\n<\/td>\n<\/tr>\n<tr>\n<td><span style=\"font-weight: 400;\">APPLICATIONS<\/span><\/td>\n<td><span style=\"font-weight: 400;\">\u0110a d\u1ea1ng, v\u00ed d\u1ee5 ki\u1ebfn tr\u00fac nh\u00e0 \u1ed1ng, khu chung c\u01b0, nh\u00e0 \u1edf cao c\u1ea5p, bi\u1ec7t th\u1ef1, ph\u00f2ng kh\u00e1ch\u2026<\/span><\/td>\n<\/tr>\n<\/tbody>\n<\/table>\n<h2><b>2. RCM4060011S4 &#8211; D\u00f2ng s\u1ea3n ph\u1ea9m trung c\u1ea5p c\u1ee7a CMC\u00a0<\/b><\/h2>\n<p><span style=\"font-weight: 400;\">G\u1ea1ch \u1ed1p l\u00e1t RCM4060011S4 thu\u1ed9c d\u00f2ng s\u1ea3n ph\u1ea9m trung c\u1ea5p c\u1ee7a CMC, mang \u0111\u1ebfn s\u1ef1 c\u00e2n b\u1eb1ng ho\u00e0n h\u1ea3o gi\u1eefa ch\u1ea5t l\u01b0\u1ee3ng v\u00e0 gi\u00e1 th\u00e0nh. V\u1edbi vi\u1ec7c k\u1ebft h\u1ee3p tinh t\u1ebf gi\u1eefa c\u00f4ng ngh\u1ec7 s\u1ea3n xu\u1ea5t hi\u1ec7n \u0111\u1ea1i v\u00e0 thi\u1ebft k\u1ebf \u0111\u1ed9c \u0111\u00e1o, d\u00f2ng s\u1ea3n ph\u1ea9m n\u00e0y \u0111\u00e3 chinh ph\u1ee5c \u0111\u01b0\u1ee3c \u00e1nh nh\u00ecn c\u1ee7a nhi\u1ec1u kh\u00e1ch h\u00e0ng.<\/span><\/p>\n<figure id=\"attachment_30202\" aria-describedby=\"caption-attachment-30202\" style=\"width: 1024px\" class=\"wp-caption aligncenter\"><img decoding=\"async\" class=\"size-large wp-image-30202\" src=\"https:\/\/cmctiles.vn\/wp-content\/uploads\/2024\/07\/RCM4060011S4-PC-1-1024x819.jpg\" alt=\"\" width=\"1024\" height=\"819\" title=\"\" srcset=\"https:\/\/cmctiles.vn\/wp-content\/uploads\/2024\/07\/RCM4060011S4-PC-1-1024x819.jpg 1024w, https:\/\/cmctiles.vn\/wp-content\/uploads\/2024\/07\/RCM4060011S4-PC-1-300x240.jpg 300w, https:\/\/cmctiles.vn\/wp-content\/uploads\/2024\/07\/RCM4060011S4-PC-1-768x614.jpg 768w, https:\/\/cmctiles.vn\/wp-content\/uploads\/2024\/07\/RCM4060011S4-PC-1-1536x1229.jpg 1536w, https:\/\/cmctiles.vn\/wp-content\/uploads\/2024\/07\/RCM4060011S4-PC-1-2048x1638.jpg 2048w, https:\/\/cmctiles.vn\/wp-content\/uploads\/2024\/07\/RCM4060011S4-PC-1-15x12.jpg 15w, https:\/\/cmctiles.vn\/wp-content\/uploads\/2024\/07\/RCM4060011S4-PC-1-350x280.jpg 350w, https:\/\/cmctiles.vn\/wp-content\/uploads\/2024\/07\/RCM4060011S4-PC-1-500x400.jpg 500w\" sizes=\"(max-width: 1024px) 100vw, 1024px\" \/><figcaption id=\"caption-attachment-30202\" class=\"wp-caption-text\">T\u00f4ng m\u00e0u tr\u1ea7m c\u1ee7a g\u1ea1ch \u1ed1p l\u00e1t khi\u1ebfn kho\u1ea3ng s\u00e2n v\u01b0\u1eddn c\u1ee7a gia ch\u1ee7 c\u00e0ng th\u00eam cu\u1ed1n h\u00fat<\/figcaption><\/figure>\n<h3><b>2.1. Thi\u1ebft k\u1ebf tinh t\u1ebf, t\u1ea1o \u0111i\u1ec3m nh\u1ea5n \u1ea5n t\u01b0\u1ee3ng\u00a0<\/b><\/h3>\n<p><span style=\"font-weight: 400;\">M\u1ed9t trong nh\u1eefng \u0111i\u1ec3m n\u1ed5i b\u1eadt nh\u1ea5t c\u1ee7a g\u1ea1ch l\u00e1t ngo\u1ea1i th\u1ea5t RCM4060011S4 ch\u00ednh l\u00e0 thi\u1ebft k\u1ebf tinh t\u1ebf, t\u1ea1o n\u00ean \u0111i\u1ec3m nh\u1ea5n \u1ea5n t\u01b0\u1ee3ng cho kh\u00f4ng gian s\u00e2n v\u01b0\u1eddn. V\u1edbi t\u00f4ng m\u00e0u x\u00e1m tr\u1ea7m, d\u00f2ng g\u1ea1ch \u1ed1p l\u00e1t n\u00e0y khi\u1ebfn \u0111\u1ed3 ngo\u1ea1i th\u1ea5t c\u1ee7a gia ch\u1ee7 tr\u1edf n\u00ean n\u1ed5i b\u1eadt h\u01a1n bao gi\u1edd h\u1ebft.<\/span><\/p>\n<p><span style=\"font-weight: 400;\">Nh\u1eefng \u0111\u01b0\u1eddng v\u00e2n \u0111\u00e1 tr\u1eafng nh\u1ea1t tr\u1ea3i d\u00e0i tr\u00ean n\u1ec1n g\u1ea1ch m\u00e0u x\u00e1m tr\u1ea7m khi\u1ebfn kho\u1ea3ng s\u00e2n tuy t\u1ed1i gi\u1ea3n nh\u01b0ng kh\u00f4ng h\u1ec1 lu m\u1edd. \u0110i\u1ec3m nh\u1ea5n n\u00e0y kh\u00f4ng ch\u1ec9 gi\u00fap t\u0103ng th\u00eam v\u1ebb \u0111\u1eb9p th\u1ea9m m\u1ef9, m\u00e0 c\u00f2n mang l\u1ea1i s\u1ef1 \u0111\u1ed9c \u0111\u00e1o, kh\u00e1c bi\u1ec7t cho kh\u00f4ng gian s\u1eed d\u1ee5ng.<\/span><\/p>\n<h3><b>2.2. Ch\u1ea5t l\u01b0\u1ee3ng v\u01b0\u1ee3t tr\u1ed9i, b\u1ec1n b\u1ec9 theo th\u1eddi gian\u00a0<\/b><\/h3>\n<p><span style=\"font-weight: 400;\">Kh\u00f4ng ch\u1ec9 s\u1edf h\u1eefu v\u1ebb ngo\u00e0i \u1ea5n t\u01b0\u1ee3ng, g\u1ea1ch l\u00e1t s\u00e2n v\u01b0\u1eddn RCM4060011S4 c\u00f2n \u0111\u1ea3m b\u1ea3o ch\u1ea5t l\u01b0\u1ee3ng v\u01b0\u1ee3t tr\u1ed9i, b\u1ec1n b\u1ec9 theo th\u1eddi gian. \u0110\u01b0\u1ee3c s\u1ea3n xu\u1ea5t t\u1eeb ch\u1ea5t li\u1ec7u Ceramic, s\u1ea3n ph\u1ea9m kh\u00f4ng ch\u1ec9 \u0111\u1ea3m b\u1ea3o \u0111\u1ed9 c\u1ee9ng c\u00e1p m\u00e0 c\u00f2n t\u1ed1i \u01b0u h\u00f3a \u0111\u1ed9 b\u1ec1n m\u00e0u v\u00e0 kh\u1ea3 n\u0103ng ch\u1ed1ng tr\u01a1n tr\u01b0\u1ee3t.<\/span><\/p>\n<h3><b>2.3. Tr\u1ea3i nghi\u1ec7m ti\u1ec7n l\u1ee3i v\u00e0 an to\u00e0n cho kh\u00e1ch h\u00e0ng<\/b><\/h3>\n<p><span style=\"font-weight: 400;\">B\u00ean c\u1ea1nh v\u1ebb ngo\u00e0i \u1ea5n t\u01b0\u1ee3ng v\u00e0 ch\u1ea5t l\u01b0\u1ee3ng v\u01b0\u1ee3t tr\u1ed9i, g\u1ea1ch l\u00e1t n\u1ec1n ngo\u1ea1i th\u1ea5t RCM4060011S4 c\u00f2n mang \u0111\u1ebfn tr\u1ea3i nghi\u1ec7m \u01b0u vi\u1ec7t cho ng\u01b0\u1eddi s\u1eed d\u1ee5ng. V\u1edbi b\u1ec1 m\u1eb7t men Matt, s\u1ea3n ph\u1ea9m n\u00e0y kh\u00f4ng ch\u1ec9 d\u1ec5 d\u00e0ng v\u1ec7 sinh, m\u00e0 c\u00f2n \u0111\u1ea3m b\u1ea3o an to\u00e0n, gi\u1ea3m nguy c\u01a1 tr\u01b0\u1ee3t tr\u00ean b\u1ec1 m\u1eb7t. \u0110\u1ed3ng th\u1eddi, kh\u1ea3 n\u0103ng ch\u1ecbu l\u1ef1c v\u00e0 ch\u1ecbu nhi\u1ec7t t\u1ed1t c\u00f2n gi\u00fap t\u0103ng tu\u1ed5i th\u1ecd c\u1ee7a kh\u00f4ng gian s\u1eed d\u1ee5ng, mang l\u1ea1i s\u1ef1 ti\u1ec7n l\u1ee3i v\u00e0 ti\u1ebft ki\u1ec7m cho ng\u01b0\u1eddi d\u00f9ng.<\/span><\/p>\n<p><span style=\"font-weight: 400;\">Tr\u00ean \u0111\u00e2y l\u00e0 nh\u1eefng \u0111\u1eb7c \u0111i\u1ec3m n\u1ed5i b\u1eadt v\u00e0 l\u01b0u \u00fd khi qu\u00fd kh\u00e1ch l\u1ef1a ch\u1ecdn v\u00e0 s\u1eed d\u1ee5ng g\u1ea1ch l\u00e1t s\u00e2n v\u01b0\u1eddn RCM4060011S4. Hy v\u1ecdng b\u00e0i vi\u1ebft s\u1ebd gi\u00fap \u00edch cho qu\u00fd v\u1ecb \u0111\u1ec3 l\u1ef1a ch\u1ecdn \u0111\u01b0\u1ee3c s\u1ea3n ph\u1ea9m ph\u00f9 h\u1ee3p nh\u1ea5t v\u1edbi kh\u00f4ng gian v\u00e0 chi ph\u00ed c\u1ee7a gia \u0111\u00ecnh.\u00a0<\/span><\/p>\n<p><span style=\"font-weight: 400;\">Vui l\u00f2ng \u0111\u1ec3 l\u1ea1i th\u00f4ng tin d\u01b0\u1edbi h\u1ed9p th\u01b0 d\u01b0\u1edbi \u0111\u00e2y n\u1ebfu qu\u00fd v\u1ecb c\u1ea7n gi\u1ea3i \u0111\u00e1p th\u1eafc m\u1eafc ho\u1eb7c nh\u1eadn s\u1ef1 t\u01b0 v\u1ea5n t\u1eeb chuy\u00ean gia c\u1ee7a CMC Tiles!<\/span><\/p>","protected":false},"excerpt":{"rendered":"<p>V\u1edbi v\u1ebb ngo\u00e0i tinh t\u1ebf m\u00f4 ph\u1ecfng v\u00e2n \u0111\u00e1 t\u1ef1 nhi\u00ean, g\u1ea1ch l\u00e1t s\u00e2n v\u01b0\u1eddn RCM4060011S4 h\u1ee9a h\u1eb9n s\u1ebd mang \u0111\u1ebfn nh\u1eefng tr\u1ea3i nghi\u1ec7m tuy\u1ec7t v\u1eddi cho kh\u00f4ng gian s\u1ed1ng c\u1ee7a Qu\u00fd kh\u00e1ch. 1. Th\u00f4ng s\u1ed1 s\u1ea3n ph\u1ea9m\u00a0 M\u00e3 s\u1ea3n ph\u1ea9m RCM 4060011S4\u00a0 Th\u01b0\u01a1ng hi\u1ec7u G\u1ea1ch \u1ed1p l\u00e1t REFINA Ph\u00e2n lo\u1ea1i G\u1ea1ch \u1ed1p l\u00e1t M\u00e0u [&hellip;]<\/p>\n","protected":false},"featured_media":30203,"comment_status":"open","ping_status":"closed","template":"","meta":[],"product_brand":[],"product_cat":[1009,1015,1083,1076,1134],"product_tag":[],"class_list":{"0":"post-30201","1":"product","2":"type-product","3":"status-publish","4":"has-post-thumbnail","6":"product_cat-ceramic","7":"product_cat-gach-lat","8":"product_cat-gach-lat-nen-van-da","9":"product_cat-gach-op-lat","10":"product_cat-gach-op-lat-refina","12":"first","13":"instock","14":"taxable","15":"shipping-taxable","16":"purchasable","17":"product-type-simple"},"_links":{"self":[{"href":"https:\/\/cmctiles.vn\/en\/wp-json\/wp\/v2\/product\/30201","targetHints":{"allow":["GET"]}}],"collection":[{"href":"https:\/\/cmctiles.vn\/en\/wp-json\/wp\/v2\/product"}],"about":[{"href":"https:\/\/cmctiles.vn\/en\/wp-json\/wp\/v2\/types\/product"}],"replies":[{"embeddable":true,"href":"https:\/\/cmctiles.vn\/en\/wp-json\/wp\/v2\/comments?post=30201"}],"version-history":[{"count":2,"href":"https:\/\/cmctiles.vn\/en\/wp-json\/wp\/v2\/product\/30201\/revisions"}],"predecessor-version":[{"id":30205,"href":"https:\/\/cmctiles.vn\/en\/wp-json\/wp\/v2\/product\/30201\/revisions\/30205"}],"wp:featuredmedia":[{"embeddable":true,"href":"https:\/\/cmctiles.vn\/en\/wp-json\/wp\/v2\/media\/30203"}],"wp:attachment":[{"href":"https:\/\/cmctiles.vn\/en\/wp-json\/wp\/v2\/media?parent=30201"}],"wp:term":[{"taxonomy":"product_brand","embeddable":true,"href":"https:\/\/cmctiles.vn\/en\/wp-json\/wp\/v2\/product_brand?post=30201"},{"taxonomy":"product_cat","embeddable":true,"href":"https:\/\/cmctiles.vn\/en\/wp-json\/wp\/v2\/product_cat?post=30201"},{"taxonomy":"product_tag","embeddable":true,"href":"https:\/\/cmctiles.vn\/en\/wp-json\/wp\/v2\/product_tag?post=30201"}],"curies":[{"name":"wp","href":"https:\/\/api.w.org\/{rel}","templated":true}]}}