{"id":30156,"date":"2024-07-06T18:03:32","date_gmt":"2024-07-06T11:03:32","guid":{"rendered":"https:\/\/cmctiles.vn\/?post_type=product&#038;p=30156"},"modified":"2025-05-29T17:46:40","modified_gmt":"2025-05-29T10:46:40","slug":"gach-op-lat-van-da-ghi-sang-mai-bong-psg8080154s4","status":"publish","type":"product","link":"https:\/\/cmctiles.vn\/en\/gach-op-lat\/gach-op-lat-van-da-ghi-sang-mai-bong-psg8080154s5.html","title":{"rendered":"G\u1ea1ch \u1ed1p l\u00e1t v\u00e2n \u0111\u00e1 ghi s\u00e1ng m\u00e0i b\u00f3ng PSG8080154S5"},"content":{"rendered":"<p><span style=\"font-weight: 400;\">Ceramic tiles <strong>PSG8080154S5<\/strong><\/span><span style=\"font-weight: 400;\">\u00a0mang v\u1ebb \u0111\u1eb9p tinh t\u1ebf v\u00e0 nh\u1eb9 nh\u00e0ng qua t\u1eebng \u0111\u01b0\u1eddng v\u00e2n ph\u1ed1i loang s\u1ed1ng \u0111\u1ed9ng. B\u1edfi v\u1ebb \u0111\u1eb9p h\u00e0i h\u00f2a v\u00e0 trang nh\u00e3 n\u00ean g\u1ea1ch \u1ed1p l\u00e1t <strong>PSG8080154S5<\/strong><\/span><span style=\"font-weight: 400;\">\u00a0\u0111\u01b0\u1ee3c r\u1ea5t nhi\u1ec1u nh\u00e0 ki\u1ebfn tr\u00fac s\u01b0 \u01b0u \u00e1i v\u00e0 s\u0103n \u0111\u00f3n.<\/span><\/p>\n<ol>\n<li>\n<h2><b> Th\u00f4ng s\u1ed1 s\u1ea3n ph\u1ea9m<\/b><\/h2>\n<\/li>\n<\/ol>\n<table>\n<tbody>\n<tr style=\"height: 24px;\">\n<td style=\"width: 26.0541%; height: 24px;\"><span style=\"font-weight: 400;\">M\u00e3 s\u1ea3n ph\u1ea9m<\/span><\/td>\n<td style=\"width: 85.5131%; height: 24px;\"><span style=\"font-weight: 400;\"><strong>PSG8080154S5<\/strong><\/span><\/td>\n<\/tr>\n<tr style=\"height: 24px;\">\n<td style=\"width: 26.0541%; height: 24px;\"><span style=\"font-weight: 400;\">BRANDS<\/span><\/td>\n<td style=\"width: 85.5131%; height: 24px;\"><span style=\"font-weight: 400;\">PRATO Tiles<\/span><\/td>\n<\/tr>\n<tr style=\"height: 24px;\">\n<td style=\"width: 26.0541%; height: 24px;\"><span style=\"font-weight: 400;\">Ph\u00e2n lo\u1ea1i<\/span><\/td>\n<td style=\"width: 85.5131%; height: 24px;\"><span style=\"font-weight: 400;\">Ceramic tiles\u00a0<\/span><\/td>\n<\/tr>\n<tr style=\"height: 24px;\">\n<td style=\"width: 26.0541%; height: 24px;\"><span style=\"font-weight: 400;\">M\u00e0u s\u1eafc<\/span><\/td>\n<td style=\"width: 85.5131%; height: 24px;\"><span style=\"font-weight: 400;\">M\u00e0u ghi s\u00e1ng v\u00e2n \u0111\u00e1\u00a0<\/span><\/td>\n<\/tr>\n<tr style=\"height: 24px;\">\n<td style=\"width: 26.0541%; height: 24px;\"><span style=\"font-weight: 400;\">Sizes<\/span><\/td>\n<td style=\"width: 85.5131%; height: 24px;\"><span style=\"font-weight: 400;\">800&#215;800 mm<\/span><\/td>\n<\/tr>\n<tr style=\"height: 24px;\">\n<td style=\"width: 26.0541%; height: 24px;\"><span style=\"font-weight: 400;\">\u0110\u1ed9 d\u00e0y<\/span><\/td>\n<td style=\"width: 85.5131%; height: 24px;\"><span style=\"font-weight: 400;\">10.5 mm<\/span><\/td>\n<\/tr>\n<tr style=\"height: 24px;\">\n<td style=\"width: 26.0541%; height: 24px;\"><span style=\"font-weight: 400;\">MATERIALS\u00a0<\/span><\/td>\n<td style=\"width: 85.5131%; height: 24px;\"><span style=\"font-weight: 400;\">Porcelain (BIb)<\/span><\/td>\n<\/tr>\n<tr style=\"height: 24px;\">\n<td style=\"width: 26.0541%; height: 24px;\"><span style=\"font-weight: 400;\">Surfaces<\/span><\/td>\n<td style=\"width: 85.5131%; height: 24px;\"><span style=\"font-weight: 400;\">Glossy Glaze\u00a0<\/span><\/td>\n<\/tr>\n<tr style=\"height: 152px;\">\n<td style=\"width: 26.0541%; height: 152px;\"><span style=\"font-weight: 400;\">Outstanding features<\/span><\/td>\n<td style=\"width: 85.5131%; height: 152px;\">\n<ul>\n<li style=\"font-weight: 400;\" aria-level=\"1\"><span style=\"font-weight: 400;\">Hoa v\u0103n sang tr\u1ecdng, th\u1eddi th\u01b0\u1ee3ng<\/span><\/li>\n<li style=\"font-weight: 400;\" aria-level=\"1\"><span style=\"font-weight: 400;\">\u0110\u1ed3 b\u1ec1n u\u1ed1n ch\u1ecbu l\u1ef1c t\u1ed1t, th\u1ea5m h\u00fat n\u01b0\u1edbc th\u1ea5p<\/span><\/li>\n<li style=\"font-weight: 400;\" aria-level=\"1\"><span style=\"font-weight: 400;\">K\u00edch th\u01b0\u1edbc ph\u1ed5 th\u00f4ng, \u1ee9ng d\u1ee5ng \u0111a d\u1ea1ng<\/span><\/li>\n<li style=\"font-weight: 400;\" aria-level=\"1\"><span style=\"font-weight: 400;\">Non-ignition, non-expansion<\/span><\/li>\n<li style=\"font-weight: 400;\" aria-level=\"1\"><span style=\"font-weight: 400;\">Easy to clean, anti-bacterial, anti-mildew<\/span><\/li>\n<\/ul>\n<\/td>\n<\/tr>\n<tr style=\"height: 24px;\">\n<td style=\"width: 26.0541%; height: 24px;\"><span style=\"font-weight: 400;\">APPLICATIONS<\/span><\/td>\n<td style=\"width: 85.5131%; height: 24px;\"><span style=\"font-weight: 400;\">\u0110a d\u1ea1ng, v\u00ed d\u1ee5 ki\u1ebfn tr\u00fac nh\u00e0 \u1ed1ng, khu chung c\u01b0, nh\u00e0 \u1edf cao c\u1ea5p, bi\u1ec7t th\u1ef1, ph\u00f2ng kh\u00e1ch\u2026<\/span><\/td>\n<\/tr>\n<\/tbody>\n<\/table>\n<ol start=\"2\">\n<li>\n<h2><b> Ceramic tiles <span style=\"font-weight: 400;\"><strong>PSG8080154S5<\/strong><\/span>\u00a0&#8211; s\u1ef1 l\u1ef1a ch\u1ecdn ho\u00e0n h\u1ea3o cho m\u1ecdi c\u00f4ng tr\u00ecnh\u00a0<\/b><\/h2>\n<\/li>\n<\/ol>\n<figure id=\"attachment_29806\" aria-describedby=\"caption-attachment-29806\" style=\"width: 1227px\" class=\"wp-caption aligncenter\"><img fetchpriority=\"high\" decoding=\"async\" class=\"wp-image-29806\" src=\"https:\/\/cmctiles.vn\/wp-content\/uploads\/2024\/06\/PSG6060154S3-PC-1024x960.png\" alt=\"\" width=\"1227\" height=\"1150\" title=\"\" srcset=\"https:\/\/cmctiles.vn\/wp-content\/uploads\/2024\/06\/PSG6060154S3-PC-1024x960.png 1024w, https:\/\/cmctiles.vn\/wp-content\/uploads\/2024\/06\/PSG6060154S3-PC-300x281.png 300w, https:\/\/cmctiles.vn\/wp-content\/uploads\/2024\/06\/PSG6060154S3-PC-768x720.png 768w, https:\/\/cmctiles.vn\/wp-content\/uploads\/2024\/06\/PSG6060154S3-PC-1536x1440.png 1536w, https:\/\/cmctiles.vn\/wp-content\/uploads\/2024\/06\/PSG6060154S3-PC-2048x1920.png 2048w, https:\/\/cmctiles.vn\/wp-content\/uploads\/2024\/06\/PSG6060154S3-PC-13x12.png 13w, https:\/\/cmctiles.vn\/wp-content\/uploads\/2024\/06\/PSG6060154S3-PC-299x280.png 299w, https:\/\/cmctiles.vn\/wp-content\/uploads\/2024\/06\/PSG6060154S3-PC-500x469.png 500w\" sizes=\"(max-width: 1227px) 100vw, 1227px\" \/><figcaption id=\"caption-attachment-29806\" class=\"wp-caption-text\">Nh\u1eefng \u0111\u01b0\u1eddng v\u00e2n m\u1ecfng nh\u1eb9 c\u1ee7a g\u1ea1ch \u1ed1p l\u00e1t PSG8080154S5<\/figcaption><\/figure>\n<p>&nbsp;<\/p>\n<p><span style=\"font-weight: 400;\">S\u1ea3n ph\u1ea9m g\u1ea1ch \u1ed1p l\u00e1t <strong>PSG8080154S5<\/strong><\/span><span style=\"font-weight: 400;\">\u00a0mang v\u1ebb \u0111\u1eb9p c\u1ee7a nh\u1eefng h\u1ecda ti\u1ebft tinh vi v\u00e0 huy\u1ec1n b\u00ed, vi\u1ec7c \u0111i\u1ec3m xuy\u1ebfn c\u00e1c \u0111\u01b0\u1eddng v\u00e2n tr\u1eafng tr\u00ean n\u1ec1n ghi x\u00e1m mang \u0111\u1ebfn c\u1ea3m gi\u00e1c tho\u00e1ng \u0111\u00e3ng cho kh\u00f4ng gian s\u1ed1ng. G\u1ea1ch <strong>PSG8080154S5<\/strong><\/span><span style=\"font-weight: 400;\">\u00a0s\u1ebd l\u00e0 l\u1ef1a ch\u1ecdn \u01b0u vi\u1ec7t cho c\u00e1c c\u00f4ng tr\u00ecnh thi\u1ebft k\u1ebf hi\u1ec7n \u0111\u1ea1i.\u00a0<\/span><\/p>\n<h3><i><span style=\"font-weight: 400;\">2.1. Nh\u1eefng \u0111\u01b0\u1eddng v\u00e2n ph\u1ed1i loang \u0111em l\u1ea1i s\u1ef1 kh\u00e1c bi\u1ec7t v\u00e0 l\u1ea1 m\u1eaft<\/span><\/i><\/h3>\n<p><span style=\"font-weight: 400;\">C\u00e1c \u0111\u01b0\u1eddng loang v\u00e2n \u0111\u00e1 kh\u00f4ng ch\u1ec9 tinh x\u1ea3o v\u00e0 ch\u00e2n th\u1ef1c m\u00e0 c\u00f2n mang l\u1ea1i hi\u1ec7u \u1ee9ng sang tr\u1ecdng qu\u00fd ph\u00e1i cu\u1ed1n h\u00fat m\u1ecdi \u00e1nh nh\u00ecn, l\u00e0m t\u0103ng th\u1ea9m m\u1ef9 cho kh\u00f4ng gian.\u00a0<\/span><\/p>\n<p><span style=\"font-weight: 400;\">B\u1ec1 m\u1eb7t g\u1ea1ch b\u00f3ng b\u1ea9y, kh\u1ea3 n\u0103ng ch\u1ed1ng tr\u01b0\u1ee3t th\u1ec3 hi\u1ec7n s\u1ef1 tinh t\u1ebf cao \u0111\u1ed9 trong ngh\u1ec7 thu\u1eadt ki\u1ebfn tr\u00fac.<\/span><\/p>\n<h3><i><span style=\"font-weight: 400;\">2.2. T\u00ednh n\u0103ng m\u1ea1nh m\u1ebd v\u00e0 b\u1ec1n b\u1ec9\u00a0<\/span><\/i><\/h3>\n<p><span style=\"font-weight: 400;\">L\u00e0 d\u00f2ng g\u1ea1ch c\u00f3 \u0111\u1ed9 b\u1ec1n, \u0111\u1ed9 c\u1ee9ng v\u00e0 kh\u1ea3 n\u0103ng ch\u1ecbu m\u00e0i m\u00f2n cao. B\u1edfi v\u1eady g\u1ea1ch c\u1ef1c k\u00ec th\u00edch h\u1ee3p cho vi\u1ec7c \u1ed1p l\u00e1t s\u00e0n v\u00e0 t\u01b0\u1eddng.\u00a0<\/span><\/p>\n<p><span style=\"font-weight: 400;\">B\u1ec1 m\u1eb7t g\u1ea1ch men b\u00f3ng, l\u00e1ng m\u1ecbn gi\u00fap vi\u1ec7c v\u1ec7 sinh, lau ch\u00f9i tr\u1edf n\u00ean \u0111\u01a1n gi\u1ea3n, ch\u1ecbu \u0111\u01b0\u1ee3c t\u00e1c \u0111\u1ed9ng c\u1ee7a nhi\u1ec7t \u0111\u1ed9, h\u00f3a ch\u1ea5t, v\u1ebft b\u1ea9n. \u0110i\u1ec1u n\u00e0y ch\u1ee9ng minh s\u1ea3n ph\u1ea9m c\u00f3 kh\u1ea3 n\u0103ng duy tr\u00ec \u0111\u01b0\u1ee3c v\u1ebb m\u1edbi l\u00e2u d\u00e0i.\u00a0<\/span><\/p>\n<p><span style=\"font-weight: 400;\">Tr\u00ean \u0111\u00e2y l\u00e0 nh\u1eefng \u0111\u1eb7c \u0111i\u1ec3m n\u1ed5i b\u1eadt v\u00e0 l\u01b0u \u00fd khi qu\u00fd kh\u00e1ch l\u1ef1a ch\u1ecdn v\u00e0 s\u1eed d\u1ee5ng g\u1ea1ch \u1ed1p l\u00e1t <strong>PSG8080154S5<\/strong><\/span><span style=\"font-weight: 400;\">. Hy v\u1ecdng b\u00e0i vi\u1ebft s\u1ebd gi\u00fap \u00edch cho qu\u00fd v\u1ecb \u0111\u1ec3 l\u1ef1a ch\u1ecdn \u0111\u01b0\u1ee3c s\u1ea3n ph\u1ea9m ph\u00f9 h\u1ee3p nh\u1ea5t v\u1edbi kh\u00f4ng gian v\u00e0 chi ph\u00ed c\u1ee7a gia \u0111\u00ecnh.\u00a0<\/span><\/p>\n<p><span style=\"font-weight: 400;\">Vui l\u00f2ng \u0111\u1ec3 l\u1ea1i th\u00f4ng tin d\u01b0\u1edbi h\u1ed9p th\u01b0 d\u01b0\u1edbi \u0111\u00e2y n\u1ebfu qu\u00fd v\u1ecb c\u1ea7n gi\u1ea3i \u0111\u00e1p th\u1eafc m\u1eafc ho\u1eb7c nh\u1eadn s\u1ef1 t\u01b0 v\u1ea5n t\u1eeb chuy\u00ean gia c\u1ee7a CMC Tiles!<\/span><\/p>\n<p>&nbsp;<\/p>","protected":false},"excerpt":{"rendered":"<p>G\u1ea1ch \u1ed1p l\u00e1t PSG8080154S5\u00a0mang v\u1ebb \u0111\u1eb9p tinh t\u1ebf v\u00e0 nh\u1eb9 nh\u00e0ng qua t\u1eebng \u0111\u01b0\u1eddng v\u00e2n ph\u1ed1i loang s\u1ed1ng \u0111\u1ed9ng. B\u1edfi v\u1ebb \u0111\u1eb9p h\u00e0i h\u00f2a v\u00e0 trang nh\u00e3 n\u00ean g\u1ea1ch \u1ed1p l\u00e1t PSG8080154S5\u00a0\u0111\u01b0\u1ee3c r\u1ea5t nhi\u1ec1u nh\u00e0 ki\u1ebfn tr\u00fac s\u01b0 \u01b0u \u00e1i v\u00e0 s\u0103n \u0111\u00f3n. Th\u00f4ng s\u1ed1 s\u1ea3n ph\u1ea9m M\u00e3 s\u1ea3n ph\u1ea9m PSG8080154S5 Th\u01b0\u01a1ng hi\u1ec7u G\u1ea1ch \u1ed1p [&hellip;]<\/p>\n","protected":false},"featured_media":29807,"comment_status":"open","ping_status":"closed","template":"","meta":[],"product_brand":[],"product_cat":[1076,1015,1083,1016,1092,1023],"product_tag":[],"class_list":{"0":"post-30156","1":"product","2":"type-product","3":"status-publish","4":"has-post-thumbnail","6":"product_cat-gach-op-lat","7":"product_cat-gach-lat","8":"product_cat-gach-lat-nen-van-da","9":"product_cat-gach-op","10":"product_cat-gach-op-lat-prato","11":"product_cat-porcelain","13":"first","14":"instock","15":"taxable","16":"shipping-taxable","17":"purchasable","18":"product-type-simple"},"_links":{"self":[{"href":"https:\/\/cmctiles.vn\/en\/wp-json\/wp\/v2\/product\/30156","targetHints":{"allow":["GET"]}}],"collection":[{"href":"https:\/\/cmctiles.vn\/en\/wp-json\/wp\/v2\/product"}],"about":[{"href":"https:\/\/cmctiles.vn\/en\/wp-json\/wp\/v2\/types\/product"}],"replies":[{"embeddable":true,"href":"https:\/\/cmctiles.vn\/en\/wp-json\/wp\/v2\/comments?post=30156"}],"version-history":[{"count":4,"href":"https:\/\/cmctiles.vn\/en\/wp-json\/wp\/v2\/product\/30156\/revisions"}],"predecessor-version":[{"id":33416,"href":"https:\/\/cmctiles.vn\/en\/wp-json\/wp\/v2\/product\/30156\/revisions\/33416"}],"wp:featuredmedia":[{"embeddable":true,"href":"https:\/\/cmctiles.vn\/en\/wp-json\/wp\/v2\/media\/29807"}],"wp:attachment":[{"href":"https:\/\/cmctiles.vn\/en\/wp-json\/wp\/v2\/media?parent=30156"}],"wp:term":[{"taxonomy":"product_brand","embeddable":true,"href":"https:\/\/cmctiles.vn\/en\/wp-json\/wp\/v2\/product_brand?post=30156"},{"taxonomy":"product_cat","embeddable":true,"href":"https:\/\/cmctiles.vn\/en\/wp-json\/wp\/v2\/product_cat?post=30156"},{"taxonomy":"product_tag","embeddable":true,"href":"https:\/\/cmctiles.vn\/en\/wp-json\/wp\/v2\/product_tag?post=30156"}],"curies":[{"name":"wp","href":"https:\/\/api.w.org\/{rel}","templated":true}]}}