{"id":30110,"date":"2024-07-05T17:02:48","date_gmt":"2024-07-05T10:02:48","guid":{"rendered":"https:\/\/cmctiles.vn\/?post_type=product&#038;p=30110"},"modified":"2024-07-08T13:05:24","modified_gmt":"2024-07-08T06:05:24","slug":"gach-op-lat-ghi-da-hoa-tiet-khac-kim-an-tuong-rpg6060003s2","status":"publish","type":"product","link":"https:\/\/cmctiles.vn\/en\/gach-op-lat\/gach-op-lat-ghi-da-hoa-tiet-khac-kim-an-tuong-rpg6060003s2.html","title":{"rendered":"G\u1ea1ch \u1ed1p l\u00e1t ghi \u0111\u00e1 h\u1ecda ti\u1ebft kh\u1eafc kim \u1ea5n t\u01b0\u1ee3ng RPG6060003S2"},"content":{"rendered":"<p><span style=\"font-weight: 400;\">M\u00f4 ph\u1ecfng l\u1ea1i v\u1ebb \u0111\u1eb9p h\u00f9ng v\u0129 c\u1ee7a n\u00fai l\u1eeda phun tr\u00e0o, g\u1ea1ch \u1ed1p l\u00e1t RPG6060003S2 \u0111\u01b0\u1ee3c t\u00e1i hi\u1ec7n ch\u00e2n th\u1ef1c t\u1eeb nh\u1eefng v\u00e2n \u0111\u00e1 \u0111\u1eadm nh\u1ea1t \u0111an xen t\u1ef1a m\u1eb7t n\u00fai v\u00e0 \u0111\u01b0\u1eddng kh\u1eafc kim \u0111\u1ecf cam nh\u01b0 d\u00f2ng dung nham \u0111ang \u0111\u1ed5 xu\u1ed1ng m\u1eb7t \u0111\u1ea5t. V\u1edbi nh\u1eefng chi ti\u1ebft tinh t\u1ebf c\u00f9ng ch\u1ea5t l\u01b0\u1ee3ng porcelain cao c\u1ea5p, d\u00f2ng g\u1ea1ch n\u00e0y ch\u1eafc h\u1eb3n s\u1ebd l\u00e0 s\u1ef1 l\u1ef1a ch\u1ecdn c\u1ee7a nhi\u1ec1u gia ch\u1ee7.<\/span><\/p>\n<figure id=\"attachment_30113\" aria-describedby=\"caption-attachment-30113\" style=\"width: 1024px\" class=\"wp-caption aligncenter\"><img fetchpriority=\"high\" decoding=\"async\" class=\"size-large wp-image-30113\" src=\"https:\/\/cmctiles.vn\/wp-content\/uploads\/2024\/07\/RPG6060003S2-RPG8080003S2-PC2-1024x778.jpg\" alt=\"\" width=\"1024\" height=\"778\" title=\"\" srcset=\"https:\/\/cmctiles.vn\/wp-content\/uploads\/2024\/07\/RPG6060003S2-RPG8080003S2-PC2-1024x778.jpg 1024w, https:\/\/cmctiles.vn\/wp-content\/uploads\/2024\/07\/RPG6060003S2-RPG8080003S2-PC2-300x228.jpg 300w, https:\/\/cmctiles.vn\/wp-content\/uploads\/2024\/07\/RPG6060003S2-RPG8080003S2-PC2-768x584.jpg 768w, https:\/\/cmctiles.vn\/wp-content\/uploads\/2024\/07\/RPG6060003S2-RPG8080003S2-PC2-1536x1167.jpg 1536w, https:\/\/cmctiles.vn\/wp-content\/uploads\/2024\/07\/RPG6060003S2-RPG8080003S2-PC2-16x12.jpg 16w, https:\/\/cmctiles.vn\/wp-content\/uploads\/2024\/07\/RPG6060003S2-RPG8080003S2-PC2-369x280.jpg 369w, https:\/\/cmctiles.vn\/wp-content\/uploads\/2024\/07\/RPG6060003S2-RPG8080003S2-PC2-500x380.jpg 500w, https:\/\/cmctiles.vn\/wp-content\/uploads\/2024\/07\/RPG6060003S2-RPG8080003S2-PC2.jpg 2048w\" sizes=\"(max-width: 1024px) 100vw, 1024px\" \/><figcaption id=\"caption-attachment-30113\" class=\"wp-caption-text\">Nh\u1eefng \u0111\u01b0\u1eddng v\u00e2n \u0111\u00e1 m\u1ea1nh m\u1ebd c\u00f9ng \u0111\u01b0\u1eddng kh\u1eafc kim s\u1eafc s\u1ea3o tr\u00ean n\u1ec1n g\u1ea1ch \u1ed1p l\u00e1t<\/figcaption><\/figure>\n<h2><b>1. Th\u00f4ng s\u1ed1 s\u1ea3n ph\u1ea9m\u00a0<\/b><\/h2>\n<table>\n<tbody>\n<tr>\n<td><span style=\"font-weight: 400;\">M\u00e3 s\u1ea3n ph\u1ea9m<\/span><\/td>\n<td><span style=\"font-weight: 400;\">RPG 6060003S2<\/span><\/td>\n<\/tr>\n<tr>\n<td><span style=\"font-weight: 400;\">BRANDS<\/span><\/td>\n<td><span style=\"font-weight: 400;\">G\u1ea1ch \u1ed1p l\u00e1t REFINA<\/span><\/td>\n<\/tr>\n<tr>\n<td><span style=\"font-weight: 400;\">Ph\u00e2n lo\u1ea1i<\/span><\/td>\n<td><span style=\"font-weight: 400;\">Ceramic tiles<\/span><\/td>\n<\/tr>\n<tr>\n<td><span style=\"font-weight: 400;\">M\u00e0u s\u1eafc<\/span><\/td>\n<td><span style=\"font-weight: 400;\">M\u00e0u ghi s\u00e1ng v\u00e2n \u0111\u00e1<\/span><\/td>\n<\/tr>\n<tr>\n<td><span style=\"font-weight: 400;\">Sizes<\/span><\/td>\n<td><span style=\"font-weight: 400;\">600&#215;600 mm<\/span><\/td>\n<\/tr>\n<tr>\n<td><span style=\"font-weight: 400;\">\u0110\u1ed9 d\u00e0y<\/span><\/td>\n<td><span style=\"font-weight: 400;\">9,0 mm<\/span><\/td>\n<\/tr>\n<tr>\n<td><span style=\"font-weight: 400;\">MATERIALS\u00a0<\/span><\/td>\n<td><span style=\"font-weight: 400;\">Porcelain<\/span><\/td>\n<\/tr>\n<tr>\n<td><span style=\"font-weight: 400;\">Surfaces<\/span><\/td>\n<td><span style=\"font-weight: 400;\">Glossy Glaze<\/span><\/td>\n<\/tr>\n<tr>\n<td><span style=\"font-weight: 400;\">Outstanding features<\/span><\/td>\n<td>\n<ul>\n<li style=\"font-weight: 400;\" aria-level=\"1\"><span style=\"font-weight: 400;\">Hoa v\u0103n sang tr\u1ecdng, th\u1eddi th\u01b0\u1ee3ng<\/span><\/li>\n<li style=\"font-weight: 400;\" aria-level=\"1\"><span style=\"font-weight: 400;\">\u0110\u1ed3 b\u1ec1n u\u1ed1n ch\u1ecbu l\u1ef1c t\u1ed1t, th\u1ea5m h\u00fat n\u01b0\u1edbc th\u1ea5p<\/span><\/li>\n<li style=\"font-weight: 400;\" aria-level=\"1\"><span style=\"font-weight: 400;\">Ch\u1ed1ng axit, ch\u1ed1ng b\u00e1m b\u1ea9n<\/span><\/li>\n<li style=\"font-weight: 400;\" aria-level=\"1\"><span style=\"font-weight: 400;\">Non-ignition, non-expansion<\/span><\/li>\n<li style=\"font-weight: 400;\" aria-level=\"1\"><span style=\"font-weight: 400;\">Easy to clean, anti-bacterial, anti-mildew<\/span><\/li>\n<\/ul>\n<\/td>\n<\/tr>\n<tr>\n<td><span style=\"font-weight: 400;\">APPLICATIONS<\/span><\/td>\n<td><span style=\"font-weight: 400;\">\u0110a d\u1ea1ng, v\u00ed d\u1ee5 ki\u1ebfn tr\u00fac nh\u00e0 \u1ed1ng, khu chung c\u01b0, nh\u00e0 \u1edf cao c\u1ea5p, bi\u1ec7t th\u1ef1, ph\u00f2ng kh\u00e1ch\u2026<\/span><\/td>\n<\/tr>\n<\/tbody>\n<\/table>\n<h2><b>2. RPG 6060003S2 &#8211; D\u00f2ng s\u1ea3n ph\u1ea9m cao c\u1ea5p c\u1ee7a CMC<\/b><\/h2>\n<p><span style=\"font-weight: 400;\">G\u1ea1ch \u1ed1p l\u00e1t RPG6060003S2 \u0111\u01b0\u1ee3c xem l\u00e0 bi\u1ec3u t\u01b0\u1ee3ng c\u1ee7a s\u1ef1 sang tr\u1ecdng v\u00e0 \u0111\u1eb3ng c\u1ea5p trong ph\u00e2n kh\u00fac cao c\u1ea5p c\u1ee7a CMC. V\u1edbi thi\u1ebft k\u1ebf \u0111\u1eb7c bi\u1ec7t mang t\u00ednh th\u1ea9m m\u1ef9 cao, s\u1ea3n ph\u1ea9m mang \u0111\u1ebfn tr\u1ea3i nghi\u1ec7m \u01b0u vi\u1ec7t cho ng\u01b0\u1eddi d\u00f9ng v\u00e0 l\u00e0 s\u1ef1 l\u1ef1a ch\u1ecdn l\u00fd t\u01b0\u1edfng cho nh\u1eefng kh\u00f4ng gian hi\u1ec7n \u0111\u1ea1i.<\/span><\/p>\n<figure id=\"attachment_30112\" aria-describedby=\"caption-attachment-30112\" style=\"width: 1024px\" class=\"wp-caption aligncenter\"><img decoding=\"async\" class=\"size-large wp-image-30112\" src=\"https:\/\/cmctiles.vn\/wp-content\/uploads\/2024\/07\/RPG6060003S2-RPG8080003S2-PC1-1024x778.jpg\" alt=\"\" width=\"1024\" height=\"778\" title=\"\" srcset=\"https:\/\/cmctiles.vn\/wp-content\/uploads\/2024\/07\/RPG6060003S2-RPG8080003S2-PC1-1024x778.jpg 1024w, https:\/\/cmctiles.vn\/wp-content\/uploads\/2024\/07\/RPG6060003S2-RPG8080003S2-PC1-300x228.jpg 300w, https:\/\/cmctiles.vn\/wp-content\/uploads\/2024\/07\/RPG6060003S2-RPG8080003S2-PC1-768x584.jpg 768w, https:\/\/cmctiles.vn\/wp-content\/uploads\/2024\/07\/RPG6060003S2-RPG8080003S2-PC1-1536x1167.jpg 1536w, https:\/\/cmctiles.vn\/wp-content\/uploads\/2024\/07\/RPG6060003S2-RPG8080003S2-PC1-16x12.jpg 16w, https:\/\/cmctiles.vn\/wp-content\/uploads\/2024\/07\/RPG6060003S2-RPG8080003S2-PC1-369x280.jpg 369w, https:\/\/cmctiles.vn\/wp-content\/uploads\/2024\/07\/RPG6060003S2-RPG8080003S2-PC1-500x380.jpg 500w, https:\/\/cmctiles.vn\/wp-content\/uploads\/2024\/07\/RPG6060003S2-RPG8080003S2-PC1.jpg 2048w\" sizes=\"(max-width: 1024px) 100vw, 1024px\" \/><figcaption id=\"caption-attachment-30112\" class=\"wp-caption-text\">G\u1ea1ch \u1ed1p l\u00e1t RPG6060003S2 n\u1eb1m trong thi\u1ebft k\u1ebf combo v\u1edbi k\u00edch th\u01b0\u1edbc 600x600mm v\u00e0 800x800mm<\/figcaption><\/figure>\n<h3><b>2.1. Thi\u1ebft k\u1ebf mang c\u1ea3m h\u1ee9ng t\u1eeb n\u00fai l\u1eeda phun tr\u00e0o\u00a0<\/b><\/h3>\n<p><span style=\"font-weight: 400;\">G\u1ea1ch \u1ed1p l\u00e1t RPG6060003S2 mang \u0111\u1ebfn m\u1ed9t tr\u1ea3i nghi\u1ec7m ngh\u1ec7 thu\u1eadt \u0111\u1ed9c \u0111\u00e1o khi l\u1ea5y c\u1ea3m h\u1ee9ng t\u1eeb nh\u1eefng ng\u1ecdn n\u00fai l\u1eeda phun tr\u00e0o m\u00e3nh li\u1ec7t. S\u1ea3n ph\u1ea9m s\u1edf h\u1eefu thi\u1ebft k\u1ebf v\u00e2n \u0111\u00e1 m\u1ea1nh m\u1ebd m\u00e0u ghi t\u1ed1i t\u00f4n l\u00ean h\u1ecda ti\u1ebft kh\u1eafc kim m\u00e0u \u0111\u1ecf cam nh\u01b0 nh\u1eefng tia l\u1eeda r\u1ef1c ch\u00e1y, bi\u1ebfn kh\u00f4ng gian s\u1ed1ng c\u1ee7a Qu\u00fd kh\u00e1ch th\u00e0nh m\u1ed9t b\u1ee9c tranh ngh\u1ec7 thu\u1eadt \u0111\u1ea7y c\u00e1 t\u00ednh.<\/span><\/p>\n<h3><b>2.2. Ch\u1ea5t li\u1ec7u Porcelain \u01b0u vi\u1ec7t\u00a0\u00a0<\/b><\/h3>\n<p><span style=\"font-weight: 400;\">\u0110\u01b0\u1ee3c s\u1ea3n xu\u1ea5t b\u1edfi ch\u1ea5t li\u1ec7u porcelain cao c\u1ea5p, g\u1ea1ch \u1ed1p l\u00e1t RPG6060003S2 \u0111\u01b0\u1ee3c \u0111\u00e1nh gi\u00e1 c\u00f3 \u0111\u1ed9 b\u1ec1n, \u0111\u1ed9 c\u1ee9ng, kh\u1ea3 n\u0103ng ch\u1ecbu m\u00e0i m\u00f2n cao v\u00e0 va \u0111\u1eadp hi\u1ec7u qu\u1ea3. V\u00ec ch\u1ecbu \u0111\u01b0\u1ee3c t\u00e1c \u0111\u1ed9ng c\u1ee7a nhi\u1ec7t \u0111\u1ed9, h\u00f3a ch\u1ea5t, v\u1ebft b\u1ea9n n\u00ean vi\u1ec7c v\u1ec7 sinh hay lau ch\u00f9i tr\u1edf n\u00ean \u0111\u01a1n gi\u1ea3n h\u01a1n.\u00a0\u00a0<\/span><\/p>\n<h3><b>2.3. T\u1ed1i \u01b0u tr\u1ea3i nghi\u1ec7m cho kh\u00e1ch h\u00e0ng\u00a0<\/b><\/h3>\n<p><span style=\"font-weight: 400;\">Nh\u1edd b\u1ec1 m\u1eb7t men nano b\u00f3ng, g\u1ea1ch \u1ed1p l\u00e1t RPG6060003S2 kh\u00f4ng ch\u1ec9 mang l\u1ea1i v\u1ebb \u0111\u1eb9p sang tr\u1ecdng v\u00e0 thu h\u00fat m\u00e0 c\u00f2n d\u1ec5 d\u00e0ng trong vi\u1ec7c ch\u0103m s\u00f3c v\u00e0 v\u1ec7 sinh s\u00e0n t\u01b0\u1eddng. V\u1edbi \u0111\u1ed9 b\u1ec1n u\u1ed1n v\u00e0 ch\u1ecbu l\u1ef1c t\u1ed1t, c\u00f9ng k\u00edch th\u01b0\u1edbc ph\u1ed5 th\u00f4ng, lo\u1ea1i g\u1ea1ch n\u00e0y c\u00f3 th\u1ec3 \u0111\u01b0\u1ee3c s\u1eed d\u1ee5ng kh\u00f4ng ch\u1ec9 \u0111\u1ec3 l\u00e1t n\u1ec1n m\u00e0 c\u00f2n \u0111\u1ec3 \u1ed1p t\u01b0\u1eddng, t\u1ea1o n\u00ean s\u1ef1 \u0111\u1ed3ng nh\u1ea5t v\u00e0 h\u00e0i h\u00f2a v\u1ec1 m\u1eb7t th\u1ea9m m\u1ef9.<\/span><\/p>\n<p><span style=\"font-weight: 400;\">Tr\u00ean \u0111\u00e2y l\u00e0 nh\u1eefng \u0111\u1eb7c \u0111i\u1ec3m n\u1ed5i b\u1eadt v\u00e0 l\u01b0u \u00fd khi qu\u00fd kh\u00e1ch l\u1ef1a ch\u1ecdn v\u00e0 s\u1eed d\u1ee5ng g\u1ea1ch \u1ed1p l\u00e1t RPG6060003S2. Hy v\u1ecdng b\u00e0i vi\u1ebft s\u1ebd gi\u00fap \u00edch cho qu\u00fd v\u1ecb \u0111\u1ec3 l\u1ef1a ch\u1ecdn \u0111\u01b0\u1ee3c s\u1ea3n ph\u1ea9m ph\u00f9 h\u1ee3p nh\u1ea5t v\u1edbi kh\u00f4ng gian v\u00e0 chi ph\u00ed c\u1ee7a gia \u0111\u00ecnh.\u00a0<\/span><\/p>\n<p><span style=\"font-weight: 400;\">Vui l\u00f2ng \u0111\u1ec3 l\u1ea1i th\u00f4ng tin d\u01b0\u1edbi h\u1ed9p th\u01b0 d\u01b0\u1edbi \u0111\u00e2y n\u1ebfu qu\u00fd v\u1ecb c\u1ea7n gi\u1ea3i \u0111\u00e1p th\u1eafc m\u1eafc ho\u1eb7c nh\u1eadn s\u1ef1 t\u01b0 v\u1ea5n t\u1eeb chuy\u00ean gia c\u1ee7a CMC Tiles!<\/span><\/p>\n<p>&nbsp;<\/p>","protected":false},"excerpt":{"rendered":"<p>M\u00f4 ph\u1ecfng l\u1ea1i v\u1ebb \u0111\u1eb9p h\u00f9ng v\u0129 c\u1ee7a n\u00fai l\u1eeda phun tr\u00e0o, g\u1ea1ch \u1ed1p l\u00e1t RPG6060003S2 \u0111\u01b0\u1ee3c t\u00e1i hi\u1ec7n ch\u00e2n th\u1ef1c t\u1eeb nh\u1eefng v\u00e2n \u0111\u00e1 \u0111\u1eadm nh\u1ea1t \u0111an xen t\u1ef1a m\u1eb7t n\u00fai v\u00e0 \u0111\u01b0\u1eddng kh\u1eafc kim \u0111\u1ecf cam nh\u01b0 d\u00f2ng dung nham \u0111ang \u0111\u1ed5 xu\u1ed1ng m\u1eb7t \u0111\u1ea5t. V\u1edbi nh\u1eefng chi ti\u1ebft tinh t\u1ebf c\u00f9ng ch\u1ea5t [&hellip;]<\/p>\n","protected":false},"featured_media":30111,"comment_status":"open","ping_status":"closed","template":"","meta":[],"product_brand":[],"product_cat":[1076,1015,1083,1023,1134],"product_tag":[],"class_list":{"0":"post-30110","1":"product","2":"type-product","3":"status-publish","4":"has-post-thumbnail","6":"product_cat-gach-op-lat","7":"product_cat-gach-lat","8":"product_cat-gach-lat-nen-van-da","9":"product_cat-porcelain","10":"product_cat-gach-op-lat-refina","12":"first","13":"instock","14":"taxable","15":"shipping-taxable","16":"purchasable","17":"product-type-simple"},"_links":{"self":[{"href":"https:\/\/cmctiles.vn\/en\/wp-json\/wp\/v2\/product\/30110","targetHints":{"allow":["GET"]}}],"collection":[{"href":"https:\/\/cmctiles.vn\/en\/wp-json\/wp\/v2\/product"}],"about":[{"href":"https:\/\/cmctiles.vn\/en\/wp-json\/wp\/v2\/types\/product"}],"replies":[{"embeddable":true,"href":"https:\/\/cmctiles.vn\/en\/wp-json\/wp\/v2\/comments?post=30110"}],"version-history":[{"count":1,"href":"https:\/\/cmctiles.vn\/en\/wp-json\/wp\/v2\/product\/30110\/revisions"}],"predecessor-version":[{"id":30114,"href":"https:\/\/cmctiles.vn\/en\/wp-json\/wp\/v2\/product\/30110\/revisions\/30114"}],"wp:featuredmedia":[{"embeddable":true,"href":"https:\/\/cmctiles.vn\/en\/wp-json\/wp\/v2\/media\/30111"}],"wp:attachment":[{"href":"https:\/\/cmctiles.vn\/en\/wp-json\/wp\/v2\/media?parent=30110"}],"wp:term":[{"taxonomy":"product_brand","embeddable":true,"href":"https:\/\/cmctiles.vn\/en\/wp-json\/wp\/v2\/product_brand?post=30110"},{"taxonomy":"product_cat","embeddable":true,"href":"https:\/\/cmctiles.vn\/en\/wp-json\/wp\/v2\/product_cat?post=30110"},{"taxonomy":"product_tag","embeddable":true,"href":"https:\/\/cmctiles.vn\/en\/wp-json\/wp\/v2\/product_tag?post=30110"}],"curies":[{"name":"wp","href":"https:\/\/api.w.org\/{rel}","templated":true}]}}