{"id":30044,"date":"2024-07-03T17:25:46","date_gmt":"2024-07-03T10:25:46","guid":{"rendered":"https:\/\/cmctiles.vn\/?post_type=product&#038;p=30044"},"modified":"2024-07-04T15:56:17","modified_gmt":"2024-07-04T08:56:17","slug":"gach-lat-san-vuon-van-da-be-mat-dinh-hinh-dep-mat-ccm4060003s4","status":"publish","type":"product","link":"https:\/\/cmctiles.vn\/en\/ceramic\/gach-lat-san-vuon-van-da-be-mat-dinh-hinh-dep-mat-ccm4060003s4.html","title":{"rendered":"G\u1ea1ch l\u00e1t s\u00e2n v\u01b0\u1eddn v\u00e2n \u0111\u00e1 b\u1ec1 m\u1eb7t \u0111\u1ecbnh h\u00ecnh \u0111\u1eb9p m\u1eaft CCM4060003S4"},"content":{"rendered":"<p>G\u1ea1ch \u1ed1p l\u00e1t kh\u00f4ng ch\u1ec9 gi\u00fap ho\u00e0n thi\u1ec7n t\u00ednh th\u1ea9m m\u1ef9 trong khu\u00f4n vi\u00ean s\u00e2n v\u01b0\u1eddn m\u00e0 c\u00f2n mang \u0111\u1ebfn nhi\u1ec1u c\u00f4ng n\u0103ng tr\u1ea3i nghi\u1ec7m. Hi\u1ec7n \u0111\u1ea1i h\u00f3a thi\u1ebft k\u1ebf g\u1ea1ch l\u00e1t s\u00e2n v\u01b0\u1eddn t\u1eeb nh\u1eefng s\u1ea3n ph\u1ea9m g\u1ea1ch \u1ed1p l\u00e1t kh\u1ed5 vu\u00f4ng truy\u1ec1n th\u1ed1ng 30x30cm, 50x50cm, 60x60cm,&#8230;G\u1ea1ch \u1ed1p l\u00e1t CMC gi\u1edbi thi\u1ec7u t\u1edbi Qu\u00fd Kh\u00e1ch h\u00e0ng s\u1ea3n ph\u1ea9m g\u1ea1ch l\u00e1t s\u00e2n v\u01b0\u1eddn th\u1ebf h\u1ec7 m\u1edbi k\u00edch th\u01b0\u1edbc 40x60cm thi\u1ebft k\u1ebf tr\u1ebb trung v\u00e0 hi\u1ec7n \u0111\u1ea1i.<\/p>\n<ol>\n<li>\n<h2><b>Th\u00f4ng s\u1ed1 s\u1ea3n ph\u1ea9m<\/b><\/h2>\n<\/li>\n<\/ol>\n<table style=\"width: 87.2312%; height: 368px;\">\n<tbody>\n<tr style=\"height: 24px;\">\n<td style=\"height: 24px; width: 35.235%;\">M\u00e3 s\u1ea3n ph\u1ea9m<\/td>\n<td style=\"height: 24px; width: 140.93%;\"><strong>CCM4060003S4<\/strong><\/td>\n<\/tr>\n<tr style=\"height: 24px;\">\n<td style=\"height: 24px; width: 35.235%;\">BRANDS<\/td>\n<td style=\"height: 24px; width: 140.93%;\">CMC Tiles<\/td>\n<\/tr>\n<tr style=\"height: 24px;\">\n<td style=\"height: 24px; width: 35.235%;\">Ph\u00e2n lo\u1ea1i<\/td>\n<td style=\"height: 24px; width: 140.93%;\">Ceramic tiles<\/td>\n<\/tr>\n<tr style=\"height: 24px;\">\n<td style=\"height: 24px; width: 35.235%;\">M\u00e0u s\u1eafc<\/td>\n<td style=\"height: 24px; width: 140.93%;\">M\u00e0u ghi t\u1ed1i \u0111\u00e1 h\u1ecda ti\u1ebft \u00f4 k\u1ebb hi\u1ec7n \u0111\u1ea1i<\/td>\n<\/tr>\n<tr style=\"height: 24px;\">\n<td style=\"height: 24px; width: 35.235%;\">Sizes<\/td>\n<td style=\"height: 24px; width: 140.93%;\">400\u00d7600 mm<\/td>\n<\/tr>\n<tr style=\"height: 24px;\">\n<td style=\"height: 24px; width: 35.235%;\">\u0110\u1ed9 d\u00e0y<\/td>\n<td style=\"height: 24px; width: 140.93%;\">11,5 mm<\/td>\n<\/tr>\n<tr style=\"height: 24px;\">\n<td style=\"height: 24px; width: 35.235%;\">MATERIALS<\/td>\n<td style=\"height: 24px; width: 140.93%;\">Ceramic<\/td>\n<\/tr>\n<tr style=\"height: 24px;\">\n<td style=\"height: 24px; width: 35.235%;\">Surfaces<\/td>\n<td style=\"height: 24px; width: 140.93%;\">Matt Glaze<\/td>\n<\/tr>\n<tr style=\"height: 152px;\">\n<td style=\"height: 152px; width: 35.235%;\">Outstanding features<\/td>\n<td style=\"height: 152px; width: 140.93%;\">\n<ul>\n<li aria-level=\"1\">B\u1ec1 m\u1eb7t men matt ch\u1ed1ng tr\u01a1n tr\u01b0\u1ee3t hi\u1ec7u qu\u1ea3<\/li>\n<li aria-level=\"1\">Hoa v\u0103n hi\u1ec7n \u0111\u1ea1i, tr\u1ebb trung, gi\u00e1 th\u00e0nh v\u1eeba ph\u1ea3i<\/li>\n<li aria-level=\"1\">K\u00edch th\u01b0\u1edbc ph\u1ed5 th\u00f4ng, \u1ee9ng d\u1ee5ng \u0111a d\u1ea1ng<\/li>\n<li aria-level=\"1\">Non-ignition, non-expansion<\/li>\n<li aria-level=\"1\">Easy to clean, anti-bacterial, anti-mildew<\/li>\n<\/ul>\n<\/td>\n<\/tr>\n<tr style=\"height: 24px;\">\n<td style=\"height: 24px; width: 35.235%;\">APPLICATIONS<\/td>\n<td style=\"height: 24px; width: 140.93%;\">\u0110a d\u1ea1ng, v\u00ed d\u1ee5 ki\u1ebfn tr\u00fac nh\u00e0 \u1ed1ng, khu chung c\u01b0, nh\u00e0 \u1edf cao c\u1ea5p, bi\u1ec7t th\u1ef1, ph\u00f2ng kh\u00e1ch\u2026<\/td>\n<\/tr>\n<\/tbody>\n<\/table>\n<ol start=\"2\">\n<li>\n<h2><b>G\u1ea1ch l\u00e1t s\u00e2n v\u01b0\u1eddn CCM4060003S4 \u2013 s\u1ef1 l\u1ef1a ch\u1ecdn ho\u00e0n h\u1ea3o cho m\u1ecdi c\u00f4ng tr\u00ecnh<\/b><\/h2>\n<\/li>\n<\/ol>\n<figure id=\"attachment_29809\" class=\"wp-caption aligncenter\" style=\"width: 1168px;\" aria-describedby=\"caption-attachment-29809\"><img fetchpriority=\"high\" decoding=\"async\" class=\"alignnone wp-image-30039\" src=\"https:\/\/cmctiles.vn\/wp-content\/uploads\/2024\/07\/3S4-300x218.png\" alt=\"\" width=\"1168\" height=\"849\" title=\"\" srcset=\"https:\/\/cmctiles.vn\/wp-content\/uploads\/2024\/07\/3S4-300x218.png 300w, https:\/\/cmctiles.vn\/wp-content\/uploads\/2024\/07\/3S4-1024x744.png 1024w, https:\/\/cmctiles.vn\/wp-content\/uploads\/2024\/07\/3S4-768x558.png 768w, https:\/\/cmctiles.vn\/wp-content\/uploads\/2024\/07\/3S4-18x12.png 18w, https:\/\/cmctiles.vn\/wp-content\/uploads\/2024\/07\/3S4-386x280.png 386w, https:\/\/cmctiles.vn\/wp-content\/uploads\/2024\/07\/3S4-500x363.png 500w, https:\/\/cmctiles.vn\/wp-content\/uploads\/2024\/07\/3S4.png 1114w\" sizes=\"(max-width: 1168px) 100vw, 1168px\" \/><\/figure>\n<p style=\"text-align: center;\"><em>G\u1ea1ch l\u00e1t s\u00e2n v\u01b0\u1eddn gi\u1ea3 \u0111\u00e1 hi\u1ec7n \u0111\u1ea1i CCM4060003S4<\/em><\/p>\n<p>G\u1ea1ch l\u00e1t n\u1ec1n CCM4060003S4 l\u00e0 d\u00f2ng s\u1ea3n ph\u1ea9m g\u1ea1ch \u1ed1p l\u00e1t cao c\u1ea5p c\u1ee7a CMC v\u1edbi ch\u1ea5t li\u1ec7u x\u01b0\u01a1ng Ceramic nh\u1eb9 x\u1ed1p d\u1ec5 thi c\u00f4ng, \u0111\u1eb7c bi\u1ec7t ti\u1ebft ki\u1ec7m chi ph\u00ed cho nh\u1eefng kh\u00f4ng gian th\u1ee9 y\u1ebfu nh\u01b0 ngo\u1ea1i th\u1ea5t m\u00e0 v\u1eabn t\u1ed1i \u01b0u m\u1ecdi c\u00f4ng n\u0103ng. S\u1ea3n ph\u1ea9m s\u1edf h\u1eefu nh\u1eefng \u0111\u1eb7c \u0111i\u1ec3m n\u1ed5i b\u1eadt:<\/p>\n<ul>\n<li><em><strong>Kh\u1ea3 n\u0103ng ch\u1ed1ng tr\u01a1n tr\u01b0\u1ee3t \u01b0u vi\u1ec7t:<\/strong><\/em> B\u1ec1 m\u1eb7t men matt l\u00e0 b\u1ec1 m\u1eb7t men chuy\u00ean d\u1ee5ng v\u00e0 ch\u1ed1ng tr\u01a1n t\u1ed1t nh\u1ea5t hi\u1ec7n nay v\u1edbi \u0111\u1ed9 nh\u00e1m m\u1ecbn, b\u00e1m ch\u00e2n v\u00e0 \u0111\u1ed9 ch\u1ed1ng m\u00e0i m\u00f2i cao<\/li>\n<li><em><strong>Gi\u00e1 th\u00e0nh ph\u1ea3i ch\u0103ng, thi c\u00f4ng d\u1ec5 d\u00e0ng:<\/strong><\/em> X\u01b0\u01a1ng g\u1ea1ch Ceramic v\u1edbi \u0111\u1ed9 d\u00e0y 11.5mm ch\u1eafc ch\u1eafn, ch\u1ecbu l\u1ef1c t\u1ed1t v\u1edbi gi\u00e1 th\u00e0nh h\u1ee3p l\u00fd, ph\u00f9 h\u1ee3p v\u1edbi m\u1ecdi \u0111\u1ed1i t\u01b0\u1edfng<\/li>\n<li><em><strong>Hoa v\u0103n hi\u1ec7n \u0111\u1ea1i tinh t\u1ebf:<\/strong><\/em> M\u1eabu m\u00e3 \u0111a d\u1ea1ng v\u1edbi h\u1ecda ti\u1ebft v\u00e2n \u0111\u00e1, v\u00e2n xi m\u0103ng \u0111\u01a1n gi\u1ea3n, tinh t\u1ebf, ph\u00f9 h\u1ee3p phong c\u00e1ch thi\u1ebft k\u1ebf hi\u1ec7n \u0111\u1ea1i ng\u00e0y nay<\/li>\n<li><em><strong>Th\u1ea9m m\u1ef9 h\u00e0i h\u00f2a v\u00e0 s\u1ea1ch s\u1ebd:<\/strong><\/em> T\u00f4ng m\u00e0u ghi x\u00e1m kh\u00f4ng ch\u1ec9 mang t\u00ednh th\u1ea9m m\u1ef9 th\u1eddi th\u01b0\u1ee3ng m\u00e0 c\u00f2n t\u0103ng hi\u1ec7u \u1ee9ng s\u1ea1ch s\u1ebd cho kh\u00f4ng gian, \u0111\u1eb7c bi\u1ec7t nh\u1eefng kh\u00f4ng gian \u1ea9m \u01b0\u1edbt, d\u1ec5 b\u00e1m b\u1ea9n, r\u00eau m\u1ed1c<\/li>\n<\/ul>\n<p>Tr\u00ean \u0111\u00e2y l\u00e0 nh\u1eefng \u0111\u1eb7c \u0111i\u1ec3m n\u1ed5i b\u1eadt v\u00e0 l\u01b0u \u00fd khi qu\u00fd kh\u00e1ch l\u1ef1a ch\u1ecdn v\u00e0 s\u1eed d\u1ee5ng g\u1ea1ch \u1ed1p l\u00e1t\u00a0<strong>CCM4060003S4<\/strong>. Hy v\u1ecdng b\u00e0i vi\u1ebft s\u1ebd gi\u00fap \u00edch cho qu\u00fd v\u1ecb \u0111\u1ec3 l\u1ef1a ch\u1ecdn \u0111\u01b0\u1ee3c s\u1ea3n ph\u1ea9m ph\u00f9 h\u1ee3p nh\u1ea5t v\u1edbi kh\u00f4ng gian v\u00e0 chi ph\u00ed c\u1ee7a gia \u0111\u00ecnh.<\/p>\n<p>Vui l\u00f2ng \u0111\u1ec3 l\u1ea1i th\u00f4ng tin d\u01b0\u1edbi h\u1ed9p th\u01b0 d\u01b0\u1edbi \u0111\u00e2y n\u1ebfu qu\u00fd v\u1ecb c\u1ea7n gi\u1ea3i \u0111\u00e1p th\u1eafc m\u1eafc ho\u1eb7c nh\u1eadn s\u1ef1 t\u01b0 v\u1ea5n t\u1eeb chuy\u00ean gia c\u1ee7a CMC Tiles!<\/p>","protected":false},"excerpt":{"rendered":"<p>G\u1ea1ch \u1ed1p l\u00e1t kh\u00f4ng ch\u1ec9 gi\u00fap ho\u00e0n thi\u1ec7n t\u00ednh th\u1ea9m m\u1ef9 trong khu\u00f4n vi\u00ean s\u00e2n v\u01b0\u1eddn m\u00e0 c\u00f2n mang \u0111\u1ebfn nhi\u1ec1u c\u00f4ng n\u0103ng tr\u1ea3i nghi\u1ec7m. Hi\u1ec7n \u0111\u1ea1i h\u00f3a thi\u1ebft k\u1ebf g\u1ea1ch l\u00e1t s\u00e2n v\u01b0\u1eddn t\u1eeb nh\u1eefng s\u1ea3n ph\u1ea9m g\u1ea1ch \u1ed1p l\u00e1t kh\u1ed5 vu\u00f4ng truy\u1ec1n th\u1ed1ng 30x30cm, 50x50cm, 60x60cm,&#8230;G\u1ea1ch \u1ed1p l\u00e1t CMC gi\u1edbi thi\u1ec7u t\u1edbi Qu\u00fd [&hellip;]<\/p>\n","protected":false},"featured_media":30040,"comment_status":"open","ping_status":"closed","template":"","meta":[],"product_brand":[],"product_cat":[1009,1015,1083,1076,1017],"product_tag":[],"class_list":{"0":"post-30044","1":"product","2":"type-product","3":"status-publish","4":"has-post-thumbnail","6":"product_cat-ceramic","7":"product_cat-gach-lat","8":"product_cat-gach-lat-nen-van-da","9":"product_cat-gach-op-lat","10":"product_cat-gach-op-lat-cmc","12":"first","13":"instock","14":"taxable","15":"shipping-taxable","16":"purchasable","17":"product-type-simple"},"_links":{"self":[{"href":"https:\/\/cmctiles.vn\/en\/wp-json\/wp\/v2\/product\/30044","targetHints":{"allow":["GET"]}}],"collection":[{"href":"https:\/\/cmctiles.vn\/en\/wp-json\/wp\/v2\/product"}],"about":[{"href":"https:\/\/cmctiles.vn\/en\/wp-json\/wp\/v2\/types\/product"}],"replies":[{"embeddable":true,"href":"https:\/\/cmctiles.vn\/en\/wp-json\/wp\/v2\/comments?post=30044"}],"version-history":[{"count":2,"href":"https:\/\/cmctiles.vn\/en\/wp-json\/wp\/v2\/product\/30044\/revisions"}],"predecessor-version":[{"id":30059,"href":"https:\/\/cmctiles.vn\/en\/wp-json\/wp\/v2\/product\/30044\/revisions\/30059"}],"wp:featuredmedia":[{"embeddable":true,"href":"https:\/\/cmctiles.vn\/en\/wp-json\/wp\/v2\/media\/30040"}],"wp:attachment":[{"href":"https:\/\/cmctiles.vn\/en\/wp-json\/wp\/v2\/media?parent=30044"}],"wp:term":[{"taxonomy":"product_brand","embeddable":true,"href":"https:\/\/cmctiles.vn\/en\/wp-json\/wp\/v2\/product_brand?post=30044"},{"taxonomy":"product_cat","embeddable":true,"href":"https:\/\/cmctiles.vn\/en\/wp-json\/wp\/v2\/product_cat?post=30044"},{"taxonomy":"product_tag","embeddable":true,"href":"https:\/\/cmctiles.vn\/en\/wp-json\/wp\/v2\/product_tag?post=30044"}],"curies":[{"name":"wp","href":"https:\/\/api.w.org\/{rel}","templated":true}]}}