{"id":30009,"date":"2024-07-03T09:17:23","date_gmt":"2024-07-03T02:17:23","guid":{"rendered":"https:\/\/cmctiles.vn\/?post_type=product&#038;p=30009"},"modified":"2025-05-29T17:46:58","modified_gmt":"2025-05-29T10:46:58","slug":"gach-op-lat-mau-xanh-ghi-van-da-psg8080159s4","status":"publish","type":"product","link":"https:\/\/cmctiles.vn\/en\/gach-op-lat\/gach-op-lat-mau-xanh-ghi-van-da-psg8080159s5.html","title":{"rendered":"G\u1ea1ch \u1ed1p l\u00e1t m\u00e0u xanh ghi v\u00e2n \u0111\u00e1 PSG8080159S5"},"content":{"rendered":"<h2><b>1. Th\u00f4ng s\u1ed1 s\u1ea3n ph\u1ea9m<\/b><\/h2>\n<table>\n<tbody>\n<tr style=\"height: 24px;\">\n<td style=\"width: 26.0541%; height: 24px;\"><span style=\"font-weight: 400;\">M\u00e3 s\u1ea3n ph\u1ea9m<\/span><\/td>\n<td style=\"width: 85.5131%; height: 24px;\"><span style=\"font-weight: 400;\"><strong>PSG8080159S5<\/strong><\/span><\/td>\n<\/tr>\n<tr style=\"height: 24px;\">\n<td style=\"width: 26.0541%; height: 24px;\"><span style=\"font-weight: 400;\">BRANDS<\/span><\/td>\n<td style=\"width: 85.5131%; height: 24px;\"><span style=\"font-weight: 400;\">PRATO Tiles<\/span><\/td>\n<\/tr>\n<tr style=\"height: 24px;\">\n<td style=\"width: 26.0541%; height: 24px;\"><span style=\"font-weight: 400;\">Ph\u00e2n lo\u1ea1i<\/span><\/td>\n<td style=\"width: 85.5131%; height: 24px;\"><span style=\"font-weight: 400;\">Ceramic tiles\u00a0<\/span><\/td>\n<\/tr>\n<tr style=\"height: 24px;\">\n<td style=\"width: 26.0541%; height: 24px;\"><span style=\"font-weight: 400;\">M\u00e0u s\u1eafc<\/span><\/td>\n<td style=\"width: 85.5131%; height: 24px;\"><span style=\"font-weight: 400;\">M\u00e0u xanh ghi v\u00e2n \u0111\u00e1\u00a0<\/span><\/td>\n<\/tr>\n<tr style=\"height: 24px;\">\n<td style=\"width: 26.0541%; height: 24px;\"><span style=\"font-weight: 400;\">Sizes<\/span><\/td>\n<td style=\"width: 85.5131%; height: 24px;\"><span style=\"font-weight: 400;\">800&#215;800 mm<\/span><\/td>\n<\/tr>\n<tr style=\"height: 24px;\">\n<td style=\"width: 26.0541%; height: 24px;\"><span style=\"font-weight: 400;\">\u0110\u1ed9 d\u00e0y<\/span><\/td>\n<td style=\"width: 85.5131%; height: 24px;\"><span style=\"font-weight: 400;\">10.5 mm<\/span><\/td>\n<\/tr>\n<tr style=\"height: 24px;\">\n<td style=\"width: 26.0541%; height: 24px;\"><span style=\"font-weight: 400;\">MATERIALS\u00a0<\/span><\/td>\n<td style=\"width: 85.5131%; height: 24px;\"><span style=\"font-weight: 400;\">Porcelain (BIb)<\/span><\/td>\n<\/tr>\n<tr style=\"height: 24px;\">\n<td style=\"width: 26.0541%; height: 24px;\"><span style=\"font-weight: 400;\">Surfaces<\/span><\/td>\n<td style=\"width: 85.5131%; height: 24px;\"><span style=\"font-weight: 400;\">Glossy Glaze\u00a0<\/span><\/td>\n<\/tr>\n<tr style=\"height: 152px;\">\n<td style=\"width: 26.0541%; height: 152px;\"><span style=\"font-weight: 400;\">Outstanding features<\/span><\/td>\n<td style=\"width: 85.5131%; height: 152px;\">\n<ul>\n<li style=\"font-weight: 400;\" aria-level=\"1\"><span style=\"font-weight: 400;\">Hoa v\u0103n sang tr\u1ecdng, th\u1eddi th\u01b0\u1ee3ng<\/span><\/li>\n<li style=\"font-weight: 400;\" aria-level=\"1\"><span style=\"font-weight: 400;\">\u0110\u1ed3 b\u1ec1n u\u1ed1n ch\u1ecbu l\u1ef1c t\u1ed1t, th\u1ea5m h\u00fat n\u01b0\u1edbc th\u1ea5p<\/span><\/li>\n<li style=\"font-weight: 400;\" aria-level=\"1\"><span style=\"font-weight: 400;\">K\u00edch th\u01b0\u1edbc ph\u1ed5 th\u00f4ng, \u1ee9ng d\u1ee5ng \u0111a d\u1ea1ng<\/span><\/li>\n<li style=\"font-weight: 400;\" aria-level=\"1\"><span style=\"font-weight: 400;\">Non-ignition, non-expansion<\/span><\/li>\n<li style=\"font-weight: 400;\" aria-level=\"1\"><span style=\"font-weight: 400;\">Easy to clean, anti-bacterial, anti-mildew<\/span><\/li>\n<\/ul>\n<\/td>\n<\/tr>\n<tr style=\"height: 24px;\">\n<td style=\"width: 26.0541%; height: 24px;\"><span style=\"font-weight: 400;\">APPLICATIONS<\/span><\/td>\n<td style=\"width: 85.5131%; height: 24px;\"><span style=\"font-weight: 400;\">\u0110a d\u1ea1ng, v\u00ed d\u1ee5 ki\u1ebfn tr\u00fac nh\u00e0 \u1ed1ng, khu chung c\u01b0, nh\u00e0 \u1edf cao c\u1ea5p, bi\u1ec7t th\u1ef1, ph\u00f2ng kh\u00e1ch\u2026<\/span><\/td>\n<\/tr>\n<\/tbody>\n<\/table>\n<ol start=\"2\">\n<li>\n<h2><b> G\u1ea1ch \u1ed1p l\u00e1t PSG8080159S5 &#8211; s\u1ef1 l\u1ef1a ch\u1ecdn ho\u00e0n h\u1ea3o cho m\u1ecdi c\u00f4ng tr\u00ecnh\u00a0<\/b><\/h2>\n<\/li>\n<\/ol>\n<figure id=\"attachment_29834\" aria-describedby=\"caption-attachment-29834\" style=\"width: 860px\" class=\"wp-caption aligncenter\"><img fetchpriority=\"high\" decoding=\"async\" class=\"wp-image-29834\" src=\"https:\/\/cmctiles.vn\/wp-content\/uploads\/2024\/06\/PSG6060159S3-PC-300x280.png\" alt=\"\" width=\"860\" height=\"803\" title=\"\" srcset=\"https:\/\/cmctiles.vn\/wp-content\/uploads\/2024\/06\/PSG6060159S3-PC-300x280.png 300w, https:\/\/cmctiles.vn\/wp-content\/uploads\/2024\/06\/PSG6060159S3-PC-1024x957.png 1024w, https:\/\/cmctiles.vn\/wp-content\/uploads\/2024\/06\/PSG6060159S3-PC-768x718.png 768w, https:\/\/cmctiles.vn\/wp-content\/uploads\/2024\/06\/PSG6060159S3-PC-1536x1436.png 1536w, https:\/\/cmctiles.vn\/wp-content\/uploads\/2024\/06\/PSG6060159S3-PC-2048x1914.png 2048w, https:\/\/cmctiles.vn\/wp-content\/uploads\/2024\/06\/PSG6060159S3-PC-13x12.png 13w, https:\/\/cmctiles.vn\/wp-content\/uploads\/2024\/06\/PSG6060159S3-PC-500x467.png 500w\" sizes=\"(max-width: 860px) 100vw, 860px\" \/><figcaption id=\"caption-attachment-29834\" class=\"wp-caption-text\">M\u00e0u xanh ghi v\u00e2n v\u00e2n \u0111\u00e1 c\u1ee7a g\u1ea1ch \u1ed1p l\u00e1t PSG8080159S5<\/figcaption><\/figure>\n<p>&nbsp;<\/p>\n<p><span style=\"font-weight: 400;\">\u0110\u01b0\u1ee3c \u0111\u00e1nh gi\u00e1 l\u00e0 d\u00f2ng s\u1ea3n ph\u1ea9m g\u1ea1ch \u1ed1p l\u00e1t ch\u1ea5t l\u01b0\u1ee3ng v\u01b0\u1ee3t tr\u1ed9i v\u1edbi c\u00e1c hoa v\u0103n tinh t\u1ebf \u0111\u1ea7y \u1ea9n \u00fd, g\u1ea1ch v\u00e2n \u0111\u00e1 <strong>PSG8080159S5<\/strong><\/span><span style=\"font-weight: 400;\">\u00a0mang c\u1ea3m gi\u00e1c phi\u00eau l\u00e3ng bao la nh\u01b0 b\u1ea7u tr\u1eddi m\u00e2y. Nh\u1eefng \u0111\u1eb7c \u0111i\u1ec3m n\u1ed5i b\u1eadt khi\u1ebfn s\u1ea3n ph\u1ea9m g\u1ea1ch <strong>PSG8080159S5<\/strong><\/span><span style=\"font-weight: 400;\">\u00a0tr\u1edf th\u00e0nh m\u1ed9t l\u1ef1a ch\u1ecdn \u01b0u vi\u1ec7t trong l\u0129nh v\u1ef1c \u1ed1p l\u00e1t.\u00a0<\/span><\/p>\n<h3><i><span style=\"font-weight: 400;\">2.1. Nh\u1eefng \u0111\u01b0\u1eddng v\u00e2n nh\u01b0 nh\u1eefng \u0111\u00e1m m\u00e2y tr\u1eafng mu\u1ed1t l\u1eefng l\u1edd tr\u00f4i qua<\/span><\/i><\/h3>\n<p><span style=\"font-weight: 400;\">S\u1ea3n ph\u1ea9m l\u00e0 s\u1ef1 m\u00f4 ph\u1ecfng ho\u00e0n h\u1ea3o c\u1ee7a thi\u00ean nhi\u00ean v\u00e0 v\u0169 tr\u1ee5, g\u1ea1ch \u1ed1p l\u00e1t <strong>PSG8080159S5<\/strong><\/span><span style=\"font-weight: 400;\">\u00a0mang v\u1ebb \u0111\u1eb9p c\u1ee7a kh\u00f4ng gian v\u00f4 t\u1eadn, \u0111\u1ea7y m\u00e0u s\u1eafc v\u00e0 ti\u1ec1m n\u0103ng.\u00a0<\/span><\/p>\n<p><span style=\"font-weight: 400;\">C\u00e1c \u0111\u01b0\u1eddng loang v\u00e2n c\u00f2n l\u00e0m con ng\u01b0\u1eddi li\u00ean t\u01b0\u1edfng \u0111\u1ebfn nh\u1eefng d\u00f2ng s\u00f4ng l\u0103n t\u0103n, ch\u1ea3y cu\u1ed3n cu\u1ed9n v\u1ec1 ph\u00eda ch\u00e2n tr\u1eddi. G\u1ea1ch \u1ed1p l\u00e1t <strong>PSG8080159S5<\/strong><\/span><span style=\"font-weight: 400;\">\u00a0m\u00e0u xanh ghi th\u1ef1c s\u1ef1 bi\u1ebft c\u00e1ch khi\u1ebfn con ng\u01b0\u1eddi m\u00ea m\u1ea9n kh\u00f3 r\u1eddi.\u00a0<\/span><\/p>\n<h3><i><span style=\"font-weight: 400;\">2.2. T\u00ednh n\u0103ng m\u1ea1nh m\u1ebd v\u00e0 b\u1ec1n b\u1ec9\u00a0<\/span><\/i><\/h3>\n<p><span style=\"font-weight: 400;\">Ch\u1ea5t li\u1ec7u Porcelain (BIb) \u0111\u01b0\u1ee3c nung \u1edf nhi\u1ec7t \u0111\u1ed9 r\u1ea5t cao tr\u00ean 1200\u00b0C n\u00ean g\u1ea1ch c\u00f3 \u0111\u1ed9 c\u1ee9ng cao v\u00e0 kh\u1ea3 n\u0103ng h\u00fat n\u01b0\u1edbc th\u1ea5p.\u00a0<\/span><\/p>\n<p><span style=\"font-weight: 400;\">B\u1ec1 m\u1eb7t g\u1ea1ch b\u00f3ng b\u1ea9y, m\u01b0\u1ee3t m\u00e0 n\u00ean vi\u1ec7c v\u1ec7 sinh lau ch\u00f9i kh\u00f4ng c\u00f2n l\u00e0 \u0111i\u1ec1u \u0111\u00e1ng ng\u1ea1i. \u0110i\u1ec1u n\u00e0y ch\u1ee9ng minh s\u1ea3n ph\u1ea9m c\u00f3 kh\u1ea3 n\u0103ng duy tr\u00ec \u0111\u01b0\u1ee3c v\u1ebb m\u1edbi l\u00e2u d\u00e0i.\u00a0<\/span><\/p>\n<p><span style=\"font-weight: 400;\">Tr\u00ean \u0111\u00e2y l\u00e0 nh\u1eefng \u0111\u1eb7c \u0111i\u1ec3m n\u1ed5i b\u1eadt v\u00e0 l\u01b0u \u00fd khi qu\u00fd kh\u00e1ch l\u1ef1a ch\u1ecdn v\u00e0 s\u1eed d\u1ee5ng g\u1ea1ch \u1ed1p l\u00e1t <strong>PSG8080159S5<\/strong><\/span><span style=\"font-weight: 400;\">. Hy v\u1ecdng b\u00e0i vi\u1ebft s\u1ebd gi\u00fap \u00edch cho qu\u00fd v\u1ecb \u0111\u1ec3 l\u1ef1a ch\u1ecdn \u0111\u01b0\u1ee3c s\u1ea3n ph\u1ea9m ph\u00f9 h\u1ee3p nh\u1ea5t v\u1edbi kh\u00f4ng gian v\u00e0 chi ph\u00ed c\u1ee7a gia \u0111\u00ecnh.\u00a0<\/span><\/p>\n<p><span style=\"font-weight: 400;\">Vui l\u00f2ng \u0111\u1ec3 l\u1ea1i th\u00f4ng tin d\u01b0\u1edbi h\u1ed9p th\u01b0 d\u01b0\u1edbi \u0111\u00e2y n\u1ebfu qu\u00fd v\u1ecb c\u1ea7n gi\u1ea3i \u0111\u00e1p th\u1eafc m\u1eafc ho\u1eb7c nh\u1eadn s\u1ef1 t\u01b0 v\u1ea5n t\u1eeb chuy\u00ean gia c\u1ee7a CMC Tiles!<\/span><\/p>\n<p>&nbsp;<\/p>","protected":false},"excerpt":{"rendered":"<p>1. Th\u00f4ng s\u1ed1 s\u1ea3n ph\u1ea9m M\u00e3 s\u1ea3n ph\u1ea9m PSG8080159S5 Th\u01b0\u01a1ng hi\u1ec7u G\u1ea1ch \u1ed1p l\u00e1t PRATO Ph\u00e2n lo\u1ea1i G\u1ea1ch \u1ed1p l\u00e1t\u00a0 M\u00e0u s\u1eafc M\u00e0u xanh ghi v\u00e2n \u0111\u00e1\u00a0 K\u00edch th\u01b0\u1edbc 800&#215;800 mm \u0110\u1ed9 d\u00e0y 10.5 mm Ch\u1ea5t li\u1ec7u\u00a0 Porcelain (BIb) B\u1ec1 m\u1eb7t Men b\u00f3ng\u00a0 \u0110\u1eb7c \u0111i\u1ec3m n\u1ed5i b\u1eadt Hoa v\u0103n sang tr\u1ecdng, th\u1eddi th\u01b0\u1ee3ng \u0110\u1ed3 b\u1ec1n [&hellip;]<\/p>\n","protected":false},"featured_media":29836,"comment_status":"open","ping_status":"closed","template":"","meta":[],"product_brand":[],"product_cat":[1076,1015,1083,1016,1092,1023],"product_tag":[],"class_list":{"0":"post-30009","1":"product","2":"type-product","3":"status-publish","4":"has-post-thumbnail","6":"product_cat-gach-op-lat","7":"product_cat-gach-lat","8":"product_cat-gach-lat-nen-van-da","9":"product_cat-gach-op","10":"product_cat-gach-op-lat-prato","11":"product_cat-porcelain","13":"first","14":"instock","15":"taxable","16":"shipping-taxable","17":"purchasable","18":"product-type-simple"},"_links":{"self":[{"href":"https:\/\/cmctiles.vn\/en\/wp-json\/wp\/v2\/product\/30009","targetHints":{"allow":["GET"]}}],"collection":[{"href":"https:\/\/cmctiles.vn\/en\/wp-json\/wp\/v2\/product"}],"about":[{"href":"https:\/\/cmctiles.vn\/en\/wp-json\/wp\/v2\/types\/product"}],"replies":[{"embeddable":true,"href":"https:\/\/cmctiles.vn\/en\/wp-json\/wp\/v2\/comments?post=30009"}],"version-history":[{"count":4,"href":"https:\/\/cmctiles.vn\/en\/wp-json\/wp\/v2\/product\/30009\/revisions"}],"predecessor-version":[{"id":33423,"href":"https:\/\/cmctiles.vn\/en\/wp-json\/wp\/v2\/product\/30009\/revisions\/33423"}],"wp:featuredmedia":[{"embeddable":true,"href":"https:\/\/cmctiles.vn\/en\/wp-json\/wp\/v2\/media\/29836"}],"wp:attachment":[{"href":"https:\/\/cmctiles.vn\/en\/wp-json\/wp\/v2\/media?parent=30009"}],"wp:term":[{"taxonomy":"product_brand","embeddable":true,"href":"https:\/\/cmctiles.vn\/en\/wp-json\/wp\/v2\/product_brand?post=30009"},{"taxonomy":"product_cat","embeddable":true,"href":"https:\/\/cmctiles.vn\/en\/wp-json\/wp\/v2\/product_cat?post=30009"},{"taxonomy":"product_tag","embeddable":true,"href":"https:\/\/cmctiles.vn\/en\/wp-json\/wp\/v2\/product_tag?post=30009"}],"curies":[{"name":"wp","href":"https:\/\/api.w.org\/{rel}","templated":true}]}}