{"id":30004,"date":"2024-07-03T09:06:32","date_gmt":"2024-07-03T02:06:32","guid":{"rendered":"https:\/\/cmctiles.vn\/?post_type=product&#038;p=30004"},"modified":"2025-05-29T17:46:56","modified_gmt":"2025-05-29T10:46:56","slug":"gach-op-lat-mau-xam-xi-mang-van-da-thanh-lich-psg8080158s4","status":"publish","type":"product","link":"https:\/\/cmctiles.vn\/en\/gach-op-lat\/gach-op-lat-mau-xam-xi-mang-van-da-thanh-lich-psg8080158s5.html","title":{"rendered":"G\u1ea1ch \u1ed1p l\u00e1t m\u00e0u x\u00e1m xi m\u0103ng v\u00e2n \u0111\u00e1 thanh l\u1ecbch PSG8080158S5"},"content":{"rendered":"<h2><b>1. Th\u00f4ng s\u1ed1 s\u1ea3n ph\u1ea9m<\/b><\/h2>\n<table>\n<tbody>\n<tr style=\"height: 24px;\">\n<td style=\"width: 26.0541%; height: 24px;\"><span style=\"font-weight: 400;\">M\u00e3 s\u1ea3n ph\u1ea9m<\/span><\/td>\n<td style=\"width: 85.5131%; height: 24px;\"><span style=\"font-weight: 400;\"><strong>PSG8080158S5<\/strong><\/span><\/td>\n<\/tr>\n<tr style=\"height: 24px;\">\n<td style=\"width: 26.0541%; height: 24px;\"><span style=\"font-weight: 400;\">BRANDS<\/span><\/td>\n<td style=\"width: 85.5131%; height: 24px;\"><span style=\"font-weight: 400;\">PRATO Tiles<\/span><\/td>\n<\/tr>\n<tr style=\"height: 24px;\">\n<td style=\"width: 26.0541%; height: 24px;\"><span style=\"font-weight: 400;\">Ph\u00e2n lo\u1ea1i<\/span><\/td>\n<td style=\"width: 85.5131%; height: 24px;\"><span style=\"font-weight: 400;\">Ceramic tiles\u00a0<\/span><\/td>\n<\/tr>\n<tr style=\"height: 24px;\">\n<td style=\"width: 26.0541%; height: 24px;\"><span style=\"font-weight: 400;\">M\u00e0u s\u1eafc<\/span><\/td>\n<td style=\"width: 85.5131%; height: 24px;\"><span style=\"font-weight: 400;\">M\u00e0u x\u00e1m xi m\u0103ng v\u00e2n \u0111\u00e1\u00a0<\/span><\/td>\n<\/tr>\n<tr style=\"height: 24px;\">\n<td style=\"width: 26.0541%; height: 24px;\"><span style=\"font-weight: 400;\">Sizes<\/span><\/td>\n<td style=\"width: 85.5131%; height: 24px;\"><span style=\"font-weight: 400;\">800&#215;800 mm<\/span><\/td>\n<\/tr>\n<tr style=\"height: 24px;\">\n<td style=\"width: 26.0541%; height: 24px;\"><span style=\"font-weight: 400;\">\u0110\u1ed9 d\u00e0y<\/span><\/td>\n<td style=\"width: 85.5131%; height: 24px;\"><span style=\"font-weight: 400;\">10.5 mm<\/span><\/td>\n<\/tr>\n<tr style=\"height: 24px;\">\n<td style=\"width: 26.0541%; height: 24px;\"><span style=\"font-weight: 400;\">MATERIALS\u00a0<\/span><\/td>\n<td style=\"width: 85.5131%; height: 24px;\"><span style=\"font-weight: 400;\">Porcelain (BIb)<\/span><\/td>\n<\/tr>\n<tr style=\"height: 24px;\">\n<td style=\"width: 26.0541%; height: 24px;\"><span style=\"font-weight: 400;\">Surfaces<\/span><\/td>\n<td style=\"width: 85.5131%; height: 24px;\"><span style=\"font-weight: 400;\">Glossy Glaze\u00a0<\/span><\/td>\n<\/tr>\n<tr style=\"height: 152px;\">\n<td style=\"width: 26.0541%; height: 152px;\"><span style=\"font-weight: 400;\">Outstanding features<\/span><\/td>\n<td style=\"width: 85.5131%; height: 152px;\">\n<ul>\n<li style=\"font-weight: 400;\" aria-level=\"1\"><span style=\"font-weight: 400;\">Hoa v\u0103n sang tr\u1ecdng, th\u1eddi th\u01b0\u1ee3ng<\/span><\/li>\n<li style=\"font-weight: 400;\" aria-level=\"1\"><span style=\"font-weight: 400;\">\u0110\u1ed3 b\u1ec1n u\u1ed1n ch\u1ecbu l\u1ef1c t\u1ed1t, th\u1ea5m h\u00fat n\u01b0\u1edbc th\u1ea5p<\/span><\/li>\n<li style=\"font-weight: 400;\" aria-level=\"1\"><span style=\"font-weight: 400;\">K\u00edch th\u01b0\u1edbc ph\u1ed5 th\u00f4ng, \u1ee9ng d\u1ee5ng \u0111a d\u1ea1ng<\/span><\/li>\n<li style=\"font-weight: 400;\" aria-level=\"1\"><span style=\"font-weight: 400;\">Non-ignition, non-expansion<\/span><\/li>\n<li style=\"font-weight: 400;\" aria-level=\"1\"><span style=\"font-weight: 400;\">Easy to clean, anti-bacterial, anti-mildew<\/span><\/li>\n<\/ul>\n<\/td>\n<\/tr>\n<tr style=\"height: 24px;\">\n<td style=\"width: 26.0541%; height: 24px;\"><span style=\"font-weight: 400;\">APPLICATIONS<\/span><\/td>\n<td style=\"width: 85.5131%; height: 24px;\"><span style=\"font-weight: 400;\">\u0110a d\u1ea1ng, v\u00ed d\u1ee5 ki\u1ebfn tr\u00fac nh\u00e0 \u1ed1ng, khu chung c\u01b0, nh\u00e0 \u1edf cao c\u1ea5p, bi\u1ec7t th\u1ef1, ph\u00f2ng kh\u00e1ch\u2026<\/span><\/td>\n<\/tr>\n<\/tbody>\n<\/table>\n<ol start=\"2\">\n<li>\n<h2><b> Ceramic tiles <span style=\"font-weight: 400;\"><strong>PSG8080158S5<\/strong><\/span>\u00a0&#8211; s\u1ef1 l\u1ef1a ch\u1ecdn ho\u00e0n h\u1ea3o cho m\u1ecdi c\u00f4ng tr\u00ecnh<\/b><\/h2>\n<\/li>\n<\/ol>\n<p><span style=\"font-weight: 400;\">Kh\u00e1c v\u1edbi nh\u1eefng gam m\u00e0u r\u1ef1c r\u1ee1 hoa l\u1ec7, m\u00e0u xi m\u0103ng v\u00e2n \u0111\u00e1 c\u1ee7a g\u1ea1ch \u1ed1p l\u00e1t <strong>PSG8080158S5<\/strong> l\u1ea1i tr\u1ea7m \u1ed5n v\u00e0 r\u1ea5t gi\u1ea3n d\u1ecb. C\u00e1c \u0111\u01b0\u1eddng v\u00e2n s\u1eafc n\u00e9t l\u00e0 \u0111i\u1ec3m nh\u1ea5n n\u1ed5i b\u1eadt tr\u00ean n\u1ec1n x\u00e1m gi\u00fap s\u1ea3n ph\u1ea9m mang v\u1ebb \u0111\u1eb9p thu h\u00fat, tinh t\u1ebf m\u00e0 kh\u00f4ng k\u00e9m ph\u1ea7n sang tr\u1ecdng. Ch\u00ednh v\u00ec v\u1eady g\u1ea1ch \u1ed1p l\u00e1t <strong>PSG8080158S5<\/strong>\u00a0x\u1ee9ng \u0111\u00e1ng tr\u1edf th\u00e0nh m\u1ed9t xu h\u01b0\u1edbng m\u1edbi trong thi\u1ebft k\u1ebf n\u1ed9i th\u1ea5t \u0111\u01b0\u01a1ng \u0111\u1ea1i.<\/span><\/p>\n<figure id=\"attachment_29829\" aria-describedby=\"caption-attachment-29829\" style=\"width: 1135px\" class=\"wp-caption aligncenter\"><img fetchpriority=\"high\" decoding=\"async\" class=\"wp-image-29829\" src=\"https:\/\/cmctiles.vn\/wp-content\/uploads\/2024\/06\/PSG6060158S3-PC-300x276.png\" alt=\"\" width=\"1135\" height=\"1044\" title=\"\" srcset=\"https:\/\/cmctiles.vn\/wp-content\/uploads\/2024\/06\/PSG6060158S3-PC-300x276.png 300w, https:\/\/cmctiles.vn\/wp-content\/uploads\/2024\/06\/PSG6060158S3-PC-1024x942.png 1024w, https:\/\/cmctiles.vn\/wp-content\/uploads\/2024\/06\/PSG6060158S3-PC-768x706.png 768w, https:\/\/cmctiles.vn\/wp-content\/uploads\/2024\/06\/PSG6060158S3-PC-1536x1412.png 1536w, https:\/\/cmctiles.vn\/wp-content\/uploads\/2024\/06\/PSG6060158S3-PC-2048x1883.png 2048w, https:\/\/cmctiles.vn\/wp-content\/uploads\/2024\/06\/PSG6060158S3-PC-13x12.png 13w, https:\/\/cmctiles.vn\/wp-content\/uploads\/2024\/06\/PSG6060158S3-PC-305x280.png 305w, https:\/\/cmctiles.vn\/wp-content\/uploads\/2024\/06\/PSG6060158S3-PC-500x460.png 500w\" sizes=\"(max-width: 1135px) 100vw, 1135px\" \/><figcaption id=\"caption-attachment-29829\" class=\"wp-caption-text\">M\u00e0u x\u00e1m xi m\u0103ng v\u00e2n \u0111\u00e1 c\u1ee7a g\u1ea1ch <span style=\"font-weight: 400;\"><strong>PSG8080158S5<\/strong><\/span><\/figcaption><\/figure>\n<p>&nbsp;<\/p>\n<h3><i><span style=\"font-weight: 400;\">2.1. Phong c\u00e1ch thi\u1ebft k\u1ebf gi\u1ea3n d\u1ecb nh\u01b0ng n\u1ed5i b\u1eadt<\/span><\/i><\/h3>\n<p><span style=\"font-weight: 400;\">Nh\u1eefng \u0111i\u1ec3m xuy\u1ebfn tinh t\u1ebf tr\u00ean n\u1ec1n x\u00e1m xi m\u0103ng t\u1ed1i gi\u1ea3n l\u00e0 \u0111i\u1ec3m n\u1ed5i b\u1eadt c\u1ee7a vi\u00ean g\u1ea1ch. Tuy gi\u1ea3n d\u1ecb th\u1ebf nh\u01b0ng khi t\u1eadn d\u1ee5ng t\u1ed1i \u0111a \u00e1nh s\u00e1ng t\u1ef1 nhi\u00ean t\u1eeb c\u1eeda s\u1ed5 ho\u1eb7c c\u1eeda ra v\u00e0o th\u00ec g\u1ea1ch \u1ed1p l\u00e1t <strong>PSG8080158S5<\/strong>\u00a0s\u1ebd nh\u01b0 nh\u00e2n v\u1eadt ch\u00ednh thu h\u00fat m\u1ecdi \u00e1nh nh\u00ecn.\u00a0<\/span><\/p>\n<h3><i><span style=\"font-weight: 400;\">2.2. \u0110\u1eb7c \u0111i\u1ec3m n\u1ed5i b\u1eadt c\u1ee7a ch\u1ea5t li\u1ec7u g\u1ea1ch Porcelain <\/span><\/i><span style=\"font-weight: 400;\">(BIb)<\/span><\/h3>\n<p><span style=\"font-weight: 400;\">Ceramic tiles <strong>PSG8080158S5<\/strong><strong>\u00a0<\/strong>mang phong c\u00e1ch \u201cScandi\u201d n\u00ean g\u1ea1ch th\u01b0\u1eddng mang ki\u1ec3u d\u00e1ng \u0111\u01a1n gi\u1ea3n, kh\u00f4ng c\u1ea7u k\u1ef3 m\u00e0 ch\u00fa tr\u1ecdng v\u00e0o ch\u1ee9c n\u0103ng s\u1eed d\u1ee5ng. S\u1ea3n ph\u1ea9m \u0111\u01b0\u1ee3c \u0111\u00e1nh gi\u00e1 c\u00f3 \u0111\u1ed9 b\u1ec1n, \u0111\u1ed9 c\u1ee9ng, kh\u1ea3 n\u0103ng ch\u1ecbu m\u00e0i m\u00f2n cao.\u00a0<\/span><\/p>\n<p><span style=\"font-weight: 400;\">V\u00ec ch\u1ecbu \u0111\u01b0\u1ee3c t\u00e1c \u0111\u1ed9ng c\u1ee7a nhi\u1ec7t \u0111\u1ed9, h\u00f3a ch\u1ea5t, v\u1ebft b\u1ea9n n\u00ean vi\u1ec7c v\u1ec7 sinh hay lau ch\u00f9i tr\u1edf n\u00ean \u0111\u01a1n gi\u1ea3n h\u01a1n.\u00a0\u00a0<\/span><\/p>\n<h3><i><span style=\"font-weight: 400;\">2.3. T\u1ed1i \u01b0u tr\u1ea3i nghi\u1ec7m c\u1ee7a kh\u00e1ch h\u00e0ng<\/span><\/i><\/h3>\n<p><span style=\"font-weight: 400;\">B\u1ec1 m\u1eb7t men nano b\u00f3ng v\u1eeba mang \u0111\u1ebfn v\u1ebb \u0111\u1eb9p sang tr\u1ecdng, thu h\u00fat v\u1eeba thu\u1eadn ti\u1ec7n cho vi\u1ec7c ch\u0103m s\u00f3c v\u00e0 v\u1ec7 sinh s\u00e0n t\u01b0\u1eddng.<\/span><\/p>\n<p><span style=\"font-weight: 400;\">\u0110\u1ed9 b\u1ec1n u\u1ed1n v\u00e0 ch\u1ecbu l\u1ef1c t\u1ed1t, k\u00edch th\u01b0\u1edbc ph\u1ed5 th\u00f4ng n\u00ean c\u00f3 kh\u1ea3 n\u0103ng \u1ee9ng d\u1ee5ng trong c\u1ea3 l\u00e1t n\u1ec1n v\u00e0 \u1ed1p t\u01b0\u1eddng, mang \u0111\u1ebfn th\u1ea9m m\u1ef9 \u0111\u1ed3ng b\u1ed9 v\u00e0 h\u00e0i h\u00f2a.\u00a0<\/span><\/p>\n<p><span style=\"font-weight: 400;\">Tr\u00ean \u0111\u00e2y l\u00e0 nh\u1eefng \u0111\u1eb7c \u0111i\u1ec3m n\u1ed5i b\u1eadt v\u00e0 l\u01b0u \u00fd khi qu\u00fd kh\u00e1ch l\u1ef1a ch\u1ecdn v\u00e0 s\u1eed d\u1ee5ng g\u1ea1ch \u1ed1p l\u00e1t <strong>PSG8080158S5<\/strong>. Hy v\u1ecdng b\u00e0i vi\u1ebft s\u1ebd gi\u00fap \u00edch cho qu\u00fd v\u1ecb \u0111\u1ec3 l\u1ef1a ch\u1ecdn \u0111\u01b0\u1ee3c s\u1ea3n ph\u1ea9m ph\u00f9 h\u1ee3p nh\u1ea5t v\u1edbi kh\u00f4ng gian v\u00e0 chi ph\u00ed c\u1ee7a gia \u0111\u00ecnh.\u00a0<\/span><\/p>\n<p><span style=\"font-weight: 400;\">Vui l\u00f2ng \u0111\u1ec3 l\u1ea1i th\u00f4ng tin d\u01b0\u1edbi h\u1ed9p th\u01b0 d\u01b0\u1edbi \u0111\u00e2y n\u1ebfu qu\u00fd v\u1ecb c\u1ea7n gi\u1ea3i \u0111\u00e1p th\u1eafc m\u1eafc ho\u1eb7c nh\u1eadn s\u1ef1 t\u01b0 v\u1ea5n t\u1eeb chuy\u00ean gia c\u1ee7a CMC Tiles!<\/span><\/p>\n<p>&nbsp;<\/p>","protected":false},"excerpt":{"rendered":"<p>1. Th\u00f4ng s\u1ed1 s\u1ea3n ph\u1ea9m M\u00e3 s\u1ea3n ph\u1ea9m PSG8080158S5 Th\u01b0\u01a1ng hi\u1ec7u G\u1ea1ch \u1ed1p l\u00e1t PRATO Ph\u00e2n lo\u1ea1i G\u1ea1ch \u1ed1p l\u00e1t\u00a0 M\u00e0u s\u1eafc M\u00e0u x\u00e1m xi m\u0103ng v\u00e2n \u0111\u00e1\u00a0 K\u00edch th\u01b0\u1edbc 800&#215;800 mm \u0110\u1ed9 d\u00e0y 10.5 mm Ch\u1ea5t li\u1ec7u\u00a0 Porcelain (BIb) B\u1ec1 m\u1eb7t Men b\u00f3ng\u00a0 \u0110\u1eb7c \u0111i\u1ec3m n\u1ed5i b\u1eadt Hoa v\u0103n sang tr\u1ecdng, th\u1eddi th\u01b0\u1ee3ng \u0110\u1ed3 [&hellip;]<\/p>\n","protected":false},"featured_media":29830,"comment_status":"open","ping_status":"closed","template":"","meta":[],"product_brand":[],"product_cat":[1076,1015,1083,1016,1092,1023],"product_tag":[],"class_list":{"0":"post-30004","1":"product","2":"type-product","3":"status-publish","4":"has-post-thumbnail","6":"product_cat-gach-op-lat","7":"product_cat-gach-lat","8":"product_cat-gach-lat-nen-van-da","9":"product_cat-gach-op","10":"product_cat-gach-op-lat-prato","11":"product_cat-porcelain","13":"first","14":"instock","15":"taxable","16":"shipping-taxable","17":"purchasable","18":"product-type-simple"},"_links":{"self":[{"href":"https:\/\/cmctiles.vn\/en\/wp-json\/wp\/v2\/product\/30004","targetHints":{"allow":["GET"]}}],"collection":[{"href":"https:\/\/cmctiles.vn\/en\/wp-json\/wp\/v2\/product"}],"about":[{"href":"https:\/\/cmctiles.vn\/en\/wp-json\/wp\/v2\/types\/product"}],"replies":[{"embeddable":true,"href":"https:\/\/cmctiles.vn\/en\/wp-json\/wp\/v2\/comments?post=30004"}],"version-history":[{"count":5,"href":"https:\/\/cmctiles.vn\/en\/wp-json\/wp\/v2\/product\/30004\/revisions"}],"predecessor-version":[{"id":33413,"href":"https:\/\/cmctiles.vn\/en\/wp-json\/wp\/v2\/product\/30004\/revisions\/33413"}],"wp:featuredmedia":[{"embeddable":true,"href":"https:\/\/cmctiles.vn\/en\/wp-json\/wp\/v2\/media\/29830"}],"wp:attachment":[{"href":"https:\/\/cmctiles.vn\/en\/wp-json\/wp\/v2\/media?parent=30004"}],"wp:term":[{"taxonomy":"product_brand","embeddable":true,"href":"https:\/\/cmctiles.vn\/en\/wp-json\/wp\/v2\/product_brand?post=30004"},{"taxonomy":"product_cat","embeddable":true,"href":"https:\/\/cmctiles.vn\/en\/wp-json\/wp\/v2\/product_cat?post=30004"},{"taxonomy":"product_tag","embeddable":true,"href":"https:\/\/cmctiles.vn\/en\/wp-json\/wp\/v2\/product_tag?post=30004"}],"curies":[{"name":"wp","href":"https:\/\/api.w.org\/{rel}","templated":true}]}}