{"id":29923,"date":"2024-06-28T13:19:56","date_gmt":"2024-06-28T06:19:56","guid":{"rendered":"https:\/\/cmctiles.vn\/?post_type=product&#038;p=29923"},"modified":"2024-08-09T17:07:11","modified_gmt":"2024-08-09T10:07:11","slug":"gach-op-lat-van-go-rcm1580008s3-mau-vang-nau-thanh-lich","status":"publish","type":"product","link":"https:\/\/cmctiles.vn\/en\/ceramic\/gach-op-lat-van-go-rcm1580008s3-mau-vang-nau-thanh-lich.html","title":{"rendered":"G\u1ea1ch \u1ed1p l\u00e1t v\u00e2n g\u1ed7 RCM1580008S3 m\u00e0u v\u00e0ng n\u00e2u thanh l\u1ecbch"},"content":{"rendered":"<p>L\u1ea5y c\u1ea3m h\u1ee9ng t\u1eeb v\u1ebb \u0111\u1eb9p m\u1ed9c m\u1ea1c v\u00e0 tinh t\u1ebf c\u1ee7a c\u00e1c d\u00f2ng g\u1ed7 qu\u00fd, B\u1ed9 s\u01b0u t\u1eadp g\u1ea1ch thanh g\u1ed7 Refina mang t\u1edbi nh\u1eefng s\u1ea3n ph\u1ea9m g\u1ea1ch \u1ed1p l\u00e1t hoa v\u0103n tinh x\u1ea3o, th\u1eddi th\u01b0\u1ee3ng v\u00e0 sang tr\u1ecdng.<\/p>\n<h2><b>1. Th\u00f4ng s\u1ed1 s\u1ea3n ph\u1ea9m<\/b><\/h2>\n<table>\n<tbody>\n<tr>\n<td>M\u00e3 s\u1ea3n ph\u1ea9m<\/td>\n<td><strong>RCM1580008S3<\/strong><\/td>\n<\/tr>\n<tr>\n<td>BRANDS<\/td>\n<td>G\u1ea1ch \u1ed1p l\u00e1t REFINA<\/td>\n<\/tr>\n<tr>\n<td>Ph\u00e2n lo\u1ea1i<\/td>\n<td>G\u1ea1ch l\u00e1t n\u1ec1n, g\u1ea1ch \u1ed1p t\u01b0\u1eddng<\/td>\n<\/tr>\n<tr>\n<td>M\u00e0u s\u1eafc<\/td>\n<td>M\u00e0u v\u00e0ng n\u00e2u<\/td>\n<\/tr>\n<tr>\n<td>Sizes<\/td>\n<td>150 x 800 mm<\/td>\n<\/tr>\n<tr>\n<td>\u0110\u1ed9 d\u00e0y<\/td>\n<td>10.8 (mm)<\/td>\n<\/tr>\n<tr>\n<td>MATERIALS<\/td>\n<td>Ceramic<\/td>\n<\/tr>\n<tr>\n<td>Surfaces<\/td>\n<td>Men matt<\/td>\n<\/tr>\n<tr>\n<td>Outstanding features<\/td>\n<td>\n<ul>\n<li aria-level=\"1\">H\u1ecda ti\u1ebft s\u1eafc n\u00e9t, m\u00f4 ph\u1ecfng ch\u00e2n th\u1ef1c v\u1ebb \u0111\u1eb9p c\u1ee7a g\u1ed7 t\u1ef1 nhi\u00ean<\/li>\n<li aria-level=\"1\">\u0110\u1ed9 b\u1ec1n m\u00e0u v\u01b0\u1ee3t tr\u1ed9i h\u01a1n so v\u1edbi g\u1ed7 th\u01b0\u1eddng<\/li>\n<li aria-level=\"1\">D\u1ec5 \u1ee9ng d\u1ee5ng, d\u1ec5 thi c\u00f4ng<\/li>\n<li aria-level=\"1\">Non-ignition, non-expansion<\/li>\n<li aria-level=\"1\">D\u1ec5 v\u1ec7 sinh, ch\u1ed1ng n\u1ea5m m\u1ed1c, ch\u1ed1ng m\u1ed1i m\u1ecdt<\/li>\n<\/ul>\n<\/td>\n<\/tr>\n<tr>\n<td>APPLICATIONS<\/td>\n<td>\u0110a d\u1ea1ng, v\u00ed d\u1ee5 ki\u1ebfn tr\u00fac t\u01b0\u1eddng nh\u00e0 \u1ed1ng, khu chung c\u01b0, nh\u00e0 \u1edf cao c\u1ea5p, bi\u1ec7t th\u1ef1, ph\u00f2ng kh\u00e1ch, ph\u00f2ng t\u1eafm, nh\u00e0 b\u1ebfp\u2026<\/td>\n<\/tr>\n<\/tbody>\n<\/table>\n<h2><img fetchpriority=\"high\" decoding=\"async\" class=\"wp-image-29938 aligncenter\" src=\"https:\/\/cmctiles.vn\/wp-content\/uploads\/2024\/06\/432420283_963410089125461_2035222593490437786_n-300x300.jpg\" alt=\"\" width=\"960\" height=\"960\" title=\"\" srcset=\"https:\/\/cmctiles.vn\/wp-content\/uploads\/2024\/06\/432420283_963410089125461_2035222593490437786_n-300x300.jpg 300w, https:\/\/cmctiles.vn\/wp-content\/uploads\/2024\/06\/432420283_963410089125461_2035222593490437786_n-1024x1024.jpg 1024w, https:\/\/cmctiles.vn\/wp-content\/uploads\/2024\/06\/432420283_963410089125461_2035222593490437786_n-150x150.jpg 150w, https:\/\/cmctiles.vn\/wp-content\/uploads\/2024\/06\/432420283_963410089125461_2035222593490437786_n-768x768.jpg 768w, https:\/\/cmctiles.vn\/wp-content\/uploads\/2024\/06\/432420283_963410089125461_2035222593490437786_n-1536x1536.jpg 1536w, https:\/\/cmctiles.vn\/wp-content\/uploads\/2024\/06\/432420283_963410089125461_2035222593490437786_n-12x12.jpg 12w, https:\/\/cmctiles.vn\/wp-content\/uploads\/2024\/06\/432420283_963410089125461_2035222593490437786_n-280x280.jpg 280w, https:\/\/cmctiles.vn\/wp-content\/uploads\/2024\/06\/432420283_963410089125461_2035222593490437786_n-600x600.jpg 600w, https:\/\/cmctiles.vn\/wp-content\/uploads\/2024\/06\/432420283_963410089125461_2035222593490437786_n-500x500.jpg 500w, https:\/\/cmctiles.vn\/wp-content\/uploads\/2024\/06\/432420283_963410089125461_2035222593490437786_n-100x100.jpg 100w, https:\/\/cmctiles.vn\/wp-content\/uploads\/2024\/06\/432420283_963410089125461_2035222593490437786_n.jpg 2048w\" sizes=\"(max-width: 960px) 100vw, 960px\" \/><\/h2>\n<p style=\"text-align: center;\"><em>G\u1ea1ch \u1ed1p l\u00e1t v\u00e2n g\u1ed7 RCM1580008S3 m\u00e0u v\u00e0ng n\u00e2u thanh l\u1ecbch<\/em><\/p>\n<h2><span id=\"2Gach_op_lat_gia_go_W_158006_%E2%80%93_dong_san_pham_trung_cap_cua_CMC\" class=\"ez-toc-section\"><\/span><b>2.<\/b><b>G\u1ea1ch \u1ed1p l\u00e1t v\u00e2n g\u1ed7 RCM1580008S3<\/b><b>\u00a0\u2013 d\u00f2ng s\u1ea3n ph\u1ea9m trung c\u1ea5p c\u1ee7a CMC<\/b><\/h2>\n<p>Tr\u00ean n\u1ec1n x\u01b0\u01a1ng g\u1ea1ch Ceramic cao c\u1ea5p, l\u1edbp men matt g\u1ee3n nh\u1eb9 t\u1ea1o c\u1ea3m gi\u00e1c ch\u00e2n th\u1eadt, b\u00e1m tay nh\u01b0 ch\u1ea1m v\u00e0o g\u1ed7 th\u1eadt. T\u00f4ng m\u00e0u v\u00e0ng n\u00e2u c\u00f9ng h\u1ecda ti\u1ebft \u0111\u01b0\u1ee3c m\u00f4 ph\u1ecfng sinh \u0111\u1ed9ng \u0111\u1ebfn t\u1eebng \u0111\u01b0\u1eddng n\u00e9t. S\u1ea3n ph\u1ea9m g\u1ea1ch gi\u1ea3 g\u1ed7 RCM1580008S3 s\u1edf h\u1eefu c\u00f4ng n\u0103ng v\u01b0\u1ee3t tr\u1ed9i, ch\u1ed1ng th\u1ea5m h\u00fat n\u01b0\u1edbc, ch\u1ed1ng cong v\u00eanh v\u00e0 m\u1ed1i m\u1ecdt.<\/p>","protected":false},"excerpt":{"rendered":"<p>L\u1ea5y c\u1ea3m h\u1ee9ng t\u1eeb v\u1ebb \u0111\u1eb9p m\u1ed9c m\u1ea1c v\u00e0 tinh t\u1ebf c\u1ee7a c\u00e1c d\u00f2ng g\u1ed7 qu\u00fd, B\u1ed9 s\u01b0u t\u1eadp g\u1ea1ch thanh g\u1ed7 Refina mang t\u1edbi nh\u1eefng s\u1ea3n ph\u1ea9m g\u1ea1ch \u1ed1p l\u00e1t hoa v\u0103n tinh x\u1ea3o, th\u1eddi th\u01b0\u1ee3ng v\u00e0 sang tr\u1ecdng. 1. Th\u00f4ng s\u1ed1 s\u1ea3n ph\u1ea9m M\u00e3 s\u1ea3n ph\u1ea9m RCM1580008S3 Th\u01b0\u01a1ng hi\u1ec7u G\u1ea1ch \u1ed1p l\u00e1t REFINA [&hellip;]<\/p>\n","protected":false},"featured_media":29930,"comment_status":"open","ping_status":"closed","template":"","meta":[],"product_brand":[],"product_cat":[1009,1015,1084,1016,1076,1134],"product_tag":[],"class_list":{"0":"post-29923","1":"product","2":"type-product","3":"status-publish","4":"has-post-thumbnail","6":"product_cat-ceramic","7":"product_cat-gach-lat","8":"product_cat-gach-lat-nen-van-go","9":"product_cat-gach-op","10":"product_cat-gach-op-lat","11":"product_cat-gach-op-lat-refina","13":"first","14":"instock","15":"taxable","16":"shipping-taxable","17":"purchasable","18":"product-type-simple"},"_links":{"self":[{"href":"https:\/\/cmctiles.vn\/en\/wp-json\/wp\/v2\/product\/29923","targetHints":{"allow":["GET"]}}],"collection":[{"href":"https:\/\/cmctiles.vn\/en\/wp-json\/wp\/v2\/product"}],"about":[{"href":"https:\/\/cmctiles.vn\/en\/wp-json\/wp\/v2\/types\/product"}],"replies":[{"embeddable":true,"href":"https:\/\/cmctiles.vn\/en\/wp-json\/wp\/v2\/comments?post=29923"}],"version-history":[{"count":1,"href":"https:\/\/cmctiles.vn\/en\/wp-json\/wp\/v2\/product\/29923\/revisions"}],"predecessor-version":[{"id":29960,"href":"https:\/\/cmctiles.vn\/en\/wp-json\/wp\/v2\/product\/29923\/revisions\/29960"}],"wp:featuredmedia":[{"embeddable":true,"href":"https:\/\/cmctiles.vn\/en\/wp-json\/wp\/v2\/media\/29930"}],"wp:attachment":[{"href":"https:\/\/cmctiles.vn\/en\/wp-json\/wp\/v2\/media?parent=29923"}],"wp:term":[{"taxonomy":"product_brand","embeddable":true,"href":"https:\/\/cmctiles.vn\/en\/wp-json\/wp\/v2\/product_brand?post=29923"},{"taxonomy":"product_cat","embeddable":true,"href":"https:\/\/cmctiles.vn\/en\/wp-json\/wp\/v2\/product_cat?post=29923"},{"taxonomy":"product_tag","embeddable":true,"href":"https:\/\/cmctiles.vn\/en\/wp-json\/wp\/v2\/product_tag?post=29923"}],"curies":[{"name":"wp","href":"https:\/\/api.w.org\/{rel}","templated":true}]}}