{"id":29901,"date":"2024-06-28T11:16:01","date_gmt":"2024-06-28T04:16:01","guid":{"rendered":"https:\/\/cmctiles.vn\/?post_type=product&#038;p=29901"},"modified":"2024-06-28T11:17:12","modified_gmt":"2024-06-28T04:17:12","slug":"gach-op-lat-van-da-ghi-sang-sang-trong-ppg8080117s3","status":"publish","type":"product","link":"https:\/\/cmctiles.vn\/en\/gach-op-lat\/gach-op-lat-van-da-ghi-sang-sang-trong-ppg8080117s3.html","title":{"rendered":"G\u1ea1ch \u1ed1p l\u00e1t v\u00e2n \u0111\u00e1 ghi s\u00e1ng sang tr\u1ecdng PPG8080117S3\u00a0"},"content":{"rendered":"<p><span style=\"font-weight: 400;\">H\u01b0\u1edfng \u1ee9ng t\u1eeb phong c\u00e1ch Bauhaus v\u00e0 c\u00e1c tr\u01b0\u1eddng ph\u00e1i thi\u1ebft k\u1ebf hi\u1ec7n \u0111\u1ea1i, b\u1edfi th\u1ebf m\u00e0 s\u1ef1 t\u1ed1i gi\u1ea3n v\u00e0 ch\u00fa tr\u1ecdng c\u00f4ng n\u0103ng l\u00e0 s\u1ee9c \u1ea3nh h\u01b0\u1edfng r\u00f5 r\u1ec7t c\u1ee7a g\u1ea1ch <strong> PPG8080117S3<\/strong>. M\u00e0u s\u1eafc x\u00e1m tr\u1eafng g\u00f3p ph\u1ea7n l\u00e0m cho g\u1ea1ch mang v\u1ebb \u0111\u1eb9p thanh l\u1ecbch v\u00e0 trang nh\u00e3,\u00a0<strong> PPG8080117S3<\/strong> t\u1eeb \u0111\u00f3 tr\u1edf th\u00e0nh ngu\u1ed3n c\u1ea3m h\u1ee9ng cho c\u00e1c thi\u1ebft k\u1ebf t\u1ed1i gi\u1ea3n v\u00e0 hi\u1ec7u qu\u1ea3.<\/span><i><span style=\"font-weight: 400;\">\u00a0<\/span><\/i><\/p>\n<ol>\n<li>\n<h2><b> Th\u00f4ng s\u1ed1 s\u1ea3n ph\u1ea9m<\/b><\/h2>\n<\/li>\n<\/ol>\n<table style=\"width: 82.5743%; height: 368px;\">\n<tbody>\n<tr style=\"height: 24px;\">\n<td style=\"width: 26.0541%; height: 24px;\"><span style=\"font-weight: 400;\">M\u00e3 s\u1ea3n ph\u1ea9m<\/span><\/td>\n<td style=\"width: 85.5131%; height: 24px;\"><span style=\"font-weight: 400;\"><strong>PPG8080117S3<\/strong><\/span><\/td>\n<\/tr>\n<tr style=\"height: 24px;\">\n<td style=\"width: 26.0541%; height: 24px;\"><span style=\"font-weight: 400;\">BRANDS<\/span><\/td>\n<td style=\"width: 85.5131%; height: 24px;\"><span style=\"font-weight: 400;\">PRATO Tiles<\/span><\/td>\n<\/tr>\n<tr style=\"height: 24px;\">\n<td style=\"width: 26.0541%; height: 24px;\"><span style=\"font-weight: 400;\">Ph\u00e2n lo\u1ea1i<\/span><\/td>\n<td style=\"width: 85.5131%; height: 24px;\"><span style=\"font-weight: 400;\">Ceramic tiles\u00a0<\/span><\/td>\n<\/tr>\n<tr style=\"height: 24px;\">\n<td style=\"width: 26.0541%; height: 24px;\"><span style=\"font-weight: 400;\">M\u00e0u s\u1eafc<\/span><\/td>\n<td style=\"width: 85.5131%; height: 24px;\"><span style=\"font-weight: 400;\">M\u00e0u x\u00e1m tr\u1eafng v\u00e2n \u0111\u00e1 <\/span><\/td>\n<\/tr>\n<tr style=\"height: 24px;\">\n<td style=\"width: 26.0541%; height: 24px;\"><span style=\"font-weight: 400;\">Sizes<\/span><\/td>\n<td style=\"width: 85.5131%; height: 24px;\"><span style=\"font-weight: 400;\">800 x 800 mm<\/span><\/td>\n<\/tr>\n<tr style=\"height: 24px;\">\n<td style=\"width: 26.0541%; height: 24px;\"><span style=\"font-weight: 400;\">\u0110\u1ed9 d\u00e0y<\/span><\/td>\n<td style=\"width: 85.5131%; height: 24px;\"><span style=\"font-weight: 400;\">9,3 mm<\/span><\/td>\n<\/tr>\n<tr style=\"height: 24px;\">\n<td style=\"width: 26.0541%; height: 24px;\"><span style=\"font-weight: 400;\">MATERIALS\u00a0<\/span><\/td>\n<td style=\"width: 85.5131%; height: 24px;\"><span style=\"font-weight: 400;\">Porcelain<\/span><\/td>\n<\/tr>\n<tr style=\"height: 24px;\">\n<td style=\"width: 26.0541%; height: 24px;\"><span style=\"font-weight: 400;\">Surfaces<\/span><\/td>\n<td style=\"width: 85.5131%; height: 24px;\"><span style=\"font-weight: 400;\">Glossy Glaze\u00a0<\/span><\/td>\n<\/tr>\n<tr style=\"height: 152px;\">\n<td style=\"width: 26.0541%; height: 152px;\"><span style=\"font-weight: 400;\">Outstanding features<\/span><\/td>\n<td style=\"width: 85.5131%; height: 152px;\">\n<ul>\n<li style=\"font-weight: 400;\" aria-level=\"1\"><span style=\"font-weight: 400;\">Hoa v\u0103n sang tr\u1ecdng, th\u1eddi th\u01b0\u1ee3ng<\/span><\/li>\n<li style=\"font-weight: 400;\" aria-level=\"1\"><span style=\"font-weight: 400;\">\u0110\u1ed3 b\u1ec1n u\u1ed1n ch\u1ecbu l\u1ef1c t\u1ed1t, th\u1ea5m h\u00fat n\u01b0\u1edbc th\u1ea5p<\/span><\/li>\n<li style=\"font-weight: 400;\" aria-level=\"1\"><span style=\"font-weight: 400;\">K\u00edch th\u01b0\u1edbc ph\u1ed5 th\u00f4ng, \u1ee9ng d\u1ee5ng \u0111a d\u1ea1ng<\/span><\/li>\n<li style=\"font-weight: 400;\" aria-level=\"1\"><span style=\"font-weight: 400;\">Non-ignition, non-expansion<\/span><\/li>\n<li style=\"font-weight: 400;\" aria-level=\"1\"><span style=\"font-weight: 400;\">Easy to clean, anti-bacterial, anti-mildew<\/span><\/li>\n<\/ul>\n<\/td>\n<\/tr>\n<tr style=\"height: 24px;\">\n<td style=\"width: 26.0541%; height: 24px;\"><span style=\"font-weight: 400;\">APPLICATIONS<\/span><\/td>\n<td style=\"width: 85.5131%; height: 24px;\"><span style=\"font-weight: 400;\">\u0110a d\u1ea1ng, v\u00ed d\u1ee5 ki\u1ebfn tr\u00fac nh\u00e0 \u1ed1ng, khu chung c\u01b0, nh\u00e0 \u1edf cao c\u1ea5p, bi\u1ec7t th\u1ef1, ph\u00f2ng kh\u00e1ch\u2026<\/span><\/td>\n<\/tr>\n<\/tbody>\n<\/table>\n<ol start=\"2\">\n<li>\n<h2><b><span style=\"font-weight: 400;\"><strong> PPG8080117S3<\/strong><\/span> &#8211; d\u00f2ng s\u1ea3n ph\u1ea9m cao c\u1ea5p c\u1ee7a CMC\u00a0<\/b><\/h2>\n<\/li>\n<\/ol>\n<figure id=\"attachment_29904\" aria-describedby=\"caption-attachment-29904\" style=\"width: 1111px\" class=\"wp-caption aligncenter\"><img fetchpriority=\"high\" decoding=\"async\" class=\"wp-image-29904\" src=\"https:\/\/cmctiles.vn\/wp-content\/uploads\/2024\/06\/PPG6060117S3-4FACES-PC-1-300x228.jpg\" alt=\"\" width=\"1111\" height=\"844\" title=\"\" srcset=\"https:\/\/cmctiles.vn\/wp-content\/uploads\/2024\/06\/PPG6060117S3-4FACES-PC-1-300x228.jpg 300w, https:\/\/cmctiles.vn\/wp-content\/uploads\/2024\/06\/PPG6060117S3-4FACES-PC-1-1024x778.jpg 1024w, https:\/\/cmctiles.vn\/wp-content\/uploads\/2024\/06\/PPG6060117S3-4FACES-PC-1-768x584.jpg 768w, https:\/\/cmctiles.vn\/wp-content\/uploads\/2024\/06\/PPG6060117S3-4FACES-PC-1-1536x1167.jpg 1536w, https:\/\/cmctiles.vn\/wp-content\/uploads\/2024\/06\/PPG6060117S3-4FACES-PC-1-2048x1556.jpg 2048w, https:\/\/cmctiles.vn\/wp-content\/uploads\/2024\/06\/PPG6060117S3-4FACES-PC-1-16x12.jpg 16w, https:\/\/cmctiles.vn\/wp-content\/uploads\/2024\/06\/PPG6060117S3-4FACES-PC-1-369x280.jpg 369w, https:\/\/cmctiles.vn\/wp-content\/uploads\/2024\/06\/PPG6060117S3-4FACES-PC-1-500x380.jpg 500w\" sizes=\"(max-width: 1111px) 100vw, 1111px\" \/><figcaption id=\"caption-attachment-29904\" class=\"wp-caption-text\">M\u00e0u x\u00e1m tr\u1eafng sang tr\u1ecdng c\u1ee7a PPG8080117S3<\/figcaption><\/figure>\n<p>&nbsp;<\/p>\n<p><span style=\"font-weight: 400;\">L\u00e0 d\u00f2ng s\u1ea3n ph\u1ea9m cao c\u1ea5p c\u1ee7a CMC, <strong> PPG8080117S3<\/strong> mang t\u00ednh coi tr\u1ecdng s\u1ef1 h\u00e0i h\u00f2a gi\u1eefa h\u00ecnh th\u1ee9c v\u00e0 ch\u1ee9c n\u0103ng. <strong> PPG8080117S3<\/strong> gi\u00fap c\u00e1c gia ch\u1ee7 c\u00f3 th\u1ec3 t\u1eadn h\u01b0\u1edfng kh\u00f4ng gian s\u1ed1ng v\u1edbi nh\u1eefng \u201ctr\u1ea3i nghi\u1ec7m kh\u00f4ng gi\u1edbi h\u1ea1n\u201d, s\u1ea3n ph\u1ea9m lu\u00f4n l\u00e0 l\u1ef1a ch\u1ecdn l\u00fd t\u01b0\u1edfng cho c\u00e1c c\u00f4ng tr\u00ecnh thi\u1ebft k\u1ebf hi\u1ec7n \u0111\u1ea1i.\u00a0<\/span><\/p>\n<h3><i><span style=\"font-weight: 400;\">2.1. M\u00e0u s\u1eafc v\u00e0 \u0111\u01b0\u1eddng n\u00e9t d\u1ec5 d\u00e0ng h\u00f2a h\u1ee3p v\u1edbi kh\u00f4ng gian\u00a0<\/span><\/i><\/h3>\n<p><span style=\"font-weight: 400;\">C\u00f3 th\u1ec3 n\u00f3i m\u00e0u s\u1eafc v\u00e0 c\u00e1c \u0111\u01b0\u1eddng n\u00e9t tr\u00ean <strong> PPG8080117S3<\/strong> l\u00e0m con ng\u01b0\u1eddi li\u00ean t\u01b0\u1edfng \u0111\u1ebfn b\u1ec1 m\u1eb7t v\u1ecf s\u00f2 ph\u1eb3ng l\u00e1ng, m\u1ecbn m\u00e0ng k\u1ebft h\u1ee3p v\u1edbi nh\u1eefng v\u1ec7t v\u00e2n nh\u1eb9 nh\u00e0ng uy\u1ec3n chuy\u1ec3n. \u0110\u00f3 l\u00e0 nguy\u00ean do v\u00ec sao khi <strong> PPG8080117S3<\/strong> k\u1ebft h\u1ee3p v\u1edbi kh\u00f4ng gian n\u1ed9i th\u1ea5t l\u1ea1i t\u1ea1o n\u00ean v\u1ebb \u0111\u1eb9p h\u1ebft s\u1ee9c cao qu\u00fd v\u00e0 b\u00ecnh y\u00ean.\u00a0\u00a0<\/span><\/p>\n<h3><i><span style=\"font-weight: 400;\">2.2. T\u00ednh n\u0103ng m\u1ea1nh m\u1ebd v\u00e0 b\u1ec1n b\u1ec9\u00a0<\/span><\/i><\/h3>\n<p><span style=\"font-weight: 400;\">Ch\u1ea5t li\u1ec7u Porcelain \u0111\u01b0\u1ee3c nung \u1edf nhi\u1ec7t \u0111\u1ed9 r\u1ea5t cao tr\u00ean 1200\u00b0C n\u00ean g\u1ea1ch c\u00f3 \u0111\u1ed9 c\u1ee9ng cao v\u00e0 kh\u1ea3 n\u0103ng h\u00fat n\u01b0\u1edbc th\u1ea5p.\u00a0<\/span><\/p>\n<p><span style=\"font-weight: 400;\">B\u1ec1 m\u1eb7t g\u1ea1ch b\u00f3ng b\u1ea9y, m\u01b0\u1ee3t m\u00e0 n\u00ean vi\u1ec7c v\u1ec7 sinh lau ch\u00f9i kh\u00f4ng c\u00f2n l\u00e0 \u0111i\u1ec1u \u0111\u00e1ng ng\u1ea1i. \u0110i\u1ec1u n\u00e0y ch\u1ee9ng minh s\u1ea3n ph\u1ea9m c\u00f3 kh\u1ea3 n\u0103ng duy tr\u00ec \u0111\u01b0\u1ee3c v\u1ebb m\u1edbi l\u00e2u d\u00e0i.\u00a0<\/span><\/p>\n<p><span style=\"font-weight: 400;\">Tr\u00ean \u0111\u00e2y l\u00e0 nh\u1eefng \u0111\u1eb7c \u0111i\u1ec3m n\u1ed5i b\u1eadt v\u00e0 l\u01b0u \u00fd khi qu\u00fd kh\u00e1ch l\u1ef1a ch\u1ecdn v\u00e0 s\u1eed d\u1ee5ng g\u1ea1ch \u1ed1p l\u00e1t <strong> PPG8080117S3<\/strong>. Hy v\u1ecdng b\u00e0i vi\u1ebft s\u1ebd gi\u00fap \u00edch cho qu\u00fd v\u1ecb \u0111\u1ec3 l\u1ef1a ch\u1ecdn \u0111\u01b0\u1ee3c s\u1ea3n ph\u1ea9m ph\u00f9 h\u1ee3p nh\u1ea5t v\u1edbi kh\u00f4ng gian v\u00e0 chi ph\u00ed c\u1ee7a gia \u0111\u00ecnh.\u00a0<\/span><\/p>\n<p><span style=\"font-weight: 400;\">Vui l\u00f2ng \u0111\u1ec3 l\u1ea1i th\u00f4ng tin d\u01b0\u1edbi h\u1ed9p th\u01b0 d\u01b0\u1edbi \u0111\u00e2y n\u1ebfu qu\u00fd v\u1ecb c\u1ea7n gi\u1ea3i \u0111\u00e1p th\u1eafc m\u1eafc ho\u1eb7c nh\u1eadn s\u1ef1 t\u01b0 v\u1ea5n t\u1eeb chuy\u00ean gia c\u1ee7a CMC Tiles!<\/span><\/p>\n<p>&nbsp;<\/p>","protected":false},"excerpt":{"rendered":"<p>H\u01b0\u1edfng \u1ee9ng t\u1eeb phong c\u00e1ch Bauhaus v\u00e0 c\u00e1c tr\u01b0\u1eddng ph\u00e1i thi\u1ebft k\u1ebf hi\u1ec7n \u0111\u1ea1i, b\u1edfi th\u1ebf m\u00e0 s\u1ef1 t\u1ed1i gi\u1ea3n v\u00e0 ch\u00fa tr\u1ecdng c\u00f4ng n\u0103ng l\u00e0 s\u1ee9c \u1ea3nh h\u01b0\u1edfng r\u00f5 r\u1ec7t c\u1ee7a g\u1ea1ch PPG8080117S3. M\u00e0u s\u1eafc x\u00e1m tr\u1eafng g\u00f3p ph\u1ea7n l\u00e0m cho g\u1ea1ch mang v\u1ebb \u0111\u1eb9p thanh l\u1ecbch v\u00e0 trang nh\u00e3,\u00a0 PPG8080117S3 t\u1eeb \u0111\u00f3 tr\u1edf [&hellip;]<\/p>\n","protected":false},"featured_media":29905,"comment_status":"open","ping_status":"closed","template":"","meta":[],"product_brand":[],"product_cat":[1076,1015,1083,1016,1092,1023],"product_tag":[],"class_list":{"0":"post-29901","1":"product","2":"type-product","3":"status-publish","4":"has-post-thumbnail","6":"product_cat-gach-op-lat","7":"product_cat-gach-lat","8":"product_cat-gach-lat-nen-van-da","9":"product_cat-gach-op","10":"product_cat-gach-op-lat-prato","11":"product_cat-porcelain","13":"first","14":"instock","15":"taxable","16":"shipping-taxable","17":"purchasable","18":"product-type-simple"},"_links":{"self":[{"href":"https:\/\/cmctiles.vn\/en\/wp-json\/wp\/v2\/product\/29901","targetHints":{"allow":["GET"]}}],"collection":[{"href":"https:\/\/cmctiles.vn\/en\/wp-json\/wp\/v2\/product"}],"about":[{"href":"https:\/\/cmctiles.vn\/en\/wp-json\/wp\/v2\/types\/product"}],"replies":[{"embeddable":true,"href":"https:\/\/cmctiles.vn\/en\/wp-json\/wp\/v2\/comments?post=29901"}],"version-history":[{"count":2,"href":"https:\/\/cmctiles.vn\/en\/wp-json\/wp\/v2\/product\/29901\/revisions"}],"predecessor-version":[{"id":29907,"href":"https:\/\/cmctiles.vn\/en\/wp-json\/wp\/v2\/product\/29901\/revisions\/29907"}],"wp:featuredmedia":[{"embeddable":true,"href":"https:\/\/cmctiles.vn\/en\/wp-json\/wp\/v2\/media\/29905"}],"wp:attachment":[{"href":"https:\/\/cmctiles.vn\/en\/wp-json\/wp\/v2\/media?parent=29901"}],"wp:term":[{"taxonomy":"product_brand","embeddable":true,"href":"https:\/\/cmctiles.vn\/en\/wp-json\/wp\/v2\/product_brand?post=29901"},{"taxonomy":"product_cat","embeddable":true,"href":"https:\/\/cmctiles.vn\/en\/wp-json\/wp\/v2\/product_cat?post=29901"},{"taxonomy":"product_tag","embeddable":true,"href":"https:\/\/cmctiles.vn\/en\/wp-json\/wp\/v2\/product_tag?post=29901"}],"curies":[{"name":"wp","href":"https:\/\/api.w.org\/{rel}","templated":true}]}}