{"id":29865,"date":"2024-06-28T10:26:24","date_gmt":"2024-06-28T03:26:24","guid":{"rendered":"https:\/\/cmctiles.vn\/?post_type=product&#038;p=29865"},"modified":"2024-06-28T10:26:43","modified_gmt":"2024-06-28T03:26:43","slug":"gach-lat-san-mau-xam-tram-toi-gian-pcm6060016s4","status":"publish","type":"product","link":"https:\/\/cmctiles.vn\/en\/ceramic\/gach-lat-san-mau-xam-tram-toi-gian-pcm6060016s4.html","title":{"rendered":"G\u1ea1ch l\u00e1t s\u00e0n m\u00e0u x\u00e1m tr\u1ea7m t\u1ed1i gi\u1ea3n PCM6060016S4\u00a0"},"content":{"rendered":"<p><span style=\"font-weight: 400;\">Trong th\u1eddi \u0111\u1ea1i c\u1ee7a nh\u1eefng c\u00f4ng tr\u00ecnh \u1ea5n t\u01b0\u1ee3ng v\u1edbi v\u1ebb ngo\u00e0i l\u1ed9ng l\u1eaby, g\u1ea1ch l\u00e1t s\u00e0n x\u00e1m tr\u1ea7m v\u1eabn \u00e2m th\u1ea7m kh\u1eb3ng \u0111\u1ecbnh v\u1ecb th\u1ebf c\u1ee7a m\u00ecnh v\u00ec l\u00e0 v\u1eadt li\u1ec7u &#8220;b\u0103ng b\u1ec7&#8221; c\u1ee7a nh\u1eefng c\u00f4ng tr\u00ecnh ki\u1ebfn tr\u00fac v\u01b0\u1ee3t th\u1eddi gian, \u0111\u01b0\u1ee3c l\u1ea5y c\u1ea3m h\u1ee9ng t\u1eeb \u0111\u00f3 g\u1ea1ch \u1ed1p l\u00e1t <\/span><b>PCM6060016S4<\/b><span style=\"font-weight: 400;\"> kh\u00f4ng ch\u1ec9 mang \u0111\u1ebfn v\u1ebb \u0111\u1eb9p tinh t\u1ebf m\u00e0 c\u00f2n l\u00e0 gi\u1ea3i ph\u00e1p b\u1ec1n v\u1eefng, th\u00e2n thi\u1ec7n v\u1edbi m\u00f4i tr\u01b0\u1eddng.\u00a0<\/span><\/p>\n<ol>\n<li>\n<h2><b> Th\u00f4ng s\u1ed1 s\u1ea3n ph\u1ea9m\u00a0<\/b><\/h2>\n<\/li>\n<\/ol>\n<table>\n<tbody>\n<tr style=\"height: 24px;\">\n<td style=\"width: 26.0541%; height: 24px;\"><span style=\"font-weight: 400;\">M\u00e3 s\u1ea3n ph\u1ea9m<\/span><\/td>\n<td style=\"width: 85.5131%; height: 24px;\"><b>PCG6060016S4<\/b><\/td>\n<\/tr>\n<tr style=\"height: 24px;\">\n<td style=\"width: 26.0541%; height: 24px;\"><span style=\"font-weight: 400;\">BRANDS<\/span><\/td>\n<td style=\"width: 85.5131%; height: 24px;\"><span style=\"font-weight: 400;\">PRATO Tiles<\/span><\/td>\n<\/tr>\n<tr style=\"height: 24px;\">\n<td style=\"width: 26.0541%; height: 24px;\"><span style=\"font-weight: 400;\">Ph\u00e2n lo\u1ea1i<\/span><\/td>\n<td style=\"width: 85.5131%; height: 24px;\"><span style=\"font-weight: 400;\">Ceramic tiles\u00a0<\/span><\/td>\n<\/tr>\n<tr style=\"height: 24px;\">\n<td style=\"width: 26.0541%; height: 24px;\"><span style=\"font-weight: 400;\">M\u00e0u s\u1eafc<\/span><\/td>\n<td style=\"width: 85.5131%; height: 24px;\"><span style=\"font-weight: 400;\">M\u00e0u x\u00e1m tr\u1ea7m gi\u1ea3 \u0111\u00e1 <\/span><\/td>\n<\/tr>\n<tr style=\"height: 24px;\">\n<td style=\"width: 26.0541%; height: 24px;\"><span style=\"font-weight: 400;\">Sizes<\/span><\/td>\n<td style=\"width: 85.5131%; height: 24px;\"><span style=\"font-weight: 400;\">600&#215;600 mm<\/span><\/td>\n<\/tr>\n<tr style=\"height: 24px;\">\n<td style=\"width: 26.0541%; height: 24px;\"><span style=\"font-weight: 400;\">\u0110\u1ed9 d\u00e0y<\/span><\/td>\n<td style=\"width: 85.5131%; height: 24px;\"><span style=\"font-weight: 400;\">9,0 mm<\/span><\/td>\n<\/tr>\n<tr style=\"height: 24px;\">\n<td style=\"width: 26.0541%; height: 24px;\"><span style=\"font-weight: 400;\">MATERIALS\u00a0<\/span><\/td>\n<td style=\"width: 85.5131%; height: 24px;\"><span style=\"font-weight: 400;\">Ceramic\u00a0<\/span><\/td>\n<\/tr>\n<tr style=\"height: 24px;\">\n<td style=\"width: 26.0541%; height: 24px;\"><span style=\"font-weight: 400;\">Surfaces<\/span><\/td>\n<td style=\"width: 85.5131%; height: 24px;\"><span style=\"font-weight: 400;\">Men matt<\/span><\/td>\n<\/tr>\n<tr style=\"height: 152px;\">\n<td style=\"width: 26.0541%; height: 152px;\"><span style=\"font-weight: 400;\">Outstanding features<\/span><\/td>\n<td style=\"width: 85.5131%; height: 152px;\">\n<ul>\n<li style=\"font-weight: 400;\" aria-level=\"1\"><span style=\"font-weight: 400;\">Hoa v\u0103n sang tr\u1ecdng, th\u1eddi th\u01b0\u1ee3ng<\/span><\/li>\n<li style=\"font-weight: 400;\" aria-level=\"1\"><span style=\"font-weight: 400;\">\u0110\u1ed3 b\u1ec1n u\u1ed1n ch\u1ecbu l\u1ef1c t\u1ed1t, th\u1ea5m h\u00fat n\u01b0\u1edbc th\u1ea5p<\/span><\/li>\n<li style=\"font-weight: 400;\" aria-level=\"1\"><span style=\"font-weight: 400;\">K\u00edch th\u01b0\u1edbc ph\u1ed5 th\u00f4ng, \u1ee9ng d\u1ee5ng \u0111a d\u1ea1ng<\/span><\/li>\n<li style=\"font-weight: 400;\" aria-level=\"1\"><span style=\"font-weight: 400;\">Non-ignition, non-expansion<\/span><\/li>\n<li style=\"font-weight: 400;\" aria-level=\"1\"><span style=\"font-weight: 400;\">Easy to clean, anti-bacterial, anti-mildew<\/span><\/li>\n<\/ul>\n<\/td>\n<\/tr>\n<tr style=\"height: 24px;\">\n<td style=\"width: 26.0541%; height: 24px;\"><span style=\"font-weight: 400;\">APPLICATIONS<\/span><\/td>\n<td style=\"width: 85.5131%; height: 24px;\"><span style=\"font-weight: 400;\">\u0110a d\u1ea1ng, v\u00ed d\u1ee5 ki\u1ebfn tr\u00fac nh\u00e0 \u1ed1ng, khu chung c\u01b0, nh\u00e0 \u1edf cao c\u1ea5p, bi\u1ec7t th\u1ef1, ph\u00f2ng kh\u00e1ch\u2026<\/span><\/td>\n<\/tr>\n<\/tbody>\n<\/table>\n<ol start=\"2\">\n<li>\n<h2><b> G\u1ea1ch \u1ed1p l\u00e1t PCM6060016S4 &#8211; s\u1ef1 l\u1ef1a ch\u1ecdn ho\u00e0n h\u1ea3o cho m\u1ecdi c\u00f4ng tr\u00ecnh\u00a0<\/b><\/h2>\n<\/li>\n<\/ol>\n<figure id=\"attachment_29874\" aria-describedby=\"caption-attachment-29874\" style=\"width: 860px\" class=\"wp-caption aligncenter\"><img fetchpriority=\"high\" decoding=\"async\" class=\"wp-image-29874\" src=\"https:\/\/cmctiles.vn\/wp-content\/uploads\/2024\/06\/PCM6060016S4-PC-300x240.jpg\" alt=\"\" width=\"860\" height=\"688\" title=\"\" srcset=\"https:\/\/cmctiles.vn\/wp-content\/uploads\/2024\/06\/PCM6060016S4-PC-300x240.jpg 300w, https:\/\/cmctiles.vn\/wp-content\/uploads\/2024\/06\/PCM6060016S4-PC-1024x819.jpg 1024w, https:\/\/cmctiles.vn\/wp-content\/uploads\/2024\/06\/PCM6060016S4-PC-768x614.jpg 768w, https:\/\/cmctiles.vn\/wp-content\/uploads\/2024\/06\/PCM6060016S4-PC-1536x1229.jpg 1536w, https:\/\/cmctiles.vn\/wp-content\/uploads\/2024\/06\/PCM6060016S4-PC-2048x1638.jpg 2048w, https:\/\/cmctiles.vn\/wp-content\/uploads\/2024\/06\/PCM6060016S4-PC-15x12.jpg 15w, https:\/\/cmctiles.vn\/wp-content\/uploads\/2024\/06\/PCM6060016S4-PC-350x280.jpg 350w, https:\/\/cmctiles.vn\/wp-content\/uploads\/2024\/06\/PCM6060016S4-PC-500x400.jpg 500w\" sizes=\"(max-width: 860px) 100vw, 860px\" \/><figcaption id=\"caption-attachment-29874\" class=\"wp-caption-text\">M\u00e0u x\u00e1m tr\u1ea7m gi\u1ea3 \u0111\u00e1 c\u1ee7a g\u1ea1ch \u1ed1p l\u00e1t PCM6060015S4<\/figcaption><\/figure>\n<p>&nbsp;<\/p>\n<p><span style=\"font-weight: 400;\">Ceramic tiles <\/span><b>PCM6060016S4<\/b><span style=\"font-weight: 400;\"> &#8211; S\u1ef1 tinh t\u1ebf trong v\u1ebb gi\u1ea3n \u0111\u01a1n, v\u1edbi th\u1ebf m\u1ea1nh l\u00e0m n\u1ed5i b\u1eadt v\u1ea1n v\u1eadt nh\u01b0ng v\u1eabn kh\u00f4ng b\u1ecb lu m\u1edd trong kh\u00f4ng gian, <\/span><b>PCM6060016S4 <\/b><span style=\"font-weight: 400;\">ch\u1eafc ch\u1eafn<\/span> <span style=\"font-weight: 400;\">s\u1ebd mang \u0111\u1ebfn tr\u1ea3i nghi\u1ec7m \u01b0u vi\u1ec7t cho ng\u01b0\u1eddi d\u00f9ng.\u00a0<\/span><\/p>\n<h3><i><span style=\"font-weight: 400;\">2.1. Phong c\u00e1ch thi\u1ebft k\u1ebf gi\u1ea3n d\u1ecb nh\u01b0ng n\u1ed5i b\u1eadt<\/span><\/i><\/h3>\n<p><span style=\"font-weight: 400;\">Kh\u00f4ng c\u1ea7n c\u1ea7u k\u1ef3 hoa l\u1ec7, g\u1ea1ch \u1ed1p l\u00e1t <\/span><b>PCM6060016S4 <\/b><span style=\"font-weight: 400;\">t\u1ef1 t\u1ea1o n\u00ean n\u00e9t \u0111\u1eb9p ri\u00eang bi\u1ec7t, mang \u0111\u1ebfn cho ng\u01b0\u1eddi chi\u00eam ng\u01b0\u1ee1ng c\u1ea3m gi\u00e1c \u1ed5n \u0111\u1ecbnh v\u00e0 b\u00ecnh y\u00ean.\u00a0<\/span><\/p>\n<p><span style=\"font-weight: 400;\">S\u1ef1 xu\u1ea5t hi\u1ec7n c\u1ee7a g\u1ea1ch <\/span><b>PCM6060016S4<\/b><span style=\"font-weight: 400;\"> trong ng\u00f4i nh\u00e0 c\u1ee7a b\u1ea1n s\u1ebd khi\u1ebfn kh\u00f4ng gian tr\u1edf n\u00ean thanh tho\u00e1t, t\u0129nh l\u1eb7ng m\u00e0 kh\u00f4ng h\u1ec1 \u0111\u01a1n \u0111i\u1ec7u.<\/span><\/p>\n<h3><i><span style=\"font-weight: 400;\">2.2. \u0110\u1eb7c \u0111i\u1ec3m n\u1ed5i b\u1eadt c\u1ee7a ch\u1ea5t li\u1ec7u g\u1ea1ch Ceramic\u00a0<\/span><\/i><\/h3>\n<p><span style=\"font-weight: 400;\">B\u1ec1 m\u1eb7t men matt kh\u00f4ng ph\u1ea3n chi\u1ebfu \u00e1nh s\u00e1ng, t\u1ea1o c\u1ea3m gi\u00e1c m\u1ec1m m\u1ea1i, kh\u00f4ng l\u00f3a m\u1eaft. \u0110i\u1ec1u n\u00e0y gi\u00fap kh\u00f4ng gian tr\u1edf n\u00ean d\u1ec5 ch\u1ecbu, tho\u1ea3i m\u00e1i h\u01a1n. Ngo\u00e0i ra g\u1ea1ch kh\u00f4ng d\u1ec5 b\u00e1m b\u1ee5i ho\u1eb7c v\u00e2n tay, kh\u1ea3 n\u0103ng ch\u1ed1ng tr\u01b0\u1ee3t r\u1ea5t t\u1ed1t.\u00a0<\/span><\/p>\n<p><span style=\"font-weight: 400;\">V\u1edbi v\u1ebb ngo\u00e0i trung t\u00ednh, g\u1ea1ch men matt c\u00f3 th\u1ec3 ph\u00f9 h\u1ee3p v\u1edbi nhi\u1ec1u phong c\u00e1ch thi\u1ebft k\u1ebf kh\u00e1c nhau, t\u1eeb hi\u1ec7n \u0111\u1ea1i \u0111\u1ebfn c\u1ed5 \u0111i\u1ec3n.<\/span><\/p>\n<p><span style=\"font-weight: 400;\">Tr\u00ean \u0111\u00e2y l\u00e0 nh\u1eefng \u0111\u1eb7c \u0111i\u1ec3m n\u1ed5i b\u1eadt v\u00e0 l\u01b0u \u00fd khi qu\u00fd kh\u00e1ch l\u1ef1a ch\u1ecdn v\u00e0 s\u1eed d\u1ee5ng g\u1ea1ch \u1ed1p l\u00e1t <\/span><b>PCM6060016S4<\/b><span style=\"font-weight: 400;\">. Hy v\u1ecdng b\u00e0i vi\u1ebft s\u1ebd gi\u00fap \u00edch cho qu\u00fd v\u1ecb \u0111\u1ec3 l\u1ef1a ch\u1ecdn \u0111\u01b0\u1ee3c s\u1ea3n ph\u1ea9m ph\u00f9 h\u1ee3p nh\u1ea5t v\u1edbi kh\u00f4ng gian v\u00e0 chi ph\u00ed c\u1ee7a gia \u0111\u00ecnh.\u00a0<\/span><\/p>\n<p><span style=\"font-weight: 400;\">Vui l\u00f2ng \u0111\u1ec3 l\u1ea1i th\u00f4ng tin d\u01b0\u1edbi h\u1ed9p th\u01b0 d\u01b0\u1edbi \u0111\u00e2y n\u1ebfu qu\u00fd v\u1ecb c\u1ea7n gi\u1ea3i \u0111\u00e1p th\u1eafc m\u1eafc ho\u1eb7c nh\u1eadn s\u1ef1 t\u01b0 v\u1ea5n t\u1eeb chuy\u00ean gia c\u1ee7a CMC Tiles!<\/span><\/p>\n<p>&nbsp;<\/p>","protected":false},"excerpt":{"rendered":"<p>Trong th\u1eddi \u0111\u1ea1i c\u1ee7a nh\u1eefng c\u00f4ng tr\u00ecnh \u1ea5n t\u01b0\u1ee3ng v\u1edbi v\u1ebb ngo\u00e0i l\u1ed9ng l\u1eaby, g\u1ea1ch l\u00e1t s\u00e0n x\u00e1m tr\u1ea7m v\u1eabn \u00e2m th\u1ea7m kh\u1eb3ng \u0111\u1ecbnh v\u1ecb th\u1ebf c\u1ee7a m\u00ecnh v\u00ec l\u00e0 v\u1eadt li\u1ec7u &#8220;b\u0103ng b\u1ec7&#8221; c\u1ee7a nh\u1eefng c\u00f4ng tr\u00ecnh ki\u1ebfn tr\u00fac v\u01b0\u1ee3t th\u1eddi gian, \u0111\u01b0\u1ee3c l\u1ea5y c\u1ea3m h\u1ee9ng t\u1eeb \u0111\u00f3 g\u1ea1ch \u1ed1p l\u00e1t PCM6060016S4 kh\u00f4ng ch\u1ec9 [&hellip;]<\/p>\n","protected":false},"featured_media":29875,"comment_status":"open","ping_status":"closed","template":"","meta":[],"product_brand":[],"product_cat":[1009,1015,1016,1076,1092],"product_tag":[],"class_list":{"0":"post-29865","1":"product","2":"type-product","3":"status-publish","4":"has-post-thumbnail","6":"product_cat-ceramic","7":"product_cat-gach-lat","8":"product_cat-gach-op","9":"product_cat-gach-op-lat","10":"product_cat-gach-op-lat-prato","12":"first","13":"instock","14":"taxable","15":"shipping-taxable","16":"purchasable","17":"product-type-simple"},"_links":{"self":[{"href":"https:\/\/cmctiles.vn\/en\/wp-json\/wp\/v2\/product\/29865","targetHints":{"allow":["GET"]}}],"collection":[{"href":"https:\/\/cmctiles.vn\/en\/wp-json\/wp\/v2\/product"}],"about":[{"href":"https:\/\/cmctiles.vn\/en\/wp-json\/wp\/v2\/types\/product"}],"replies":[{"embeddable":true,"href":"https:\/\/cmctiles.vn\/en\/wp-json\/wp\/v2\/comments?post=29865"}],"version-history":[{"count":3,"href":"https:\/\/cmctiles.vn\/en\/wp-json\/wp\/v2\/product\/29865\/revisions"}],"predecessor-version":[{"id":29878,"href":"https:\/\/cmctiles.vn\/en\/wp-json\/wp\/v2\/product\/29865\/revisions\/29878"}],"wp:featuredmedia":[{"embeddable":true,"href":"https:\/\/cmctiles.vn\/en\/wp-json\/wp\/v2\/media\/29875"}],"wp:attachment":[{"href":"https:\/\/cmctiles.vn\/en\/wp-json\/wp\/v2\/media?parent=29865"}],"wp:term":[{"taxonomy":"product_brand","embeddable":true,"href":"https:\/\/cmctiles.vn\/en\/wp-json\/wp\/v2\/product_brand?post=29865"},{"taxonomy":"product_cat","embeddable":true,"href":"https:\/\/cmctiles.vn\/en\/wp-json\/wp\/v2\/product_cat?post=29865"},{"taxonomy":"product_tag","embeddable":true,"href":"https:\/\/cmctiles.vn\/en\/wp-json\/wp\/v2\/product_tag?post=29865"}],"curies":[{"name":"wp","href":"https:\/\/api.w.org\/{rel}","templated":true}]}}