{"id":29858,"date":"2024-06-28T10:11:33","date_gmt":"2024-06-28T03:11:33","guid":{"rendered":"https:\/\/cmctiles.vn\/?post_type=product&#038;p=29858"},"modified":"2024-06-28T10:13:33","modified_gmt":"2024-06-28T03:13:33","slug":"gach-op-lat-mau-xam-tram-van-da-sang-trong-pcg6060014s4","status":"publish","type":"product","link":"https:\/\/cmctiles.vn\/en\/ceramic\/gach-op-lat-mau-xam-tram-van-da-sang-trong-pcg6060014s4.html","title":{"rendered":"G\u1ea1ch \u1ed1p l\u00e1t m\u00e0u x\u00e1m tr\u1ea7m v\u00e2n \u0111\u00e1 sang tr\u1ecdng PCG6060014S4"},"content":{"rendered":"<p><span style=\"font-weight: 400;\">\u0110\u01b0\u1ee3c t\u1ea1o n\u00ean t\u1eeb nh\u1eefng nguy\u00ean li\u1ec7u c\u00f3 c\u1ea5u tr\u00fac v\u1eefng ch\u00e3i nh\u01b0 \u0111\u00e1 v\u00e0 c\u00e1c kho\u00e1ng ch\u1ea5t, g\u1ea1ch \u1ed1p l\u00e1t <\/span><b>PCG6060014S4 <\/b><span style=\"font-weight: 400;\">kh\u00f4ng ch\u1ec9 ch\u00fa tr\u1ecdng v\u00e0o th\u1ea9m m\u1ef9 m\u00e0 c\u00f2n mang t\u1edbi ch\u1ea5t l\u01b0\u1ee3ng ch\u1eafc ch\u1eafn v\u00e0 b\u1ec1n b\u1ec9, ph\u00f9 h\u1ee3p cho vi\u1ec7c x\u00e2y d\u1ef1ng c\u00e1c c\u00f4ng tr\u00ecnh ki\u1ebfn tr\u00fac l\u00e2u b\u1ec1n v\u00e0 hi\u1ec7n \u0111\u1ea1i.\u00a0<\/span><\/p>\n<ol>\n<li>\n<h2><b> Th\u00f4ng s\u1ed1 s\u1ea3n ph\u1ea9m\u00a0<\/b><\/h2>\n<\/li>\n<\/ol>\n<table>\n<tbody>\n<tr style=\"height: 24px;\">\n<td style=\"width: 26.0541%; height: 24px;\"><span style=\"font-weight: 400;\">M\u00e3 s\u1ea3n ph\u1ea9m<\/span><\/td>\n<td style=\"width: 85.5131%; height: 24px;\"><b>PCG6060014S4<\/b><\/td>\n<\/tr>\n<tr style=\"height: 24px;\">\n<td style=\"width: 26.0541%; height: 24px;\"><span style=\"font-weight: 400;\">BRANDS<\/span><\/td>\n<td style=\"width: 85.5131%; height: 24px;\"><span style=\"font-weight: 400;\">PRATO Tiles<\/span><\/td>\n<\/tr>\n<tr style=\"height: 24px;\">\n<td style=\"width: 26.0541%; height: 24px;\"><span style=\"font-weight: 400;\">Ph\u00e2n lo\u1ea1i<\/span><\/td>\n<td style=\"width: 85.5131%; height: 24px;\"><span style=\"font-weight: 400;\">Ceramic tiles\u00a0<\/span><\/td>\n<\/tr>\n<tr style=\"height: 24px;\">\n<td style=\"width: 26.0541%; height: 24px;\"><span style=\"font-weight: 400;\">M\u00e0u s\u1eafc<\/span><\/td>\n<td style=\"width: 85.5131%; height: 24px;\"><span style=\"font-weight: 400;\">M\u00e0u x\u00e1m tr\u1ea7m v\u00e2n \u0111\u00e1 <\/span><\/td>\n<\/tr>\n<tr style=\"height: 24px;\">\n<td style=\"width: 26.0541%; height: 24px;\"><span style=\"font-weight: 400;\">Sizes<\/span><\/td>\n<td style=\"width: 85.5131%; height: 24px;\"><span style=\"font-weight: 400;\">600&#215;600 mm<\/span><\/td>\n<\/tr>\n<tr style=\"height: 24px;\">\n<td style=\"width: 26.0541%; height: 24px;\"><span style=\"font-weight: 400;\">\u0110\u1ed9 d\u00e0y<\/span><\/td>\n<td style=\"width: 85.5131%; height: 24px;\"><span style=\"font-weight: 400;\">9,0 mm<\/span><\/td>\n<\/tr>\n<tr style=\"height: 24px;\">\n<td style=\"width: 26.0541%; height: 24px;\"><span style=\"font-weight: 400;\">MATERIALS\u00a0<\/span><\/td>\n<td style=\"width: 85.5131%; height: 24px;\"><span style=\"font-weight: 400;\">Ceramic\u00a0<\/span><\/td>\n<\/tr>\n<tr style=\"height: 24px;\">\n<td style=\"width: 26.0541%; height: 24px;\"><span style=\"font-weight: 400;\">Surfaces<\/span><\/td>\n<td style=\"width: 85.5131%; height: 24px;\"><span style=\"font-weight: 400;\">Glossy Glaze\u00a0<\/span><\/td>\n<\/tr>\n<tr style=\"height: 152px;\">\n<td style=\"width: 26.0541%; height: 152px;\"><span style=\"font-weight: 400;\">Outstanding features<\/span><\/td>\n<td style=\"width: 85.5131%; height: 152px;\">\n<ul>\n<li style=\"font-weight: 400;\" aria-level=\"1\"><span style=\"font-weight: 400;\">Hoa v\u0103n sang tr\u1ecdng, th\u1eddi th\u01b0\u1ee3ng<\/span><\/li>\n<li style=\"font-weight: 400;\" aria-level=\"1\"><span style=\"font-weight: 400;\">\u0110\u1ed3 b\u1ec1n u\u1ed1n ch\u1ecbu l\u1ef1c t\u1ed1t, th\u1ea5m h\u00fat n\u01b0\u1edbc th\u1ea5p<\/span><\/li>\n<li style=\"font-weight: 400;\" aria-level=\"1\"><span style=\"font-weight: 400;\">K\u00edch th\u01b0\u1edbc ph\u1ed5 th\u00f4ng, \u1ee9ng d\u1ee5ng \u0111a d\u1ea1ng<\/span><\/li>\n<li style=\"font-weight: 400;\" aria-level=\"1\"><span style=\"font-weight: 400;\">Non-ignition, non-expansion<\/span><\/li>\n<li style=\"font-weight: 400;\" aria-level=\"1\"><span style=\"font-weight: 400;\">Easy to clean, anti-bacterial, anti-mildew<\/span><\/li>\n<\/ul>\n<\/td>\n<\/tr>\n<tr style=\"height: 24px;\">\n<td style=\"width: 26.0541%; height: 24px;\"><span style=\"font-weight: 400;\">APPLICATIONS<\/span><\/td>\n<td style=\"width: 85.5131%; height: 24px;\"><span style=\"font-weight: 400;\">\u0110a d\u1ea1ng, v\u00ed d\u1ee5 ki\u1ebfn tr\u00fac nh\u00e0 \u1ed1ng, khu chung c\u01b0, nh\u00e0 \u1edf cao c\u1ea5p, bi\u1ec7t th\u1ef1, ph\u00f2ng kh\u00e1ch\u2026<\/span><\/td>\n<\/tr>\n<\/tbody>\n<\/table>\n<ol start=\"2\">\n<li>\n<h2><b> G\u1ea1ch \u1ed1p l\u00e1t PCG6060014S4 &#8211; s\u1ef1 l\u1ef1a ch\u1ecdn ho\u00e0n h\u1ea3o cho m\u1ecdi c\u00f4ng tr\u00ecnh\u00a0<\/b><\/h2>\n<\/li>\n<\/ol>\n<figure id=\"attachment_29866\" aria-describedby=\"caption-attachment-29866\" style=\"width: 860px\" class=\"wp-caption aligncenter\"><img fetchpriority=\"high\" decoding=\"async\" class=\"wp-image-29866\" src=\"https:\/\/cmctiles.vn\/wp-content\/uploads\/2024\/06\/PCG6060014S4-300x300.jpg\" alt=\"\" width=\"860\" height=\"860\" title=\"\" srcset=\"https:\/\/cmctiles.vn\/wp-content\/uploads\/2024\/06\/PCG6060014S4-300x300.jpg 300w, https:\/\/cmctiles.vn\/wp-content\/uploads\/2024\/06\/PCG6060014S4-1024x1024.jpg 1024w, https:\/\/cmctiles.vn\/wp-content\/uploads\/2024\/06\/PCG6060014S4-150x150.jpg 150w, https:\/\/cmctiles.vn\/wp-content\/uploads\/2024\/06\/PCG6060014S4-768x768.jpg 768w, https:\/\/cmctiles.vn\/wp-content\/uploads\/2024\/06\/PCG6060014S4-1536x1536.jpg 1536w, https:\/\/cmctiles.vn\/wp-content\/uploads\/2024\/06\/PCG6060014S4-2048x2048.jpg 2048w, https:\/\/cmctiles.vn\/wp-content\/uploads\/2024\/06\/PCG6060014S4-12x12.jpg 12w, https:\/\/cmctiles.vn\/wp-content\/uploads\/2024\/06\/PCG6060014S4-280x280.jpg 280w, https:\/\/cmctiles.vn\/wp-content\/uploads\/2024\/06\/PCG6060014S4-600x600.jpg 600w, https:\/\/cmctiles.vn\/wp-content\/uploads\/2024\/06\/PCG6060014S4-500x500.jpg 500w, https:\/\/cmctiles.vn\/wp-content\/uploads\/2024\/06\/PCG6060014S4-100x100.jpg 100w\" sizes=\"(max-width: 860px) 100vw, 860px\" \/><figcaption id=\"caption-attachment-29866\" class=\"wp-caption-text\">M\u00e0u x\u00e1m tr\u1ea7m v\u00e2n \u0111\u00e1 c\u1ee7a g\u1ea1ch \u1ed1p l\u00e1t PCG6060014S4<\/figcaption><\/figure>\n<p>&nbsp;<\/p>\n<p><span style=\"font-weight: 400;\">Ph\u00f9 h\u1ee3p v\u1edbi c\u00e1c gia ch\u1ee7 quan t\u00e2m \u0111\u1ebfn t\u00ednh b\u1ec1n v\u1eefng v\u00e0 th\u00e2n thi\u1ec7n v\u1edbi m\u00f4i tr\u01b0\u1eddng, s\u1ea3n ph\u1ea9m g\u1ea1ch \u1ed1p l\u00e1t <\/span><b>PCG6060014S4<\/b><span style=\"font-weight: 400;\"> \u0111\u01b0\u1ee3c \u01b0a v\u00ec s\u1ef1 \u0111\u01a1n gi\u1ea3n v\u00e0 \u0111\u01b0\u1ee3c chu\u1ed9ng v\u00ec t\u00ednh linh ho\u1ea1t cao trong thi\u1ebft k\u1ebf. <\/span><b>PCG6060014S4 <\/b><span style=\"font-weight: 400;\">ch\u1eafc ch\u1eafn<\/span> <span style=\"font-weight: 400;\">s\u1ebd mang \u0111\u1ebfn tr\u1ea3i nghi\u1ec7m \u01b0u vi\u1ec7t cho ng\u01b0\u1eddi d\u00f9ng.\u00a0<\/span><\/p>\n<h3><i><span style=\"font-weight: 400;\">2.1. T\u00ednh th\u1ea9m m\u1ef9 v\u00e0 \u0111\u1ed9 sang tr\u1ecdng\u00a0<\/span><\/i><\/h3>\n<p><span style=\"font-weight: 400;\">V\u1edbi phong c\u00e1ch thi\u1ebft k\u1ebf nh\u1eb9 nh\u00e0ng trung t\u00ednh, g\u1ea1ch \u1ed1p l\u00e1t m\u00e0u x\u00e1m tr\u1ea7m <\/span><b>PCG6060014S4 <\/b><span style=\"font-weight: 400;\">\u0111\u01b0\u1ee3c l\u00f2ng r\u1ea5t nhi\u1ec1u nh\u00e0 ki\u1ebfn tr\u00fac s\u01b0 v\u00e0 c\u00e1c gia ch\u1ee7.\u00a0<\/span><\/p>\n<p><span style=\"font-weight: 400;\">B\u1ec1 m\u1eb7t b\u00f3ng b\u1ea9y c\u00f9ng v\u1edbi m\u00e0u x\u00e1m tr\u1ea7m t\u1ed1i gi\u1ea3n mang l\u1ea1i cho kh\u00f4ng gian s\u1ef1 gi\u1ea3n d\u1ecb tinh t\u1ebf.\u00a0\u00a0<\/span><\/p>\n<h3><i><span style=\"font-weight: 400;\">2.2. Tu\u1ed5i th\u1ecd l\u00ean \u0111\u1ebfn h\u00e0ng ch\u1ee5c n\u0103m\u00a0<\/span><\/i><\/h3>\n<p><span style=\"font-weight: 400;\">G\u1ea1ch Ceramic c\u00f3 \u0111\u1ed9 c\u1ee9ng, kh\u1ea3 n\u0103ng ch\u1ecbu m\u00e0i m\u00f2n v\u00e0 va \u0111\u1eadp r\u1ea5t t\u1ed1t. S\u1ea3n ph\u1ea9m c\u00f3 \u0111\u1ed9 b\u1ec1n cao, kh\u00f3 phai m\u00e0u. \u0110\u00e2y \u0111\u01b0\u1ee3c \u0111\u00e1nh gi\u00e1 l\u00e0 m\u1ed9t \u01b0u \u0111i\u1ec3m n\u1ed5i b\u1eadt c\u1ee7a g\u1ea1ch Ceramic v\u00e2n \u0111\u00e1.<\/span><\/p>\n<h3><i><span style=\"font-weight: 400;\">2.3. Nh\u1eefng \u0111\u1eb7c t\u00ednh kh\u00e1c c\u1ee7a s\u1ea3n ph\u1ea9m<\/span><\/i><\/h3>\n<p><span style=\"font-weight: 400;\">Ngo\u00e0i ra, g\u1ea1ch men b\u00f3ng mang \u0111\u1ebfn c\u1ea3m gi\u00e1c d\u1ec5 ch\u1ecbu b\u1edfi ch\u1ea5t li\u1ec7u m\u00e1t m\u1ebb, kh\u00f4ng th\u1ea5m n\u01b0\u1edbc v\u00e0 r\u1ea5t d\u1ec5 lau ch\u00f9i <\/span><b>PCG6060014S4<\/b><span style=\"font-weight: 400;\"> mang \u0111\u1ebfn s\u1ef1 r\u1ed9ng r\u00e3i, tho\u00e1ng \u0111\u00e3ng cho kh\u00f4ng gian v\u00e0 \u0111a d\u1ea1ng tr\u1ea3i nghi\u1ec7m c\u1ee7a gia ch\u1ee7.\u00a0<\/span><\/p>\n<p><span style=\"font-weight: 400;\">Tr\u00ean \u0111\u00e2y l\u00e0 nh\u1eefng \u0111\u1eb7c \u0111i\u1ec3m n\u1ed5i b\u1eadt v\u00e0 l\u01b0u \u00fd khi qu\u00fd kh\u00e1ch l\u1ef1a ch\u1ecdn v\u00e0 s\u1eed d\u1ee5ng g\u1ea1ch \u1ed1p l\u00e1t <\/span><b>PCG6060014S4<\/b><span style=\"font-weight: 400;\">. Hy v\u1ecdng b\u00e0i vi\u1ebft s\u1ebd gi\u00fap \u00edch cho qu\u00fd v\u1ecb \u0111\u1ec3 l\u1ef1a ch\u1ecdn \u0111\u01b0\u1ee3c s\u1ea3n ph\u1ea9m ph\u00f9 h\u1ee3p nh\u1ea5t v\u1edbi kh\u00f4ng gian v\u00e0 chi ph\u00ed c\u1ee7a gia \u0111\u00ecnh.\u00a0<\/span><\/p>\n<p><span style=\"font-weight: 400;\">Vui l\u00f2ng \u0111\u1ec3 l\u1ea1i th\u00f4ng tin d\u01b0\u1edbi h\u1ed9p th\u01b0 d\u01b0\u1edbi \u0111\u00e2y n\u1ebfu qu\u00fd v\u1ecb c\u1ea7n gi\u1ea3i \u0111\u00e1p th\u1eafc m\u1eafc ho\u1eb7c nh\u1eadn s\u1ef1 t\u01b0 v\u1ea5n t\u1eeb chuy\u00ean gia c\u1ee7a CMC Tiles!<\/span><\/p>\n<p>&nbsp;<\/p>","protected":false},"excerpt":{"rendered":"<p>\u0110\u01b0\u1ee3c t\u1ea1o n\u00ean t\u1eeb nh\u1eefng nguy\u00ean li\u1ec7u c\u00f3 c\u1ea5u tr\u00fac v\u1eefng ch\u00e3i nh\u01b0 \u0111\u00e1 v\u00e0 c\u00e1c kho\u00e1ng ch\u1ea5t, g\u1ea1ch \u1ed1p l\u00e1t PCG6060014S4 kh\u00f4ng ch\u1ec9 ch\u00fa tr\u1ecdng v\u00e0o th\u1ea9m m\u1ef9 m\u00e0 c\u00f2n mang t\u1edbi ch\u1ea5t l\u01b0\u1ee3ng ch\u1eafc ch\u1eafn v\u00e0 b\u1ec1n b\u1ec9, ph\u00f9 h\u1ee3p cho vi\u1ec7c x\u00e2y d\u1ef1ng c\u00e1c c\u00f4ng tr\u00ecnh ki\u1ebfn tr\u00fac l\u00e2u b\u1ec1n v\u00e0 hi\u1ec7n [&hellip;]<\/p>\n","protected":false},"featured_media":29864,"comment_status":"open","ping_status":"closed","template":"","meta":[],"product_brand":[],"product_cat":[1009,1015,1083,1016,1076,1092],"product_tag":[],"class_list":{"0":"post-29858","1":"product","2":"type-product","3":"status-publish","4":"has-post-thumbnail","6":"product_cat-ceramic","7":"product_cat-gach-lat","8":"product_cat-gach-lat-nen-van-da","9":"product_cat-gach-op","10":"product_cat-gach-op-lat","11":"product_cat-gach-op-lat-prato","13":"first","14":"instock","15":"taxable","16":"shipping-taxable","17":"purchasable","18":"product-type-simple"},"_links":{"self":[{"href":"https:\/\/cmctiles.vn\/en\/wp-json\/wp\/v2\/product\/29858","targetHints":{"allow":["GET"]}}],"collection":[{"href":"https:\/\/cmctiles.vn\/en\/wp-json\/wp\/v2\/product"}],"about":[{"href":"https:\/\/cmctiles.vn\/en\/wp-json\/wp\/v2\/types\/product"}],"replies":[{"embeddable":true,"href":"https:\/\/cmctiles.vn\/en\/wp-json\/wp\/v2\/comments?post=29858"}],"version-history":[{"count":2,"href":"https:\/\/cmctiles.vn\/en\/wp-json\/wp\/v2\/product\/29858\/revisions"}],"predecessor-version":[{"id":29868,"href":"https:\/\/cmctiles.vn\/en\/wp-json\/wp\/v2\/product\/29858\/revisions\/29868"}],"wp:featuredmedia":[{"embeddable":true,"href":"https:\/\/cmctiles.vn\/en\/wp-json\/wp\/v2\/media\/29864"}],"wp:attachment":[{"href":"https:\/\/cmctiles.vn\/en\/wp-json\/wp\/v2\/media?parent=29858"}],"wp:term":[{"taxonomy":"product_brand","embeddable":true,"href":"https:\/\/cmctiles.vn\/en\/wp-json\/wp\/v2\/product_brand?post=29858"},{"taxonomy":"product_cat","embeddable":true,"href":"https:\/\/cmctiles.vn\/en\/wp-json\/wp\/v2\/product_cat?post=29858"},{"taxonomy":"product_tag","embeddable":true,"href":"https:\/\/cmctiles.vn\/en\/wp-json\/wp\/v2\/product_tag?post=29858"}],"curies":[{"name":"wp","href":"https:\/\/api.w.org\/{rel}","templated":true}]}}