{"id":29835,"date":"2024-06-28T09:39:05","date_gmt":"2024-06-28T02:39:05","guid":{"rendered":"https:\/\/cmctiles.vn\/?post_type=product&#038;p=29835"},"modified":"2024-06-28T09:39:06","modified_gmt":"2024-06-28T02:39:06","slug":"gach-op-lat-van-go-men-bong-pcg6060009s4","status":"publish","type":"product","link":"https:\/\/cmctiles.vn\/en\/gach-op-lat\/gach-op-lat-van-go-men-bong-pcg6060009s4.html","title":{"rendered":"G\u1ea1ch \u1ed1p l\u00e1t v\u00e2n g\u1ed7 men b\u00f3ng PCG6060009S4"},"content":{"rendered":"<p><span style=\"font-weight: 400;\">\u0110\u01b0\u1ee3c m\u00f4 ph\u1ecfng l\u1ea1i t\u1eeb v\u1ebb \u0111\u1eb9p v\u00e0 k\u1ebft c\u1ea5u c\u1ee7a g\u1ed7 t\u1ef1 nhi\u00ean, g\u1ea1ch \u1ed1p l\u00e1t <\/span><b>PCG6060009S4 <\/b><span style=\"font-weight: 400;\">\u0111\u01b0\u1ee3c t\u00e1i hi\u1ec7n r\u1ea5t ch\u00e2n th\u1ef1c t\u1eeb s\u1ee3i g\u1ed7 \u0111\u1ebfn m\u00e0u s\u1eafc, nh\u1eefng thanh g\u1ea1ch \u0111\u1eadm nh\u1ea1t xen k\u1ebd khi\u1ebfn<\/span><b> PCG6060009S4<\/b><span style=\"font-weight: 400;\"> mang v\u1ebb \u0111\u1eb9p tinh t\u1ebf, sang tr\u1ecdng v\u00e0 c\u1ed5 \u0111i\u1ec3n.\u00a0<\/span><\/p>\n<ol>\n<li>\n<h2><b> Th\u00f4ng s\u1ed1 s\u1ea3n ph\u1ea9m\u00a0<\/b><\/h2>\n<\/li>\n<\/ol>\n<table>\n<tbody>\n<tr style=\"height: 24px;\">\n<td style=\"width: 26.0541%; height: 24px;\"><span style=\"font-weight: 400;\">M\u00e3 s\u1ea3n ph\u1ea9m<\/span><\/td>\n<td style=\"width: 85.5131%; height: 24px;\"><b>PCG6060009S4<\/b><\/td>\n<\/tr>\n<tr style=\"height: 24px;\">\n<td style=\"width: 26.0541%; height: 24px;\"><span style=\"font-weight: 400;\">BRANDS<\/span><\/td>\n<td style=\"width: 85.5131%; height: 24px;\"><span style=\"font-weight: 400;\">PRATO Tiles<\/span><\/td>\n<\/tr>\n<tr style=\"height: 24px;\">\n<td style=\"width: 26.0541%; height: 24px;\"><span style=\"font-weight: 400;\">Ph\u00e2n lo\u1ea1i<\/span><\/td>\n<td style=\"width: 85.5131%; height: 24px;\"><span style=\"font-weight: 400;\">Ceramic tiles\u00a0<\/span><\/td>\n<\/tr>\n<tr style=\"height: 24px;\">\n<td style=\"width: 26.0541%; height: 24px;\"><span style=\"font-weight: 400;\">M\u00e0u s\u1eafc<\/span><\/td>\n<td style=\"width: 85.5131%; height: 24px;\"><span style=\"font-weight: 400;\">M\u00e0u n\u00e2u v\u00e2n g\u1ed7\u00a0<\/span><\/td>\n<\/tr>\n<tr style=\"height: 24px;\">\n<td style=\"width: 26.0541%; height: 24px;\"><span style=\"font-weight: 400;\">Sizes<\/span><\/td>\n<td style=\"width: 85.5131%; height: 24px;\"><span style=\"font-weight: 400;\">600&#215;600 mm<\/span><\/td>\n<\/tr>\n<tr style=\"height: 24px;\">\n<td style=\"width: 26.0541%; height: 24px;\"><span style=\"font-weight: 400;\">\u0110\u1ed9 d\u00e0y<\/span><\/td>\n<td style=\"width: 85.5131%; height: 24px;\"><span style=\"font-weight: 400;\">9,0 mm<\/span><\/td>\n<\/tr>\n<tr style=\"height: 24px;\">\n<td style=\"width: 26.0541%; height: 24px;\"><span style=\"font-weight: 400;\">MATERIALS\u00a0<\/span><\/td>\n<td style=\"width: 85.5131%; height: 24px;\"><span style=\"font-weight: 400;\">Ceramic\u00a0<\/span><\/td>\n<\/tr>\n<tr style=\"height: 24px;\">\n<td style=\"width: 26.0541%; height: 24px;\"><span style=\"font-weight: 400;\">Surfaces<\/span><\/td>\n<td style=\"width: 85.5131%; height: 24px;\"><span style=\"font-weight: 400;\">Glossy Glaze\u00a0<\/span><\/td>\n<\/tr>\n<tr style=\"height: 152px;\">\n<td style=\"width: 26.0541%; height: 152px;\"><span style=\"font-weight: 400;\">Outstanding features<\/span><\/td>\n<td style=\"width: 85.5131%; height: 152px;\">\n<ul>\n<li style=\"font-weight: 400;\" aria-level=\"1\"><span style=\"font-weight: 400;\">Hoa v\u0103n sang tr\u1ecdng, th\u1eddi th\u01b0\u1ee3ng<\/span><\/li>\n<li style=\"font-weight: 400;\" aria-level=\"1\"><span style=\"font-weight: 400;\">\u0110\u1ed3 b\u1ec1n u\u1ed1n ch\u1ecbu l\u1ef1c t\u1ed1t, th\u1ea5m h\u00fat n\u01b0\u1edbc th\u1ea5p<\/span><\/li>\n<li style=\"font-weight: 400;\" aria-level=\"1\"><span style=\"font-weight: 400;\">K\u00edch th\u01b0\u1edbc ph\u1ed5 th\u00f4ng, \u1ee9ng d\u1ee5ng \u0111a d\u1ea1ng<\/span><\/li>\n<li style=\"font-weight: 400;\" aria-level=\"1\"><span style=\"font-weight: 400;\">Non-ignition, non-expansion<\/span><\/li>\n<li style=\"font-weight: 400;\" aria-level=\"1\"><span style=\"font-weight: 400;\">Easy to clean, anti-bacterial, anti-mildew<\/span><\/li>\n<\/ul>\n<\/td>\n<\/tr>\n<tr style=\"height: 24px;\">\n<td style=\"width: 26.0541%; height: 24px;\"><span style=\"font-weight: 400;\">APPLICATIONS<\/span><\/td>\n<td style=\"width: 85.5131%; height: 24px;\"><span style=\"font-weight: 400;\">\u0110a d\u1ea1ng, v\u00ed d\u1ee5 ki\u1ebfn tr\u00fac nh\u00e0 \u1ed1ng, khu chung c\u01b0, nh\u00e0 \u1edf cao c\u1ea5p, bi\u1ec7t th\u1ef1, ph\u00f2ng kh\u00e1ch\u2026<\/span><\/td>\n<\/tr>\n<\/tbody>\n<\/table>\n<ol start=\"2\">\n<li>\n<h2><b> G\u1ea1ch \u1ed1p l\u00e1t PCG6060009S4\u00a0 &#8211; s\u1ef1 l\u1ef1a ch\u1ecdn ho\u00e0n h\u1ea3o cho m\u1ecdi c\u00f4ng tr\u00ecnh\u00a0<\/b><\/h2>\n<\/li>\n<\/ol>\n<figure id=\"attachment_29841\" aria-describedby=\"caption-attachment-29841\" style=\"width: 858px\" class=\"wp-caption aligncenter\"><img fetchpriority=\"high\" decoding=\"async\" class=\"wp-image-29841\" src=\"https:\/\/cmctiles.vn\/wp-content\/uploads\/2024\/06\/PCG6060009S4-1-300x240.jpg\" alt=\"\" width=\"858\" height=\"686\" title=\"\" srcset=\"https:\/\/cmctiles.vn\/wp-content\/uploads\/2024\/06\/PCG6060009S4-1-300x240.jpg 300w, https:\/\/cmctiles.vn\/wp-content\/uploads\/2024\/06\/PCG6060009S4-1-1024x819.jpg 1024w, https:\/\/cmctiles.vn\/wp-content\/uploads\/2024\/06\/PCG6060009S4-1-768x614.jpg 768w, https:\/\/cmctiles.vn\/wp-content\/uploads\/2024\/06\/PCG6060009S4-1-1536x1229.jpg 1536w, https:\/\/cmctiles.vn\/wp-content\/uploads\/2024\/06\/PCG6060009S4-1-2048x1638.jpg 2048w, https:\/\/cmctiles.vn\/wp-content\/uploads\/2024\/06\/PCG6060009S4-1-15x12.jpg 15w, https:\/\/cmctiles.vn\/wp-content\/uploads\/2024\/06\/PCG6060009S4-1-350x280.jpg 350w, https:\/\/cmctiles.vn\/wp-content\/uploads\/2024\/06\/PCG6060009S4-1-500x400.jpg 500w\" sizes=\"(max-width: 858px) 100vw, 858px\" \/><figcaption id=\"caption-attachment-29841\" class=\"wp-caption-text\">M\u00e0u n\u00e2u v\u00e2n g\u1ed7 c\u1ee7a g\u1ea1ch \u1ed1p l\u00e1t PCG6060009S4<\/figcaption><\/figure>\n<p>&nbsp;<\/p>\n<p><span style=\"font-weight: 400;\">L\u00e0 d\u00f2ng s\u1ea3n ph\u1ea9m g\u1ea1ch \u1ed1p l\u00e1t cao c\u1ea5p v\u1edbi thi\u1ebft k\u1ebf v\u00f4 c\u00f9ng \u0111\u1eb7c bi\u1ec7t v\u00e0 th\u1ea9m m\u1ef9, s\u1ea3n ph\u1ea9m g\u1ea1ch <\/span><b>PCG6060009S4<\/b><span style=\"font-weight: 400;\"> mang \u0111\u1ebfn tr\u1ea3i nghi\u1ec7m \u01b0u vi\u1ec7t cho ng\u01b0\u1eddi d\u00f9ng v\u00e0 l\u00e0 s\u1ef1 l\u1ef1a ch\u1ecdn l\u00fd t\u01b0\u1edfng cho nh\u1eefng kh\u00f4ng gian hi\u1ec7n \u0111\u1ea1i<\/span><\/p>\n<h3><span style=\"font-weight: 400;\">\u00a0<\/span><i><span style=\"font-weight: 400;\">2.1. Phong c\u00e1ch thi\u1ebft k\u1ebf m\u1ed9c m\u1ea1c v\u00e0 sang tr\u1ecdng<\/span><\/i><\/h3>\n<p><span style=\"font-weight: 400;\">Ph\u00f9 h\u1ee3p cho thi\u1ebft k\u1ebf t\u1eeb c\u1ed5 \u0111i\u1ec3n \u0111\u1ebfn hi\u1ec7n \u0111\u1ea1i, g\u1ea1ch \u1ed1p l\u00e1t <\/span><b>PCG6060009S4 <\/b><span style=\"font-weight: 400;\">lu\u00f4n \u0111\u01b0\u1ee3c c\u00e1c nh\u00e0 ki\u1ebfn tr\u00fac s\u01b0 s\u0103n \u0111\u00f3n v\u00ec ki\u1ec3u c\u00e1ch thi\u1ebft k\u1ebf \u1ea5n t\u01b0\u1ee3ng v\u00e0 h\u00fat m\u1eaft.\u00a0<\/span><\/p>\n<p><span style=\"font-weight: 400;\">Hoa v\u0103n s\u1eafc n\u00e9t ch\u00e2n th\u1ef1c, b\u1ec1n m\u00e0u v\u01b0\u1ee3t th\u1eddi gian nh\u1edd c\u00f4ng ngh\u1ec7 in k\u1ef9 thu\u1eadt s\u1ed1 hi\u1ec7n \u0111\u1ea1i.<\/span><\/p>\n<h3><i><span style=\"font-weight: 400;\">2.2. T\u1ed1i \u01b0u tr\u1ea3i nghi\u1ec7m c\u1ee7a kh\u00e1ch h\u00e0ng<\/span><\/i><\/h3>\n<p><span style=\"font-weight: 400;\">B\u1ec1 m\u1eb7t men nano b\u00f3ng v\u1eeba mang \u0111\u1ebfn v\u1ebb \u0111\u1eb9p sang tr\u1ecdng, thu h\u00fat v\u1eeba thu\u1eadn ti\u1ec7n cho vi\u1ec7c ch\u0103m s\u00f3c v\u00e0 v\u1ec7 sinh s\u00e0n t\u01b0\u1eddng.<\/span><\/p>\n<p><span style=\"font-weight: 400;\">\u0110\u1ed9 b\u1ec1n u\u1ed1n v\u00e0 ch\u1ecbu l\u1ef1c t\u1ed1t, k\u00edch th\u01b0\u1edbc ph\u1ed5 th\u00f4ng n\u00ean c\u00f3 kh\u1ea3 n\u0103ng \u1ee9ng d\u1ee5ng trong c\u1ea3 l\u00e1t n\u1ec1n v\u00e0 \u1ed1p t\u01b0\u1eddng, mang \u0111\u1ebfn th\u1ea9m m\u1ef9 \u0111\u1ed3ng b\u1ed9 v\u00e0 h\u00e0i h\u00f2a.\u00a0<\/span><\/p>\n<p><span style=\"font-weight: 400;\">Tr\u00ean \u0111\u00e2y l\u00e0 nh\u1eefng \u0111\u1eb7c \u0111i\u1ec3m n\u1ed5i b\u1eadt v\u00e0 l\u01b0u \u00fd khi qu\u00fd kh\u00e1ch l\u1ef1a ch\u1ecdn v\u00e0 s\u1eed d\u1ee5ng g\u1ea1ch \u1ed1p l\u00e1t <\/span><b>PCG6060009S4<\/b><span style=\"font-weight: 400;\">. Hy v\u1ecdng b\u00e0i vi\u1ebft s\u1ebd gi\u00fap \u00edch cho qu\u00fd v\u1ecb \u0111\u1ec3 l\u1ef1a ch\u1ecdn \u0111\u01b0\u1ee3c s\u1ea3n ph\u1ea9m ph\u00f9 h\u1ee3p nh\u1ea5t v\u1edbi kh\u00f4ng gian v\u00e0 chi ph\u00ed c\u1ee7a gia \u0111\u00ecnh.\u00a0<\/span><\/p>\n<p><span style=\"font-weight: 400;\">Vui l\u00f2ng \u0111\u1ec3 l\u1ea1i th\u00f4ng tin d\u01b0\u1edbi h\u1ed9p th\u01b0 d\u01b0\u1edbi \u0111\u00e2y n\u1ebfu qu\u00fd v\u1ecb c\u1ea7n gi\u1ea3i \u0111\u00e1p th\u1eafc m\u1eafc ho\u1eb7c nh\u1eadn s\u1ef1 t\u01b0 v\u1ea5n t\u1eeb chuy\u00ean gia c\u1ee7a CMC Tiles!<\/span><\/p>\n<p>&nbsp;<\/p>","protected":false},"excerpt":{"rendered":"<p>\u0110\u01b0\u1ee3c m\u00f4 ph\u1ecfng l\u1ea1i t\u1eeb v\u1ebb \u0111\u1eb9p v\u00e0 k\u1ebft c\u1ea5u c\u1ee7a g\u1ed7 t\u1ef1 nhi\u00ean, g\u1ea1ch \u1ed1p l\u00e1t PCG6060009S4 \u0111\u01b0\u1ee3c t\u00e1i hi\u1ec7n r\u1ea5t ch\u00e2n th\u1ef1c t\u1eeb s\u1ee3i g\u1ed7 \u0111\u1ebfn m\u00e0u s\u1eafc, nh\u1eefng thanh g\u1ea1ch \u0111\u1eadm nh\u1ea1t xen k\u1ebd khi\u1ebfn PCG6060009S4 mang v\u1ebb \u0111\u1eb9p tinh t\u1ebf, sang tr\u1ecdng v\u00e0 c\u1ed5 \u0111i\u1ec3n.\u00a0 Th\u00f4ng s\u1ed1 s\u1ea3n ph\u1ea9m\u00a0 M\u00e3 s\u1ea3n [&hellip;]<\/p>\n","protected":false},"featured_media":29842,"comment_status":"open","ping_status":"closed","template":"","meta":[],"product_brand":[],"product_cat":[1076,1015,1084,1016,1092],"product_tag":[],"class_list":{"0":"post-29835","1":"product","2":"type-product","3":"status-publish","4":"has-post-thumbnail","6":"product_cat-gach-op-lat","7":"product_cat-gach-lat","8":"product_cat-gach-lat-nen-van-go","9":"product_cat-gach-op","10":"product_cat-gach-op-lat-prato","12":"first","13":"instock","14":"taxable","15":"shipping-taxable","16":"purchasable","17":"product-type-simple"},"_links":{"self":[{"href":"https:\/\/cmctiles.vn\/en\/wp-json\/wp\/v2\/product\/29835","targetHints":{"allow":["GET"]}}],"collection":[{"href":"https:\/\/cmctiles.vn\/en\/wp-json\/wp\/v2\/product"}],"about":[{"href":"https:\/\/cmctiles.vn\/en\/wp-json\/wp\/v2\/types\/product"}],"replies":[{"embeddable":true,"href":"https:\/\/cmctiles.vn\/en\/wp-json\/wp\/v2\/comments?post=29835"}],"version-history":[{"count":1,"href":"https:\/\/cmctiles.vn\/en\/wp-json\/wp\/v2\/product\/29835\/revisions"}],"predecessor-version":[{"id":29843,"href":"https:\/\/cmctiles.vn\/en\/wp-json\/wp\/v2\/product\/29835\/revisions\/29843"}],"wp:featuredmedia":[{"embeddable":true,"href":"https:\/\/cmctiles.vn\/en\/wp-json\/wp\/v2\/media\/29842"}],"wp:attachment":[{"href":"https:\/\/cmctiles.vn\/en\/wp-json\/wp\/v2\/media?parent=29835"}],"wp:term":[{"taxonomy":"product_brand","embeddable":true,"href":"https:\/\/cmctiles.vn\/en\/wp-json\/wp\/v2\/product_brand?post=29835"},{"taxonomy":"product_cat","embeddable":true,"href":"https:\/\/cmctiles.vn\/en\/wp-json\/wp\/v2\/product_cat?post=29835"},{"taxonomy":"product_tag","embeddable":true,"href":"https:\/\/cmctiles.vn\/en\/wp-json\/wp\/v2\/product_tag?post=29835"}],"curies":[{"name":"wp","href":"https:\/\/api.w.org\/{rel}","templated":true}]}}