{"id":29816,"date":"2024-06-28T09:20:14","date_gmt":"2024-06-28T02:20:14","guid":{"rendered":"https:\/\/cmctiles.vn\/?post_type=product&#038;p=29816"},"modified":"2025-05-29T16:55:39","modified_gmt":"2025-05-29T09:55:39","slug":"gach-op-lat-mau-trang-su-van-da-hien-dai-psg6060157s3","status":"publish","type":"product","link":"https:\/\/cmctiles.vn\/en\/gach-op-lat\/gach-op-lat-mau-trang-su-van-da-hien-dai-psg6060157s5.html","title":{"rendered":"G\u1ea1ch \u1ed1p l\u00e1t m\u00e0u tr\u1eafng s\u1ee9 v\u00e2n \u0111\u00e1 hi\u1ec7n \u0111\u1ea1i PSG6060157S5"},"content":{"rendered":"<h2><b>1. Th\u00f4ng s\u1ed1 s\u1ea3n ph\u1ea9m<\/b><\/h2>\n<table style=\"width: 76.2684%; height: 368px;\">\n<tbody>\n<tr style=\"height: 24px;\">\n<td style=\"width: 26.0541%; height: 24px;\"><span style=\"font-weight: 400;\">M\u00e3 s\u1ea3n ph\u1ea9m<\/span><\/td>\n<td style=\"width: 85.5131%; height: 24px;\"><span style=\"font-weight: 400;\"><strong>PSG6060157S5<\/strong><\/span><\/td>\n<\/tr>\n<tr style=\"height: 24px;\">\n<td style=\"width: 26.0541%; height: 24px;\"><span style=\"font-weight: 400;\">BRANDS<\/span><\/td>\n<td style=\"width: 85.5131%; height: 24px;\"><span style=\"font-weight: 400;\">PRATO Tiles<\/span><\/td>\n<\/tr>\n<tr style=\"height: 24px;\">\n<td style=\"width: 26.0541%; height: 24px;\"><span style=\"font-weight: 400;\">Ph\u00e2n lo\u1ea1i<\/span><\/td>\n<td style=\"width: 85.5131%; height: 24px;\"><span style=\"font-weight: 400;\">Ceramic tiles\u00a0<\/span><\/td>\n<\/tr>\n<tr style=\"height: 24px;\">\n<td style=\"width: 26.0541%; height: 24px;\"><span style=\"font-weight: 400;\">M\u00e0u s\u1eafc<\/span><\/td>\n<td style=\"width: 85.5131%; height: 24px;\"><span style=\"font-weight: 400;\">M\u00e0u tr\u1eafng s\u1ee9 v\u00e2n \u0111\u00e1\u00a0<\/span><\/td>\n<\/tr>\n<tr style=\"height: 24px;\">\n<td style=\"width: 26.0541%; height: 24px;\"><span style=\"font-weight: 400;\">Sizes<\/span><\/td>\n<td style=\"width: 85.5131%; height: 24px;\"><span style=\"font-weight: 400;\">600&#215;600 mm<\/span><\/td>\n<\/tr>\n<tr style=\"height: 24px;\">\n<td style=\"width: 26.0541%; height: 24px;\"><span style=\"font-weight: 400;\">\u0110\u1ed9 d\u00e0y<\/span><\/td>\n<td style=\"width: 85.5131%; height: 24px;\"><span style=\"font-weight: 400;\">8,7 mm<\/span><\/td>\n<\/tr>\n<tr style=\"height: 24px;\">\n<td style=\"width: 26.0541%; height: 24px;\"><span style=\"font-weight: 400;\">MATERIALS\u00a0<\/span><\/td>\n<td style=\"width: 85.5131%; height: 24px;\"><span style=\"font-weight: 400;\">Porcelain (BIb)<\/span><\/td>\n<\/tr>\n<tr style=\"height: 24px;\">\n<td style=\"width: 26.0541%; height: 24px;\"><span style=\"font-weight: 400;\">Surfaces<\/span><\/td>\n<td style=\"width: 85.5131%; height: 24px;\"><span style=\"font-weight: 400;\">Glossy Glaze\u00a0<\/span><\/td>\n<\/tr>\n<tr style=\"height: 152px;\">\n<td style=\"width: 26.0541%; height: 152px;\"><span style=\"font-weight: 400;\">Outstanding features<\/span><\/td>\n<td style=\"width: 85.5131%; height: 152px;\">\n<ul>\n<li style=\"font-weight: 400;\" aria-level=\"1\"><span style=\"font-weight: 400;\">Hoa v\u0103n sang tr\u1ecdng, th\u1eddi th\u01b0\u1ee3ng<\/span><\/li>\n<li style=\"font-weight: 400;\" aria-level=\"1\"><span style=\"font-weight: 400;\">\u0110\u1ed3 b\u1ec1n u\u1ed1n ch\u1ecbu l\u1ef1c t\u1ed1t, th\u1ea5m h\u00fat n\u01b0\u1edbc th\u1ea5p<\/span><\/li>\n<li style=\"font-weight: 400;\" aria-level=\"1\"><span style=\"font-weight: 400;\">K\u00edch th\u01b0\u1edbc ph\u1ed5 th\u00f4ng, \u1ee9ng d\u1ee5ng \u0111a d\u1ea1ng<\/span><\/li>\n<li style=\"font-weight: 400;\" aria-level=\"1\"><span style=\"font-weight: 400;\">Non-ignition, non-expansion<\/span><\/li>\n<li style=\"font-weight: 400;\" aria-level=\"1\"><span style=\"font-weight: 400;\">Easy to clean, anti-bacterial, anti-mildew<\/span><\/li>\n<\/ul>\n<\/td>\n<\/tr>\n<tr style=\"height: 24px;\">\n<td style=\"width: 26.0541%; height: 24px;\"><span style=\"font-weight: 400;\">APPLICATIONS<\/span><\/td>\n<td style=\"width: 85.5131%; height: 24px;\"><span style=\"font-weight: 400;\">\u0110a d\u1ea1ng, v\u00ed d\u1ee5 ki\u1ebfn tr\u00fac nh\u00e0 \u1ed1ng, khu chung c\u01b0, nh\u00e0 \u1edf cao c\u1ea5p, bi\u1ec7t th\u1ef1, ph\u00f2ng kh\u00e1ch\u2026<\/span><\/td>\n<\/tr>\n<\/tbody>\n<\/table>\n<h2><b>2. G\u1ea1ch \u1ed1p l\u00e1t PSG6060157S5 &#8211; s\u1ef1 l\u1ef1a ch\u1ecdn ho\u00e0n h\u1ea3o cho m\u1ecdi c\u00f4ng tr\u00ecnh\u00a0<\/b><\/h2>\n<p><span style=\"font-weight: 400;\">L\u00e0 d\u00f2ng s\u1ea3n ph\u1ea9m cao c\u1ea5p c\u1ee7a CMC,<strong> PSG6060157S5<\/strong>\u00a0c\u00f3 th\u1ebf m\u1ea1nh r\u1ea5t ri\u00eang \u0111\u00f3 l\u00e0<\/span> <span style=\"font-weight: 400;\">nh\u1eefng li\u00ean k\u1ebft tuy\u1ec7t v\u1eddi v\u1ec1 m\u00e0u s\u1eafc. G\u1ea1ch Porcelain m\u00e0u tr\u1eafng s\u1ee9 s\u1ebd l\u00e0 l\u1ef1a ch\u1ecdn ph\u00f9 h\u1ee3p cho kh\u00e1ch h\u00e0ng mong mu\u1ed1n s\u1ef1 \u0111\u01a1n gi\u1ea3n v\u00e0 t\u00ednh linh ho\u1ea1t cao. \u0110\u1eb7c bi\u1ec7t v\u1eabn t\u00f4n l\u00ean v\u1ebb \u0111\u1eb9p ki\u1ebfn tr\u00fac v\u00e0 n\u1ed9i th\u1ea5t.\u00a0<\/span><\/p>\n<figure id=\"attachment_29824\" aria-describedby=\"caption-attachment-29824\" style=\"width: 1117px\" class=\"wp-caption aligncenter\"><img fetchpriority=\"high\" decoding=\"async\" class=\"wp-image-29824\" src=\"https:\/\/cmctiles.vn\/wp-content\/uploads\/2024\/06\/PSG6060157S3-PC-300x240.png\" alt=\"\" width=\"1117\" height=\"893\" title=\"\" srcset=\"https:\/\/cmctiles.vn\/wp-content\/uploads\/2024\/06\/PSG6060157S3-PC-300x240.png 300w, https:\/\/cmctiles.vn\/wp-content\/uploads\/2024\/06\/PSG6060157S3-PC-1024x819.png 1024w, https:\/\/cmctiles.vn\/wp-content\/uploads\/2024\/06\/PSG6060157S3-PC-768x614.png 768w, https:\/\/cmctiles.vn\/wp-content\/uploads\/2024\/06\/PSG6060157S3-PC-1536x1229.png 1536w, https:\/\/cmctiles.vn\/wp-content\/uploads\/2024\/06\/PSG6060157S3-PC-2048x1638.png 2048w, https:\/\/cmctiles.vn\/wp-content\/uploads\/2024\/06\/PSG6060157S3-PC-15x12.png 15w, https:\/\/cmctiles.vn\/wp-content\/uploads\/2024\/06\/PSG6060157S3-PC-350x280.png 350w, https:\/\/cmctiles.vn\/wp-content\/uploads\/2024\/06\/PSG6060157S3-PC-500x400.png 500w\" sizes=\"(max-width: 1117px) 100vw, 1117px\" \/><figcaption id=\"caption-attachment-29824\" class=\"wp-caption-text\">M\u00e0u tr\u1eafng s\u1ee9 v\u00e2n \u0111\u00e1 c\u1ee7a g\u1ea1ch <span style=\"font-weight: 400;\"><strong>PSG6060157S5<\/strong><\/span><\/figcaption><\/figure>\n<h3><i><span style=\"font-weight: 400;\">2.1. M\u00e0u s\u1eafc v\u00e0 \u0111\u01b0\u1eddng n\u00e9t d\u1ec5 d\u00e0ng h\u00f2a h\u1ee3p v\u1edbi kh\u00f4ng gian\u00a0<\/span><\/i><\/h3>\n<p><span style=\"font-weight: 400;\">M\u00e0u tr\u1eafng l\u00e0 m\u00e0u trung t\u00ednh, d\u1ec5 d\u00e0ng k\u1ebft h\u1ee3p v\u1edbi m\u00e0u s\u1eafc kh\u00e1c m\u00e0 kh\u00f4ng s\u1ee3 b\u1ecb r\u1ed1i m\u1eaft. H\u1ecda ti\u1ebft v\u00e2n \u0111\u00e1 m\u00e0u tr\u1eafng s\u1ee9 mang l\u1ea1i v\u1ebb \u0111\u1eb9p tinh t\u1ebf, cao c\u1ea5p cho kh\u00f4ng gian. G\u1ea1ch \u1ed1p l\u00e1t <strong>PSG6060157S5<\/strong>\u00a0t\u1ea1o n\u1ec1n cho nh\u1eefng h\u1ecda ti\u1ebft, nh\u1eefng s\u1eafc m\u00e0u kh\u00e1c \u0111\u01b0\u1ee3c n\u1ed5i b\u1eadt l\u00ean m\u1ed9t c\u00e1ch tinh t\u1ebf.<\/span><\/p>\n<h3><i><span style=\"font-weight: 400;\">2.2. T\u00ednh n\u0103ng m\u1ea1nh m\u1ebd v\u00e0 b\u1ec1n b\u1ec9\u00a0<\/span><\/i><\/h3>\n<p><span style=\"font-weight: 400;\">\u0110\u01b0\u1ee3c \u0111\u00e1nh gi\u00e1 l\u00e0 d\u00f2ng g\u1ea1ch c\u00f3 \u0111\u1ed9 b\u1ec1n, \u0111\u1ed9 c\u1ee9ng v\u00e0 kh\u1ea3 n\u0103ng ch\u1ecbu m\u00e0i m\u00f2n cao. C\u1ef1c k\u00ec th\u00edch h\u1ee3p cho vi\u1ec7c \u1ed1p l\u00e1t s\u00e0n v\u00e0 c\u1ea3 t\u01b0\u1eddng.\u00a0<\/span><\/p>\n<p><span style=\"font-weight: 400;\">B\u1ec1 m\u1eb7t g\u1ea1ch men b\u00f3ng, l\u00e1ng m\u1ecbn gi\u00fap vi\u1ec7c v\u1ec7 sinh, lau ch\u00f9i tr\u1edf n\u00ean \u0111\u01a1n gi\u1ea3n, ch\u1ecbu \u0111\u01b0\u1ee3c t\u00e1c \u0111\u1ed9ng c\u1ee7a nhi\u1ec7t \u0111\u1ed9, h\u00f3a ch\u1ea5t, v\u1ebft b\u1ea9n. \u0110i\u1ec1u n\u00e0y ch\u1ee9ng minh s\u1ea3n ph\u1ea9m c\u00f3 kh\u1ea3 n\u0103ng duy tr\u00ec \u0111\u01b0\u1ee3c v\u1ebb m\u1edbi l\u00e2u d\u00e0i.\u00a0<\/span><\/p>\n<p><span style=\"font-weight: 400;\">Tr\u00ean \u0111\u00e2y l\u00e0 nh\u1eefng \u0111\u1eb7c \u0111i\u1ec3m n\u1ed5i b\u1eadt v\u00e0 l\u01b0u \u00fd khi qu\u00fd kh\u00e1ch l\u1ef1a ch\u1ecdn v\u00e0 s\u1eed d\u1ee5ng g\u1ea1ch \u1ed1p l\u00e1t <strong>PSG6060157S5<\/strong>. Hy v\u1ecdng b\u00e0i vi\u1ebft s\u1ebd gi\u00fap \u00edch cho qu\u00fd v\u1ecb \u0111\u1ec3 l\u1ef1a ch\u1ecdn \u0111\u01b0\u1ee3c s\u1ea3n ph\u1ea9m ph\u00f9 h\u1ee3p nh\u1ea5t v\u1edbi kh\u00f4ng gian v\u00e0 chi ph\u00ed c\u1ee7a gia \u0111\u00ecnh.\u00a0<\/span><\/p>\n<p><span style=\"font-weight: 400;\">Vui l\u00f2ng \u0111\u1ec3 l\u1ea1i th\u00f4ng tin d\u01b0\u1edbi h\u1ed9p th\u01b0 d\u01b0\u1edbi \u0111\u00e2y n\u1ebfu qu\u00fd v\u1ecb c\u1ea7n gi\u1ea3i \u0111\u00e1p th\u1eafc m\u1eafc ho\u1eb7c nh\u1eadn s\u1ef1 t\u01b0 v\u1ea5n t\u1eeb chuy\u00ean gia c\u1ee7a CMC Tiles!<\/span><\/p>\n<p>&nbsp;<\/p>","protected":false},"excerpt":{"rendered":"<p>1. Th\u00f4ng s\u1ed1 s\u1ea3n ph\u1ea9m M\u00e3 s\u1ea3n ph\u1ea9m PSG6060157S5 Th\u01b0\u01a1ng hi\u1ec7u G\u1ea1ch \u1ed1p l\u00e1t PRATO Ph\u00e2n lo\u1ea1i G\u1ea1ch \u1ed1p l\u00e1t\u00a0 M\u00e0u s\u1eafc M\u00e0u tr\u1eafng s\u1ee9 v\u00e2n \u0111\u00e1\u00a0 K\u00edch th\u01b0\u1edbc 600&#215;600 mm \u0110\u1ed9 d\u00e0y 8,7 mm Ch\u1ea5t li\u1ec7u\u00a0 Porcelain (BIb) B\u1ec1 m\u1eb7t Men b\u00f3ng\u00a0 \u0110\u1eb7c \u0111i\u1ec3m n\u1ed5i b\u1eadt Hoa v\u0103n sang tr\u1ecdng, th\u1eddi th\u01b0\u1ee3ng \u0110\u1ed3 b\u1ec1n [&hellip;]<\/p>\n","protected":false},"featured_media":29825,"comment_status":"open","ping_status":"closed","template":"","meta":[],"product_brand":[],"product_cat":[1076,1015,1083,1016,1092,1023],"product_tag":[],"class_list":{"0":"post-29816","1":"product","2":"type-product","3":"status-publish","4":"has-post-thumbnail","6":"product_cat-gach-op-lat","7":"product_cat-gach-lat","8":"product_cat-gach-lat-nen-van-da","9":"product_cat-gach-op","10":"product_cat-gach-op-lat-prato","11":"product_cat-porcelain","13":"first","14":"instock","15":"taxable","16":"shipping-taxable","17":"purchasable","18":"product-type-simple"},"_links":{"self":[{"href":"https:\/\/cmctiles.vn\/en\/wp-json\/wp\/v2\/product\/29816","targetHints":{"allow":["GET"]}}],"collection":[{"href":"https:\/\/cmctiles.vn\/en\/wp-json\/wp\/v2\/product"}],"about":[{"href":"https:\/\/cmctiles.vn\/en\/wp-json\/wp\/v2\/types\/product"}],"replies":[{"embeddable":true,"href":"https:\/\/cmctiles.vn\/en\/wp-json\/wp\/v2\/comments?post=29816"}],"version-history":[{"count":5,"href":"https:\/\/cmctiles.vn\/en\/wp-json\/wp\/v2\/product\/29816\/revisions"}],"predecessor-version":[{"id":33396,"href":"https:\/\/cmctiles.vn\/en\/wp-json\/wp\/v2\/product\/29816\/revisions\/33396"}],"wp:featuredmedia":[{"embeddable":true,"href":"https:\/\/cmctiles.vn\/en\/wp-json\/wp\/v2\/media\/29825"}],"wp:attachment":[{"href":"https:\/\/cmctiles.vn\/en\/wp-json\/wp\/v2\/media?parent=29816"}],"wp:term":[{"taxonomy":"product_brand","embeddable":true,"href":"https:\/\/cmctiles.vn\/en\/wp-json\/wp\/v2\/product_brand?post=29816"},{"taxonomy":"product_cat","embeddable":true,"href":"https:\/\/cmctiles.vn\/en\/wp-json\/wp\/v2\/product_cat?post=29816"},{"taxonomy":"product_tag","embeddable":true,"href":"https:\/\/cmctiles.vn\/en\/wp-json\/wp\/v2\/product_tag?post=29816"}],"curies":[{"name":"wp","href":"https:\/\/api.w.org\/{rel}","templated":true}]}}