{"id":29768,"date":"2024-06-26T18:28:45","date_gmt":"2024-06-26T11:28:45","guid":{"rendered":"https:\/\/cmctiles.vn\/?post_type=product&#038;p=29768"},"modified":"2024-06-26T18:28:47","modified_gmt":"2024-06-26T11:28:47","slug":"gach-op-lat-mau-ghi-da-thoi-thuong-ccg6060004s4","status":"publish","type":"product","link":"https:\/\/cmctiles.vn\/en\/ceramic\/gach-op-lat-mau-ghi-da-thoi-thuong-ccg6060004s4.html","title":{"rendered":"G\u1ea1ch \u1ed1p l\u00e1t m\u00e0u ghi \u0111\u00e1 th\u1eddi th\u01b0\u1ee3ng CCG6060004S4"},"content":{"rendered":"<p>Ghi s\u00e1ng l\u00e0 t\u00f4ng m\u00e0u th\u1eddi th\u01b0\u1ee3ng v\u00e0 \u0111\u01b0\u1ee3c \u01b0a chu\u1ed9ng nh\u1ea5t trong nh\u1eefng n\u0103m g\u1ea7n \u0111\u00e2y,<strong> g\u1ea1ch \u1ed1p l\u00e1t CCG6060004S4<\/strong> v\u1edbi thi\u1ebft k\u1ebf v\u00e2n \u0111\u00e1 m\u1ecfng nh\u1eb9, mang \u0111\u1ebfn v\u1ebb \u0111\u1eb9p sang tr\u1ecdng, \u1ea5n t\u01b0\u1ee3ng v\u00e0 b\u1ec1n b\u1ec9.<\/p>\n<h2><strong>1. Th\u00f4ng s\u1ed1 s\u1ea3n ph\u1ea9m<\/strong><\/h2>\n<table>\n<tbody>\n<tr>\n<td>M\u00e3 s\u1ea3n ph\u1ea9m<\/td>\n<td>CCG6060004S4<\/td>\n<\/tr>\n<tr>\n<td>BRANDS<\/td>\n<td>CMC Tiles<\/td>\n<\/tr>\n<tr>\n<td>Ph\u00e2n lo\u1ea1i<\/td>\n<td>G\u1ea1ch \u1ed1p t\u01b0\u1eddng, g\u1ea1ch l\u00e1t n\u1ec1n<\/td>\n<\/tr>\n<tr>\n<td>M\u00e0u s\u1eafc<\/td>\n<td>M\u00e0u ghi s\u00e1ng v\u00e2n \u0111\u00e1 m\u1ecfng nh\u1eb9<\/td>\n<\/tr>\n<tr>\n<td>Sizes<\/td>\n<td>600x600mm<\/td>\n<\/tr>\n<tr>\n<td>\u0110\u1ed9 d\u00e0y<\/td>\n<td>9.0 (mm)<\/td>\n<\/tr>\n<tr>\n<td>MATERIALS<\/td>\n<td>Ceramic<\/td>\n<\/tr>\n<tr>\n<td>Surfaces<\/td>\n<td>Men Nano b\u00f3ng<\/td>\n<\/tr>\n<tr>\n<td>Outstanding features<\/td>\n<td>\n<ul>\n<li aria-level=\"1\">Gi\u00e1 th\u00e0nh ph\u1ea3i ch\u0103ng, ph\u1ed5 th\u00f4ng linh ho\u1ea1t<\/li>\n<li aria-level=\"1\">Kh\u1ea3 n\u0103ng ch\u1ecbu l\u1ef1c, ch\u1ecbu m\u00e0i m\u00f2i cao<\/li>\n<li aria-level=\"1\">Anti-acid, anti-slip<\/li>\n<li aria-level=\"1\">Non-ignition, non-expansion<\/li>\n<li aria-level=\"1\">Easy to clean, anti-bacterial, anti-mildew<\/li>\n<\/ul>\n<\/td>\n<\/tr>\n<tr>\n<td>APPLICATIONS<\/td>\n<td>\u0110a d\u1ea1ng, v\u00ed d\u1ee5 ki\u1ebfn tr\u00fac nh\u00e0 \u1ed1ng, khu chung c\u01b0, nh\u00e0 \u1edf cao c\u1ea5p, bi\u1ec7t th\u1ef1, ph\u00f2ng kh\u00e1ch\u2026<\/td>\n<\/tr>\n<\/tbody>\n<\/table>\n<h2><img fetchpriority=\"high\" decoding=\"async\" class=\"wp-image-29779 aligncenter\" src=\"https:\/\/cmctiles.vn\/wp-content\/uploads\/2024\/06\/04pc-300x225.png\" alt=\"\" width=\"1253\" height=\"940\" title=\"\" srcset=\"https:\/\/cmctiles.vn\/wp-content\/uploads\/2024\/06\/04pc-300x225.png 300w, https:\/\/cmctiles.vn\/wp-content\/uploads\/2024\/06\/04pc-1024x767.png 1024w, https:\/\/cmctiles.vn\/wp-content\/uploads\/2024\/06\/04pc-768x575.png 768w, https:\/\/cmctiles.vn\/wp-content\/uploads\/2024\/06\/04pc-16x12.png 16w, https:\/\/cmctiles.vn\/wp-content\/uploads\/2024\/06\/04pc-374x280.png 374w, https:\/\/cmctiles.vn\/wp-content\/uploads\/2024\/06\/04pc-500x374.png 500w, https:\/\/cmctiles.vn\/wp-content\/uploads\/2024\/06\/04pc.png 1083w\" sizes=\"(max-width: 1253px) 100vw, 1253px\" \/><\/h2>\n<p style=\"text-align: center;\"><em>G\u1ea1ch \u1ed1p l\u00e1t m\u00e3 CCG6060004S4 (600x600mm) v\u00e2n \u0111\u00e1 sang tr\u1ecdng<\/em><\/p>\n<h2><strong>2. G\u1ea1ch \u1ed1p l\u00e1t men b\u00f3ng CCG6060004S4<\/strong><strong> \u2013 d\u00f2ng s\u1ea3n ph\u1ea9m ph\u1ed5 th\u00f4ng linh ho\u1ea1t<\/strong><\/h2>\n<p>L\u00e0 d\u00f2ng s\u1ea3n ph\u1ea9m g\u1ea1ch \u1ed1p l\u00e1t ph\u1ed5 th\u00f4ng linh ho\u1ea1t v\u1edbi k\u00edch th\u01b0\u1edbc 600x600mm, s\u1ea3n ph\u1ea9m g\u1ea1ch CCG6060004S4 mang \u0111\u1ebfn tr\u1ea3i nghi\u1ec7m \u01b0u vi\u1ec7t cho ng\u01b0\u1eddi d\u00f9ng v\u00e0 l\u00e0 s\u1ef1 l\u1ef1a ch\u1ecdn l\u00fd t\u01b0\u1edfng cho nh\u1eefng kh\u00f4ng gian hi\u1ec7n \u0111\u1ea1i<\/p>\n<ul>\n<li>Hoa v\u0103n s\u1eafc n\u00e9t, b\u1ec1n m\u00e0u v\u01b0\u1ee3t th\u1eddi gian nh\u1edd c\u00f4ng ngh\u1ec7 in k\u1ef9 thu\u1eadt s\u1ed1 hi\u1ec7n \u0111\u1ea1i<\/li>\n<li>B\u1ec1 m\u1eb7t men Nano b\u00f3ng v\u1edbi \u0111\u1ed9 s\u00e1ng b\u00f3ng \u1ea5n t\u01b0\u1ee3ng, v\u1eeba n\u00e2ng t\u1ea7m n\u1ed9i th\u1ea5t v\u1eeba d\u1ec5 d\u00e0ng cho vi\u1ec7c v\u1ec7 sinh v\u00e0 b\u1ea3o d\u01b0\u1ee1ng s\u00e0n t\u01b0\u1eddng<\/li>\n<li>K\u00edch th\u01b0\u1edbc g\u1ea1ch ph\u1ed5 bi\u1ebfn cho c\u1ea3 \u1ed1p t\u01b0\u1eddng v\u00e0 l\u00e1t n\u1ec1n, \u1ee9ng d\u1ee5ng \u0111a d\u1ea1ng trong nhi\u1ec1u phong c\u00e1ch ki\u1ebfn tr\u00fac<\/li>\n<\/ul>\n<p>Tr\u00ean \u0111\u00e2y l\u00e0 nh\u1eefng \u0111\u1eb7c \u0111i\u1ec3m n\u1ed5i b\u1eadt v\u00e0 l\u01b0u \u00fd khi qu\u00fd kh\u00e1ch l\u1ef1a ch\u1ecdn v\u00e0 s\u1eed d\u1ee5ng g\u1ea1ch \u1ed1p l\u00e1t CCG6060004S4. Hy v\u1ecdng b\u00e0i vi\u1ebft s\u1ebd gi\u00fap \u00edch cho qu\u00fd v\u1ecb \u0111\u1ec3 l\u1ef1a ch\u1ecdn \u0111\u01b0\u1ee3c s\u1ea3n ph\u1ea9m ph\u00f9 h\u1ee3p nh\u1ea5t v\u1edbi kh\u00f4ng gian v\u00e0 nhu c\u1ea7u s\u1eed d\u1ee5ng c\u1ee7a gia \u0111\u00ecnh.<\/p>\n<p><i>Vui l\u00f2ng \u0111\u1ec3 l\u1ea1i th\u00f4ng tin d\u01b0\u1edbi h\u1ed9p th\u01b0 d\u01b0\u1edbi \u0111\u00e2y n\u1ebfu qu\u00fd v\u1ecb c\u1ea7n gi\u1ea3i \u0111\u00e1p th\u1eafc m\u1eafc ho\u1eb7c nh\u1eadn s\u1ef1 t\u01b0 v\u1ea5n t\u1eeb chuy\u00ean gia c\u1ee7a CMC Tiles!<\/i><\/p>","protected":false},"excerpt":{"rendered":"<p>Ghi s\u00e1ng l\u00e0 t\u00f4ng m\u00e0u th\u1eddi th\u01b0\u1ee3ng v\u00e0 \u0111\u01b0\u1ee3c \u01b0a chu\u1ed9ng nh\u1ea5t trong nh\u1eefng n\u0103m g\u1ea7n \u0111\u00e2y, g\u1ea1ch \u1ed1p l\u00e1t CCG6060004S4 v\u1edbi thi\u1ebft k\u1ebf v\u00e2n \u0111\u00e1 m\u1ecfng nh\u1eb9, mang \u0111\u1ebfn v\u1ebb \u0111\u1eb9p sang tr\u1ecdng, \u1ea5n t\u01b0\u1ee3ng v\u00e0 b\u1ec1n b\u1ec9. 1. Th\u00f4ng s\u1ed1 s\u1ea3n ph\u1ea9m M\u00e3 s\u1ea3n ph\u1ea9m CCG6060004S4 Th\u01b0\u01a1ng hi\u1ec7u G\u1ea1ch \u1ed1p l\u00e1t CMC Ph\u00e2n [&hellip;]<\/p>\n","protected":false},"featured_media":29781,"comment_status":"open","ping_status":"closed","template":"","meta":[],"product_brand":[],"product_cat":[1009,1015,1083,1016,1076,1017],"product_tag":[],"class_list":{"0":"post-29768","1":"product","2":"type-product","3":"status-publish","4":"has-post-thumbnail","6":"product_cat-ceramic","7":"product_cat-gach-lat","8":"product_cat-gach-lat-nen-van-da","9":"product_cat-gach-op","10":"product_cat-gach-op-lat","11":"product_cat-gach-op-lat-cmc","13":"first","14":"instock","15":"taxable","16":"shipping-taxable","17":"purchasable","18":"product-type-simple"},"_links":{"self":[{"href":"https:\/\/cmctiles.vn\/en\/wp-json\/wp\/v2\/product\/29768","targetHints":{"allow":["GET"]}}],"collection":[{"href":"https:\/\/cmctiles.vn\/en\/wp-json\/wp\/v2\/product"}],"about":[{"href":"https:\/\/cmctiles.vn\/en\/wp-json\/wp\/v2\/types\/product"}],"replies":[{"embeddable":true,"href":"https:\/\/cmctiles.vn\/en\/wp-json\/wp\/v2\/comments?post=29768"}],"version-history":[{"count":1,"href":"https:\/\/cmctiles.vn\/en\/wp-json\/wp\/v2\/product\/29768\/revisions"}],"predecessor-version":[{"id":29798,"href":"https:\/\/cmctiles.vn\/en\/wp-json\/wp\/v2\/product\/29768\/revisions\/29798"}],"wp:featuredmedia":[{"embeddable":true,"href":"https:\/\/cmctiles.vn\/en\/wp-json\/wp\/v2\/media\/29781"}],"wp:attachment":[{"href":"https:\/\/cmctiles.vn\/en\/wp-json\/wp\/v2\/media?parent=29768"}],"wp:term":[{"taxonomy":"product_brand","embeddable":true,"href":"https:\/\/cmctiles.vn\/en\/wp-json\/wp\/v2\/product_brand?post=29768"},{"taxonomy":"product_cat","embeddable":true,"href":"https:\/\/cmctiles.vn\/en\/wp-json\/wp\/v2\/product_cat?post=29768"},{"taxonomy":"product_tag","embeddable":true,"href":"https:\/\/cmctiles.vn\/en\/wp-json\/wp\/v2\/product_tag?post=29768"}],"curies":[{"name":"wp","href":"https:\/\/api.w.org\/{rel}","templated":true}]}}