{"id":29740,"date":"2024-06-26T14:24:22","date_gmt":"2024-06-26T07:24:22","guid":{"rendered":"https:\/\/cmctiles.vn\/?post_type=product&#038;p=29740"},"modified":"2024-06-26T14:54:28","modified_gmt":"2024-06-26T07:54:28","slug":"gach-op-lat-ghi-da-an-tuong-va-dang-cap-cpg6060109s3-cpg8080109s3","status":"publish","type":"product","link":"https:\/\/cmctiles.vn\/en\/gach-op-lat\/gach-op-lat-ghi-da-an-tuong-va-dang-cap-cpg6060109s3-cpg8080109s3.html","title":{"rendered":"G\u1ea1ch \u1ed1p l\u00e1t ghi \u0111\u00e1 \u1ea5n t\u01b0\u1ee3ng v\u00e0 \u0111\u1eb3ng c\u1ea5p CPG6060109S3 &#8211; CPG8080109S3"},"content":{"rendered":"<p>L\u1ea5y c\u1ea3m h\u1ee9ng t\u1eeb v\u1ebb \u0111\u1eb9p \u1ea5n t\u01b0\u1ee3ng c\u1ee7a c\u00e1c d\u00f2ng \u0111\u00e1 t\u1ef1 nhi\u00ean, <strong>combo g\u1ea1ch \u1ed1p l\u00e1t CPG6060109S3 (600x600mm) v\u00e0 CPG8080109S3 (800x800mm)<\/strong> th\u1ed5i v\u00e0o kh\u00f4ng gian tinh th\u1ea7n ph\u00f3ng kho\u00e1ng, sang tr\u1ecdng, c\u00f3 kh\u1ea3 n\u0103ng \u1ee9ng d\u1ee5ng trong \u0111a d\u1ea1ng phong c\u00e1ch ki\u1ebfn tr\u00fac t\u1eeb c\u1ed5 \u0111i\u1ec3n t\u1edbi hi\u1ec7n \u0111\u1ea1i.<\/p>\n<h2><strong>1. Th\u00f4ng s\u1ed1 s\u1ea3n ph\u1ea9m<\/strong><\/h2>\n<table>\n<tbody>\n<tr>\n<td>M\u00e3 s\u1ea3n ph\u1ea9m<\/td>\n<td>CPG6060109S3 v\u00e0 CPG8080109S3<\/td>\n<\/tr>\n<tr>\n<td>BRANDS<\/td>\n<td>CMC Tiles<\/td>\n<\/tr>\n<tr>\n<td>Ph\u00e2n lo\u1ea1i<\/td>\n<td>G\u1ea1ch \u1ed1p t\u01b0\u1eddng, g\u1ea1ch l\u00e1t n\u1ec1n<\/td>\n<\/tr>\n<tr>\n<td>M\u00e0u s\u1eafc<\/td>\n<td>M\u00e0u ghi t\u1ed1i v\u00e2n \u0111\u00e1 (\u0111a faces)<\/td>\n<\/tr>\n<tr>\n<td>Sizes<\/td>\n<td>600x600mm v\u00e0 800x800mm<\/td>\n<\/tr>\n<tr>\n<td>\u0110\u1ed9 d\u00e0y<\/td>\n<td>9.0 (mm)<\/td>\n<\/tr>\n<tr>\n<td>MATERIALS<\/td>\n<td>Porcelain<\/td>\n<\/tr>\n<tr>\n<td>Surfaces<\/td>\n<td>Men Nano b\u00f3ng<\/td>\n<\/tr>\n<tr>\n<td>Outstanding features<\/td>\n<td>\n<ul>\n<li aria-level=\"1\">Thi\u1ebft k\u1ebf b\u1ed9 \u0111\u00f4i v\u1edbi hai d\u00f2ng k\u00edch th\u01b0\u1edbc ph\u1ed5 bi\u1ebfn nh\u1ea5t<\/li>\n<li aria-level=\"1\">Kh\u1ea3 n\u0103ng ch\u1ecbu l\u1ef1c, ch\u1ecbu m\u00e0i m\u00f2i cao<\/li>\n<li aria-level=\"1\">Anti-acid, anti-slip<\/li>\n<li aria-level=\"1\">Non-ignition, non-expansion<\/li>\n<li aria-level=\"1\">Easy to clean, anti-bacterial, anti-mildew<\/li>\n<\/ul>\n<\/td>\n<\/tr>\n<tr>\n<td>APPLICATIONS<\/td>\n<td>\u0110a d\u1ea1ng, v\u00ed d\u1ee5 ki\u1ebfn tr\u00fac nh\u00e0 \u1ed1ng, khu chung c\u01b0, nh\u00e0 \u1edf cao c\u1ea5p, bi\u1ec7t th\u1ef1, ph\u00f2ng kh\u00e1ch\u2026<\/td>\n<\/tr>\n<\/tbody>\n<\/table>\n<h2><img fetchpriority=\"high\" decoding=\"async\" class=\"wp-image-29734 aligncenter\" src=\"https:\/\/cmctiles.vn\/wp-content\/uploads\/2024\/06\/109-300x271.png\" alt=\"\" width=\"968\" height=\"874\" title=\"\" srcset=\"https:\/\/cmctiles.vn\/wp-content\/uploads\/2024\/06\/109-300x271.png 300w, https:\/\/cmctiles.vn\/wp-content\/uploads\/2024\/06\/109-768x693.png 768w, https:\/\/cmctiles.vn\/wp-content\/uploads\/2024\/06\/109-13x12.png 13w, https:\/\/cmctiles.vn\/wp-content\/uploads\/2024\/06\/109-310x280.png 310w, https:\/\/cmctiles.vn\/wp-content\/uploads\/2024\/06\/109-500x451.png 500w, https:\/\/cmctiles.vn\/wp-content\/uploads\/2024\/06\/109.png 896w\" sizes=\"(max-width: 968px) 100vw, 968px\" \/><\/h2>\n<p style=\"text-align: center;\"><em>G\u1ea1ch \u1ed1p l\u00e1t m\u00e3 CPG6060109S3 (600x600mm) v\u00e0 CPG8080109S3 (800x800mm) thi\u1ebft k\u1ebf v\u00e2n \u0111\u00e1 sang tr\u1ecdng<\/em><\/p>\n<h2><strong>2. Combo g\u1ea1ch \u1ed1p l\u00e1t CPG6060109S3 v\u00e0 CPG8080109S3<\/strong><strong>\u00a0\u2013 d\u00f2ng s\u1ea3n ph\u1ea9m cao c\u1ea5p c\u1ee7a CMC<\/strong><\/h2>\n<p>L\u00e0 d\u00f2ng s\u1ea3n ph\u1ea9m g\u1ea1ch \u1ed1p l\u00e1t cao c\u1ea5p v\u1edbi thi\u1ebft k\u1ebf combo \u1ea5n t\u01b0\u1ee3ng, s\u1ea3n ph\u1ea9m g\u1ea1ch CPG6060109S3 v\u00e0 CPG8080109S3 mang \u0111\u1ebfn tr\u1ea3i nghi\u1ec7m \u01b0u vi\u1ec7t cho ng\u01b0\u1eddi d\u00f9ng v\u00e0 l\u00e0 s\u1ef1 l\u1ef1a ch\u1ecdn l\u00fd t\u01b0\u1edfng cho nh\u1eefng kh\u00f4ng gian hi\u1ec7n \u0111\u1ea1i<\/p>\n<ul>\n<li>Ch\u1ea5t li\u1ec7u x\u01b0\u01a1ng Porcelain d\u00e0y d\u1eb7n v\u00e0 ch\u1eafc ch\u1eafn, \u0111\u1ed9 th\u1ea5m h\u00fat n\u01b0\u1edbc c\u1ef1c th\u1ea5p &lt;0.5% mang \u0111\u1ebfn \u0111\u1ed9 b\u1ec1n b\u1ec9 v\u01b0\u1ee3t tr\u1ed9i<\/li>\n<li>B\u1ec1 m\u1eb7t men Nano b\u00f3ng v\u1edbi \u0111\u1ed9 s\u00e1ng b\u00f3ng \u1ea5n t\u01b0\u1ee3ng, v\u1eeba n\u00e2ng t\u1ea7m n\u1ed9i th\u1ea5t v\u1eeba d\u1ec5 d\u00e0ng cho vi\u1ec7c v\u1ec7 sinh v\u00e0 b\u1ea3o d\u01b0\u1ee1ng s\u00e0n t\u01b0\u1eddng<\/li>\n<li>Thi\u1ebft k\u1ebf hai k\u00edch th\u01b0\u1edbc c\u00f9ng h\u1ecda ti\u1ebft gi\u00fap kh\u00e1ch h\u00e0ng thu\u1eadn ti\u1ec7n trong vi\u1ec7c l\u1ef1a ch\u1ecdn v\u00e0 \u1ee9ng d\u1ee5ng s\u1ea3n ph\u1ea9m \u0111\u1ed3ng b\u1ed9, \u1ee9ng d\u1ee5ng \u0111a d\u1ea1ng trong nhi\u1ec1u phong c\u00e1ch ki\u1ebfn tr\u00fac<\/li>\n<\/ul>\n<p>Tr\u00ean \u0111\u00e2y l\u00e0 nh\u1eefng \u0111\u1eb7c \u0111i\u1ec3m n\u1ed5i b\u1eadt v\u00e0 l\u01b0u \u00fd khi qu\u00fd kh\u00e1ch l\u1ef1a ch\u1ecdn v\u00e0 s\u1eed d\u1ee5ng g\u1ea1ch \u1ed1p l\u00e1t CPG6060109S3 v\u00e0 CPG8080109S3. Hy v\u1ecdng b\u00e0i vi\u1ebft s\u1ebd gi\u00fap \u00edch cho qu\u00fd v\u1ecb \u0111\u1ec3 l\u1ef1a ch\u1ecdn \u0111\u01b0\u1ee3c s\u1ea3n ph\u1ea9m ph\u00f9 h\u1ee3p nh\u1ea5t v\u1edbi kh\u00f4ng gian v\u00e0 nhu c\u1ea7u s\u1eed d\u1ee5ng c\u1ee7a gia \u0111\u00ecnh.<\/p>\n<p><i>Vui l\u00f2ng \u0111\u1ec3 l\u1ea1i th\u00f4ng tin d\u01b0\u1edbi h\u1ed9p th\u01b0 d\u01b0\u1edbi \u0111\u00e2y n\u1ebfu qu\u00fd v\u1ecb c\u1ea7n gi\u1ea3i \u0111\u00e1p th\u1eafc m\u1eafc ho\u1eb7c nh\u1eadn s\u1ef1 t\u01b0 v\u1ea5n t\u1eeb chuy\u00ean gia c\u1ee7a CMC Tiles!<\/i><\/p>","protected":false},"excerpt":{"rendered":"<p>L\u1ea5y c\u1ea3m h\u1ee9ng t\u1eeb v\u1ebb \u0111\u1eb9p \u1ea5n t\u01b0\u1ee3ng c\u1ee7a c\u00e1c d\u00f2ng \u0111\u00e1 t\u1ef1 nhi\u00ean, combo g\u1ea1ch \u1ed1p l\u00e1t CPG6060109S3 (600x600mm) v\u00e0 CPG8080109S3 (800x800mm) th\u1ed5i v\u00e0o kh\u00f4ng gian tinh th\u1ea7n ph\u00f3ng kho\u00e1ng, sang tr\u1ecdng, c\u00f3 kh\u1ea3 n\u0103ng \u1ee9ng d\u1ee5ng trong \u0111a d\u1ea1ng phong c\u00e1ch ki\u1ebfn tr\u00fac t\u1eeb c\u1ed5 \u0111i\u1ec3n t\u1edbi hi\u1ec7n \u0111\u1ea1i. 1. Th\u00f4ng s\u1ed1 s\u1ea3n [&hellip;]<\/p>\n","protected":false},"featured_media":29733,"comment_status":"open","ping_status":"closed","template":"","meta":[],"product_brand":[],"product_cat":[1076,1015,1083,1016,1017,1023],"product_tag":[],"class_list":{"0":"post-29740","1":"product","2":"type-product","3":"status-publish","4":"has-post-thumbnail","6":"product_cat-gach-op-lat","7":"product_cat-gach-lat","8":"product_cat-gach-lat-nen-van-da","9":"product_cat-gach-op","10":"product_cat-gach-op-lat-cmc","11":"product_cat-porcelain","13":"first","14":"instock","15":"taxable","16":"shipping-taxable","17":"purchasable","18":"product-type-simple"},"_links":{"self":[{"href":"https:\/\/cmctiles.vn\/en\/wp-json\/wp\/v2\/product\/29740","targetHints":{"allow":["GET"]}}],"collection":[{"href":"https:\/\/cmctiles.vn\/en\/wp-json\/wp\/v2\/product"}],"about":[{"href":"https:\/\/cmctiles.vn\/en\/wp-json\/wp\/v2\/types\/product"}],"replies":[{"embeddable":true,"href":"https:\/\/cmctiles.vn\/en\/wp-json\/wp\/v2\/comments?post=29740"}],"version-history":[{"count":3,"href":"https:\/\/cmctiles.vn\/en\/wp-json\/wp\/v2\/product\/29740\/revisions"}],"predecessor-version":[{"id":29754,"href":"https:\/\/cmctiles.vn\/en\/wp-json\/wp\/v2\/product\/29740\/revisions\/29754"}],"wp:featuredmedia":[{"embeddable":true,"href":"https:\/\/cmctiles.vn\/en\/wp-json\/wp\/v2\/media\/29733"}],"wp:attachment":[{"href":"https:\/\/cmctiles.vn\/en\/wp-json\/wp\/v2\/media?parent=29740"}],"wp:term":[{"taxonomy":"product_brand","embeddable":true,"href":"https:\/\/cmctiles.vn\/en\/wp-json\/wp\/v2\/product_brand?post=29740"},{"taxonomy":"product_cat","embeddable":true,"href":"https:\/\/cmctiles.vn\/en\/wp-json\/wp\/v2\/product_cat?post=29740"},{"taxonomy":"product_tag","embeddable":true,"href":"https:\/\/cmctiles.vn\/en\/wp-json\/wp\/v2\/product_tag?post=29740"}],"curies":[{"name":"wp","href":"https:\/\/api.w.org\/{rel}","templated":true}]}}