{"id":29621,"date":"2024-06-25T13:08:46","date_gmt":"2024-06-25T06:08:46","guid":{"rendered":"https:\/\/cmctiles.vn\/?post_type=product&#038;p=29621"},"modified":"2024-06-28T11:47:18","modified_gmt":"2024-06-28T04:47:18","slug":"gach-op-lat-van-da-mau-ghi-sang-sang-trong-ppg6060116s3","status":"publish","type":"product","link":"https:\/\/cmctiles.vn\/en\/gach-op-lat\/gach-op-lat-van-da-mau-ghi-sang-sang-trong-ppg6060116s3.html","title":{"rendered":"G\u1ea1ch \u1ed1p l\u00e1t v\u00e2n \u0111\u00e1 m\u00e0u ghi s\u00e1ng sang tr\u1ecdng PPG6060116S3"},"content":{"rendered":"<p><span style=\"font-weight: 400;\">L\u1ea5y c\u1ea3m h\u1ee9ng t\u1eeb nh\u1eefng \u0111\u01b0\u1eddng n\u1ee9t tinh x\u1ea3o d\u01b0\u1edbi s\u1ef1 t\u00e1c \u0111\u1ed9ng c\u1ee7a th\u1eddi gian, s\u1ea3n ph\u1ea9m g\u1ea1ch \u1ed1p l\u00e1t <strong>PPG6060116S3<\/strong> mang v\u1ebb \u0111\u1eb9p h\u00f9ng v\u0129 v\u00e0 m\u00eanh m\u00f4ng c\u1ee7a m\u1eb9 thi\u00ean nhi\u00ean.\u00a0<\/span><\/p>\n<ol>\n<li>\n<h2><b> Th\u00f4ng s\u1ed1 s\u1ea3n ph\u1ea9m<\/b><\/h2>\n<\/li>\n<\/ol>\n<table style=\"width: 82.1001%;\">\n<tbody>\n<tr>\n<td style=\"width: 26.0541%;\"><span style=\"font-weight: 400;\">M\u00e3 s\u1ea3n ph\u1ea9m<\/span><\/td>\n<td style=\"width: 79.1474%;\"><span style=\"font-weight: 400;\"><strong>PPG6060116S3<\/strong><\/span><\/td>\n<\/tr>\n<tr>\n<td style=\"width: 26.0541%;\"><span style=\"font-weight: 400;\">BRANDS<\/span><\/td>\n<td style=\"width: 79.1474%;\"><span style=\"font-weight: 400;\">PRATO Tiles<\/span><\/td>\n<\/tr>\n<tr>\n<td style=\"width: 26.0541%;\"><span style=\"font-weight: 400;\">Ph\u00e2n lo\u1ea1i<\/span><\/td>\n<td style=\"width: 79.1474%;\"><span style=\"font-weight: 400;\">Ceramic tiles\u00a0<\/span><\/td>\n<\/tr>\n<tr>\n<td style=\"width: 26.0541%;\"><span style=\"font-weight: 400;\">M\u00e0u s\u1eafc<\/span><\/td>\n<td style=\"width: 79.1474%;\"><span style=\"font-weight: 400;\">M\u00e0u x\u00e1m tr\u1eafng v\u00e2n \u0111\u00e1<\/span><\/td>\n<\/tr>\n<tr>\n<td style=\"width: 26.0541%;\"><span style=\"font-weight: 400;\">Sizes<\/span><\/td>\n<td style=\"width: 79.1474%;\"><span style=\"font-weight: 400;\">600&#215;600 mm<\/span><\/td>\n<\/tr>\n<tr>\n<td style=\"width: 26.0541%;\"><span style=\"font-weight: 400;\">\u0110\u1ed9 d\u00e0y<\/span><\/td>\n<td style=\"width: 79.1474%;\"><span style=\"font-weight: 400;\">9,0 mm<\/span><\/td>\n<\/tr>\n<tr>\n<td style=\"width: 26.0541%;\"><span style=\"font-weight: 400;\">MATERIALS\u00a0<\/span><\/td>\n<td style=\"width: 79.1474%;\"><span style=\"font-weight: 400;\">Porcelain<\/span><\/td>\n<\/tr>\n<tr>\n<td style=\"width: 26.0541%;\"><span style=\"font-weight: 400;\">Surfaces<\/span><\/td>\n<td style=\"width: 79.1474%;\"><span style=\"font-weight: 400;\">Glossy Glaze\u00a0<\/span><\/td>\n<\/tr>\n<tr>\n<td style=\"width: 26.0541%;\"><span style=\"font-weight: 400;\">Outstanding features<\/span><\/td>\n<td style=\"width: 79.1474%;\">\n<ul>\n<li style=\"font-weight: 400;\" aria-level=\"1\"><span style=\"font-weight: 400;\">Hoa v\u0103n sang tr\u1ecdng, th\u1eddi th\u01b0\u1ee3ng<\/span><\/li>\n<li style=\"font-weight: 400;\" aria-level=\"1\"><span style=\"font-weight: 400;\">\u0110\u1ed3 b\u1ec1n u\u1ed1n ch\u1ecbu l\u1ef1c t\u1ed1t, th\u1ea5m h\u00fat n\u01b0\u1edbc th\u1ea5p<\/span><\/li>\n<li style=\"font-weight: 400;\" aria-level=\"1\"><span style=\"font-weight: 400;\">K\u00edch th\u01b0\u1edbc ph\u1ed5 th\u00f4ng, \u1ee9ng d\u1ee5ng \u0111a d\u1ea1ng<\/span><\/li>\n<li style=\"font-weight: 400;\" aria-level=\"1\"><span style=\"font-weight: 400;\">Non-ignition, non-expansion<\/span><\/li>\n<li style=\"font-weight: 400;\" aria-level=\"1\"><span style=\"font-weight: 400;\">Easy to clean, anti-bacterial, anti-mildew<\/span><\/li>\n<\/ul>\n<\/td>\n<\/tr>\n<tr>\n<td style=\"width: 26.0541%;\"><span style=\"font-weight: 400;\">APPLICATIONS<\/span><\/td>\n<td style=\"width: 79.1474%;\"><span style=\"font-weight: 400;\">\u0110a d\u1ea1ng, v\u00ed d\u1ee5 ki\u1ebfn tr\u00fac nh\u00e0 \u1ed1ng, khu chung c\u01b0, nh\u00e0 \u1edf cao c\u1ea5p, bi\u1ec7t th\u1ef1, ph\u00f2ng kh\u00e1ch\u2026<\/span><\/td>\n<\/tr>\n<\/tbody>\n<\/table>\n<ol start=\"2\">\n<li>\n<h2><b> PPG6060116S3 &#8211; d\u00f2ng s\u1ea3n ph\u1ea9m cao c\u1ea5p c\u1ee7a CMC\u00a0<\/b><\/h2>\n<\/li>\n<\/ol>\n<p><img fetchpriority=\"high\" decoding=\"async\" class=\"wp-image-29627 aligncenter\" src=\"https:\/\/cmctiles.vn\/wp-content\/uploads\/2024\/06\/PPG6060116S3-4FACES-PC1-300x228.jpg\" alt=\"\" width=\"933\" height=\"709\" title=\"\" srcset=\"https:\/\/cmctiles.vn\/wp-content\/uploads\/2024\/06\/PPG6060116S3-4FACES-PC1-300x228.jpg 300w, https:\/\/cmctiles.vn\/wp-content\/uploads\/2024\/06\/PPG6060116S3-4FACES-PC1-1024x778.jpg 1024w, https:\/\/cmctiles.vn\/wp-content\/uploads\/2024\/06\/PPG6060116S3-4FACES-PC1-768x584.jpg 768w, https:\/\/cmctiles.vn\/wp-content\/uploads\/2024\/06\/PPG6060116S3-4FACES-PC1-1536x1167.jpg 1536w, https:\/\/cmctiles.vn\/wp-content\/uploads\/2024\/06\/PPG6060116S3-4FACES-PC1-16x12.jpg 16w, https:\/\/cmctiles.vn\/wp-content\/uploads\/2024\/06\/PPG6060116S3-4FACES-PC1-369x280.jpg 369w, https:\/\/cmctiles.vn\/wp-content\/uploads\/2024\/06\/PPG6060116S3-4FACES-PC1-500x380.jpg 500w, https:\/\/cmctiles.vn\/wp-content\/uploads\/2024\/06\/PPG6060116S3-4FACES-PC1.jpg 2048w\" sizes=\"(max-width: 933px) 100vw, 933px\" \/><\/p>\n<p style=\"text-align: center;\"><i><span style=\"font-weight: 400;\">\u1ea2nh m\u00e0u s\u1eafc th\u1ef1c c\u1ee7a g\u1ea1ch PPG6060116S3\u00a0<\/span><\/i><\/p>\n<p><span style=\"font-weight: 400;\">L\u00e0 s\u1ea3n ph\u1ea9m \u0111\u01b0\u1ee3c kh\u01a1i ngu\u1ed3n v\u00e0 mang v\u1ebb \u0111\u1eb9p v\u0129 \u0111\u1ea1i c\u1ee7a m\u1eb9 thi\u00ean nhi\u00ean, g\u1ea1ch \u1ed1p l\u00e1t <strong>PPG6060116S3<\/strong> n\u1eb1m trong Top nh\u1eefng d\u00f2ng s\u1ea3n ph\u1ea9m cao c\u1ea5p c\u1ee7a CMC. Khi mang s\u1ea3n ph\u1ea9m n\u00e0y v\u00e0o ki\u1ebfn tr\u00fac, <strong>PPG6060116S3<\/strong> khi\u1ebfn cho m\u1ecdi kh\u00f4ng gian tr\u1edf n\u00ean tr\u00e1ng l\u1ec7 v\u00e0 th\u1eddi th\u01b0\u1ee3ng.\u00a0<\/span><\/p>\n<h3><i><span style=\"font-weight: 400;\">2.1. V\u00e2n \u0111\u00e1 m\u00f4 ph\u1ecfng nh\u1eefng r\u00e3nh n\u1ee9t tinh x\u1ea3o\u00a0 \u0111em l\u1ea1i s\u1ef1 kh\u00e1c bi\u1ec7t v\u00e0 l\u1ea1 m\u1eaft<\/span><\/i><\/h3>\n<p><span style=\"font-weight: 400;\">Nh\u1eefng \u0111\u01b0\u1eddng v\u00e2n \u0111\u00e1 bi\u1ebfn chuy\u1ec3n t\u1ef1 nhi\u00ean, sinh \u0111\u1ed9ng v\u00e0 s\u1eafc s\u1ea3o, n\u1ed5i b\u1eadt tr\u00ean n\u1ec1n ghi x\u00e1m thanh l\u1ecbch, s\u1ea3n ph\u1ea9m g\u1ea1ch \u1ed1p l\u00e1t <strong>PPG6060116S3<\/strong> mang v\u1ebb \u0111\u1eb9p tinh t\u1ebf, sang tr\u1ecdng v\u00e0 \u1ea5n t\u01b0\u1ee3ng cho kh\u00f4ng gian.\u00a0<\/span><\/p>\n<h3><i><span style=\"font-weight: 400;\">2.2. T\u00ednh n\u0103ng m\u1ea1nh m\u1ebd v\u00e0 b\u1ec1n b\u1ec9\u00a0<\/span><\/i><\/h3>\n<p><span style=\"font-weight: 400;\">L\u00e0 d\u00f2ng g\u1ea1ch c\u00f3 \u0111\u1ed9 b\u1ec1n, \u0111\u1ed9 c\u1ee9ng v\u00e0 kh\u1ea3 n\u0103ng ch\u1ecbu m\u00e0i m\u00f2n cao. B\u1edfi v\u1eady g\u1ea1ch c\u1ef1c k\u00ec th\u00edch h\u1ee3p cho vi\u1ec7c \u1ed1p l\u00e1t s\u00e0n v\u00e0 c\u1ea3 t\u01b0\u1eddng.\u00a0<\/span><\/p>\n<p><span style=\"font-weight: 400;\">B\u1ec1 m\u1eb7t g\u1ea1ch men b\u00f3ng gi\u00fap vi\u1ec7c v\u1ec7 sinh, lau ch\u00f9i tr\u1edf n\u00ean \u0111\u01a1n gi\u1ea3n, gi\u00fap \u0111\u1ed9 m\u1edbi c\u1ee7a g\u1ea1ch k\u00e9o d\u00e0i.\u00a0<\/span><\/p>\n<p><span style=\"font-weight: 400;\">Ngo\u00e0i ra, qu\u00e1 tr\u00ecnh s\u1ea3n xu\u1ea5t g\u1ea1ch porcelain kh\u00f4ng g\u00e2y \u00f4 nhi\u1ec5m b\u1edfi s\u1eed d\u1ee5ng ngu\u1ed3n nguy\u00ean li\u1ec7u t\u00e1i ch\u1ebf, \u0111\u00e1p \u1ee9ng c\u00e1c ti\u00eau chu\u1ea9n v\u1ec1 ph\u00e1t tri\u1ec3n b\u1ec1n v\u1eefng.<\/span><\/p>\n<p><span style=\"font-weight: 400;\">Tr\u00ean \u0111\u00e2y l\u00e0 nh\u1eefng \u0111\u1eb7c \u0111i\u1ec3m n\u1ed5i b\u1eadt v\u00e0 l\u01b0u \u00fd khi qu\u00fd kh\u00e1ch l\u1ef1a ch\u1ecdn v\u00e0 s\u1eed d\u1ee5ng g\u1ea1ch \u1ed1p l\u00e1t <strong>PPG6060116S3<\/strong>. Hy v\u1ecdng b\u00e0i vi\u1ebft s\u1ebd gi\u00fap \u00edch cho qu\u00fd v\u1ecb \u0111\u1ec3 l\u1ef1a ch\u1ecdn \u0111\u01b0\u1ee3c s\u1ea3n ph\u1ea9m ph\u00f9 h\u1ee3p nh\u1ea5t v\u1edbi kh\u00f4ng gian v\u00e0 chi ph\u00ed c\u1ee7a gia \u0111\u00ecnh.\u00a0<\/span><\/p>\n<p><span style=\"font-weight: 400;\">Vui l\u00f2ng \u0111\u1ec3 l\u1ea1i th\u00f4ng tin d\u01b0\u1edbi h\u1ed9p th\u01b0 d\u01b0\u1edbi \u0111\u00e2y n\u1ebfu qu\u00fd v\u1ecb c\u1ea7n gi\u1ea3i \u0111\u00e1p th\u1eafc m\u1eafc ho\u1eb7c nh\u1eadn s\u1ef1 t\u01b0 v\u1ea5n t\u1eeb chuy\u00ean gia c\u1ee7a CMC Tiles!<\/span><\/p>\n<p>&nbsp;<\/p>","protected":false},"excerpt":{"rendered":"<p>L\u1ea5y c\u1ea3m h\u1ee9ng t\u1eeb nh\u1eefng \u0111\u01b0\u1eddng n\u1ee9t tinh x\u1ea3o d\u01b0\u1edbi s\u1ef1 t\u00e1c \u0111\u1ed9ng c\u1ee7a th\u1eddi gian, s\u1ea3n ph\u1ea9m g\u1ea1ch \u1ed1p l\u00e1t PPG6060116S3 mang v\u1ebb \u0111\u1eb9p h\u00f9ng v\u0129 v\u00e0 m\u00eanh m\u00f4ng c\u1ee7a m\u1eb9 thi\u00ean nhi\u00ean.\u00a0 Th\u00f4ng s\u1ed1 s\u1ea3n ph\u1ea9m M\u00e3 s\u1ea3n ph\u1ea9m PPG6060116S3 Th\u01b0\u01a1ng hi\u1ec7u G\u1ea1ch \u1ed1p l\u00e1t PRATO Ph\u00e2n lo\u1ea1i G\u1ea1ch \u1ed1p l\u00e1t\u00a0 M\u00e0u s\u1eafc [&hellip;]<\/p>\n","protected":false},"featured_media":29897,"comment_status":"open","ping_status":"closed","template":"","meta":[],"product_brand":[],"product_cat":[1076,1015,1016,1092,1023],"product_tag":[],"class_list":{"0":"post-29621","1":"product","2":"type-product","3":"status-publish","4":"has-post-thumbnail","6":"product_cat-gach-op-lat","7":"product_cat-gach-lat","8":"product_cat-gach-op","9":"product_cat-gach-op-lat-prato","10":"product_cat-porcelain","12":"first","13":"instock","14":"taxable","15":"shipping-taxable","16":"purchasable","17":"product-type-simple"},"_links":{"self":[{"href":"https:\/\/cmctiles.vn\/en\/wp-json\/wp\/v2\/product\/29621","targetHints":{"allow":["GET"]}}],"collection":[{"href":"https:\/\/cmctiles.vn\/en\/wp-json\/wp\/v2\/product"}],"about":[{"href":"https:\/\/cmctiles.vn\/en\/wp-json\/wp\/v2\/types\/product"}],"replies":[{"embeddable":true,"href":"https:\/\/cmctiles.vn\/en\/wp-json\/wp\/v2\/comments?post=29621"}],"version-history":[{"count":3,"href":"https:\/\/cmctiles.vn\/en\/wp-json\/wp\/v2\/product\/29621\/revisions"}],"predecessor-version":[{"id":29631,"href":"https:\/\/cmctiles.vn\/en\/wp-json\/wp\/v2\/product\/29621\/revisions\/29631"}],"wp:featuredmedia":[{"embeddable":true,"href":"https:\/\/cmctiles.vn\/en\/wp-json\/wp\/v2\/media\/29897"}],"wp:attachment":[{"href":"https:\/\/cmctiles.vn\/en\/wp-json\/wp\/v2\/media?parent=29621"}],"wp:term":[{"taxonomy":"product_brand","embeddable":true,"href":"https:\/\/cmctiles.vn\/en\/wp-json\/wp\/v2\/product_brand?post=29621"},{"taxonomy":"product_cat","embeddable":true,"href":"https:\/\/cmctiles.vn\/en\/wp-json\/wp\/v2\/product_cat?post=29621"},{"taxonomy":"product_tag","embeddable":true,"href":"https:\/\/cmctiles.vn\/en\/wp-json\/wp\/v2\/product_tag?post=29621"}],"curies":[{"name":"wp","href":"https:\/\/api.w.org\/{rel}","templated":true}]}}