{"id":29489,"date":"2024-06-17T17:56:48","date_gmt":"2024-06-17T10:56:48","guid":{"rendered":"https:\/\/cmctiles.vn\/?post_type=product&#038;p=29489"},"modified":"2024-06-17T18:10:30","modified_gmt":"2024-06-17T11:10:30","slug":"gach-op-lat-van-da-ghi-dam-mai-bong-sang-trong-ppg6060001s3","status":"publish","type":"product","link":"https:\/\/cmctiles.vn\/en\/gach-op-lat\/gach-op-lat-van-da-ghi-dam-mai-bong-sang-trong-ppg6060001s3.html","title":{"rendered":"G\u1ea1ch \u1ed1p l\u00e1t v\u00e2n \u0111\u00e1 ghi \u0111\u1eadm m\u00e0i b\u00f3ng sang tr\u1ecdng PPG6060001S3\u00a0&#8211; PPG8080001S3"},"content":{"rendered":"<p><span style=\"font-weight: 400;\">L\u1ea5y c\u1ea3m h\u1ee9ng t\u1eeb phong c\u00e1ch thi\u1ebft k\u1ebf ki\u1ebfn tr\u00fac hi\u1ec7n \u0111\u1ea1i, v\u1edbi c\u00e1c \u0111\u01b0\u1eddng n\u00e9t tinh t\u1ebf, b\u1ec1 m\u1eb7t nh\u1eb5n b\u00f3ng v\u00e0 m\u00e0u s\u1eafc trung t\u00ednh, g\u1ea1ch \u1ed1p l\u00e1t PPG6060001S3 g\u00e2y \u1ea5n t\u01b0\u1ee3ng nh\u1edd v\u1ebb \u0111\u1eb9p sang tr\u1ecdng, tinh t\u1ebf v\u00e0 mang l\u1ea1i t\u1ed5ng th\u1ec3 h\u00e0i h\u00f2a cho kh\u00f4ng gian.\u00a0<\/span><\/p>\n<ol>\n<li>\n<h2><b> Th\u00f4ng s\u1ed1 s\u1ea3n ph\u1ea9m<\/b><\/h2>\n<\/li>\n<\/ol>\n<table style=\"width: 49.3361%; height: 541px;\">\n<tbody>\n<tr style=\"height: 61px;\">\n<td style=\"width: 120.069px; height: 37px;\">M\u00e3 s\u1ea3n ph\u1ea9m<\/td>\n<td style=\"width: 627.882px; height: 37px;\">PPG6060001S3 &#8211; PPG8080001S3<\/td>\n<\/tr>\n<tr style=\"height: 44px;\">\n<td style=\"width: 120.069px; height: 44px;\"><span style=\"font-weight: 400;\">BRANDS<\/span><\/td>\n<td style=\"width: 627.882px; height: 44px;\"><span style=\"font-weight: 400;\">PRATO Tiles<\/span><\/td>\n<\/tr>\n<tr style=\"height: 44px;\">\n<td style=\"width: 120.069px; height: 44px;\"><span style=\"font-weight: 400;\">Ph\u00e2n lo\u1ea1i<\/span><\/td>\n<td style=\"width: 627.882px; height: 44px;\"><span style=\"font-weight: 400;\">Ceramic tiles\u00a0<\/span><\/td>\n<\/tr>\n<tr style=\"height: 44px;\">\n<td style=\"width: 120.069px; height: 44px;\"><span style=\"font-weight: 400;\">M\u00e0u s\u1eafc<\/span><\/td>\n<td style=\"width: 627.882px; height: 44px;\"><span style=\"font-weight: 400;\">M\u00e0u ghi t\u1ed1i v\u00e2n \u0111\u00e1<\/span><\/td>\n<\/tr>\n<tr style=\"height: 44px;\">\n<td style=\"width: 120.069px; height: 44px;\"><span style=\"font-weight: 400;\">Sizes<\/span><\/td>\n<td style=\"width: 627.882px; height: 44px;\"><span style=\"font-weight: 400;\">Combo 600&#215;600 mm v\u00e0 800x800mm<\/span><\/td>\n<\/tr>\n<tr style=\"height: 44px;\">\n<td style=\"width: 120.069px; height: 44px;\"><span style=\"font-weight: 400;\">\u0110\u1ed9 d\u00e0y<\/span><\/td>\n<td style=\"width: 627.882px; height: 44px;\"><span style=\"font-weight: 400;\">9,0 mm<\/span><\/td>\n<\/tr>\n<tr style=\"height: 44px;\">\n<td style=\"width: 120.069px; height: 44px;\"><span style=\"font-weight: 400;\">MATERIALS\u00a0<\/span><\/td>\n<td style=\"width: 627.882px; height: 44px;\"><span style=\"font-weight: 400;\">Porcelain<\/span><\/td>\n<\/tr>\n<tr style=\"height: 44px;\">\n<td style=\"width: 120.069px; height: 44px;\"><span style=\"font-weight: 400;\">Surfaces<\/span><\/td>\n<td style=\"width: 627.882px; height: 44px;\"><span style=\"font-weight: 400;\">Glossy Glaze\u00a0<\/span><\/td>\n<\/tr>\n<tr style=\"height: 152px;\">\n<td style=\"width: 120.069px; height: 152px;\"><span style=\"font-weight: 400;\">Outstanding features<\/span><\/td>\n<td style=\"width: 627.882px; height: 152px;\">\n<ul>\n<li style=\"font-weight: 400;\" aria-level=\"1\"><span style=\"font-weight: 400;\">Hoa v\u0103n sang tr\u1ecdng, th\u1eddi th\u01b0\u1ee3ng<\/span><\/li>\n<li style=\"font-weight: 400;\" aria-level=\"1\"><span style=\"font-weight: 400;\">\u0110\u1ed3 b\u1ec1n u\u1ed1n ch\u1ecbu l\u1ef1c t\u1ed1t, th\u1ea5m h\u00fat n\u01b0\u1edbc th\u1ea5p<\/span><\/li>\n<li style=\"font-weight: 400;\" aria-level=\"1\"><span style=\"font-weight: 400;\">K\u00edch th\u01b0\u1edbc ph\u1ed5 th\u00f4ng, \u1ee9ng d\u1ee5ng \u0111a d\u1ea1ng<\/span><\/li>\n<li style=\"font-weight: 400;\" aria-level=\"1\"><span style=\"font-weight: 400;\">Non-ignition, non-expansion<\/span><\/li>\n<li style=\"font-weight: 400;\" aria-level=\"1\"><span style=\"font-weight: 400;\">Easy to clean, anti-bacterial, anti-mildew<\/span><\/li>\n<\/ul>\n<\/td>\n<\/tr>\n<tr style=\"height: 44px;\">\n<td style=\"width: 120.069px; height: 44px;\"><span style=\"font-weight: 400;\">APPLICATIONS<\/span><\/td>\n<td style=\"width: 627.882px; height: 44px;\"><span style=\"font-weight: 400;\">\u0110a d\u1ea1ng, v\u00ed d\u1ee5 ki\u1ebfn tr\u00fac nh\u00e0 \u1ed1ng, khu chung c\u01b0, nh\u00e0 \u1edf cao c\u1ea5p, bi\u1ec7t th\u1ef1, ph\u00f2ng kh\u00e1ch\u2026<\/span><\/td>\n<\/tr>\n<\/tbody>\n<\/table>\n<p><img fetchpriority=\"high\" decoding=\"async\" class=\"wp-image-29515 aligncenter\" src=\"https:\/\/cmctiles.vn\/wp-content\/uploads\/2024\/06\/6f7713910b4847f082b64fbb82d7517bQEzFwPUccJZdqp0i-0-300x239.png\" alt=\"\" width=\"771\" height=\"614\" title=\"\" srcset=\"https:\/\/cmctiles.vn\/wp-content\/uploads\/2024\/06\/6f7713910b4847f082b64fbb82d7517bQEzFwPUccJZdqp0i-0-300x239.png 300w, https:\/\/cmctiles.vn\/wp-content\/uploads\/2024\/06\/6f7713910b4847f082b64fbb82d7517bQEzFwPUccJZdqp0i-0-1024x816.png 1024w, https:\/\/cmctiles.vn\/wp-content\/uploads\/2024\/06\/6f7713910b4847f082b64fbb82d7517bQEzFwPUccJZdqp0i-0-768x612.png 768w, https:\/\/cmctiles.vn\/wp-content\/uploads\/2024\/06\/6f7713910b4847f082b64fbb82d7517bQEzFwPUccJZdqp0i-0-1536x1225.png 1536w, https:\/\/cmctiles.vn\/wp-content\/uploads\/2024\/06\/6f7713910b4847f082b64fbb82d7517bQEzFwPUccJZdqp0i-0-15x12.png 15w, https:\/\/cmctiles.vn\/wp-content\/uploads\/2024\/06\/6f7713910b4847f082b64fbb82d7517bQEzFwPUccJZdqp0i-0-351x280.png 351w, https:\/\/cmctiles.vn\/wp-content\/uploads\/2024\/06\/6f7713910b4847f082b64fbb82d7517bQEzFwPUccJZdqp0i-0-500x399.png 500w, https:\/\/cmctiles.vn\/wp-content\/uploads\/2024\/06\/6f7713910b4847f082b64fbb82d7517bQEzFwPUccJZdqp0i-0.png 1776w\" sizes=\"(max-width: 771px) 100vw, 771px\" \/><\/p>\n<p style=\"text-align: center;\"><em>G\u1ea1ch \u1ed1p l\u00e1t v\u00e2n \u0111\u00e1 PPG6060001S3 s\u1edf h\u1eefu v\u00e2n ghi x\u00e1m m\u1ea1nh m\u1ebd<\/em><\/p>\n<ol start=\"2\">\n<li>\n<h2><b> PPG6060001S3 v\u00e0 PPG8080001S3 &#8211; d\u00f2ng s\u1ea3n ph\u1ea9m cao c\u1ea5p c\u1ee7a CMC\u00a0<\/b><\/h2>\n<\/li>\n<\/ol>\n<p><span style=\"font-weight: 400;\">\u0110\u01b0\u1ee3c \u0111\u00e1nh gi\u00e1 l\u00e0 d\u00f2ng s\u1ea3n ph\u1ea9m g\u1ea1ch \u1ed1p l\u00e1t ch\u1ea5t l\u01b0\u1ee3ng v\u01b0\u1ee3t tr\u1ed9i v\u1edbi c\u00e1c hoa v\u0103n s\u1eafc s\u1ea3o tinh t\u1ebf. Nh\u1eefng \u0111\u1eb7c \u0111i\u1ec3m n\u1ed5i b\u1eadt khi\u1ebfn s\u1ea3n ph\u1ea9m g\u1ea1ch PPG6060001S3 &#8211; PPG8080001S3 tr\u1edf th\u00e0nh m\u1ed9t l\u1ef1a ch\u1ecdn \u01b0u vi\u1ec7t trong l\u0129nh v\u1ef1c \u1ed1p l\u00e1t.\u00a0<\/span><\/p>\n<h3><strong><i>\u00a0 \u00a0 \u00a02.1. Phong c\u00e1ch thi\u1ebft k\u1ebf hoa v\u0103n, m\u00e0u s\u1eafc\u00a0 n\u1ed5i b\u1eadt<\/i><\/strong><\/h3>\n<p><span style=\"font-weight: 400;\">\u1ee8ng d\u1ee5ng c\u00f4ng ngh\u1ec7 in k\u1ef9 thu\u1eadt s\u1ed1 hi\u1ec7n \u0111\u1ea1i c\u00f9ng hi\u1ec7u \u1ee9ng men nano b\u00f3ng, s\u1ea3n ph\u1ea9m l\u00e0 s\u1ef1 m\u00f4 ph\u1ecfng ho\u00e0n h\u1ea3o c\u1ee7a nh\u1eefng d\u00f2ng \u0111\u00e1 c\u1ea9m th\u1ea1ch. T\u00f4ng m\u00e0u ghi x\u00e1m th\u1eddi th\u01b0\u1ee3ng v\u1eeba t\u00f4n l\u00ean n\u00e9t \u0111\u1eb9p hi\u1ec7n \u0111\u1ea1i c\u1ee7a kh\u00f4ng gian v\u1eeba mang l\u1ea1i kh\u1ea3 n\u0103ng \u1ee9ng d\u1ee5ng linh ho\u1ea1t.\u00a0<\/span><\/p>\n<h3><strong><i>\u00a0 \u00a0 \u00a02.2. \u0110\u1eb7c \u0111i\u1ec3m n\u1ed5i b\u1eadt c\u1ee7a ch\u1ea5t li\u1ec7u g\u1ea1ch Porcelain\u00a0<\/i><\/strong><\/h3>\n<p><span style=\"font-weight: 400;\">Ch\u1ea5t li\u1ec7u Porcelain \u0111\u01b0\u1ee3c nung \u1edf nhi\u1ec7t \u0111\u1ed9 r\u1ea5t cao tr\u00ean 1200\u00b0C n\u00ean g\u1ea1ch c\u00f3 \u0111\u1ed9 c\u1ee9ng cao v\u00e0 kh\u1ea3 n\u0103ng h\u00fat n\u01b0\u1edbc th\u1ea5p, b\u1ec1n b\u1ec9 v\u00e0 ch\u1ecbu l\u1ef1c \u01b0u vi\u1ec7t.\u00a0<\/span><\/p>\n<p><img decoding=\"async\" class=\"wp-image-29519 aligncenter\" src=\"https:\/\/cmctiles.vn\/wp-content\/uploads\/2024\/06\/6f7713910b4847f082b64fbb82d7517bQEzFwPUccJZdqp0i-0-1-300x169.png\" alt=\"\" width=\"784\" height=\"442\" title=\"\" srcset=\"https:\/\/cmctiles.vn\/wp-content\/uploads\/2024\/06\/6f7713910b4847f082b64fbb82d7517bQEzFwPUccJZdqp0i-0-1-300x169.png 300w, https:\/\/cmctiles.vn\/wp-content\/uploads\/2024\/06\/6f7713910b4847f082b64fbb82d7517bQEzFwPUccJZdqp0i-0-1-1024x576.png 1024w, https:\/\/cmctiles.vn\/wp-content\/uploads\/2024\/06\/6f7713910b4847f082b64fbb82d7517bQEzFwPUccJZdqp0i-0-1-768x432.png 768w, https:\/\/cmctiles.vn\/wp-content\/uploads\/2024\/06\/6f7713910b4847f082b64fbb82d7517bQEzFwPUccJZdqp0i-0-1-1536x864.png 1536w, https:\/\/cmctiles.vn\/wp-content\/uploads\/2024\/06\/6f7713910b4847f082b64fbb82d7517bQEzFwPUccJZdqp0i-0-1-2048x1152.png 2048w, https:\/\/cmctiles.vn\/wp-content\/uploads\/2024\/06\/6f7713910b4847f082b64fbb82d7517bQEzFwPUccJZdqp0i-0-1-18x10.png 18w, https:\/\/cmctiles.vn\/wp-content\/uploads\/2024\/06\/6f7713910b4847f082b64fbb82d7517bQEzFwPUccJZdqp0i-0-1-400x225.png 400w, https:\/\/cmctiles.vn\/wp-content\/uploads\/2024\/06\/6f7713910b4847f082b64fbb82d7517bQEzFwPUccJZdqp0i-0-1-800x450.png 800w, https:\/\/cmctiles.vn\/wp-content\/uploads\/2024\/06\/6f7713910b4847f082b64fbb82d7517bQEzFwPUccJZdqp0i-0-1-280x157.png 280w, https:\/\/cmctiles.vn\/wp-content\/uploads\/2024\/06\/6f7713910b4847f082b64fbb82d7517bQEzFwPUccJZdqp0i-0-1-500x281.png 500w\" sizes=\"(max-width: 784px) 100vw, 784px\" \/><\/p>\n<p style=\"text-align: center;\"><em>Thi\u1ebft k\u1ebf combo g\u1ea1ch k\u00edch th\u01b0\u1edbc 600x600mm v\u00e0 800x800mm<\/em><\/p>\n<h3><strong><i>\u00a0 \u00a0 \u00a02.3. G\u1ea1ch PPG6060001S3 &#8211; PPG8080001S3 mang \u0111\u1ebfn tr\u1ea3i nghi\u1ec7m g\u00ec cho ng\u01b0\u1eddi d\u00f9ng\u00a0<\/i><\/strong><\/h3>\n<ul>\n<li><span style=\"font-weight: 400;\">B\u1ec1 m\u1eb7t men nano b\u00f3ng v\u1eeba mang \u0111\u1ebfn v\u1ebb \u0111\u1eb9p sang tr\u1ecdng, thu h\u00fat v\u1eeba thu\u1eadn ti\u1ec7n cho vi\u1ec7c ch\u0103m s\u00f3c v\u00e0 v\u1ec7 sinh s\u00e0n t\u01b0\u1eddng.<\/span><\/li>\n<li><span style=\"font-weight: 400;\">\u0110\u1ed9 b\u1ec1n u\u1ed1n v\u00e0 ch\u1ecbu l\u1ef1c t\u1ed1t, k\u00edch th\u01b0\u1edbc ph\u1ed5 th\u00f4ng n\u00ean c\u00f3 kh\u1ea3 n\u0103ng \u1ee9ng d\u1ee5ng trong c\u1ea3 l\u00e1t n\u1ec1n v\u00e0 \u1ed1p t\u01b0\u1eddng, mang \u0111\u1ebfn th\u1ea9m m\u1ef9 \u0111\u1ed3ng b\u1ed9 v\u00e0 h\u00e0i h\u00f2a.\u00a0<\/span><\/li>\n<\/ul>\n<p><span style=\"font-weight: 400;\">Tr\u00ean \u0111\u00e2y l\u00e0 nh\u1eefng \u0111\u1eb7c \u0111i\u1ec3m n\u1ed5i b\u1eadt v\u00e0 l\u01b0u \u00fd khi qu\u00fd kh\u00e1ch l\u1ef1a ch\u1ecdn v\u00e0 s\u1eed d\u1ee5ng g\u1ea1ch \u1ed1p l\u00e1t PPG6060001S3 &#8211; PPG8080001S3. Hy v\u1ecdng b\u00e0i vi\u1ebft s\u1ebd gi\u00fap \u00edch cho qu\u00fd v\u1ecb \u0111\u1ec3 l\u1ef1a ch\u1ecdn \u0111\u01b0\u1ee3c s\u1ea3n ph\u1ea9m ph\u00f9 h\u1ee3p nh\u1ea5t v\u1edbi kh\u00f4ng gian v\u00e0 chi ph\u00ed c\u1ee7a gia \u0111\u00ecnh.\u00a0<\/span><\/p>\n<p><span style=\"font-weight: 400;\">Vui l\u00f2ng \u0111\u1ec3 l\u1ea1i th\u00f4ng tin d\u01b0\u1edbi h\u1ed9p th\u01b0 d\u01b0\u1edbi \u0111\u00e2y n\u1ebfu qu\u00fd v\u1ecb c\u1ea7n gi\u1ea3i \u0111\u00e1p th\u1eafc m\u1eafc ho\u1eb7c nh\u1eadn s\u1ef1 t\u01b0 v\u1ea5n t\u1eeb chuy\u00ean gia c\u1ee7a CMC Tiles!<\/span><\/p>\n<p>&nbsp;<\/p>","protected":false},"excerpt":{"rendered":"<p>L\u1ea5y c\u1ea3m h\u1ee9ng t\u1eeb phong c\u00e1ch thi\u1ebft k\u1ebf ki\u1ebfn tr\u00fac hi\u1ec7n \u0111\u1ea1i, v\u1edbi c\u00e1c \u0111\u01b0\u1eddng n\u00e9t tinh t\u1ebf, b\u1ec1 m\u1eb7t nh\u1eb5n b\u00f3ng v\u00e0 m\u00e0u s\u1eafc trung t\u00ednh, g\u1ea1ch \u1ed1p l\u00e1t PPG6060001S3 g\u00e2y \u1ea5n t\u01b0\u1ee3ng nh\u1edd v\u1ebb \u0111\u1eb9p sang tr\u1ecdng, tinh t\u1ebf v\u00e0 mang l\u1ea1i t\u1ed5ng th\u1ec3 h\u00e0i h\u00f2a cho kh\u00f4ng gian.\u00a0 Th\u00f4ng s\u1ed1 s\u1ea3n ph\u1ea9m [&hellip;]<\/p>\n","protected":false},"featured_media":29505,"comment_status":"open","ping_status":"closed","template":"","meta":[],"product_brand":[],"product_cat":[1076,1083,1092,1023],"product_tag":[],"class_list":{"0":"post-29489","1":"product","2":"type-product","3":"status-publish","4":"has-post-thumbnail","6":"product_cat-gach-op-lat","7":"product_cat-gach-lat-nen-van-da","8":"product_cat-gach-op-lat-prato","9":"product_cat-porcelain","11":"first","12":"instock","13":"taxable","14":"shipping-taxable","15":"purchasable","16":"product-type-simple"},"_links":{"self":[{"href":"https:\/\/cmctiles.vn\/en\/wp-json\/wp\/v2\/product\/29489","targetHints":{"allow":["GET"]}}],"collection":[{"href":"https:\/\/cmctiles.vn\/en\/wp-json\/wp\/v2\/product"}],"about":[{"href":"https:\/\/cmctiles.vn\/en\/wp-json\/wp\/v2\/types\/product"}],"replies":[{"embeddable":true,"href":"https:\/\/cmctiles.vn\/en\/wp-json\/wp\/v2\/comments?post=29489"}],"version-history":[{"count":3,"href":"https:\/\/cmctiles.vn\/en\/wp-json\/wp\/v2\/product\/29489\/revisions"}],"predecessor-version":[{"id":29528,"href":"https:\/\/cmctiles.vn\/en\/wp-json\/wp\/v2\/product\/29489\/revisions\/29528"}],"wp:featuredmedia":[{"embeddable":true,"href":"https:\/\/cmctiles.vn\/en\/wp-json\/wp\/v2\/media\/29505"}],"wp:attachment":[{"href":"https:\/\/cmctiles.vn\/en\/wp-json\/wp\/v2\/media?parent=29489"}],"wp:term":[{"taxonomy":"product_brand","embeddable":true,"href":"https:\/\/cmctiles.vn\/en\/wp-json\/wp\/v2\/product_brand?post=29489"},{"taxonomy":"product_cat","embeddable":true,"href":"https:\/\/cmctiles.vn\/en\/wp-json\/wp\/v2\/product_cat?post=29489"},{"taxonomy":"product_tag","embeddable":true,"href":"https:\/\/cmctiles.vn\/en\/wp-json\/wp\/v2\/product_tag?post=29489"}],"curies":[{"name":"wp","href":"https:\/\/api.w.org\/{rel}","templated":true}]}}