{"id":29448,"date":"2024-06-07T16:53:52","date_gmt":"2024-06-07T09:53:52","guid":{"rendered":"https:\/\/cmctiles.vn\/?post_type=product&#038;p=29448"},"modified":"2024-06-07T17:00:21","modified_gmt":"2024-06-07T10:00:21","slug":"bo-gach-op-tuong-mau-trang-su-sang-trong-cpg3060038s3-cpg3060039s3-cpg3060040s3","status":"publish","type":"product","link":"https:\/\/cmctiles.vn\/en\/gach-op-lat\/bo-gach-op-tuong-mau-trang-su-sang-trong-cpg3060038s3-cpg3060039s3-cpg3060040s3.html","title":{"rendered":"B\u1ed9 g\u1ea1ch \u1ed1p t\u01b0\u1eddng m\u00e0u tr\u1eafng s\u1ee9 sang tr\u1ecdng CPG3060038S3 &#8211; CPG3060039S3 &#8211; CPG3060040S3"},"content":{"rendered":"<p>Ng\u00e0y nay, B\u1ed9 g\u1ea1ch \u1ed1p t\u01b0\u1eddng kh\u00f4ng ch\u1ec9 l\u00e0 m\u1ed9t gi\u1ea3i ph\u00e1p trang tr\u00ed n\u1ed9i th\u1ea5t ph\u1ed5 bi\u1ebfn m\u00e0 c\u00f2n gi\u00fap b\u1ea3o v\u1ec7 t\u01b0\u1eddng v\u00e0 \u0111em \u0111\u1ebfn nhi\u1ec1u c\u00f4ng n\u0103ng \u01b0u vi\u1ec7t. CMC Tiles xin gi\u1edbi thi\u1ec7u t\u1edbi kh\u00e1ch h\u00e0ng s\u1ea3n ph\u1ea9m b\u1ed9 g\u1ea1ch \u1ed1p t\u01b0\u1eddng ch\u1ea5t l\u01b0\u1ee3ng:<\/p>\n<h2><b>1. Th\u00f4ng s\u1ed1 s\u1ea3n ph\u1ea9m<\/b><\/h2>\n<table>\n<tbody>\n<tr>\n<td>M\u00e3 s\u1ea3n ph\u1ea9m<\/td>\n<td><strong>CPG 3060038S3 \u2013 CPG 3060039S3 \u2013 CPG 3060040S3<\/strong><\/td>\n<\/tr>\n<tr>\n<td>BRANDS<\/td>\n<td>CMC Tiles<\/td>\n<\/tr>\n<tr>\n<td>Ph\u00e2n lo\u1ea1i<\/td>\n<td>G\u1ea1ch \u1ed1p t\u01b0\u1eddng Porcelain<\/td>\n<\/tr>\n<tr>\n<td>M\u00e0u s\u1eafc<\/td>\n<td>M\u00e0u tr\u1eafng s\u1ee9, h\u1ecda ti\u1ebft b\u00ecnh hoa trang nh\u00e3<\/td>\n<\/tr>\n<tr>\n<td>Sizes<\/td>\n<td>300 x 600 mm<\/td>\n<\/tr>\n<tr>\n<td>\u0110\u1ed9 d\u00e0y<\/td>\n<td>9.2 (mm)<\/td>\n<\/tr>\n<tr>\n<td>MATERIALS<\/td>\n<td>Porcelain<\/td>\n<\/tr>\n<tr>\n<td>Surfaces<\/td>\n<td>Glossy Glaze<\/td>\n<\/tr>\n<tr>\n<td>Outstanding features<\/td>\n<td>\n<ul>\n<li aria-level=\"1\">H\u1ecda ti\u1ebft s\u1eafc n\u00e9t, m\u1eabu m\u00e3 \u0111a d\u1ea1ng<\/li>\n<li>B\u1ec1n b\u1ec9, c\u1ee9ng c\u00e1p, b\u1ea3o v\u1ec7 t\u01b0\u1eddng t\u1ed1t v\u00e0 tu\u1ed5i th\u1ecd cao<\/li>\n<li aria-level=\"1\">D\u1ec5 \u1ee9ng d\u1ee5ng, d\u1ec5 thi c\u00f4ng<\/li>\n<li aria-level=\"1\">Non-ignition, non-expansion<\/li>\n<li aria-level=\"1\">D\u1ec5 v\u1ec7 sinh, ch\u1ed1ng n\u1ea5m m\u1ed1c<\/li>\n<\/ul>\n<\/td>\n<\/tr>\n<tr>\n<td>APPLICATIONS<\/td>\n<td>\u0110a d\u1ea1ng, v\u00ed d\u1ee5 ki\u1ebfn tr\u00fac t\u01b0\u1eddng nh\u00e0 \u1ed1ng, khu chung c\u01b0, nh\u00e0 \u1edf cao c\u1ea5p, bi\u1ec7t th\u1ef1, ph\u00f2ng kh\u00e1ch, ph\u00f2ng t\u1eafm, nh\u00e0 b\u1ebfp\u2026<\/td>\n<\/tr>\n<\/tbody>\n<\/table>\n<h2><img fetchpriority=\"high\" decoding=\"async\" class=\"wp-image-29454 aligncenter\" src=\"https:\/\/cmctiles.vn\/wp-content\/uploads\/2024\/06\/Post-18.8-04-300x300.jpg\" alt=\"\" width=\"960\" height=\"960\" title=\"\" srcset=\"https:\/\/cmctiles.vn\/wp-content\/uploads\/2024\/06\/Post-18.8-04-300x300.jpg 300w, https:\/\/cmctiles.vn\/wp-content\/uploads\/2024\/06\/Post-18.8-04-1024x1024.jpg 1024w, https:\/\/cmctiles.vn\/wp-content\/uploads\/2024\/06\/Post-18.8-04-150x150.jpg 150w, https:\/\/cmctiles.vn\/wp-content\/uploads\/2024\/06\/Post-18.8-04-768x768.jpg 768w, https:\/\/cmctiles.vn\/wp-content\/uploads\/2024\/06\/Post-18.8-04-1536x1536.jpg 1536w, https:\/\/cmctiles.vn\/wp-content\/uploads\/2024\/06\/Post-18.8-04-2048x2048.jpg 2048w, https:\/\/cmctiles.vn\/wp-content\/uploads\/2024\/06\/Post-18.8-04-12x12.jpg 12w, https:\/\/cmctiles.vn\/wp-content\/uploads\/2024\/06\/Post-18.8-04-280x280.jpg 280w, https:\/\/cmctiles.vn\/wp-content\/uploads\/2024\/06\/Post-18.8-04-600x600.jpg 600w, https:\/\/cmctiles.vn\/wp-content\/uploads\/2024\/06\/Post-18.8-04-500x500.jpg 500w, https:\/\/cmctiles.vn\/wp-content\/uploads\/2024\/06\/Post-18.8-04-100x100.jpg 100w\" sizes=\"(max-width: 960px) 100vw, 960px\" \/><\/h2>\n<p style=\"text-align: center;\"><em>B\u1ed9 g\u1ea1ch \u1ed1p t\u01b0\u1eddng m\u00e0u tr\u1eafng s\u1ee9 men si\u00eau b\u00f3ng gi\u00fap kh\u00f4ng gian r\u1ed9ng m\u1edf v\u00e0 sang tr\u1ecdng<\/em><\/p>\n<h2><span id=\"2_Gach_op_LX_36612M_%E2%80%93_LX_36613DMS8_%E2%80%93_LX_36614MS8_%E2%80%93_dong_san_pham_trung_cap_cua_CMC\" class=\"ez-toc-section\"><\/span><b>2.<\/b><b> Wall tiles <strong>CPG 3060038S3 \u2013 CPG 3060039S3 \u2013 CPG 3060040S3<\/strong><\/b><b>\u00a0\u2013 d\u00f2ng s\u1ea3n ph\u1ea9m \u1ed1p t\u01b0\u1eddng hot nh\u1ea5t c\u1ee7a CMC<\/b><\/h2>\n<p>B\u1ed9 g\u1ea1ch \u1ed1p t\u01b0\u1eddng CPG3060038S3 &#8211; CPG3060039S3 &#8211; CPG3060040S3 thu\u1ed9c d\u00f2ng g\u1ea1ch Porcelain v\u1edbi \u0111\u1ed9 ch\u1ed1ng th\u1ea5m h\u00fat n\u01b0\u1edbc ho\u00e0n h\u1ea3o (&lt;0.5%) \u0111\u1eb7c bi\u1ec7t l\u1edbp x\u01b0\u01a1ng c\u1ee9ng c\u00e1p l\u00e0 s\u1ef1 l\u1ef1a ch\u1ecdn cho nh\u1eefng kh\u00f4ng gian th\u01b0\u1eddng xuy\u00ean \u1ea9m \u01b0\u1edbt nh\u01b0 ph\u00f2ng t\u1eafm. B\u1ed9 g\u1ea1ch c\u00f3 kh\u1ea3 n\u0103ng \u1ee9ng d\u1ee5ng \u0111a d\u1ea1ng trong nhi\u1ec1u kh\u00f4ng gian ki\u1ebfn tr\u00fac v\u1edbi h\u1ecda ti\u1ebft s\u1eafc n\u00e9t, tinh t\u1ebf v\u00e0 s\u1eafc m\u00e0u th\u1eddi th\u01b0\u1ee3ng.<\/p>","protected":false},"excerpt":{"rendered":"<p>Ng\u00e0y nay, B\u1ed9 g\u1ea1ch \u1ed1p t\u01b0\u1eddng kh\u00f4ng ch\u1ec9 l\u00e0 m\u1ed9t gi\u1ea3i ph\u00e1p trang tr\u00ed n\u1ed9i th\u1ea5t ph\u1ed5 bi\u1ebfn m\u00e0 c\u00f2n gi\u00fap b\u1ea3o v\u1ec7 t\u01b0\u1eddng v\u00e0 \u0111em \u0111\u1ebfn nhi\u1ec1u c\u00f4ng n\u0103ng \u01b0u vi\u1ec7t. CMC Tiles xin gi\u1edbi thi\u1ec7u t\u1edbi kh\u00e1ch h\u00e0ng s\u1ea3n ph\u1ea9m b\u1ed9 g\u1ea1ch \u1ed1p t\u01b0\u1eddng ch\u1ea5t l\u01b0\u1ee3ng: 1. Th\u00f4ng s\u1ed1 s\u1ea3n ph\u1ea9m M\u00e3 s\u1ea3n [&hellip;]<\/p>\n","protected":false},"featured_media":29457,"comment_status":"open","ping_status":"closed","template":"","meta":[],"product_brand":[],"product_cat":[1076,1016,1017,1023],"product_tag":[],"class_list":{"0":"post-29448","1":"product","2":"type-product","3":"status-publish","4":"has-post-thumbnail","6":"product_cat-gach-op-lat","7":"product_cat-gach-op","8":"product_cat-gach-op-lat-cmc","9":"product_cat-porcelain","11":"first","12":"instock","13":"taxable","14":"shipping-taxable","15":"purchasable","16":"product-type-simple"},"_links":{"self":[{"href":"https:\/\/cmctiles.vn\/en\/wp-json\/wp\/v2\/product\/29448","targetHints":{"allow":["GET"]}}],"collection":[{"href":"https:\/\/cmctiles.vn\/en\/wp-json\/wp\/v2\/product"}],"about":[{"href":"https:\/\/cmctiles.vn\/en\/wp-json\/wp\/v2\/types\/product"}],"replies":[{"embeddable":true,"href":"https:\/\/cmctiles.vn\/en\/wp-json\/wp\/v2\/comments?post=29448"}],"version-history":[{"count":3,"href":"https:\/\/cmctiles.vn\/en\/wp-json\/wp\/v2\/product\/29448\/revisions"}],"predecessor-version":[{"id":29474,"href":"https:\/\/cmctiles.vn\/en\/wp-json\/wp\/v2\/product\/29448\/revisions\/29474"}],"wp:featuredmedia":[{"embeddable":true,"href":"https:\/\/cmctiles.vn\/en\/wp-json\/wp\/v2\/media\/29457"}],"wp:attachment":[{"href":"https:\/\/cmctiles.vn\/en\/wp-json\/wp\/v2\/media?parent=29448"}],"wp:term":[{"taxonomy":"product_brand","embeddable":true,"href":"https:\/\/cmctiles.vn\/en\/wp-json\/wp\/v2\/product_brand?post=29448"},{"taxonomy":"product_cat","embeddable":true,"href":"https:\/\/cmctiles.vn\/en\/wp-json\/wp\/v2\/product_cat?post=29448"},{"taxonomy":"product_tag","embeddable":true,"href":"https:\/\/cmctiles.vn\/en\/wp-json\/wp\/v2\/product_tag?post=29448"}],"curies":[{"name":"wp","href":"https:\/\/api.w.org\/{rel}","templated":true}]}}