{"id":28901,"date":"2024-03-13T15:17:44","date_gmt":"2024-03-13T08:17:44","guid":{"rendered":"https:\/\/cmctiles.vn\/?post_type=product&#038;p=28901"},"modified":"2024-03-13T15:17:46","modified_gmt":"2024-03-13T08:17:46","slug":"gach-lat-san-vuon-gia-da-tre-trung-hien-dai-pcm5050002s3","status":"publish","type":"product","link":"https:\/\/cmctiles.vn\/en\/ceramic\/gach-lat-san-vuon-gia-da-tre-trung-hien-dai-pcm5050002s3.html","title":{"rendered":"G\u1ea1ch l\u00e1t s\u00e2n v\u01b0\u1eddn gi\u1ea3 \u0111\u00e1 tr\u1ebb trung, hi\u1ec7n \u0111\u1ea1i PCM5050002S3"},"content":{"rendered":"<h2><strong>1. Th\u00f4ng s\u1ed1 s\u1ea3n ph\u1ea9m<\/strong><\/h2>\n<table>\n<tbody>\n<tr>\n<td>M\u00e3 s\u1ea3n ph\u1ea9m<\/td>\n<td>PCM5050002S3<\/td>\n<\/tr>\n<tr>\n<td>BRANDS<\/td>\n<td>Ceramic tiles<\/td>\n<\/tr>\n<tr>\n<td>Ph\u00e2n lo\u1ea1i<\/td>\n<td>G\u1ea1ch l\u00e1t ngo\u1ea1i th\u1ea5t, s\u00e2n v\u01b0\u1eddn<\/td>\n<\/tr>\n<tr>\n<td>M\u00e0u s\u1eafc<\/td>\n<td>X\u00e1m \u0111\u00e1<\/td>\n<\/tr>\n<tr>\n<td>Ki\u1ec3u v\u00e2n<\/td>\n<td>V\u00e2n \u0111\u00e1, h\u1ecda ti\u1ebft h\u00ecnh thoi \u0111\u1ed1i x\u1ee9ng<\/td>\n<\/tr>\n<tr>\n<td>Sizes<\/td>\n<td>500x500mm<\/td>\n<\/tr>\n<tr>\n<td>MATERIALS<\/td>\n<td>Ceramic<\/td>\n<\/tr>\n<tr>\n<td>Surfaces<\/td>\n<td>Matt Glaze<\/td>\n<\/tr>\n<tr>\n<td>Outstanding features<\/td>\n<td>\n<ul>\n<li aria-level=\"1\">Gi\u00e1 th\u00e0nh ph\u1ea3i ch\u0103ng<\/li>\n<li aria-level=\"1\">Ch\u1ed1ng tr\u01a1n tr\u01b0\u1ee3t \u01b0u vi\u1ec7t<\/li>\n<li aria-level=\"1\">Hoa v\u0103n tr\u1ebb trung, hi\u1ec7n \u0111\u1ea1i, sinh \u0111\u1ed9ng v\u00e0 h\u00e0i h\u00f2a v\u1edbi thi\u00ean nhi\u00ean<\/li>\n<li aria-level=\"1\">Non-ignition, non-expansion<\/li>\n<li>Ch\u1ed1ng axit, ch\u1ed1ng m\u00e0i m\u00f2n<\/li>\n<\/ul>\n<\/td>\n<\/tr>\n<tr>\n<td>APPLICATIONS<\/td>\n<td>\u0110a d\u1ea1ng, v\u00ed d\u1ee5 ki\u1ebfn tr\u00fac nh\u00e0 \u1ed1ng, khu chung c\u01b0, nh\u00e0 \u1edf cao c\u1ea5p, bi\u1ec7t th\u1ef1, ph\u00f2ng kh\u00e1ch\u2026<\/td>\n<\/tr>\n<\/tbody>\n<\/table>\n<h2><img fetchpriority=\"high\" decoding=\"async\" class=\"wp-image-28915 aligncenter\" src=\"https:\/\/cmctiles.vn\/wp-content\/uploads\/2024\/03\/PCM5050002S3PC-300x300.png\" alt=\"\" width=\"957\" height=\"957\" title=\"\" srcset=\"https:\/\/cmctiles.vn\/wp-content\/uploads\/2024\/03\/PCM5050002S3PC-300x300.png 300w, https:\/\/cmctiles.vn\/wp-content\/uploads\/2024\/03\/PCM5050002S3PC-1024x1024.png 1024w, https:\/\/cmctiles.vn\/wp-content\/uploads\/2024\/03\/PCM5050002S3PC-150x150.png 150w, https:\/\/cmctiles.vn\/wp-content\/uploads\/2024\/03\/PCM5050002S3PC-768x768.png 768w, https:\/\/cmctiles.vn\/wp-content\/uploads\/2024\/03\/PCM5050002S3PC-12x12.png 12w, https:\/\/cmctiles.vn\/wp-content\/uploads\/2024\/03\/PCM5050002S3PC-280x280.png 280w, https:\/\/cmctiles.vn\/wp-content\/uploads\/2024\/03\/PCM5050002S3PC-600x600.png 600w, https:\/\/cmctiles.vn\/wp-content\/uploads\/2024\/03\/PCM5050002S3PC-500x500.png 500w, https:\/\/cmctiles.vn\/wp-content\/uploads\/2024\/03\/PCM5050002S3PC-100x100.png 100w, https:\/\/cmctiles.vn\/wp-content\/uploads\/2024\/03\/PCM5050002S3PC.png 1200w\" sizes=\"(max-width: 957px) 100vw, 957px\" \/><\/h2>\n<h2><strong>2. PCM5050002S3<\/strong><strong>\u00a0\u2013 d\u00f2ng s\u1ea3n ph\u1ea9m cao c\u1ea5p c\u1ee7a CMC<\/strong><\/h2>\n<p>\u0110\u01b0\u1ee3c s\u1ea3n xu\u1ea5t b\u1eb1ng ch\u1ea5t li\u1ec7u Ceramic cao c\u1ea5p v\u1edbi l\u1edbp x\u01b0\u01a1ng d\u00e0y d\u1eb7n, \u0111\u1ed9 c\u1ee9ng cao, ch\u1ecbu l\u1ef1c t\u1ed1t, kh\u1ea3 n\u0103ng in m\u00e0u v\u00e0 in h\u1ecda ti\u1ebft s\u1eafc n\u00e9t. S\u1ea3n ph\u1ea9m \u0111\u01b0\u1ee3c tr\u00e1ng ph\u1ee7 men matt gi\u00fap ch\u1ed1ng tr\u01a1n tr\u01b0\u1ee3t \u01b0u vi\u1ec7t, \u0111\u1eb7c bi\u00eat an to\u00e0n v\u00e0 ph\u00f9 h\u1ee3p v\u1edbi nh\u1eefng kh\u00f4ng gian ngo\u1ea1i th\u1ea5t nh\u01b0 s\u00e2n v\u01b0\u1eddn.<\/p>","protected":false},"excerpt":{"rendered":"<p>1. Th\u00f4ng s\u1ed1 s\u1ea3n ph\u1ea9m M\u00e3 s\u1ea3n ph\u1ea9m PCM5050002S3 Th\u01b0\u01a1ng hi\u1ec7u G\u1ea1ch \u1ed1p l\u00e1t Ph\u00e2n lo\u1ea1i G\u1ea1ch l\u00e1t ngo\u1ea1i th\u1ea5t, s\u00e2n v\u01b0\u1eddn M\u00e0u s\u1eafc X\u00e1m \u0111\u00e1 Ki\u1ec3u v\u00e2n V\u00e2n \u0111\u00e1, h\u1ecda ti\u1ebft h\u00ecnh thoi \u0111\u1ed1i x\u1ee9ng K\u00edch th\u01b0\u1edbc 500x500mm Ch\u1ea5t li\u1ec7u Ceramic B\u1ec1 m\u1eb7t Men Matt \u0110\u1eb7c \u0111i\u1ec3m n\u1ed5i b\u1eadt Gi\u00e1 th\u00e0nh ph\u1ea3i ch\u0103ng Ch\u1ed1ng [&hellip;]<\/p>\n","protected":false},"featured_media":28914,"comment_status":"open","ping_status":"closed","template":"","meta":[],"product_brand":[],"product_cat":[1009,1015,1083,1092],"product_tag":[],"class_list":{"0":"post-28901","1":"product","2":"type-product","3":"status-publish","4":"has-post-thumbnail","6":"product_cat-ceramic","7":"product_cat-gach-lat","8":"product_cat-gach-lat-nen-van-da","9":"product_cat-gach-op-lat-prato","11":"first","12":"instock","13":"taxable","14":"shipping-taxable","15":"product-type-simple"},"_links":{"self":[{"href":"https:\/\/cmctiles.vn\/en\/wp-json\/wp\/v2\/product\/28901","targetHints":{"allow":["GET"]}}],"collection":[{"href":"https:\/\/cmctiles.vn\/en\/wp-json\/wp\/v2\/product"}],"about":[{"href":"https:\/\/cmctiles.vn\/en\/wp-json\/wp\/v2\/types\/product"}],"replies":[{"embeddable":true,"href":"https:\/\/cmctiles.vn\/en\/wp-json\/wp\/v2\/comments?post=28901"}],"version-history":[{"count":3,"href":"https:\/\/cmctiles.vn\/en\/wp-json\/wp\/v2\/product\/28901\/revisions"}],"predecessor-version":[{"id":28918,"href":"https:\/\/cmctiles.vn\/en\/wp-json\/wp\/v2\/product\/28901\/revisions\/28918"}],"wp:featuredmedia":[{"embeddable":true,"href":"https:\/\/cmctiles.vn\/en\/wp-json\/wp\/v2\/media\/28914"}],"wp:attachment":[{"href":"https:\/\/cmctiles.vn\/en\/wp-json\/wp\/v2\/media?parent=28901"}],"wp:term":[{"taxonomy":"product_brand","embeddable":true,"href":"https:\/\/cmctiles.vn\/en\/wp-json\/wp\/v2\/product_brand?post=28901"},{"taxonomy":"product_cat","embeddable":true,"href":"https:\/\/cmctiles.vn\/en\/wp-json\/wp\/v2\/product_cat?post=28901"},{"taxonomy":"product_tag","embeddable":true,"href":"https:\/\/cmctiles.vn\/en\/wp-json\/wp\/v2\/product_tag?post=28901"}],"curies":[{"name":"wp","href":"https:\/\/api.w.org\/{rel}","templated":true}]}}