{"id":28888,"date":"2024-03-13T11:11:11","date_gmt":"2024-03-13T04:11:11","guid":{"rendered":"https:\/\/cmctiles.vn\/?post_type=product&#038;p=28888"},"modified":"2024-07-08T13:06:15","modified_gmt":"2024-07-08T06:06:15","slug":"gach-op-lat-van-da-hien-dai-va-sang-trong-rpg6060005s2-co-combo-6080","status":"publish","type":"product","link":"https:\/\/cmctiles.vn\/en\/gach-op-lat-cmc\/gach-op-lat-van-da-hien-dai-va-sang-trong-rpg6060005s2-co-combo-6080.html","title":{"rendered":"G\u1ea1ch \u1ed1p l\u00e1t v\u00e2n \u0111\u00e1 hi\u1ec7n \u0111\u1ea1i v\u00e0 sang tr\u1ecdng RPG6060005S2 (c\u00f3 combo 6080)"},"content":{"rendered":"<h2><strong>1. Th\u00f4ng s\u1ed1 s\u1ea3n ph\u1ea9m<\/strong><\/h2>\n<table>\n<tbody>\n<tr>\n<td>M\u00e3 s\u1ea3n ph\u1ea9m<\/td>\n<td>RPG6060005S2<\/td>\n<\/tr>\n<tr>\n<td>BRANDS<\/td>\n<td>Ceramic tiles<\/td>\n<\/tr>\n<tr>\n<td>Ph\u00e2n lo\u1ea1i<\/td>\n<td>G\u1ea1ch l\u00e1t s\u00e0n, g\u1ea1ch \u1ed1p t\u01b0\u1eddng<\/td>\n<\/tr>\n<tr>\n<td>M\u00e0u s\u1eafc<\/td>\n<td>M\u00e0u ghi s\u00e1ng<\/td>\n<\/tr>\n<tr>\n<td>Ki\u1ec3u v\u00e2n<\/td>\n<td>Veinstone<\/td>\n<\/tr>\n<tr>\n<td>Sizes<\/td>\n<td>combo 600x600mm v\u00e0 800x800mm<\/td>\n<\/tr>\n<tr>\n<td>MATERIALS<\/td>\n<td>Porcelain<\/td>\n<\/tr>\n<tr>\n<td>Surfaces<\/td>\n<td>Men Nano b\u00f3ng cao c\u1ea5p<\/td>\n<\/tr>\n<tr>\n<td>Outstanding features<\/td>\n<td>\n<ul>\n<li aria-level=\"1\">Th\u1ea9m m\u1ef9 sang tr\u1ecdng, cao c\u1ea5p<\/li>\n<li aria-level=\"1\">High-pressure resistance<\/li>\n<li aria-level=\"1\">Ch\u1ed1ng axit, ch\u1ed1ng m\u00e0i m\u00f2n<\/li>\n<li aria-level=\"1\">Non-ignition, non-expansion<\/li>\n<li aria-level=\"1\">Easy to clean, anti-bacterial, anti-mildew<\/li>\n<\/ul>\n<\/td>\n<\/tr>\n<tr>\n<td>APPLICATIONS<\/td>\n<td>\u0110a d\u1ea1ng, v\u00ed d\u1ee5 ki\u1ebfn tr\u00fac nh\u00e0 \u1ed1ng, khu chung c\u01b0, nh\u00e0 \u1edf cao c\u1ea5p, bi\u1ec7t th\u1ef1, ph\u00f2ng kh\u00e1ch\u2026<\/td>\n<\/tr>\n<\/tbody>\n<\/table>\n<h2><img fetchpriority=\"high\" decoding=\"async\" class=\"wp-image-28890 aligncenter\" src=\"https:\/\/cmctiles.vn\/wp-content\/uploads\/2024\/03\/Ban-sao-cua-M1-3-300x228.jpg\" alt=\"\" width=\"953\" height=\"724\" title=\"\" srcset=\"https:\/\/cmctiles.vn\/wp-content\/uploads\/2024\/03\/Ban-sao-cua-M1-3-300x228.jpg 300w, https:\/\/cmctiles.vn\/wp-content\/uploads\/2024\/03\/Ban-sao-cua-M1-3-1024x778.jpg 1024w, https:\/\/cmctiles.vn\/wp-content\/uploads\/2024\/03\/Ban-sao-cua-M1-3-768x584.jpg 768w, https:\/\/cmctiles.vn\/wp-content\/uploads\/2024\/03\/Ban-sao-cua-M1-3-1536x1167.jpg 1536w, https:\/\/cmctiles.vn\/wp-content\/uploads\/2024\/03\/Ban-sao-cua-M1-3-16x12.jpg 16w, https:\/\/cmctiles.vn\/wp-content\/uploads\/2024\/03\/Ban-sao-cua-M1-3-369x280.jpg 369w, https:\/\/cmctiles.vn\/wp-content\/uploads\/2024\/03\/Ban-sao-cua-M1-3-500x380.jpg 500w, https:\/\/cmctiles.vn\/wp-content\/uploads\/2024\/03\/Ban-sao-cua-M1-3.jpg 2048w\" sizes=\"(max-width: 953px) 100vw, 953px\" \/><\/h2>\n<p style=\"text-align: center;\"><em>Ph\u1ed1i c\u1ea3nh g\u1ea1ch RPG6060005S2 hi\u1ec7n \u0111\u1ea1i v\u00e0 sang tr\u1ecdng<\/em><\/p>\n<h2><strong>2. RPG6060005S2<\/strong><strong>\u00a0\u2013 d\u00f2ng s\u1ea3n ph\u1ea9m cao c\u1ea5p c\u1ee7a CMC<\/strong><\/h2>\n<p>\u0110\u01b0\u1ee3c s\u1ea3n xu\u1ea5t b\u1eb1ng ch\u1ea5t li\u1ec7u Porcelain cao c\u1ea5p v\u1edbi l\u1edbp x\u01b0\u01a1ng d\u00e0y d\u1eb7n, s\u1ea3n ph\u1ea9m c\u00f3 \u01b0u \u0111i\u1ec3m v\u01b0\u1ee3t tr\u1ed9i l\u00e0 khung x\u01b0\u01a1ng ch\u1eafc ch\u1eafn, \u0111\u1ed9 c\u1ee9ng cao, k\u1ebft c\u1ea5u \u0111\u01b0\u1ee3c n\u00e9n k\u1ef9 n\u00ean \u00edt l\u1ed7 h\u1ed5ng, t\u0103ng kh\u1ea3 n\u0103ng ch\u1ed1ng th\u1ea5m n\u01b0\u1edbc v\u00e0 mang \u0111\u1ebfn tr\u1ea3i nghi\u1ec7m t\u1ed1t h\u01a1n cho ng\u01b0\u1eddi d\u00f9ng.<\/p>\n<p><img decoding=\"async\" class=\"wp-image-28889 aligncenter\" src=\"https:\/\/cmctiles.vn\/wp-content\/uploads\/2024\/03\/Ban-sao-cua-M1-2-300x228.jpg\" alt=\"\" width=\"1130\" height=\"859\" title=\"\" srcset=\"https:\/\/cmctiles.vn\/wp-content\/uploads\/2024\/03\/Ban-sao-cua-M1-2-300x228.jpg 300w, https:\/\/cmctiles.vn\/wp-content\/uploads\/2024\/03\/Ban-sao-cua-M1-2-1024x778.jpg 1024w, https:\/\/cmctiles.vn\/wp-content\/uploads\/2024\/03\/Ban-sao-cua-M1-2-768x584.jpg 768w, https:\/\/cmctiles.vn\/wp-content\/uploads\/2024\/03\/Ban-sao-cua-M1-2-1536x1167.jpg 1536w, https:\/\/cmctiles.vn\/wp-content\/uploads\/2024\/03\/Ban-sao-cua-M1-2-16x12.jpg 16w, https:\/\/cmctiles.vn\/wp-content\/uploads\/2024\/03\/Ban-sao-cua-M1-2-369x280.jpg 369w, https:\/\/cmctiles.vn\/wp-content\/uploads\/2024\/03\/Ban-sao-cua-M1-2-500x380.jpg 500w, https:\/\/cmctiles.vn\/wp-content\/uploads\/2024\/03\/Ban-sao-cua-M1-2.jpg 2048w\" sizes=\"(max-width: 1130px) 100vw, 1130px\" \/><\/p>","protected":false},"excerpt":{"rendered":"<p>1. Th\u00f4ng s\u1ed1 s\u1ea3n ph\u1ea9m M\u00e3 s\u1ea3n ph\u1ea9m RPG6060005S2 Th\u01b0\u01a1ng hi\u1ec7u G\u1ea1ch \u1ed1p l\u00e1t Ph\u00e2n lo\u1ea1i G\u1ea1ch l\u00e1t s\u00e0n, g\u1ea1ch \u1ed1p t\u01b0\u1eddng M\u00e0u s\u1eafc M\u00e0u ghi s\u00e1ng Ki\u1ec3u v\u00e2n V\u00e2n \u0111\u00e1 K\u00edch th\u01b0\u1edbc combo 600x600mm v\u00e0 800x800mm Ch\u1ea5t li\u1ec7u Porcelain B\u1ec1 m\u1eb7t Men Nano b\u00f3ng cao c\u1ea5p \u0110\u1eb7c \u0111i\u1ec3m n\u1ed5i b\u1eadt Th\u1ea9m m\u1ef9 sang tr\u1ecdng, [&hellip;]<\/p>\n","protected":false},"featured_media":28891,"comment_status":"open","ping_status":"closed","template":"","meta":[],"product_brand":[],"product_cat":[1134,1083,1076,1023],"product_tag":[],"class_list":{"0":"post-28888","1":"product","2":"type-product","3":"status-publish","4":"has-post-thumbnail","6":"product_cat-gach-op-lat-refina","7":"product_cat-gach-lat-nen-van-da","8":"product_cat-gach-op-lat","9":"product_cat-porcelain","11":"first","12":"instock","13":"taxable","14":"shipping-taxable","15":"purchasable","16":"product-type-simple"},"_links":{"self":[{"href":"https:\/\/cmctiles.vn\/en\/wp-json\/wp\/v2\/product\/28888","targetHints":{"allow":["GET"]}}],"collection":[{"href":"https:\/\/cmctiles.vn\/en\/wp-json\/wp\/v2\/product"}],"about":[{"href":"https:\/\/cmctiles.vn\/en\/wp-json\/wp\/v2\/types\/product"}],"replies":[{"embeddable":true,"href":"https:\/\/cmctiles.vn\/en\/wp-json\/wp\/v2\/comments?post=28888"}],"version-history":[{"count":2,"href":"https:\/\/cmctiles.vn\/en\/wp-json\/wp\/v2\/product\/28888\/revisions"}],"predecessor-version":[{"id":28893,"href":"https:\/\/cmctiles.vn\/en\/wp-json\/wp\/v2\/product\/28888\/revisions\/28893"}],"wp:featuredmedia":[{"embeddable":true,"href":"https:\/\/cmctiles.vn\/en\/wp-json\/wp\/v2\/media\/28891"}],"wp:attachment":[{"href":"https:\/\/cmctiles.vn\/en\/wp-json\/wp\/v2\/media?parent=28888"}],"wp:term":[{"taxonomy":"product_brand","embeddable":true,"href":"https:\/\/cmctiles.vn\/en\/wp-json\/wp\/v2\/product_brand?post=28888"},{"taxonomy":"product_cat","embeddable":true,"href":"https:\/\/cmctiles.vn\/en\/wp-json\/wp\/v2\/product_cat?post=28888"},{"taxonomy":"product_tag","embeddable":true,"href":"https:\/\/cmctiles.vn\/en\/wp-json\/wp\/v2\/product_tag?post=28888"}],"curies":[{"name":"wp","href":"https:\/\/api.w.org\/{rel}","templated":true}]}}