{"id":28783,"date":"2024-02-29T17:22:31","date_gmt":"2024-02-29T10:22:31","guid":{"rendered":"https:\/\/cmctiles.vn\/?post_type=product&#038;p=28783"},"modified":"2024-03-01T09:04:25","modified_gmt":"2024-03-01T02:04:25","slug":"gach-op-lat-ceramic-van-da-kmb5050014vc","status":"publish","type":"product","link":"https:\/\/cmctiles.vn\/en\/ceramic\/gach-op-lat-ceramic-van-da-kmb5050014vc.html","title":{"rendered":"G\u1ea1ch \u1ed1p l\u00e1t Ceramic v\u00e2n \u0111\u00e1 KMB5050014VC"},"content":{"rendered":"<h2 style=\"text-align: left;\"><strong><span style=\"font-size: 18pt; font-family: arial, helvetica, sans-serif;\">1. Th\u00f4ng s\u1ed1 s\u1ea3n ph\u1ea9m<\/span><\/strong><\/h2>\n<table style=\"width: 99.2715%; height: 440px;\">\n<tbody>\n<tr style=\"height: 48px;\">\n<td style=\"width: 18.9212%; height: 48px;\"><span style=\"font-weight: 400; font-size: 12pt; font-family: arial, helvetica, sans-serif;\">M\u00e3 s\u1ea3n ph\u1ea9m<\/span><\/td>\n<td style=\"width: 107.88%; height: 48px;\">KMB5050014VC<\/td>\n<\/tr>\n<tr style=\"height: 48px;\">\n<td style=\"width: 18.9212%; height: 48px;\"><span style=\"font-weight: 400; font-size: 12pt; font-family: arial, helvetica, sans-serif;\">BRANDS<\/span><\/td>\n<td style=\"width: 107.88%; height: 48px;\"><span style=\"font-weight: 400; font-size: 12pt; font-family: arial, helvetica, sans-serif;\">Ceramic tiles<\/span><\/td>\n<\/tr>\n<tr style=\"height: 24px;\">\n<td style=\"width: 18.9212%; height: 24px;\"><span style=\"font-weight: 400; font-size: 12pt; font-family: arial, helvetica, sans-serif;\">Ph\u00e2n lo\u1ea1i<\/span><\/td>\n<td style=\"width: 107.88%; height: 24px;\"><span style=\"font-weight: 400; font-size: 12pt; font-family: arial, helvetica, sans-serif;\">G\u1ea1ch l\u00e1t s\u00e0n, g\u1ea1ch \u1ed1p t\u01b0\u1eddng<\/span><\/td>\n<\/tr>\n<tr style=\"height: 24px;\">\n<td style=\"width: 18.9212%; height: 24px;\"><span style=\"font-weight: 400; font-size: 12pt; font-family: arial, helvetica, sans-serif;\">M\u00e0u s\u1eafc<\/span><\/td>\n<td style=\"width: 107.88%; height: 24px;\"><span style=\"font-weight: 400; font-size: 12pt; font-family: arial, helvetica, sans-serif;\">M\u00e0u tr\u1eafng s\u1ee9<\/span><\/td>\n<\/tr>\n<tr style=\"height: 24px;\">\n<td style=\"width: 18.9212%; height: 24px;\"><span style=\"font-weight: 400; font-size: 12pt; font-family: arial, helvetica, sans-serif;\">Ki\u1ec3u v\u00e2n<\/span><\/td>\n<td style=\"width: 107.88%; height: 24px;\"><span style=\"font-weight: 400; font-size: 12pt; font-family: arial, helvetica, sans-serif;\">Veinstone<\/span><\/td>\n<\/tr>\n<tr style=\"height: 24px;\">\n<td style=\"width: 18.9212%; height: 24px;\"><span style=\"font-weight: 400; font-size: 12pt; font-family: arial, helvetica, sans-serif;\">Sizes<\/span><\/td>\n<td style=\"width: 107.88%; height: 24px;\"><span style=\"font-weight: 400; font-size: 12pt; font-family: arial, helvetica, sans-serif;\">500\u00d7500 mm<\/span><\/td>\n<\/tr>\n<tr style=\"height: 24px;\">\n<td style=\"width: 18.9212%; height: 24px;\"><span style=\"font-weight: 400; font-size: 12pt; font-family: arial, helvetica, sans-serif;\">MATERIALS\u00a0<\/span><\/td>\n<td style=\"width: 107.88%; height: 24px;\"><span style=\"font-weight: 400; font-size: 12pt; font-family: arial, helvetica, sans-serif;\">Ceramic<\/span><\/td>\n<\/tr>\n<tr style=\"height: 24px;\">\n<td style=\"width: 18.9212%; height: 24px;\"><span style=\"font-weight: 400; font-size: 12pt; font-family: arial, helvetica, sans-serif;\">Surfaces<\/span><\/td>\n<td style=\"width: 107.88%; height: 24px;\"><span style=\"font-weight: 400; font-size: 12pt; font-family: arial, helvetica, sans-serif;\">Glossy Glaze<\/span><\/td>\n<\/tr>\n<tr style=\"height: 152px;\">\n<td style=\"width: 18.9212%; height: 152px;\"><span style=\"font-weight: 400; font-size: 12pt; font-family: arial, helvetica, sans-serif;\">Outstanding features<\/span><\/td>\n<td style=\"width: 107.88%; height: 152px;\">\n<ul>\n<li style=\"font-weight: 400;\" aria-level=\"1\"><span style=\"font-weight: 400; font-size: 12pt; font-family: arial, helvetica, sans-serif;\">Gam m\u00e0u t\u01b0\u01a1i s\u00e1ng<\/span><\/li>\n<li style=\"font-weight: 400;\" aria-level=\"1\"><span style=\"font-weight: 400; font-size: 12pt; font-family: arial, helvetica, sans-serif;\">High-pressure resistance<\/span><\/li>\n<li style=\"font-weight: 400;\" aria-level=\"1\"><span style=\"font-weight: 400; font-size: 12pt; font-family: arial, helvetica, sans-serif;\">Ch\u1ed1ng axit, ch\u1ed1ng m\u00e0i m\u00f2n<\/span><\/li>\n<li style=\"font-weight: 400;\" aria-level=\"1\"><span style=\"font-weight: 400; font-size: 12pt; font-family: arial, helvetica, sans-serif;\">Non-ignition, non-expansion<\/span><\/li>\n<li style=\"font-weight: 400;\" aria-level=\"1\"><span style=\"font-weight: 400; font-size: 12pt; font-family: arial, helvetica, sans-serif;\">Easy to clean, anti-bacterial, anti-mildew<\/span><\/li>\n<\/ul>\n<\/td>\n<\/tr>\n<tr style=\"height: 48px;\">\n<td style=\"width: 18.9212%; height: 48px;\"><span style=\"font-weight: 400; font-size: 12pt; font-family: arial, helvetica, sans-serif;\">APPLICATIONS<\/span><\/td>\n<td style=\"width: 107.88%; height: 48px;\"><span style=\"font-weight: 400; font-size: 12pt; font-family: arial, helvetica, sans-serif;\">\u0110a d\u1ea1ng, v\u00ed d\u1ee5 ki\u1ebfn tr\u00fac nh\u00e0 \u1ed1ng, khu chung c\u01b0, nh\u00e0 \u1edf cao c\u1ea5p, bi\u1ec7t th\u1ef1, c\u00f4ng tr\u00ecnh ph\u1ee5&#8230;<\/span><\/td>\n<\/tr>\n<\/tbody>\n<\/table>\n<h2 style=\"text-align: left;\"><span style=\"font-size: 12pt; font-family: arial, helvetica, sans-serif;\"><span style=\"font-weight: 400;\"><strong><span style=\"font-size: 18pt;\">2. KMB5050014VC<\/span><\/strong><\/span><strong><span style=\"font-size: 18pt;\">\u00a0&#8211; d\u00f2ng s\u1ea3n ph\u1ea9m b\u00e1n ch\u1ea1y c\u1ee7a CMC<\/span><\/strong><\/span><\/h2>\n<p style=\"text-align: justify;\"><span style=\"font-size: 12pt; font-family: arial, helvetica, sans-serif;\"><span style=\"font-weight: 400;\">\u0110\u01b0\u1ee3c s\u1ea3n xu\u1ea5t b\u1eb1ng ch\u1ea5t li\u1ec7u Ceramic, s\u1ea3n ph\u1ea9m d\u1ec5 d\u00e0ng in m\u00e0u v\u00e0 t\u1ea1o hoa v\u0103n phong ph\u00fa, mang \u0111\u1ebfn hi\u1ec7u \u1ee9ng th\u1ecb gi\u00e1c s\u1eafc n\u00e9t, ch\u00e2n th\u1ef1c v\u00e0 d\u1ec5 d\u00e0ng thi c\u00f4ng, v\u1ec7 sinh.<\/span><\/span><\/p>","protected":false},"excerpt":{"rendered":"<p>1. Th\u00f4ng s\u1ed1 s\u1ea3n ph\u1ea9m M\u00e3 s\u1ea3n ph\u1ea9m KMB5050014VC Th\u01b0\u01a1ng hi\u1ec7u G\u1ea1ch \u1ed1p l\u00e1t Ph\u00e2n lo\u1ea1i G\u1ea1ch l\u00e1t s\u00e0n, g\u1ea1ch \u1ed1p t\u01b0\u1eddng M\u00e0u s\u1eafc M\u00e0u tr\u1eafng s\u1ee9 Ki\u1ec3u v\u00e2n V\u00e2n \u0111\u00e1 K\u00edch th\u01b0\u1edbc 500\u00d7500 mm Ch\u1ea5t li\u1ec7u\u00a0 Ceramic B\u1ec1 m\u1eb7t Men b\u00f3ng \u0110\u1eb7c \u0111i\u1ec3m n\u1ed5i b\u1eadt Gam m\u00e0u t\u01b0\u01a1i s\u00e1ng Kh\u1ea3 n\u0103ng ch\u1ecbu \u00e1p l\u1ef1c [&hellip;]<\/p>\n","protected":false},"featured_media":28801,"comment_status":"open","ping_status":"closed","template":"","meta":[],"product_brand":[],"product_cat":[1009,1015,1076],"product_tag":[],"class_list":{"0":"post-28783","1":"product","2":"type-product","3":"status-publish","4":"has-post-thumbnail","6":"product_cat-ceramic","7":"product_cat-gach-lat","8":"product_cat-gach-op-lat","10":"first","11":"instock","12":"taxable","13":"shipping-taxable","14":"purchasable","15":"product-type-simple"},"_links":{"self":[{"href":"https:\/\/cmctiles.vn\/en\/wp-json\/wp\/v2\/product\/28783","targetHints":{"allow":["GET"]}}],"collection":[{"href":"https:\/\/cmctiles.vn\/en\/wp-json\/wp\/v2\/product"}],"about":[{"href":"https:\/\/cmctiles.vn\/en\/wp-json\/wp\/v2\/types\/product"}],"replies":[{"embeddable":true,"href":"https:\/\/cmctiles.vn\/en\/wp-json\/wp\/v2\/comments?post=28783"}],"version-history":[{"count":3,"href":"https:\/\/cmctiles.vn\/en\/wp-json\/wp\/v2\/product\/28783\/revisions"}],"predecessor-version":[{"id":28800,"href":"https:\/\/cmctiles.vn\/en\/wp-json\/wp\/v2\/product\/28783\/revisions\/28800"}],"wp:featuredmedia":[{"embeddable":true,"href":"https:\/\/cmctiles.vn\/en\/wp-json\/wp\/v2\/media\/28801"}],"wp:attachment":[{"href":"https:\/\/cmctiles.vn\/en\/wp-json\/wp\/v2\/media?parent=28783"}],"wp:term":[{"taxonomy":"product_brand","embeddable":true,"href":"https:\/\/cmctiles.vn\/en\/wp-json\/wp\/v2\/product_brand?post=28783"},{"taxonomy":"product_cat","embeddable":true,"href":"https:\/\/cmctiles.vn\/en\/wp-json\/wp\/v2\/product_cat?post=28783"},{"taxonomy":"product_tag","embeddable":true,"href":"https:\/\/cmctiles.vn\/en\/wp-json\/wp\/v2\/product_tag?post=28783"}],"curies":[{"name":"wp","href":"https:\/\/api.w.org\/{rel}","templated":true}]}}