{"id":28675,"date":"2024-02-29T16:17:58","date_gmt":"2024-02-29T09:17:58","guid":{"rendered":"https:\/\/cmctiles.vn\/?post_type=product&#038;p=28675"},"modified":"2024-03-01T08:56:07","modified_gmt":"2024-03-01T01:56:07","slug":"gach-op-lat-granite-van-xi-mang-kmb36614vc-ghi-sang-gia-da","status":"publish","type":"product","link":"https:\/\/cmctiles.vn\/en\/granite\/gach-op-lat-granite-van-xi-mang-kmb36614vc-ghi-sang-gia-da.html","title":{"rendered":"G\u1ea1ch \u1ed1p l\u00e1t granite v\u00e2n xi m\u0103ng KMB36614VC ghi s\u00e1ng gi\u1ea3 \u0111\u00e1"},"content":{"rendered":"<h2 style=\"text-align: left;\"><strong><span style=\"font-size: 18pt; font-family: arial, helvetica, sans-serif;\">1. Th\u00f4ng s\u1ed1 s\u1ea3n ph\u1ea9m<\/span><\/strong><\/h2>\n<table style=\"width: 99.2715%; height: 440px;\">\n<tbody>\n<tr style=\"height: 48px;\">\n<td style=\"width: 18.9212%; height: 48px;\"><span style=\"font-weight: 400; font-size: 12pt; font-family: arial, helvetica, sans-serif;\">M\u00e3 s\u1ea3n ph\u1ea9m<\/span><\/td>\n<td style=\"width: 107.88%; height: 48px;\">KMB36814VC<\/td>\n<\/tr>\n<tr style=\"height: 48px;\">\n<td style=\"width: 18.9212%; height: 48px;\"><span style=\"font-weight: 400; font-size: 12pt; font-family: arial, helvetica, sans-serif;\">BRANDS<\/span><\/td>\n<td style=\"width: 107.88%; height: 48px;\"><span style=\"font-weight: 400; font-size: 12pt; font-family: arial, helvetica, sans-serif;\">Ceramic tiles<\/span><\/td>\n<\/tr>\n<tr style=\"height: 24px;\">\n<td style=\"width: 18.9212%; height: 24px;\"><span style=\"font-weight: 400; font-size: 12pt; font-family: arial, helvetica, sans-serif;\">Ph\u00e2n lo\u1ea1i<\/span><\/td>\n<td style=\"width: 107.88%; height: 24px;\"><span style=\"font-weight: 400; font-size: 12pt; font-family: arial, helvetica, sans-serif;\">G\u1ea1ch l\u00e1t s\u00e0n, g\u1ea1ch \u1ed1p t\u01b0\u1eddng<\/span><\/td>\n<\/tr>\n<tr style=\"height: 24px;\">\n<td style=\"width: 18.9212%; height: 24px;\"><span style=\"font-weight: 400; font-size: 12pt; font-family: arial, helvetica, sans-serif;\">M\u00e0u s\u1eafc<\/span><\/td>\n<td style=\"width: 107.88%; height: 24px;\"><span style=\"font-weight: 400; font-size: 12pt; font-family: arial, helvetica, sans-serif;\">M\u00e0u ghi s\u00e1ng<\/span><\/td>\n<\/tr>\n<tr style=\"height: 24px;\">\n<td style=\"width: 18.9212%; height: 24px;\"><span style=\"font-weight: 400; font-size: 12pt; font-family: arial, helvetica, sans-serif;\">Ki\u1ec3u v\u00e2n<\/span><\/td>\n<td style=\"width: 107.88%; height: 24px;\"><span style=\"font-weight: 400; font-size: 12pt; font-family: arial, helvetica, sans-serif;\">V\u00e2n xi m\u0103ng<\/span><\/td>\n<\/tr>\n<tr style=\"height: 24px;\">\n<td style=\"width: 18.9212%; height: 24px;\"><span style=\"font-weight: 400; font-size: 12pt; font-family: arial, helvetica, sans-serif;\">Sizes<\/span><\/td>\n<td style=\"width: 107.88%; height: 24px;\"><span style=\"font-weight: 400; font-size: 12pt; font-family: arial, helvetica, sans-serif;\">300\u00d7600 mm<\/span><\/td>\n<\/tr>\n<tr style=\"height: 24px;\">\n<td style=\"width: 18.9212%; height: 24px;\"><span style=\"font-weight: 400; font-size: 12pt; font-family: arial, helvetica, sans-serif;\">MATERIALS\u00a0<\/span><\/td>\n<td style=\"width: 107.88%; height: 24px;\"><span style=\"font-weight: 400; font-size: 12pt; font-family: arial, helvetica, sans-serif;\">Granite<\/span><\/td>\n<\/tr>\n<tr style=\"height: 24px;\">\n<td style=\"width: 18.9212%; height: 24px;\"><span style=\"font-weight: 400; font-size: 12pt; font-family: arial, helvetica, sans-serif;\">Surfaces<\/span><\/td>\n<td style=\"width: 107.88%; height: 24px;\"><span style=\"font-weight: 400; font-size: 12pt; font-family: arial, helvetica, sans-serif;\">Matt Glaze<\/span><\/td>\n<\/tr>\n<tr style=\"height: 152px;\">\n<td style=\"width: 18.9212%; height: 152px;\"><span style=\"font-weight: 400; font-size: 12pt; font-family: arial, helvetica, sans-serif;\">Outstanding features<\/span><\/td>\n<td style=\"width: 107.88%; height: 152px;\">\n<ul>\n<li style=\"font-weight: 400;\" aria-level=\"1\"><span style=\"font-weight: 400; font-size: 12pt; font-family: arial, helvetica, sans-serif;\">Kh\u1ea3 n\u0103ng ch\u1ed1ng tr\u01a1n tr\u01b0\u1ee3t \u01b0u vi\u1ec7t<\/span><\/li>\n<li style=\"font-weight: 400;\" aria-level=\"1\"><span style=\"font-weight: 400; font-size: 12pt; font-family: arial, helvetica, sans-serif;\">High-pressure resistance<\/span><\/li>\n<li style=\"font-weight: 400;\" aria-level=\"1\"><span style=\"font-weight: 400; font-size: 12pt; font-family: arial, helvetica, sans-serif;\">Ch\u1ed1ng axit, ch\u1ed1ng m\u00e0i m\u00f2n<\/span><\/li>\n<li style=\"font-weight: 400;\" aria-level=\"1\"><span style=\"font-weight: 400; font-size: 12pt; font-family: arial, helvetica, sans-serif;\">Non-ignition, non-expansion<\/span><\/li>\n<li style=\"font-weight: 400;\" aria-level=\"1\"><span style=\"font-weight: 400; font-size: 12pt; font-family: arial, helvetica, sans-serif;\">Easy to clean, anti-bacterial, anti-mildew<\/span><\/li>\n<\/ul>\n<\/td>\n<\/tr>\n<tr style=\"height: 48px;\">\n<td style=\"width: 18.9212%; height: 48px;\"><span style=\"font-weight: 400; font-size: 12pt; font-family: arial, helvetica, sans-serif;\">APPLICATIONS<\/span><\/td>\n<td style=\"width: 107.88%; height: 48px;\"><span style=\"font-weight: 400; font-size: 12pt; font-family: arial, helvetica, sans-serif;\">\u0110a d\u1ea1ng, v\u00ed d\u1ee5 ki\u1ebfn tr\u00fac nh\u00e0 \u1ed1ng, khu chung c\u01b0, nh\u00e0 \u1edf cao c\u1ea5p, bi\u1ec7t th\u1ef1, ph\u00f2ng kh\u00e1ch\u2026<\/span><\/td>\n<\/tr>\n<\/tbody>\n<\/table>\n<h2><img fetchpriority=\"high\" decoding=\"async\" class=\"wp-image-28710 aligncenter\" src=\"https:\/\/cmctiles.vn\/wp-content\/uploads\/2024\/02\/2.LX-36614M-KMB36614VC-300x145.jpg\" alt=\"\" width=\"867\" height=\"419\" title=\"\" srcset=\"https:\/\/cmctiles.vn\/wp-content\/uploads\/2024\/02\/2.LX-36614M-KMB36614VC-300x145.jpg 300w, https:\/\/cmctiles.vn\/wp-content\/uploads\/2024\/02\/2.LX-36614M-KMB36614VC-18x9.jpg 18w, https:\/\/cmctiles.vn\/wp-content\/uploads\/2024\/02\/2.LX-36614M-KMB36614VC-400x193.jpg 400w, https:\/\/cmctiles.vn\/wp-content\/uploads\/2024\/02\/2.LX-36614M-KMB36614VC.jpg 441w\" sizes=\"(max-width: 867px) 100vw, 867px\" \/><\/h2>\n<h2 style=\"text-align: left;\"><span style=\"font-size: 12pt; font-family: arial, helvetica, sans-serif;\"><span style=\"font-weight: 400;\"><strong><span style=\"font-size: 18pt;\">2. KMB36614VC<\/span><\/strong><\/span><strong><span style=\"font-size: 18pt;\">\u00a0&#8211; d\u00f2ng s\u1ea3n ph\u1ea9m cao c\u1ea5p c\u1ee7a CMC<\/span><\/strong><\/span><\/h2>\n<p style=\"text-align: justify;\"><span style=\"font-size: 12pt; font-family: arial, helvetica, sans-serif;\"><span style=\"font-weight: 400;\">\u0110\u01b0\u1ee3c s\u1ea3n xu\u1ea5t b\u1eb1ng ch\u1ea5t li\u1ec7u Granite cao c\u1ea5p v\u1edbi l\u1edbp x\u01b0\u01a1ng d\u00e0y d\u1eb7n, s\u1ea3n ph\u1ea9m <\/span><span style=\"font-weight: 400;\">c\u00f3 \u01b0u \u0111i\u1ec3m v\u01b0\u1ee3t tr\u1ed9i l\u00e0 khung x\u01b0\u01a1ng ch\u1eafc ch\u1eafn, \u0111\u1ed9 c\u1ee9ng cao, k\u1ebft c\u1ea5u \u0111\u01b0\u1ee3c n\u00e9n k\u1ef9 n\u00ean \u00edt l\u1ed7 h\u1ed5ng, t\u0103ng kh\u1ea3 n\u0103ng ch\u1ed1ng th\u1ea5m n\u01b0\u1edbc v\u00e0 mang \u0111\u1ebfn tr\u1ea3i nghi\u1ec7m t\u1ed1t h\u01a1n cho ng\u01b0\u1eddi d\u00f9ng.\u00a0<\/span><\/span><\/p>\n<p>&nbsp;<\/p>","protected":false},"excerpt":{"rendered":"<p>1. Th\u00f4ng s\u1ed1 s\u1ea3n ph\u1ea9m M\u00e3 s\u1ea3n ph\u1ea9m KMB36814VC Th\u01b0\u01a1ng hi\u1ec7u G\u1ea1ch \u1ed1p l\u00e1t Ph\u00e2n lo\u1ea1i G\u1ea1ch l\u00e1t s\u00e0n, g\u1ea1ch \u1ed1p t\u01b0\u1eddng M\u00e0u s\u1eafc M\u00e0u ghi s\u00e1ng Ki\u1ec3u v\u00e2n V\u00e2n xi m\u0103ng K\u00edch th\u01b0\u1edbc 300\u00d7600 mm Ch\u1ea5t li\u1ec7u\u00a0 Granite B\u1ec1 m\u1eb7t Men Matt \u0110\u1eb7c \u0111i\u1ec3m n\u1ed5i b\u1eadt Kh\u1ea3 n\u0103ng ch\u1ed1ng tr\u01a1n tr\u01b0\u1ee3t \u01b0u vi\u1ec7t Kh\u1ea3 [&hellip;]<\/p>\n","protected":false},"featured_media":28710,"comment_status":"open","ping_status":"closed","template":"","meta":[],"product_brand":[],"product_cat":[1019,1016,1076],"product_tag":[],"class_list":{"0":"post-28675","1":"product","2":"type-product","3":"status-publish","4":"has-post-thumbnail","6":"product_cat-granite","7":"product_cat-gach-op","8":"product_cat-gach-op-lat","10":"first","11":"instock","12":"taxable","13":"shipping-taxable","14":"purchasable","15":"product-type-simple"},"_links":{"self":[{"href":"https:\/\/cmctiles.vn\/en\/wp-json\/wp\/v2\/product\/28675","targetHints":{"allow":["GET"]}}],"collection":[{"href":"https:\/\/cmctiles.vn\/en\/wp-json\/wp\/v2\/product"}],"about":[{"href":"https:\/\/cmctiles.vn\/en\/wp-json\/wp\/v2\/types\/product"}],"replies":[{"embeddable":true,"href":"https:\/\/cmctiles.vn\/en\/wp-json\/wp\/v2\/comments?post=28675"}],"version-history":[{"count":2,"href":"https:\/\/cmctiles.vn\/en\/wp-json\/wp\/v2\/product\/28675\/revisions"}],"predecessor-version":[{"id":28720,"href":"https:\/\/cmctiles.vn\/en\/wp-json\/wp\/v2\/product\/28675\/revisions\/28720"}],"wp:featuredmedia":[{"embeddable":true,"href":"https:\/\/cmctiles.vn\/en\/wp-json\/wp\/v2\/media\/28710"}],"wp:attachment":[{"href":"https:\/\/cmctiles.vn\/en\/wp-json\/wp\/v2\/media?parent=28675"}],"wp:term":[{"taxonomy":"product_brand","embeddable":true,"href":"https:\/\/cmctiles.vn\/en\/wp-json\/wp\/v2\/product_brand?post=28675"},{"taxonomy":"product_cat","embeddable":true,"href":"https:\/\/cmctiles.vn\/en\/wp-json\/wp\/v2\/product_cat?post=28675"},{"taxonomy":"product_tag","embeddable":true,"href":"https:\/\/cmctiles.vn\/en\/wp-json\/wp\/v2\/product_tag?post=28675"}],"curies":[{"name":"wp","href":"https:\/\/api.w.org\/{rel}","templated":true}]}}