{"id":20408,"date":"2022-10-05T14:48:54","date_gmt":"2022-10-05T07:48:54","guid":{"rendered":"https:\/\/cmctiles.vn\/?post_type=product&#038;p=20408"},"modified":"2023-07-04T11:05:25","modified_gmt":"2023-07-04T04:05:25","slug":"gach-lat-mau-den-cham-vang-ptk-68001","status":"publish","type":"product","link":"https:\/\/cmctiles.vn\/en\/gach-op-lat\/gach-lat-ptk-68001.html","title":{"rendered":"G\u1ea1ch l\u00e1t m\u00e0u \u0111en ch\u1ea5m v\u00e0ng PTK 68001"},"content":{"rendered":"<p style=\"text-align: justify;\"><span style=\"font-weight: 400;\">L\u1ea5y c\u1ea3m h\u1ee9ng t\u1eeb nh\u1eefng v\u00ec sao \u0111\u00eam, <strong>PTK 68001<\/strong> kh\u1eafc h\u1ecda m\u1ed9t c\u00e1ch tinh t\u1ebf v\u00e0 ch\u00e2n th\u1ef1c v\u1ebb \u0111\u1eb9p c\u1ee7a g\u1ea1ch v\u00e2n \u0111\u00e1 t\u1ef1 nhi\u00ean, mang \u0111\u1ebfn n\u00e9t ph\u00f3ng kho\u00e1ng, tr\u1ebb trung \u0111\u1ea7y ph\u00e1 c\u00e1ch cho c\u00e1c kh\u00f4ng gian thi\u1ebft k\u1ebf n\u1ed9i th\u1ea5t. <strong>PTK 68001<\/strong> h\u1ee9a h\u1eb9n l\u00e0 s\u1ef1 l\u1ef1a ch\u1ecdn l\u00fd t\u01b0\u1edfng cho c\u00e1c thi\u1ebft k\u1ebf \u1ea5n t\u01b0\u1ee3ng trong kh\u00f4ng gian s\u1ed1ng hi\u1ec7n \u0111\u1ea1i.<\/span><\/p>\n<figure id=\"attachment_20400\" aria-describedby=\"caption-attachment-20400\" style=\"width: 2133px\" class=\"wp-caption aligncenter\"><img fetchpriority=\"high\" decoding=\"async\" class=\"wp-image-20400 size-full\" src=\"https:\/\/cmctiles.vn\/wp-content\/uploads\/2022\/10\/PTK-68001-scaled.jpg\" alt=\"V\u1ebb \u0111\u1eb9p ph\u00f3ng kho\u00e1ng v\u00e0 th\u1eddi th\u01b0\u1ee3ng c\u1ee7a g\u1ea1ch \u1ed1p l\u00e1t PTK 68001 v\u1edbi m\u00e0u \u0111en tuy\u1ec1n v\u00e0 mu\u00f4n ng\u00e0n ch\u1ea5m v\u00e0ng \u0111i\u1ec3m xuy\u1ebft\" width=\"2133\" height=\"2560\" title=\"\" srcset=\"https:\/\/cmctiles.vn\/wp-content\/uploads\/2022\/10\/PTK-68001-scaled.jpg 2133w, https:\/\/cmctiles.vn\/wp-content\/uploads\/2022\/10\/PTK-68001-scaled-500x600.jpg 500w, https:\/\/cmctiles.vn\/wp-content\/uploads\/2022\/10\/PTK-68001-250x300.jpg 250w, https:\/\/cmctiles.vn\/wp-content\/uploads\/2022\/10\/PTK-68001-853x1024.jpg 853w, https:\/\/cmctiles.vn\/wp-content\/uploads\/2022\/10\/PTK-68001-768x922.jpg 768w, https:\/\/cmctiles.vn\/wp-content\/uploads\/2022\/10\/PTK-68001-1280x1536.jpg 1280w, https:\/\/cmctiles.vn\/wp-content\/uploads\/2022\/10\/PTK-68001-1707x2048.jpg 1707w, https:\/\/cmctiles.vn\/wp-content\/uploads\/2022\/10\/PTK-68001-600x720.jpg 600w\" sizes=\"(max-width: 2133px) 100vw, 2133px\" \/><figcaption id=\"caption-attachment-20400\" class=\"wp-caption-text\">V\u1ebb \u0111\u1eb9p ph\u00f3ng kho\u00e1ng v\u00e0 th\u1eddi th\u01b0\u1ee3ng c\u1ee7a g\u1ea1ch \u1ed1p l\u00e1t PTK 68001 v\u1edbi m\u00e0u \u0111en tuy\u1ec1n v\u00e0 mu\u00f4n ng\u00e0n ch\u1ea5m v\u00e0ng \u0111i\u1ec3m xuy\u1ebft<\/figcaption><\/figure>\n<h2><b>1. Th\u00f4ng s\u1ed1 s\u1ea3n ph\u1ea9m<\/b><\/h2>\n<table style=\"width: 100%;\" border=\"1\" cellpadding=\"10\">\n<tbody>\n<tr>\n<td><span style=\"font-weight: 400;\">M\u00e3 s\u1ea3n ph\u1ea9m<\/span><\/td>\n<td><strong> PTK 68001<\/strong><\/td>\n<\/tr>\n<tr>\n<td><span style=\"font-weight: 400;\">BRANDS<\/span><\/td>\n<td><span style=\"font-weight: 400;\">CMC Tiles<\/span><\/td>\n<\/tr>\n<tr>\n<td><span style=\"font-weight: 400;\">Ph\u00e2n lo\u1ea1i<\/span><\/td>\n<td><span style=\"font-weight: 400;\">G\u1ea1ch l\u00e1t Porcelain<\/span><\/td>\n<\/tr>\n<tr>\n<td><span style=\"font-weight: 400;\">M\u00e0u s\u1eafc<\/span><\/td>\n<td><span style=\"font-weight: 400;\">M\u00e0u \u0111en ch\u1ea5m v\u00e0ng<\/span><\/td>\n<\/tr>\n<tr>\n<td><span style=\"font-weight: 400;\">Sizes<\/span><\/td>\n<td><span style=\"font-weight: 400;\">600\u00d7600 mm<\/span><\/td>\n<\/tr>\n<tr>\n<td><span style=\"font-weight: 400;\">\u0110\u1ed9 d\u00e0y<\/span><\/td>\n<td><span style=\"font-weight: 400;\">9.3 (mm)<\/span><\/td>\n<\/tr>\n<tr>\n<td><span style=\"font-weight: 400;\">MATERIALS\u00a0<\/span><\/td>\n<td><span style=\"font-weight: 400;\">Porcelain<\/span><\/td>\n<\/tr>\n<tr>\n<td><span style=\"font-weight: 400;\">Surfaces<\/span><\/td>\n<td><span style=\"font-weight: 400;\">Men kim c\u01b0\u01a1ng si\u00eau b\u00f3ng<\/span><\/td>\n<\/tr>\n<tr>\n<td><span style=\"font-weight: 400;\">Outstanding features<\/span><\/td>\n<td>\n<ul>\n<li style=\"font-weight: 400;\" aria-level=\"1\"><span style=\"font-weight: 400;\">High wear resistance<\/span><\/li>\n<li style=\"font-weight: 400;\" aria-level=\"1\"><span style=\"font-weight: 400;\">High-pressure resistance<\/span><\/li>\n<li style=\"font-weight: 400;\" aria-level=\"1\"><span style=\"font-weight: 400;\">Anti-acid, anti-slip<\/span><\/li>\n<li style=\"font-weight: 400;\" aria-level=\"1\"><span style=\"font-weight: 400;\">Non-ignition, non-expansion<\/span><\/li>\n<li style=\"font-weight: 400;\" aria-level=\"1\"><span style=\"font-weight: 400;\">Easy to clean, anti-bacterial, anti-mildew<\/span><\/li>\n<\/ul>\n<\/td>\n<\/tr>\n<tr>\n<td><span style=\"font-weight: 400;\">APPLICATIONS<\/span><\/td>\n<td><span style=\"font-weight: 400;\">\u0110a d\u1ea1ng, v\u00ed d\u1ee5 ki\u1ebfn tr\u00fac nh\u00e0 \u1ed1ng, khu chung c\u01b0, nh\u00e0 \u1edf cao c\u1ea5p, bi\u1ec7t th\u1ef1, ph\u00f2ng kh\u00e1ch, ph\u00f2ng t\u1eafm\u2026<\/span><\/td>\n<\/tr>\n<\/tbody>\n<\/table>\n<p><strong>S\u1ea3n ph\u1ea9m li\u00ean quan:<\/strong><\/p>\n<ul>\n<li><a href=\"https:\/\/cmctiles.vn\/gach-op-lat\/gach-lat\/gach-lat-pt-80001.html\" target=\"_blank\" rel=\"noopener\">PT 80001 FLOOR TILES<\/a><\/li>\n<li><a href=\"https:\/\/cmctiles.vn\/gach-op-lat\/gach-lat-mau-den-van-da-ptk-68004.html\" target=\"_blank\" rel=\"noopener\">G\u1ea1ch l\u00e1t PTK 68004 m\u00e0u \u0111en v\u00e2n \u0111\u00e1 t\u1ef1 nhi\u00ean<\/a><\/li>\n<li><a href=\"https:\/\/cmctiles.vn\/gach-op-lat\/gach-lat-mau-vang-nau-cham-den-ptk-68003.html\" target=\"_blank\" rel=\"noopener\">G\u1ea1ch l\u00e1t PTK 68003 m\u00e0u v\u00e0ng n\u00e2u ch\u1ea5m \u0111en ch\u00e2n th\u1ef1c<\/a><\/li>\n<\/ul>\n<h2 style=\"text-align: justify;\"><b>2. PTK 68001- d\u00f2ng s\u1ea3n ph\u1ea9m cao c\u1ea5p c\u1ee7a CMC<\/b><\/h2>\n<p style=\"text-align: justify;\"><span style=\"font-weight: 400;\">Do \u0111\u01b0\u1ee3c t\u1ea1o ra t\u1eeb m\u1ed9t kh\u1ed1i \u0111\u1ed3ng ch\u1ea5t v\u1ec1 nguy\u00ean li\u1ec7u v\u00e0 m\u00e0u s\u1eafc n\u00ean PTK 68001 l\u00e0 m\u1ed9t trong nh\u1eefng <a href=\"https:\/\/cmctiles.vn\/gach-op-lat\/\" target=\"_blank\" rel=\"noopener\">m\u1eabu g\u1ea1ch \u1ed1p l\u00e1t \u0111\u1eb9p<\/a> c\u00f3 \u01b0u \u0111i\u1ec3m v\u01b0\u1ee3t tr\u1ed9i l\u00e0 khung x\u01b0\u01a1ng ch\u1eafc ch\u1eafn, \u0111\u1ed9 c\u1ee9ng cao, k\u1ebft c\u1ea5u \u0111\u01b0\u1ee3c n\u00e9n k\u1ef9 n\u00ean \u00edt l\u1ed7 h\u1ed5ng, t\u0103ng kh\u1ea3 n\u0103ng ch\u1ed1ng th\u1ea5m n\u01b0\u1edbc v\u00e0 mang \u0111\u1ebfn tr\u1ea3i nghi\u1ec7m t\u1ed1t h\u01a1n cho ng\u01b0\u1eddi d\u00f9ng.\u00a0<\/span><\/p>\n<h3 style=\"text-align: justify;\"><b><i>2.1. Thi\u1ebft k\u1ebf l\u1ea5y c\u1ea3m h\u1ee9ng t\u1eeb h\u00e0ng tri\u1ec7u v\u00ec sao \u0111\u00eam:<\/i><\/b><\/h3>\n<p style=\"text-align: justify;\"><span style=\"font-weight: 400;\">L\u1ea5y c\u1ea3m h\u1ee9ng t\u1eeb nh\u1eefng v\u00ec sao \u0111\u00eam, PTK 68001 kh\u1eafc h\u1ecda m\u1ed9t c\u00e1ch tinh t\u1ebf v\u00e0 ch\u00e2n th\u1ef1c v\u1ebb \u0111\u1eb9p c\u1ee7a g\u1ea1ch v\u00e2n \u0111\u00e1 t\u1ef1 nhi\u00ean, mang \u0111\u1ebfn n\u00e9t ph\u00f3ng kho\u00e1ng, tr\u1ebb trung \u0111\u1ea7y ph\u00e1 c\u00e1ch cho c\u00e1c kh\u00f4ng gian thi\u1ebft k\u1ebf n\u1ed9i th\u1ea5t. PTK 68001 h\u1ee9a h\u1eb9n l\u00e0 s\u1ef1 l\u1ef1a ch\u1ecdn l\u00fd t\u01b0\u1edfng cho c\u00e1c thi\u1ebft k\u1ebf \u1ea5n t\u01b0\u1ee3ng trong kh\u00f4ng gian s\u1ed1ng hi\u1ec7n \u0111\u1ea1i.<\/span><\/p>\n<h3 style=\"text-align: justify;\"><b><i>2.2. \u0110\u1ed9 b\u1ec1n v\u01b0\u1ee3t th\u1eddi gian<\/i><\/b><\/h3>\n<ul style=\"text-align: justify;\">\n<li style=\"font-weight: 400;\" aria-level=\"1\"><b>Kh\u1ea3 n\u0103ng ch\u1ed1ng m\u00e0i m\u00f2n cao: <\/b><span style=\"font-weight: 400;\">G\u1ea1ch PTK 68001 l\u00e0 m\u1ed9t s\u1ea3n ph\u1ea9m thu\u1ed9c d\u00f2ng g\u1ea1ch Porcelain (g\u1ea1ch b\u00e1n s\u1ee9) cao c\u1ea5p c\u00f3 ch\u1ea5t g\u1ea1ch \u0111\u1eb7c m\u1ecbn, \u0111\u1ed9 c\u1ee9ng cao, b\u1ec1n b\u1ec9 g\u1ea7n nh\u01b0 tuy\u1ec7t \u0111\u1ed1i, kh\u00f4ng tr\u1ea7y x\u01b0\u1edbc, kh\u00f4ng bay m\u00e0u theo th\u1eddi gian.<\/span><\/li>\n<li style=\"font-weight: 400;\" aria-level=\"1\"><b>Kh\u1ea3 n\u0103ng ch\u1ecbu \u00e1p l\u1ef1c cao:<\/b><span style=\"font-weight: 400;\"> G\u1ea1ch \u0111\u01b0\u1ee3c nung \u1edf nhi\u1ec7t \u0111\u1ed9 cao t\u1eeb 1.200-1.300 \u0111\u1ed9 C, c\u00f3 \u0111\u1ed9 b\u1ec1n u\u1ed1ng ho\u00e0n h\u1ea3o do \u0111\u01b0\u1ee3c tr\u1ea3i qua qu\u00e1 tr\u00ecnh \u00e9p n\u00e9n t\u1edbi 7.000 t\u1ea5n.<\/span><\/li>\n<\/ul>\n<h3 style=\"text-align: justify;\"><b><i>2.3. An to\u00e0n &#8211; ti\u1ec7n l\u1ee3i cho gia ch\u1ee7<\/i><\/b><\/h3>\n<ul style=\"text-align: justify;\">\n<li style=\"font-weight: 400;\" aria-level=\"1\"><b>Ch\u1ed1ng tr\u01a1n tr\u01b0\u1ee3t: <\/b><span style=\"font-weight: 400;\">L\u1edbp men kim c\u01b0\u01a1ng cao c\u1ea5p c\u1ee7a CMC gi\u00fap g\u1ea1ch c\u00f3 \u0111\u01b0\u1ee3c b\u1ec1 m\u1eb7t kh\u00f4ng g\u1ee3n s\u00f3ng, si\u00eau b\u00f3ng, nh\u01b0ng v\u1eabn t\u1ea1o ma s\u00e1t v\u1edbi b\u00e0n ch\u00e2n, gi\u00fap ch\u1ed1ng tr\u01a1n tr\u01b0\u1ee3t hi\u1ec7u qu\u1ea3, \u0111\u1ea3m b\u1ea3o an to\u00e0n khi s\u1eed d\u1ee5ng.<\/span><\/li>\n<li style=\"font-weight: 400;\" aria-level=\"1\"><b>Kh\u00f4ng b\u1eaft ch\u00e1y, kh\u00f4ng gi\u00e3n n\u1edf: <\/b><span style=\"font-weight: 400;\">G\u1ea1ch \u0111\u01b0\u1ee3c nung \u1edf nhi\u1ec7t \u0111\u1ed9 cao t\u1edbi 1.300 \u0111\u1ed9 C n\u00ean kh\u00f4ng d\u1ec5 d\u00e0ng b\u1eaft ch\u00e1y, \u0111\u1eb7c bi\u1ec7t tuy\u1ec7t \u0111\u1ed1i kh\u00f4ng gi\u00e3n n\u1edf \u1edf nhi\u1ec7t \u0111\u1ed9 nh\u00e0 th\u00f4ng th\u01b0\u1eddng v\u00e0 ch\u1ecbu \u0111\u01b0\u1ee3c th\u1eddi ti\u1ebft kh\u1eafc nghi\u1ec7t.<\/span><\/li>\n<\/ul>\n<h2><b>3. L\u01b0u \u00fd khi ch\u1ecdn mua v\u00e0 s\u1eed d\u1ee5ng g\u1ea1ch l\u00e1t PTK 68001<\/b><\/h2>\n<p style=\"text-align: justify;\"><span style=\"font-weight: 400;\">Qu\u00fd kh\u00e1ch vui l\u00f2ng l\u01b0u \u00fd nh\u1eefng \u0111i\u1ec1u sau \u0111\u1ec3 \u0111\u1ea3m b\u1ea3o t\u1ed1i \u0111a c\u00f4ng n\u0103ng v\u00e0 t\u00ednh th\u1ea9m m\u1ef9 c\u1ee7a s\u1ea3n ph\u1ea9m:<\/span><\/p>\n<ul style=\"text-align: justify;\">\n<li style=\"font-weight: 400;\" aria-level=\"1\"><b>M\u00e0u s\u1eafc h\u00e0i h\u00f2a: <\/b><span style=\"font-weight: 400;\">C\u00e2n \u0111\u1ed1i ch\u1ecdn m\u00e0u g\u1ea1ch ph\u00f9 h\u1ee3p v\u1edbi m\u00e0u s\u1eafc c\u1ee7a t\u1ed5ng th\u1ec3 ng\u00f4i nh\u00e0 v\u00e0 c\u00f4ng n\u0103ng s\u1eed d\u1ee5ng. Nh\u1eefng s\u1ea3n ph\u1ea9m g\u1ea1ch tone s\u00e1ng (tr\u1eafng, be, kem,..) ph\u00f9 h\u1ee3p v\u1edbi ph\u00f2ng nh\u1ecf v\u00ec gi\u00fap m\u1edf r\u1ed9ng kh\u00f4ng gian v\u00e0 h\u00fat s\u00e1ng; tone t\u1ed1i (\u0111en, tr\u1ea7m, n\u00e2u&#8230;) ph\u00f9 h\u1ee3p v\u1edbi kh\u00f4ng gian r\u1ed9ng, phong c\u00e1ch ki\u1ebfn tr\u00fac c\u1ed5 \u0111i\u1ec3n, t\u00e2n c\u1ed5 \u0111i\u1ec3n.<\/span><\/li>\n<li style=\"font-weight: 400;\" aria-level=\"1\"><b>Kh\u00f4ng gian ph\u00f9 h\u1ee3p: <\/b><span style=\"font-weight: 400;\">v\u1edbi k\u00edch th\u01b0\u1edbc kh\u1ed5 trung 600&#215;600, ph\u1ee7 men kim c\u01b0\u01a1ng si\u00eau b\u00f3ng <\/span><span style=\"font-weight: 400;\">v\u00e0 tone t\u1ed1i, PTK 68001 <\/span><span style=\"font-weight: 400;\">l\u00e0 s\u1ef1 l\u1ef1a ch\u1ecdn ho\u00e0n h\u1ea3o cho nhi\u1ec1u kh\u00f4ng gian nh\u01b0 ph\u00f2ng kh\u00e1ch, ph\u00f2ng ng\u1ee7 \u0111\u1eb7c bi\u1ec7t nh\u1eefng kh\u00f4ng gian c\u1ea7n g\u1ea1ch ch\u1ed1ng th\u1ea5m n\u01b0\u1edbc, ch\u1ed1ng tr\u01a1n tr\u01b0\u1ee3t nh\u01b0 ph\u00f2ng t\u1eafm\u2026\u1ee9ng d\u1ee5ng linh ho\u1ea1t c\u1ea3 l\u00e1t n\u1ec1n v\u00e0 \u1ed1p t\u01b0\u1eddng<\/span><\/li>\n<li style=\"font-weight: 400;\" aria-level=\"1\"><b>S\u1eed d\u1ee5ng \u0111\u00fang c\u00e1ch:<\/b><span style=\"font-weight: 400;\"> \u0110\u1ea3m b\u1ea3o quy tr\u00ecnh thi c\u00f4ng khoa h\u1ecdc v\u00e0 h\u1ea1n ch\u1ebf d\u00f9ng v\u1eadt nh\u1ecdn t\u00e1c \u0111\u1ed9ng l\u00ean b\u1ec1 m\u1eb7t g\u1ea1ch<\/span><\/li>\n<\/ul>\n<p style=\"text-align: justify;\"><span style=\"font-weight: 400;\">Tr\u00ean \u0111\u00e2y l\u00e0 nh\u1eefng \u0111\u1eb7c \u0111i\u1ec3m n\u1ed5i b\u1eadt v\u00e0 l\u01b0u \u00fd khi qu\u00fd kh\u00e1ch l\u1ef1a ch\u1ecdn v\u00e0 s\u1eed d\u1ee5ng g\u1ea1ch l\u00e1t <strong>PTK 68001<\/strong>. Hy v\u1ecdng b\u00e0i vi\u1ebft s\u1ebd gi\u00fap \u00edch cho qu\u00fd v\u1ecb \u0111\u1ec3 l\u1ef1a ch\u1ecdn \u0111\u01b0\u1ee3c s\u1ea3n ph\u1ea9m ph\u00f9 h\u1ee3p nh\u1ea5t v\u1edbi kh\u00f4ng gian v\u00e0 chi ph\u00ed c\u1ee7a gia \u0111\u00ecnh.\u00a0<\/span><\/p>\n<p style=\"text-align: justify;\"><i><span style=\"font-weight: 400;\">Vui l\u00f2ng \u0111\u1ec3 l\u1ea1i th\u00f4ng tin d\u01b0\u1edbi h\u1ed9p th\u01b0 d\u01b0\u1edbi \u0111\u00e2y n\u1ebfu qu\u00fd v\u1ecb c\u1ea7n gi\u1ea3i \u0111\u00e1p th\u1eafc m\u1eafc ho\u1eb7c nh\u1eadn s\u1ef1 t\u01b0 v\u1ea5n t\u1eeb chuy\u00ean gia c\u1ee7a CMC Tiles!<\/span><\/i><\/p>\n<p style=\"text-align: justify;\">","protected":false},"excerpt":{"rendered":"<p><em>*Gi\u00e1 s\u1ea3n ph\u1ea9m ch\u1ec9 mang t\u00ednh tham kh\u1ea3o<\/em><\/p>\n<p>&nbsp;<\/p>\n<p style=\"text-align: justify;\"><span style=\"font-weight: 400;\">L\u1ea5y c\u1ea3m h\u1ee9ng t\u1eeb nh\u1eefng v\u00ec sao \u0111\u00eam, <strong>PTK 68001<\/strong> kh\u1eafc h\u1ecda m\u1ed9t c\u00e1ch tinh t\u1ebf v\u00e0 ch\u00e2n th\u1ef1c v\u1ebb \u0111\u1eb9p c\u1ee7a g\u1ea1ch v\u00e2n \u0111\u00e1 t\u1ef1 nhi\u00ean, mang \u0111\u1ebfn n\u00e9t ph\u00f3ng kho\u00e1ng, tr\u1ebb trung \u0111\u1ea7y ph\u00e1 c\u00e1ch cho c\u00e1c kh\u00f4ng gian thi\u1ebft k\u1ebf n\u1ed9i th\u1ea5t. <strong>PTK 68001<\/strong> h\u1ee9a h\u1eb9n l\u00e0 s\u1ef1 l\u1ef1a ch\u1ecdn l\u00fd t\u01b0\u1edfng cho c\u00e1c thi\u1ebft k\u1ebf \u1ea5n t\u01b0\u1ee3ng trong kh\u00f4ng gian s\u1ed1ng hi\u1ec7n \u0111\u1ea1i.<\/span><\/p>","protected":false},"featured_media":20399,"comment_status":"open","ping_status":"closed","template":"","meta":[],"product_brand":[],"product_cat":[1076,1015,1092,1023],"product_tag":[],"class_list":{"0":"post-20408","1":"product","2":"type-product","3":"status-publish","4":"has-post-thumbnail","6":"product_cat-gach-op-lat","7":"product_cat-gach-lat","8":"product_cat-gach-op-lat-prato","9":"product_cat-porcelain","11":"first","12":"instock","13":"taxable","14":"shipping-taxable","15":"purchasable","16":"product-type-simple"},"_links":{"self":[{"href":"https:\/\/cmctiles.vn\/en\/wp-json\/wp\/v2\/product\/20408","targetHints":{"allow":["GET"]}}],"collection":[{"href":"https:\/\/cmctiles.vn\/en\/wp-json\/wp\/v2\/product"}],"about":[{"href":"https:\/\/cmctiles.vn\/en\/wp-json\/wp\/v2\/types\/product"}],"replies":[{"embeddable":true,"href":"https:\/\/cmctiles.vn\/en\/wp-json\/wp\/v2\/comments?post=20408"}],"version-history":[{"count":9,"href":"https:\/\/cmctiles.vn\/en\/wp-json\/wp\/v2\/product\/20408\/revisions"}],"predecessor-version":[{"id":27153,"href":"https:\/\/cmctiles.vn\/en\/wp-json\/wp\/v2\/product\/20408\/revisions\/27153"}],"wp:featuredmedia":[{"embeddable":true,"href":"https:\/\/cmctiles.vn\/en\/wp-json\/wp\/v2\/media\/20399"}],"wp:attachment":[{"href":"https:\/\/cmctiles.vn\/en\/wp-json\/wp\/v2\/media?parent=20408"}],"wp:term":[{"taxonomy":"product_brand","embeddable":true,"href":"https:\/\/cmctiles.vn\/en\/wp-json\/wp\/v2\/product_brand?post=20408"},{"taxonomy":"product_cat","embeddable":true,"href":"https:\/\/cmctiles.vn\/en\/wp-json\/wp\/v2\/product_cat?post=20408"},{"taxonomy":"product_tag","embeddable":true,"href":"https:\/\/cmctiles.vn\/en\/wp-json\/wp\/v2\/product_tag?post=20408"}],"curies":[{"name":"wp","href":"https:\/\/api.w.org\/{rel}","templated":true}]}}